{"id":71,"date":"2011-02-01T23:22:37","date_gmt":"2011-02-02T04:22:37","guid":{"rendered":"http:\/\/blog.espol.edu.ec\/joalbeni\/?page_id=71"},"modified":"2011-02-01T23:22:37","modified_gmt":"2011-02-02T04:22:37","slug":"bleach-ichigo-zampakotou-zangetsu","status":"publish","type":"page","link":"https:\/\/blog.espol.edu.ec\/joalbeni\/bleach-ichigo-zampakotou-zangetsu\/","title":{"rendered":"Bleach Ichigo Zampakotou Zangetsu"},"content":{"rendered":"<p>Bleach<br \/>\n\u30d6\u30ea\u30fc\u30c1<br \/>\n(Bur\u012bchi)<br \/>\nG\u00e9nero \tAcci\u00f3n, aventura,Shonen, fantas\u00eda.<br \/>\nManga<br \/>\nCreado por \tTite Kubo<br \/>\nEditorial \tSh\u016beisha<\/p>\n<p>Publicado en \tSh\u014dnen Jump<br \/>\nDemograf\u00eda \tSh\u014dnen<br \/>\nPrimera edici\u00f3n \tAgosto de 2001<br \/>\nVol\u00famenes \t48<br \/>\nFicha en Anime News Network<br \/>\nAnime<br \/>\nDirecci\u00f3n \tNoriyuki Abe<br \/>\nEstudio \tPierrot<br \/>\nCadena televisiva \tTV Tokyo<\/p>\n<p>Pel\u00edculas<\/p>\n<p>    * Bleach: Memories of Nobody<br \/>\n    * Bleach: The DiamondDust Rebellion<br \/>\n    * Bleach: Fade to Black - Kimi no na o yobu<br \/>\n    * Bleach: Jigoku-hen<\/p>\n<p>Animaciones originales<\/p>\n<p>    * Bleach: Memories in the Rain<br \/>\n    * Bleach: The Sealed Sword Frenzy<\/p>\n<p>Bleach (\u30d6\u30ea\u30fc\u30c1, Bur\u012bchi?, romanizado BLEACH en Jap\u00f3n) es una serie de manga escrita e ilustrada por Tite Kubo y cuya adaptaci\u00f3n al anime es dirigida por Noriyuki Abe. La obra est\u00e1 basada en un one-shot que Kubo hab\u00eda realizado para la revista Sh\u014dnen Jump despu\u00e9s que cancel\u00f3 la publicaci\u00f3n su primer manga, Zombie Powder. No obstante, el cap\u00edtulo fue difundido en Akamaru Jump, y luego consigui\u00f3 ser difundido en Sh\u014dnen Jump. La serie narra las aventuras de Ichigo Kurosaki, un adolescente que accidentalmente absorbe los poderes de una shinigami \u2014personificaci\u00f3n japonesa del Dios de la muerte\u2014 llamada Rukia Kuchiki. Una vez que Ichigo obtiene estas habilidades es obligado a orientar a las almas buenas despu\u00e9s de la muerte y defenderlas de los hollows, esp\u00edritus malignos que tratan de devorarlas.<\/p>\n<p>El manga comenz\u00f3 a publicarse en agosto de 2001 por la editorial Sh\u016beisha en la revista semanal japonesa Sh\u014dnen Jump, revista donde todav\u00eda contin\u00faa su publicaci\u00f3n y se compone hasta ahora por 48 vol\u00famenes recopilados en tank\u014dbon. Posteriormente, el manga fue adaptado a una serie de anime producida por estudios Pierrot, la cual todav\u00eda est\u00e1 en curso, puesto que se ajusta a la historia original de la obra. El anime se comenz\u00f3 a emitir el 5 de octubre de 2004 en Jap\u00f3n por la cadena televisiva TV Tokyo, y ha alcanzado los 307 episodios, divididos en quince sagas incluyendo las sagas de relleno. Adem\u00e1s, Bleach ha dado lugar a dos animaciones originales, cuatro pel\u00edculas de animaci\u00f3n, siete musicales de rock, dos novelas ligeras, cuatro artbooks y numerosos videojuegos. As\u00ed como llev\u00f3 a la comercializaci\u00f3n de muchos tipos de mercanc\u00edas relacionadas con los personajes de la serie. Las versiones en espa\u00f1ol del manga son publicadas por la editorial Ediciones Gl\u00e9nat en Espa\u00f1a, por Grupo Editorial Vid en M\u00e9xico para su distribuci\u00f3n en el resto de Hispanoam\u00e9rica, y por Editorial Ivrea en Argentina.<\/p>\n<p>Tanto el anime como el manga de Bleach han alcanzado un gran \u00e9xito dentro y fuera de Jap\u00f3n. En el a\u00f1o 2005, el manga obtuvo el premio Sh\u014dgakukan en la categor\u00eda sh\u014dnen, uno de los premios m\u00e1s prestigiosos que se entrega anualmente en Jap\u00f3n. Posteriormente, en un ranking publicado por TV Asahi sobre los cien mejores anime del 2006, Bleach alcanz\u00f3 el puesto siete. Adem\u00e1s, en el 2008 fue el quinto manga m\u00e1s vendido en Jap\u00f3n, mientras que en el 2009 fue el tercero, siendo s\u00f3lo superado por One Piece y Naruto respectivamente.<a href='http:\/\/www.google.com.ec\/imgres?imgurl=http:\/\/destinyofmortals.files.wordpress.com'>bleach lo maximo<\/a><\/p>\n<form id=\"vozme_form_bf66eaa9cc4e8cf6d8a6a248e56c9e00\" method=\"post\" name=\"vozme_form_bf66eaa9cc4e8cf6d8a6a248e56c9e00\" target=\"bf66eaa9cc4e8cf6d8a6a248e56c9e00\" action=\"http:\/\/vozme.com\/text2voice.php\"><input name=\"text\" type=\"hidden\" value=\"Bleach Ichigo Zampakotou Zangetsu. Bleach\n\u30d6\u30ea\u30fc\u30c1\n(Bur\u012bchi)\nG\u00e9nero \tAcci\u00f3n, aventura,Shonen, fantas\u00eda.\nManga\nCreado por \tTite Kubo\nEditorial \tSh\u016beisha\nPublicado en \tSh\u014dnen Jump\nDemograf\u00eda \tSh\u014dnen\nPrimera edici\u00f3n \tAgosto de 2001\nVol\u00famenes \t48\nFicha en Anime News Network\nAnime\nDirecci\u00f3n \tNoriyuki Abe\nEstudio \tPierrot\nCadena televisiva \tTV Tokyo\nPel\u00edculas\n    * Bleach: Memories of Nobody\n    * Bleach: The DiamondDust Rebellion\n    * Bleach: Fade to Black - Kimi no na o yobu\n    * Bleach: Jigoku-hen\nAnimaciones originales\n    * Bleach: Memories in the Rain\n    * Bleach: The Sealed Sword Frenzy\nBleach (\u30d6\u30ea\u30fc\u30c1, Bur\u012bchi?, romanizado BLEACH en Jap\u00f3n) es una serie de manga escrita e ilustrada por Tite Kubo y cuya adaptaci\u00f3n al anime es dirigida por Noriyuki Abe. La obra est\u00e1 basada en un one-shot que Kubo hab\u00eda realizado para la revista Sh\u014dnen Jump despu\u00e9s que cancel\u00f3 la publicaci\u00f3n su primer manga, Zombie Powder. No obstante, el cap\u00edtulo fue difundido en Akamaru Jump, y luego consigui\u00f3 ser difundido en Sh\u014dnen Jump. La serie narra las aventuras de Ichigo Kurosaki, un adolescente que accidentalmente absorbe los poderes de una shinigami \u2014personificaci\u00f3n japonesa del Dios de la muerte\u2014 llamada Rukia Kuchiki. Una vez que Ichigo obtiene estas habilidades es obligado a orientar a las almas buenas despu\u00e9s de la muerte y defenderlas de los hollows, esp\u00edritus malignos que tratan de devorarlas.\nEl manga comenz\u00f3 a publicarse en agosto de 2001 por la editorial Sh\u016beisha en la revista semanal japonesa Sh\u014dnen Jump, revista donde todav\u00eda contin\u00faa su publicaci\u00f3n y se compone hasta ahora por 48 vol\u00famenes recopilados en tank\u014dbon. Posteriormente, el manga fue adaptado a una serie de anime producida por estudios Pierrot, la cual todav\u00eda est\u00e1 en curso, puesto que se ajusta a la historia original de la obra. El anime se comenz\u00f3 a emitir el 5 de octubre de 2004 en Jap\u00f3n por la cadena televisiva TV Tokyo, y ha alcanzado los 307 episodios, divididos en quince sagas incluyendo las sagas de relleno. Adem\u00e1s, Bleach ha dado lugar a dos animaciones originales, cuatro pel\u00edculas de animaci\u00f3n, siete musicales de rock, dos novelas ligeras, cuatro artbooks y numerosos videojuegos. As\u00ed como llev\u00f3 a la comercializaci\u00f3n de muchos tipos de mercanc\u00edas relacionadas con los personajes de la serie. Las versiones en espa\u00f1ol del manga son publicadas por la editorial Ediciones Gl\u00e9nat en Espa\u00f1a, por Grupo Editorial Vid en M\u00e9xico para su distribuci\u00f3n en el resto de Hispanoam\u00e9rica, y por Editorial Ivrea en Argentina.\nTanto el anime como el manga de Bleach han alcanzado un gran \u00e9xito dentro y fuera de Jap\u00f3n. En el a\u00f1o 2005, el manga obtuvo el premio Sh\u014dgakukan en la categor\u00eda sh\u014dnen, uno de los premios m\u00e1s prestigiosos que se entrega anualmente en Jap\u00f3n. Posteriormente, en un ranking publicado por TV Asahi sobre los cien mejores anime del 2006, Bleach alcanz\u00f3 el puesto siete. Adem\u00e1s, en el 2008 fue el quinto manga m\u00e1s vendido en Jap\u00f3n, mientras que en el 2009 fue el tercero, siendo s\u00f3lo superado por One Piece y Naruto respectivamente.bleach lo maximo\n\" \/><input name=\"lang\" type=\"hidden\" value=\"en\" \/><input name=\"gn\" type=\"hidden\" value=\"ml\" \/><input type=\"hidden\" id=\"interface\" name=\"interface\" value=\"full\" \/>\n\t\t\t<div style=\"margin-left:40%;\">\n\t\t\t\n\t\t\t\t<input style=\"float:left;\" type=\"image\" width=\"40\" height=\"40\" src=\"http:\/\/blog.espol.edu.ec\/joalbeni\/wp-content\/plugins\/vozme\/img\/megaphone40x40w.gif\" alt=\"Hear this post\" onclick=\"window.open('', 'bf66eaa9cc4e8cf6d8a6a248e56c9e00', 'width=600,height=370,scrollbars=yes,location=yes,menubar=yes,resizable=yes,status=yes,toolbar=yes');\">\n\t\t\t\t<div style=\"margin-left:48px; text-align:left;\"><a style=\"font-size:12px;\" href=\"javascript:void(0);\" onclick=\"window.open('', 'bf66eaa9cc4e8cf6d8a6a248e56c9e00', 'width=600,height=370,scrollbars=yes,location=yes,menubar=yes,resizable=yes,status=yes,toolbar=yes'); document.getElementById('vozme_form_bf66eaa9cc4e8cf6d8a6a248e56c9e00').submit();\">Hear<br\/>this post<\/a><\/div>\n\t\t\t<\/div><\/form>","protected":false},"excerpt":{"rendered":"<p>Bleach \u30d6\u30ea\u30fc\u30c1 (Bur\u012bchi) G\u00e9nero Acci\u00f3n, aventura,Shonen, fantas\u00eda. Manga Creado por Tite Kubo Editorial Sh\u016beisha Publicado en Sh\u014dnen Jump Demograf\u00eda Sh\u014dnen Primera edici\u00f3n Agosto de 2001 Vol\u00famenes 48 Ficha en Anime News Network Anime Direcci\u00f3n Noriyuki Abe Estudio Pierrot Cadena televisiva TV Tokyo Pel\u00edculas * Bleach: Memories of Nobody * Bleach: The DiamondDust Rebellion * Bleach: [&hellip;]<\/p>\n","protected":false},"author":3051,"featured_media":0,"parent":0,"menu_order":0,"comment_status":"open","ping_status":"open","template":"","meta":{"footnotes":""},"class_list":["post-71","page","type-page","status-publish","hentry"],"_links":{"self":[{"href":"https:\/\/blog.espol.edu.ec\/joalbeni\/wp-json\/wp\/v2\/pages\/71","targetHints":{"allow":["GET"]}}],"collection":[{"href":"https:\/\/blog.espol.edu.ec\/joalbeni\/wp-json\/wp\/v2\/pages"}],"about":[{"href":"https:\/\/blog.espol.edu.ec\/joalbeni\/wp-json\/wp\/v2\/types\/page"}],"author":[{"embeddable":true,"href":"https:\/\/blog.espol.edu.ec\/joalbeni\/wp-json\/wp\/v2\/users\/3051"}],"replies":[{"embeddable":true,"href":"https:\/\/blog.espol.edu.ec\/joalbeni\/wp-json\/wp\/v2\/comments?post=71"}],"version-history":[{"count":2,"href":"https:\/\/blog.espol.edu.ec\/joalbeni\/wp-json\/wp\/v2\/pages\/71\/revisions"}],"predecessor-version":[{"id":73,"href":"https:\/\/blog.espol.edu.ec\/joalbeni\/wp-json\/wp\/v2\/pages\/71\/revisions\/73"}],"wp:attachment":[{"href":"https:\/\/blog.espol.edu.ec\/joalbeni\/wp-json\/wp\/v2\/media?parent=71"}],"curies":[{"name":"wp","href":"https:\/\/api.w.org\/{rel}","templated":true}]}}