{"id":14,"date":"2015-06-30T05:12:28","date_gmt":"2015-06-30T05:12:28","guid":{"rendered":"http:\/\/blog.espol.edu.ec\/joanloor\/?page_id=14"},"modified":"2015-06-30T05:16:23","modified_gmt":"2015-06-30T05:16:23","slug":"degradacion-del-suelo","status":"publish","type":"page","link":"https:\/\/blog.espol.edu.ec\/joanloor\/degradacion-del-suelo\/","title":{"rendered":"Degradacion del suelo"},"content":{"rendered":"<p style=\"text-align: center\"><span class=\"_5yl5\">Degradaci\u00f3n del suelo<br \/>\nLa degradaci\u00f3n del suelo o de las tierras es un proceso inducido antr\u00f3pico que afecta negativamente la biof\u00edsica del suelo para soportar vida en un ecosistema, incluyendo aceptar, almacenar y reciclar agua, materia org\u00e1nica y nutrientes. Ocurre cuando el suelo pierde importantes propiedades como consecuencia de una inadecuada utilizaci\u00f3n. Las amenazas naturales son excluidas habitualmente como causas de la degradaci\u00f3n del suelo; sin embargo las actividades humanas pueden afectar indirectamente a fen\u00f3menos como inundaciones o incendios forestales.<\/span><br \/>\n<a href=\"http:\/\/blog.espol.edu.ec\/joanloor\/files\/2015\/06\/suelo-degradao.jpg\"><img loading=\"lazy\" decoding=\"async\" class=\" size-medium wp-image-15 alignright\" src=\"http:\/\/blog.espol.edu.ec\/joanloor\/files\/2015\/06\/suelo-degradao-300x176.jpg\" alt=\"suelo-degradao\" width=\"300\" height=\"176\" srcset=\"https:\/\/blog.espol.edu.ec\/joanloor\/files\/2015\/06\/suelo-degradao-300x176.jpg 300w, https:\/\/blog.espol.edu.ec\/joanloor\/files\/2015\/06\/suelo-degradao.jpg 643w\" sizes=\"auto, (max-width: 300px) 100vw, 300px\" \/><\/a><span class=\"_5yl5\">Procesos de degradaci\u00f3n:<br \/>\nErosi\u00f3n acelerada antr\u00f3pica: arrastre de materiales del suelo por diversos agentes como el agua y el viento, lo cual genera la improductividad del suelo<br \/>\nSalinizaci\u00f3n y solidificaci\u00f3n de los suelos: acumulaci\u00f3n excesiva de sales solubles en la parte donde se desarrollan las ra\u00edces de los cultivos<br \/>\nCompactaci\u00f3n: se manifiesta con el aumento de la densidad aparente del suelo, en las capas superficiales o profundas. Es el resultante del deterioro gradual de la materia org\u00e1nica y la actividad biol\u00f3gica.<br \/>\nContaminaci\u00f3n qu\u00edmica: uso irracional de grandes cantidades de fertilizantes y sustancias qu\u00edmicas para el control de plagas y enfermedades, por encima de los niveles requeridos producen la contaminaci\u00f3n qu\u00edmica de los suelos.<br \/>\nP\u00e9rdida de nutrientes: empobrecimiento gradual o acelerado del suelo por sobreexplotaci\u00f3n o monocultivo, lo que trae como consecuencia la baja fertilidad y productividad de los suelos.<br \/>\nConflicto de usos: las tierra<\/span><span class=\"_5yl5\">s agr\u00edcolas se pierden o transforman en tierras para la urbanizaci\u00f3n.<br \/>\nPor otro lado, es importante destacar que la desertificaci\u00f3n es una degradaci\u00f3n de tierras que ocurre en \u00e1reas \u00e1ridas, semi\u00e1ridas y subh\u00famedas del mundo. Estas \u00e1reas de secano susceptibles cub<\/span><span class=\"_5yl5\"><a href=\"http:\/\/blog.espol.edu.ec\/joanloor\/files\/2015\/06\/detonacion_28_febrero_2008.jpg\"><img loading=\"lazy\" decoding=\"async\" class=\" size-medium wp-image-16 alignleft\" src=\"http:\/\/blog.espol.edu.ec\/joanloor\/files\/2015\/06\/detonacion_28_febrero_2008-300x200.jpg\" alt=\"detonacion_28_febrero_2008\" width=\"300\" height=\"200\" srcset=\"https:\/\/blog.espol.edu.ec\/joanloor\/files\/2015\/06\/detonacion_28_febrero_2008-300x200.jpg 300w, https:\/\/blog.espol.edu.ec\/joanloor\/files\/2015\/06\/detonacion_28_febrero_2008.jpg 640w\" sizes=\"auto, (max-width: 300px) 100vw, 300px\" \/><\/a><\/span><span class=\"_5yl5\">ren el 40% de la superficie terrestre, poniendo en riesgo a m\u00e1s de 1.000 millones de habitantes que dependen de esas tierras para sobrevivir.<br \/>\nLa degradaci\u00f3n de las tierras causa p\u00e9rdidas de la productividad agraria en muchas partes del mundo.<\/span><br \/>\n<span class=\"_5yl5\">Causas:<br \/>\nEl sobre pastoreo por el ganado puede llevar a la degradaci\u00f3n del suelo.<br \/>\nLa degradaci\u00f3n del suelo e<\/span><span class=\"_5yl5\">s un problema mundial, en gran medida vinculado a las actividades agropecuarias, aunque tambi\u00e9n hay otras actividades humanas que pueden causarla. Las causas principales son:<br \/>\nMovimiento, despeje y desbrozado de tierras, incluyendo la tala de \u00e1rboles y deforestaci\u00f3n.<br \/>\nEl agotamiento de los nutrientes del suelo por malas pr\u00e1cticas agr\u00edcolas, como un mal uso de la rotaci\u00f3n de cultivos<br \/>\nGanader\u00eda, incluyendo el sobre pastoreo.<br \/>\nRiego y sobreexplotaci\u00f3n de recursos h\u00eddricos.<br \/>\nLa expansi\u00f3n urban\u00edstica y el desarrollo comercial.<br \/>\nContaminaci\u00f3n del suelo, incluyendo la debida a residu<\/span><span class=\"_5yl5\">os.<br \/>\nCirculaci\u00f3n de veh\u00edculos off-road, es decir, fuera de los caminos y carreteras autorizados.<br \/>\nActividad minera, incluyendo la extracci\u00f3n de materiales, como piedra, arena y minerales.<\/span><\/p>\n<p>&nbsp;<\/p>\n<p><iframe loading=\"lazy\" title=\"IMPACTO AMBIENTAL EN EL SUELO\" width=\"500\" height=\"375\" src=\"https:\/\/www.youtube.com\/embed\/zJFYbaRQr9Q?feature=oembed\" frameborder=\"0\" allow=\"accelerometer; autoplay; clipboard-write; encrypted-media; gyroscope; picture-in-picture; web-share\" referrerpolicy=\"strict-origin-when-cross-origin\" allowfullscreen><\/iframe><\/p>\n","protected":false},"excerpt":{"rendered":"<p>Degradaci\u00f3n del suelo La degradaci\u00f3n del suelo o de las tierras es un proceso inducido antr\u00f3pico que afecta negativamente la biof\u00edsica del suelo para soportar vida en un ecosistema, incluyendo aceptar, almacenar y reciclar agua, materia org\u00e1nica y nutrientes. Ocurre cuando el suelo pierde importantes propiedades como consecuencia de una inadecuada utilizaci\u00f3n. Las amenazas naturales [&hellip;]<\/p>\n","protected":false},"author":9795,"featured_media":0,"parent":0,"menu_order":0,"comment_status":"open","ping_status":"open","template":"","meta":{"footnotes":""},"class_list":["post-14","page","type-page","status-publish","hentry"],"_links":{"self":[{"href":"https:\/\/blog.espol.edu.ec\/joanloor\/wp-json\/wp\/v2\/pages\/14","targetHints":{"allow":["GET"]}}],"collection":[{"href":"https:\/\/blog.espol.edu.ec\/joanloor\/wp-json\/wp\/v2\/pages"}],"about":[{"href":"https:\/\/blog.espol.edu.ec\/joanloor\/wp-json\/wp\/v2\/types\/page"}],"author":[{"embeddable":true,"href":"https:\/\/blog.espol.edu.ec\/joanloor\/wp-json\/wp\/v2\/users\/9795"}],"replies":[{"embeddable":true,"href":"https:\/\/blog.espol.edu.ec\/joanloor\/wp-json\/wp\/v2\/comments?post=14"}],"version-history":[{"count":3,"href":"https:\/\/blog.espol.edu.ec\/joanloor\/wp-json\/wp\/v2\/pages\/14\/revisions"}],"predecessor-version":[{"id":19,"href":"https:\/\/blog.espol.edu.ec\/joanloor\/wp-json\/wp\/v2\/pages\/14\/revisions\/19"}],"wp:attachment":[{"href":"https:\/\/blog.espol.edu.ec\/joanloor\/wp-json\/wp\/v2\/media?parent=14"}],"curies":[{"name":"wp","href":"https:\/\/api.w.org\/{rel}","templated":true}]}}