{"id":20,"date":"2015-06-30T05:31:57","date_gmt":"2015-06-30T05:31:57","guid":{"rendered":"http:\/\/blog.espol.edu.ec\/joanloor\/?page_id=20"},"modified":"2015-06-30T05:31:57","modified_gmt":"2015-06-30T05:31:57","slug":"tipos-de-contaminacion-del-suelo","status":"publish","type":"page","link":"https:\/\/blog.espol.edu.ec\/joanloor\/tipos-de-contaminacion-del-suelo\/","title":{"rendered":"tipos de contaminacion del suelo"},"content":{"rendered":"<h3><strong>\u00bfQu\u00e9 es la contaminaci\u00f3n del suelo?<\/strong><\/h3>\n<p>La contaminaci\u00f3n del suelo se refiere a la contaminaci\u00f3n del suelo por medio de exceso de fertilizantes, productos qu\u00edmicos, insecticidas, herbicidas, pesticidas, etc provocan contaminaci\u00f3n del suelo en la disminuci\u00f3n de la calidad del suelo y es causada por la erosi\u00f3n del suelo, el exceso o d\u00e9ficit de humedad, disminuci\u00f3n de la nutrientes para las plantas o microorganismos del suelo, y la fluctuaci\u00f3n de la temperatura alta.<\/p>\n<p><strong>La <a href=\"http:\/\/tiposdecontaminacion.com\">contaminaci\u00f3n del suelo<\/a><\/strong>, en cierto modo, tambi\u00e9n conduce a la contaminaci\u00f3n del aire y la contaminaci\u00f3n del agua. La contaminaci\u00f3n del suelo conduce naturalmente a la contaminaci\u00f3n del aire por la liberaci\u00f3n de estos compuestos en la atm\u00f3sfera y que puedan explotar. La contaminaci\u00f3n del suelo tambi\u00e9n contribuye a la contaminaci\u00f3n del agua si las sustancias venenosas filtran a las aguas subterr\u00e1neas, o si llega a desbordarse contaminado r\u00edos, lagos u oc\u00e9anos.<\/p>\n<h3><strong>Causas de la Conta<\/strong><strong>minaci\u00f3n del Suelo<\/strong><\/h3>\n<p>Hay varias causas que conducen a la contaminaci\u00f3n del suelo. Las principales fuentes de contaminaci\u00f3n del suelo incluyen \u2013 la deforestaci\u00f3n, los incendios forestales, la erosi\u00f3n del suelo, la erupci\u00f3n volc\u00e1nica, el uso excesivo de fertilizantes qu\u00edmicos, pesticidas, herbicidas, etc, y el vertido de residuos industriales y urbanos.<\/p>\n<div><ins id=\"aswift_1_expand\"><ins id=\"aswift_1_anchor\">\u00a0<\/ins><\/ins><\/div>\n<h3><strong><a href=\"http:\/\/tiposdecontaminacion.com\/wp-content\/uploads\/2013\/01\/La-contaminaci%C3%B3n-del-suelo1.jpg\"><img loading=\"lazy\" decoding=\"async\" class=\"alignleft size-full wp-image-27\" title=\"La contaminaci\u00f3n del suelo\" src=\"http:\/\/tiposdecontaminacion.com\/wp-content\/uploads\/2013\/01\/La-contaminaci%C3%B3n-del-suelo1.jpg\" alt=\"contaminaci\u00f3n del suelo\" width=\"260\" height=\"260\" \/><\/a>Efectos de la Contaminaci\u00f3n del Suelo<\/strong><\/h3>\n<p>La contaminaci\u00f3n d<\/p>\n<p>el suelo afecta negativamente a los seres humanos como a los animales, ya que da lugar a disminuci\u00f3n de la producci\u00f3n agr\u00edcola y la consecuente escasez de alimentos. Los fertilizantes qu\u00edmicos y pesticidas que se utilizan para aumentar la producci\u00f3n agr\u00edcola no s\u00f3lo degradan el suelo debido a su uso excesivo, sino que tambi\u00e9n entran en la cadena alimentaria y afectan la salud de las personas que consumen el alimento.<\/p>\n<h3><strong>Formas de prevenir la contaminaci\u00f3n del suelo<\/strong><\/h3>\n<p>El control de la contaminaci\u00f3n del suelo es muy esencial para evitar la vida humana. Para evitar la contaminaci\u00f3n del suelo, las siguientes medidas son muy eficaces:<\/p>\n<ul>\n<li>Manejo integrado de plagas debe ser adoptada.<\/li>\n<li>Los residuos industriales y urbanos deben desecharse correctamente.<\/li>\n<li>El uso de DDT (dicloro-difenil-tricloroetano) debe ser restringido.<\/li>\n<li>Los agricultores deben ser educados acerca de los efectos nocivos del uso excesivo de fertilizantes qu\u00edmicos y otras pr\u00e1cticas agr\u00edcolas que son perjudiciales para el suelo.<\/li>\n<li>Pr\u00e1cticas de agricultura org\u00e1nica debe ser alentada.<\/li>\n<li>El estr\u00e9s es conveniente establecer en el manejo del cultivo y uso de la tierra.<\/li>\n<\/ul>\n<p style=\"text-align: center\"><span class=\"_5yl5\">Diferentes tipos de contaminantes S\u00f3lidos: la basura como por ejemplo los restos de materia org\u00e1nica y envases. L\u00edquidos: las llamadas aguas negras con desechos industriales y derrames de combustibles como el petr\u00f3leo. Gaseosos: resultantes de quemar combustibles f\u00f3siles y derivados del petr\u00f3leo. No degradables: estos contaminantes no se descomponen <\/span><\/p>\n<h3><a href=\"http:\/\/blog.espol.edu.ec\/joanloor\/files\/2015\/06\/sonora.gif\"><img loading=\"lazy\" decoding=\"async\" class=\" size-medium wp-image-21 alignleft\" src=\"http:\/\/blog.espol.edu.ec\/joanloor\/files\/2015\/06\/sonora-300x194.gif\" alt=\"sonora\" width=\"300\" height=\"194\" \/><\/a><\/h3>\n<p style=\"text-align: center\"><span class=\"_5yl5\">por procesos naturales<\/span><\/p>\n<p style=\"text-align: center\"><span class=\"_5yl5\">. Ejemplos de ellos son el plomo y el mercurio. Se debe evitar arrojarlos al m<\/span><\/p>\n<p style=\"text-align: center\"><span class=\"_5yl5\">edio ambiente<\/span><\/p>\n<p style=\"text-align: center\"><span class=\"_5yl5\"> porque cuando ya han contaminado es muy costoso o imposible eliminarlos. Degradaci\u00f3n lenta: estos necesitan d\u00e9cadas o m\u00e1s tiempo para degradarse. Ejemplo de ellos son los pl\u00e1sticos y e<\/span><\/p>\n<p style=\"text-align: center\"><span class=\"_5yl5\">l DDT utilizado en insecticidas. Degradables: se descomponen completamente o se reducen a niveles aceptables mediante proceso naturales f\u00edsicos, qu\u00edmicos y biol\u00f3gicos. Biodegradables: son los contaminantes qu\u00edmicos complejos que por la acci\u00f3n de organismos vivos, se descomponen en compuestos qu\u00edmicos m\u00e1s sencillos. Ejemplo de ellos son las aguas residuales humanas en un r\u00edo.<\/span><\/p>\n","protected":false},"excerpt":{"rendered":"<p>\u00bfQu\u00e9 es la contaminaci\u00f3n del suelo? La contaminaci\u00f3n del suelo se refiere a la contaminaci\u00f3n del suelo por medio de exceso de fertilizantes, productos qu\u00edmicos, insecticidas, herbicidas, pesticidas, etc provocan contaminaci\u00f3n del suelo en la disminuci\u00f3n de la calidad del suelo y es causada por la erosi\u00f3n del suelo, el exceso o d\u00e9ficit de humedad, [&hellip;]<\/p>\n","protected":false},"author":9795,"featured_media":0,"parent":0,"menu_order":0,"comment_status":"open","ping_status":"open","template":"","meta":{"footnotes":""},"class_list":["post-20","page","type-page","status-publish","hentry"],"_links":{"self":[{"href":"https:\/\/blog.espol.edu.ec\/joanloor\/wp-json\/wp\/v2\/pages\/20","targetHints":{"allow":["GET"]}}],"collection":[{"href":"https:\/\/blog.espol.edu.ec\/joanloor\/wp-json\/wp\/v2\/pages"}],"about":[{"href":"https:\/\/blog.espol.edu.ec\/joanloor\/wp-json\/wp\/v2\/types\/page"}],"author":[{"embeddable":true,"href":"https:\/\/blog.espol.edu.ec\/joanloor\/wp-json\/wp\/v2\/users\/9795"}],"replies":[{"embeddable":true,"href":"https:\/\/blog.espol.edu.ec\/joanloor\/wp-json\/wp\/v2\/comments?post=20"}],"version-history":[{"count":2,"href":"https:\/\/blog.espol.edu.ec\/joanloor\/wp-json\/wp\/v2\/pages\/20\/revisions"}],"predecessor-version":[{"id":24,"href":"https:\/\/blog.espol.edu.ec\/joanloor\/wp-json\/wp\/v2\/pages\/20\/revisions\/24"}],"wp:attachment":[{"href":"https:\/\/blog.espol.edu.ec\/joanloor\/wp-json\/wp\/v2\/media?parent=20"}],"curies":[{"name":"wp","href":"https:\/\/api.w.org\/{rel}","templated":true}]}}