{"id":60,"date":"2012-11-05T01:36:43","date_gmt":"2012-11-05T01:36:43","guid":{"rendered":"http:\/\/blog.espol.edu.ec\/joanpere\/?page_id=60"},"modified":"2012-11-05T01:36:43","modified_gmt":"2012-11-05T01:36:43","slug":"jugadores-historicos","status":"publish","type":"page","link":"https:\/\/blog.espol.edu.ec\/joanpere\/jugadores-historicos\/","title":{"rendered":"JUGADORES HISTORICOS"},"content":{"rendered":"<p><img loading=\"lazy\" decoding=\"async\" alt=\"\" src=\"http:\/\/blog.espol.edu.ec\/guillermoblog\/files\/2010\/12\/1.jpg\" class=\"aligncenter\" width=\"450\" height=\"355\" \/>En los a\u00f1os 40\u2032 destacaron nombres como \u2018Chinche\u2019 Riveros, \u2018Chento\u2019 Aguirre y Enrique \u2018Moscovita\u2019 \u00c1lvarez, uno de los primeros ecuatorianos en jugar para el f\u00fatbol extranjero.<\/p>\n<p>En la d\u00e9cada del 60\u2032, la m\u00e1s fruct\u00edfera para los azules, destac\u00f3 la delantera conocida como \u2018Los cinco reyes magos\u2019, que la integraron Jos\u00e9 Vicente Balseca, Jorge Bola\u00f1os, Carlos Raffo, Enrique Raymondi y Roberto \u2018Pibe\u2019 Ortega.<\/p>\n<p>Otros jugadores hist\u00f3ricos de Emelec son Rub\u00e9n Beninca, Ra\u00fal Avil\u00e9s, Ariel Graziani, Iv\u00e1n Kaviedes, Carlos Alberto Ju\u00e1rez, Eduardo Garc\u00eda, Luis Capurro, Jes\u00fas C\u00e1rdenas, \u00c1ngel Fern\u00e1ndez, Cipriano Yu Lee\u2026<\/p>\n","protected":false},"excerpt":{"rendered":"<p>En los a\u00f1os 40\u2032 destacaron nombres como \u2018Chinche\u2019 Riveros, \u2018Chento\u2019 Aguirre y Enrique \u2018Moscovita\u2019 \u00c1lvarez, uno de los primeros ecuatorianos en jugar para el f\u00fatbol extranjero. En la d\u00e9cada del 60\u2032, la m\u00e1s fruct\u00edfera para los azules, destac\u00f3 la delantera conocida como \u2018Los cinco reyes magos\u2019, que la integraron Jos\u00e9 Vicente Balseca, Jorge Bola\u00f1os, Carlos &hellip; <\/p>\n<p><a class=\"more-link btn\" href=\"https:\/\/blog.espol.edu.ec\/joanpere\/jugadores-historicos\/\">Seguir leyendo<\/a><\/p>\n","protected":false},"author":8128,"featured_media":0,"parent":0,"menu_order":0,"comment_status":"open","ping_status":"open","template":"","meta":{"footnotes":""},"class_list":["post-60","page","type-page","status-publish","hentry","nodate","item-wrap"],"_links":{"self":[{"href":"https:\/\/blog.espol.edu.ec\/joanpere\/wp-json\/wp\/v2\/pages\/60","targetHints":{"allow":["GET"]}}],"collection":[{"href":"https:\/\/blog.espol.edu.ec\/joanpere\/wp-json\/wp\/v2\/pages"}],"about":[{"href":"https:\/\/blog.espol.edu.ec\/joanpere\/wp-json\/wp\/v2\/types\/page"}],"author":[{"embeddable":true,"href":"https:\/\/blog.espol.edu.ec\/joanpere\/wp-json\/wp\/v2\/users\/8128"}],"replies":[{"embeddable":true,"href":"https:\/\/blog.espol.edu.ec\/joanpere\/wp-json\/wp\/v2\/comments?post=60"}],"version-history":[{"count":1,"href":"https:\/\/blog.espol.edu.ec\/joanpere\/wp-json\/wp\/v2\/pages\/60\/revisions"}],"predecessor-version":[{"id":61,"href":"https:\/\/blog.espol.edu.ec\/joanpere\/wp-json\/wp\/v2\/pages\/60\/revisions\/61"}],"wp:attachment":[{"href":"https:\/\/blog.espol.edu.ec\/joanpere\/wp-json\/wp\/v2\/media?parent=60"}],"curies":[{"name":"wp","href":"https:\/\/api.w.org\/{rel}","templated":true}]}}