{"id":20,"date":"2012-10-27T14:23:42","date_gmt":"2012-10-27T19:23:42","guid":{"rendered":"http:\/\/blog.espol.edu.ec\/joansori\/?page_id=20"},"modified":"2012-11-01T21:36:01","modified_gmt":"2012-11-02T02:36:01","slug":"homenage-a-liga","status":"publish","type":"page","link":"https:\/\/blog.espol.edu.ec\/joansori\/homenage-a-liga\/","title":{"rendered":"Terremoto Chile"},"content":{"rendered":"<p>El Terremoto de Chile de 2010 fue un sismo ocurrido a las 03:34:14 hora local (UTC-3), del s\u00e1bado 27 de febrero de 2010, que alcanz\u00f3 una magnitud de 8,8 MW. El epicentro se ubic\u00f3 en el Mar chileno, frente a las localidades de Curanipe y Cobquecura, cerca de 150 kil\u00f3metros al noroeste deConcepci\u00f3n y a 63 kil\u00f3metros al suroeste de Cauquenes, y a 30,1 kil\u00f3metros de profundidad bajo la corteza terrestre. El sismo, tuvo una duraci\u00f3n de 3 minutos 25 segundos, al menos en Santiago y en algunas zonas llegando a los 6 minutos. Fue percibido en gran parte del Cono Sur con diversas intensidades, en lugares como Buenos Aires y S\u00e3o Paulo por el oriente.<\/p>\n<p>&amp;nbsp;<\/p>\n<p>Las zonas m\u00e1s afectadas por el terremoto fueron las regiones chilenas deValpara\u00edso, Metropolitana de Santiago, O'Higgins, Maule, Biob\u00edo y La Araucan\u00eda, que acumulan m\u00e1s de 13 millones de habitantes, cerca del 80% de la poblaci\u00f3n del pa\u00eds. En las regiones del Maule y del Biob\u00edo, el terremoto alcanz\u00f3 una intensidad de IX en la escala de Mercalli, arrasando con gran parte de las ciudades como Constituci\u00f3n, Concepci\u00f3n, Cobquecura y el puerto de Talcahuano. Adem\u00e1s, el centro de Talca (considerado como su gran casco hist\u00f3rico) qued\u00f3 destruido casi en su totalidad. En las regiones de La Araucan\u00eda, O\u2019Higgins y Metropolitana, el sismo alcanz\u00f3 una intensidad de VIII provocando importante destrucci\u00f3n en la capital, Santiago de Chile, enRancagua y en las localidades rurales. Las v\u00edctimas fatales llegaron a un total de 525 fallecidos. Cerca de 500 mil viviendas est\u00e1n con da\u00f1o severo y se estiman un total de 2 millones de damnificados, en la peor tragedia natural vivida en Chile desde 1960. La presidenta Michelle Bachelet declar\u00f3 el \u201cestado de excepci\u00f3n constitucional de cat\u00e1strofe\u201d en las regiones del Maule y del Biob\u00edo.<\/p>\n<p>&amp;nbsp;<\/p>\n<p>&amp;nbsp;<\/p>\n<p>Un fuerte tsunami impact\u00f3 las costas chilenas como producto del terremoto, destruyendo varias localidades ya devastadas por el impacto tel\u00farico. Debido a errores e indecisiones por parte de los organismos encargados de enviar la alarma de tsunami, no se alert\u00f3 a la poblaci\u00f3n acerca del evento que ocurrir\u00eda 35 minutos despu\u00e9s del terremoto. El archipi\u00e9lago de Juan Fern\u00e1ndez, pese a no sentir el sismo, fue impactado por el violento tsunami que arras\u00f3 con el \u00fanico poblado, San Juan Bautista. El Centro de Alerta de Tsunamis del Pac\u00edfico gener\u00f3 pocos minutos despu\u00e9s del terremoto una alerta de tsunami para el oc\u00e9ano Pac\u00edfico, que se extendi\u00f3 posteriormente a 53 pa\u00edses ubicados a lo largo de gran parte de su cuenca, llegando a Per\u00fa, Ecuador, Colombia, Panam\u00e1, Costa Rica, Nicaragua, la Ant\u00e1rtida, Nueva Zelanda, la Polinesia Francesa y las costas de Haw\u00e1i.<\/p>\n<p>&amp;nbsp;<\/p>\n<p>&amp;nbsp;<\/p>\n<p>El sismo es considerado como el segundo m\u00e1s fuerte en la historia del pa\u00eds y uno de los seis m\u00e1s fuertes registrados por la humanidad. S\u00f3lo es superado a nivel nacional por el cataclismo del terremoto de Valdivia de 1960, el de mayor intensidad registrado por el ser humano mediante sism\u00f3metros. El sismo chileno fue 31 veces m\u00e1s fuerte y liber\u00f3 cerca de 178 veces m\u00e1s energ\u00eda que el devastador terremoto de Hait\u00ed ocurrido el mes anterior, y la energ\u00eda liberada es cercana a 100.000 bombas at\u00f3micas como la liberada en Hiroshima en 1945.<\/p>\n<p>&amp;nbsp;<\/p>\n<p>&amp;nbsp;<\/p>\n<p>&amp;nbsp;<\/p>\n<p>&lt;img src=\"https:\/\/encrypted-tbn0.gstatic.com\/images?q=tbn:ANd9GcTlc7oi8QGtpQHBkphcroaytqOv68B0QnburPBImLhWprpfFlc1qg\" alt=\"\" \/&gt;\u00a0 \u00a0 \u00a0 \u00a0 \u00a0&lt;img src=\"https:\/\/encrypted-tbn0.gstatic.com\/images?q=tbn:ANd9GcSecLSIvQZk4IIjUaypPQ6vQfFYLxt_ci_MCus7VX1GObZnyQp7fA\" alt=\"\" \/&gt;<\/p>\n<p>&amp;nbsp;<\/p>\n","protected":false},"excerpt":{"rendered":"<p>El Terremoto de Chile de 2010 fue un sismo ocurrido a las 03:34:14 hora local (UTC-3), del s\u00e1bado 27 de febrero de 2010, que alcanz\u00f3 una magnitud de 8,8 MW. El epicentro se ubic\u00f3 en el Mar chileno, frente a las localidades de Curanipe y Cobquecura, cerca de 150 kil\u00f3metros al noroeste deConcepci\u00f3n y a [&hellip;]<\/p>\n","protected":false},"author":8153,"featured_media":0,"parent":0,"menu_order":0,"comment_status":"open","ping_status":"open","template":"","meta":{"footnotes":""},"class_list":["post-20","page","type-page","status-publish","hentry"],"_links":{"self":[{"href":"https:\/\/blog.espol.edu.ec\/joansori\/wp-json\/wp\/v2\/pages\/20","targetHints":{"allow":["GET"]}}],"collection":[{"href":"https:\/\/blog.espol.edu.ec\/joansori\/wp-json\/wp\/v2\/pages"}],"about":[{"href":"https:\/\/blog.espol.edu.ec\/joansori\/wp-json\/wp\/v2\/types\/page"}],"author":[{"embeddable":true,"href":"https:\/\/blog.espol.edu.ec\/joansori\/wp-json\/wp\/v2\/users\/8153"}],"replies":[{"embeddable":true,"href":"https:\/\/blog.espol.edu.ec\/joansori\/wp-json\/wp\/v2\/comments?post=20"}],"version-history":[{"count":3,"href":"https:\/\/blog.espol.edu.ec\/joansori\/wp-json\/wp\/v2\/pages\/20\/revisions"}],"predecessor-version":[{"id":52,"href":"https:\/\/blog.espol.edu.ec\/joansori\/wp-json\/wp\/v2\/pages\/20\/revisions\/52"}],"wp:attachment":[{"href":"https:\/\/blog.espol.edu.ec\/joansori\/wp-json\/wp\/v2\/media?parent=20"}],"curies":[{"name":"wp","href":"https:\/\/api.w.org\/{rel}","templated":true}]}}