{"id":6,"date":"2012-10-17T15:39:38","date_gmt":"2012-10-17T15:39:38","guid":{"rendered":"http:\/\/blog.espol.edu.ec\/joansori\/?page_id=6"},"modified":"2012-11-04T09:08:31","modified_gmt":"2012-11-04T14:08:31","slug":"esta-es-mi-primera-pagina","status":"publish","type":"page","link":"https:\/\/blog.espol.edu.ec\/joansori\/esta-es-mi-primera-pagina\/","title":{"rendered":"\u00bfQue Hacer?"},"content":{"rendered":"<p>Los desastres naturales pueden acontecer en cualquier momento y en cualquier regi\u00f3n de la tierra, aunque hay zonas espec\u00edficas m\u00e1s propicias para su manifestaci\u00f3n seg\u00fan su geograf\u00eda y exposici\u00f3n a determinado tipo de fen\u00f3menos.<br \/>\nAsi, por ejemplo, los epicentros de terremotos y sismos provienen de regiones monta\u00f1osas o de cordilleras, as\u00ed como las erupciones volc\u00e1nicas, los tsunamis o maremotos, aluds o avalanchas.<br \/>\nLos tornados, en tanto, son propios de de zonas de clima tropical como es el caso del caribe. Paises como EEUU, M\u00e9xico y centroam\u00e9rica est\u00e1n m\u00e1s expuestos a ellos. Aunque los efectos del cambio clim\u00e1tico sobre la tierra pueden hacer variar el modo de la producci\u00f3n de los mismos.<br \/>\nLas inundaciones afectan zonas pr\u00f3ximas a r\u00edos o mares y se generan por abundantes precipitaciones. Afectan a las zonas m\u00e1s deprimidas o bajas, por lo cual, ante copiosas lluvias deben tomarse los recaudos necesarios si se est\u00e1 en un lugar desfavorable para una posible evacuaci\u00f3n.<br \/>\nEs importante destacar que los desastres naturales est\u00e1n ocurriendo con mayor frecuencia en todo el planeta. Por ello es importante, aunque nunca nos tome desprevenidos una cat\u00e1strofe, tener preparado un plan de emergencia para actuar con solidez ante un fen\u00f3meno natural no previsto.<br \/>\nEl contar con un plan de emergencia propicia mayor claridad y certeza de lo que debe hacerse y no ante distintas circunstancias, a la vez que reduce el p\u00e1nico y el miedo, la ansiedad, el stress. Estos \u00faltimos pueden terminar con la vida de una persona ante tales situaciones. El miedo puede inmovilizar nuestras acciones o puede combinarse con ansiedad y empujarnos a huir de un modo fren\u00e9tico sin evaluar un claro rumbo de acci\u00f3n y poniendo gravemente en riesgo nuestra vida y la de nuestra familia.<br \/>\nSi estamos familiarizados con el procedimiento adecuado correremos menor riesgo de equivocarnos ante una situaci\u00f3n catastr\u00f3fica o de emergencia. El conocimiento cabal de como enfrentar un determinado fen\u00f3meno sumado al dominio propio resultan entonces indispensables.<br \/>\nPor citar algunos ejemplos, si nos enfrentamos a un terremoto, buscaremos salir a un lugar espacioso sin \u00e1rboles u cosas cerca que puedan caersenos encima. Caso contrario, es conveniente situarnos debajo del dintel de las puertas de la casa. En caso de hurac\u00e1n, buscaremos refugio y sujetar objetos o cosas que pueden verse da\u00f1ados, etc.<br \/>\nPor cierto, el da\u00f1o causado por el fen\u00f3meno en cuesti\u00f3n guardar\u00e1 relaci\u00f3n directa con el nivel de organizaci\u00f3n, preparaci\u00f3n y prevenci\u00f3n que usted haya adoptado. Esto nos obliga a hablar de un plan dotado de una ESTRATEGIA, TACTICAS Y LOGISTICA determinadas.<br \/>\nPor estrategia entendemos un conjunto de pautas, acciones y patrones que juntos configuran un camino o rumbo hacia el cumplimiento de un objetivo o meta. La t\u00e1ctica refiere a una determinada acci\u00f3n espec\u00edfica que se cirscunscribe en un plan mayor que es la estrategia. Y por log\u00edstica, entendemos todos aquellos equipos, suministros, insumos y materiales necesarios para llevar a cabo el plan.<br \/>\nA la hora de dise\u00f1ar nuestro plan estrat\u00e9gico de emergencia debemos tomar en cuenta las siguientes consideraciones:<br \/>\n1- Estar informado sobre cu\u00e1les son los posibles desastres naturales que puedan ocurrir en su estado, provincia o pa\u00eds de residencia. En esta tarea puede servirse de internet, servicio meteorol\u00f3gico local, entre otros.<br \/>\n2- Reconocer las se\u00f1ales de alerta y de peligro y a familiarizarse con los procedimientos locales seg\u00fan el caso.<br \/>\n3- Adem\u00e1s ya podr\u00e1 comenzar a preparar un equipo de suministros o kit de emergencia. Primeros auxilios, comida enlatada, almacenamiento de combustible, etc.<br \/>\n4- Delimitar rutas de escape. Para ello puede esbozar un croquis de su vivienda con salidas de emergencia. Asimismo es importante definir las areas vulnerables del hogar y analizar si existe modo de reforzarlas. Asimismo, es conveniente fijar un punto de reuni\u00f3n de los integrantes de su familia dependiendo del fenomeno que se trate.<\/p>\n","protected":false},"excerpt":{"rendered":"<p>Los desastres naturales pueden acontecer en cualquier momento y en cualquier regi\u00f3n de la tierra, aunque hay zonas espec\u00edficas m\u00e1s propicias para su manifestaci\u00f3n seg\u00fan su geograf\u00eda y exposici\u00f3n a determinado tipo de fen\u00f3menos. Asi, por ejemplo, los epicentros de terremotos y sismos provienen de regiones monta\u00f1osas o de cordilleras, as\u00ed como las erupciones volc\u00e1nicas, [&hellip;]<\/p>\n","protected":false},"author":8153,"featured_media":0,"parent":0,"menu_order":0,"comment_status":"open","ping_status":"open","template":"","meta":{"footnotes":""},"class_list":["post-6","page","type-page","status-publish","hentry"],"_links":{"self":[{"href":"https:\/\/blog.espol.edu.ec\/joansori\/wp-json\/wp\/v2\/pages\/6","targetHints":{"allow":["GET"]}}],"collection":[{"href":"https:\/\/blog.espol.edu.ec\/joansori\/wp-json\/wp\/v2\/pages"}],"about":[{"href":"https:\/\/blog.espol.edu.ec\/joansori\/wp-json\/wp\/v2\/types\/page"}],"author":[{"embeddable":true,"href":"https:\/\/blog.espol.edu.ec\/joansori\/wp-json\/wp\/v2\/users\/8153"}],"replies":[{"embeddable":true,"href":"https:\/\/blog.espol.edu.ec\/joansori\/wp-json\/wp\/v2\/comments?post=6"}],"version-history":[{"count":3,"href":"https:\/\/blog.espol.edu.ec\/joansori\/wp-json\/wp\/v2\/pages\/6\/revisions"}],"predecessor-version":[{"id":53,"href":"https:\/\/blog.espol.edu.ec\/joansori\/wp-json\/wp\/v2\/pages\/6\/revisions\/53"}],"wp:attachment":[{"href":"https:\/\/blog.espol.edu.ec\/joansori\/wp-json\/wp\/v2\/media?parent=6"}],"curies":[{"name":"wp","href":"https:\/\/api.w.org\/{rel}","templated":true}]}}