{"id":129,"date":"2010-08-03T21:12:50","date_gmt":"2010-08-03T21:12:50","guid":{"rendered":"http:\/\/blog.espol.edu.ec\/jobebena\/?page_id=129"},"modified":"2010-08-11T03:51:11","modified_gmt":"2010-08-11T03:51:11","slug":"bienvenidos","status":"publish","type":"page","link":"https:\/\/blog.espol.edu.ec\/jobebena\/","title":{"rendered":"BIENVENIDOS"},"content":{"rendered":"<h1 style=\"text-align: left\"><span style=\"color: #3366ff\">\u00a1HOLA!<img loading=\"lazy\" decoding=\"async\" class=\"size-full wp-image-142 alignright\" title=\"amor-t13817\" src=\"http:\/\/blog.espol.edu.ec\/jobebena\/files\/2010\/08\/amor-t138171.jpg\" alt=\"\" width=\"167\" height=\"171\" \/><\/span><\/h1>\n<h4><strong>En este blog encontraran\u00a0\u00a0algunos tips de amor, \u00a0para con llevar una buena realci\u00f3n con tu \u00a0pareja son cosas tan sencillas y simples de aplicar en la vida diaria yo espero que esto\u00a0 te sirva\u00a0 de ayuda en algo.<\/strong><\/h4>\n<h4><strong>Aqu\u00ed tambi\u00e9n encontraras una secci\u00f3n de varios Test de Amor para que sepas todo sobre tu relacci\u00f3n y sobre ti mism@.<\/strong><\/h4>\n<h2><span style=\"color: #ff00ff\">EL REAL SIGNIFICADO DEL AMOR<\/span><\/h2>\n<p><a href=\"http:\/\/blog.espol.edu.ec\/jobebena\/files\/2010\/08\/corazon-de-personas-eso-es-amor.jpg\"><img loading=\"lazy\" decoding=\"async\" class=\"alignleft size-medium wp-image-219\" title=\"corazon-de-personas-eso-es-amor\" src=\"http:\/\/blog.espol.edu.ec\/jobebena\/files\/2010\/08\/corazon-de-personas-eso-es-amor-300x215.jpg\" alt=\"\" width=\"266\" height=\"190\" srcset=\"https:\/\/blog.espol.edu.ec\/jobebena\/files\/2010\/08\/corazon-de-personas-eso-es-amor-300x215.jpg 300w, https:\/\/blog.espol.edu.ec\/jobebena\/files\/2010\/08\/corazon-de-personas-eso-es-amor.jpg 400w\" sizes=\"auto, (max-width: 266px) 100vw, 266px\" \/><\/a><\/p>\n<h4><strong>Mucha gente le ha dado diferentes significados a esta palabra que dice mucho pero que pocos saben lo que realmente significa. Este concepto no solo expresa buena relaci\u00f3n entre personas sino que va mucho m\u00e1s all\u00e1 de eso. El amor puede tener diversas maneras de definirlo seg\u00fan las ideolog\u00edas y puntos de vista, como por ejemplo filos\u00f3fico, art\u00edstico o religioso. Pero lo que realmente se sabe y todos sostienen es que esta palabra es un sentimiento, conectado con el apego y el afecto, y consecuente de una serie de experiencias, emociones y actitudes que llevan al hombre a realizar distintos actos frente a lo que aman.<\/strong><\/h4>\n<p><object classid=\"clsid:d27cdb6e-ae6d-11cf-96b8-444553540000\" width=\"462\" height=\"232\"><param name=\"allowFullScreen\" value=\"true\" \/><param name=\"allowscriptaccess\" value=\"always\" \/><param name=\"src\" value=\"http:\/\/www.youtube.com\/v\/-oMmw2N1VbM&amp;hl=es_ES&amp;fs=1\" \/><param name=\"allowfullscreen\" value=\"true\" \/><embed type=\"application\/x-shockwave-flash\" width=\"462\" height=\"232\" src=\"http:\/\/www.youtube.com\/v\/-oMmw2N1VbM&amp;hl=es_ES&amp;fs=1\" allowscriptaccess=\"always\" allowfullscreen=\"true\"><\/embed><\/object><\/p>\n","protected":false},"excerpt":{"rendered":"<p>\u00a1HOLA! En este blog encontraran\u00a0\u00a0algunos tips de amor, \u00a0para con llevar una buena realci\u00f3n con tu \u00a0pareja son cosas tan sencillas y simples de aplicar en la vida diaria yo espero que esto\u00a0 te sirva\u00a0 de ayuda en algo. Aqu\u00ed tambi\u00e9n encontraras una secci\u00f3n de varios Test de Amor para que sepas todo sobre tu [&hellip;]<\/p>\n","protected":false},"author":3994,"featured_media":0,"parent":0,"menu_order":0,"comment_status":"open","ping_status":"open","template":"","meta":{"footnotes":""},"class_list":["post-129","page","type-page","status-publish","hentry"],"_links":{"self":[{"href":"https:\/\/blog.espol.edu.ec\/jobebena\/wp-json\/wp\/v2\/pages\/129","targetHints":{"allow":["GET"]}}],"collection":[{"href":"https:\/\/blog.espol.edu.ec\/jobebena\/wp-json\/wp\/v2\/pages"}],"about":[{"href":"https:\/\/blog.espol.edu.ec\/jobebena\/wp-json\/wp\/v2\/types\/page"}],"author":[{"embeddable":true,"href":"https:\/\/blog.espol.edu.ec\/jobebena\/wp-json\/wp\/v2\/users\/3994"}],"replies":[{"embeddable":true,"href":"https:\/\/blog.espol.edu.ec\/jobebena\/wp-json\/wp\/v2\/comments?post=129"}],"version-history":[{"count":23,"href":"https:\/\/blog.espol.edu.ec\/jobebena\/wp-json\/wp\/v2\/pages\/129\/revisions"}],"predecessor-version":[{"id":140,"href":"https:\/\/blog.espol.edu.ec\/jobebena\/wp-json\/wp\/v2\/pages\/129\/revisions\/140"}],"wp:attachment":[{"href":"https:\/\/blog.espol.edu.ec\/jobebena\/wp-json\/wp\/v2\/media?parent=129"}],"curies":[{"name":"wp","href":"https:\/\/api.w.org\/{rel}","templated":true}]}}