{"id":87,"date":"2010-07-25T21:00:42","date_gmt":"2010-07-25T21:00:42","guid":{"rendered":"http:\/\/blog.espol.edu.ec\/jobebena\/?page_id=87"},"modified":"2010-08-03T21:03:51","modified_gmt":"2010-08-03T21:03:51","slug":"enfernedad-moral","status":"publish","type":"page","link":"https:\/\/blog.espol.edu.ec\/jobebena\/enfernedad-moral\/","title":{"rendered":"Enfernedad Mortal"},"content":{"rendered":"<h2><a href=\"http:\/\/blog.espol.edu.ec\/jobebena\/files\/2010\/07\/lacito12010.jpg\"><img loading=\"lazy\" decoding=\"async\" class=\"aligncenter size-full wp-image-71\" title=\"lacito12010\" src=\"http:\/\/blog.espol.edu.ec\/jobebena\/files\/2010\/07\/lacito12010.jpg\" alt=\"\" width=\"71\" height=\"119\" \/><\/a><br \/>\nEL VIH<br \/>\nEl sida consiste en la incapacidad del sistema inmunitario para hacer frente a las infecciones y otros procesos patol\u00f3gicos, y se desarrolla cuando el nivel de Linfocitos T CD4 desciende por debajo de 200 c\u00e9lulas por mililitro de sangre.<\/h2>\n<h4>Normalmente, los gl\u00f3bulos blancos y anticuerpos atacan y destruyen a cualquier organismo extra\u00f1o que entra al cuerpo humano. Esta respuesta es coordinada por un tipo de c\u00e9lulas llamados linfocitos CD4. Desafortunadamente, el VIH ataca espec\u00edficamente a las c\u00e9lulas que expresan el receptor CD4, una de las m\u00e1s importantes son los linfocitos T CD4+ y entra en ellos. Una vez dentro, el virus transforma su material gen\u00e9tico de cadena simple (ARN) a uno de cadena doble (ADN) para incorporarlo al material gen\u00e9tico propio del hu\u00e9sped (persona infectada) y lo utiliza para replicarse o hacer copias de s\u00ed mismo. Cuando las nuevas copias del virus salen de las c\u00e9lulas a la sangre, buscan a otras c\u00e9lulas para atacar. Mientras, las c\u00e9lulas de donde salieron mueren. Este ciclo se repite una y otra vez.<\/h4>\n<h4>Para defenderse de esta producci\u00f3n de virus, el sistema inmune de una persona produce muchas c\u00e9lulas CD4 diariamente. Paulatinamente el n\u00famero de c\u00e9lulas CD4 disminuye, por lo que la persona sufre de inmunodeficiencia, lo cual significa que la persona no puede defenderse de otros virus, bacterias, hongos y par\u00e1sitos que causan enfermedades, lo que deja a la persona susceptible de sufrir enfermedades que una persona sana ser\u00eda capaz de enfrentar, como la neumon\u00eda at\u00edpica y la meningitis at\u00edpica. Estas enfermedades son principalmente infecciones oportunistas. Dado que el organismo posee mecanismos de control de crecimiento celular dependiente de c\u00e9lulas CD4, la destrucci\u00f3n progresiva de \u00e9stas c\u00e9lulas ocasionar\u00e1 que estos mecanismos no sean adecuadamente regulados, lo que origina en consecuencia la presencia de algunas neoplasias (c\u00e1ncer) que no ocurrir\u00edan en personas \u00absanas\u00bb. El VIH, adem\u00e1s, es capaz de infectar c\u00e9lulas cerebrales, causando algunas afecciones neurol\u00f3gicas.<\/h4>\n<h4>Como en los dem\u00e1s retrovirus, la informaci\u00f3n gen\u00e9tica del virus est\u00e1 en forma de ARN, que contiene las \u00abinstrucciones\u00bb para la s\u00edntesis de prote\u00ednas estructurales, las cuales al unirse conformar\u00e1n al nuevo virus (viri\u00f3n); es decir sus caracter\u00edsticas hereditarias, que le son necesarias para replicarse. Habitualmente, en la naturaleza el ADN o \u00e1cido desoxirribonucleico es una fuente de material gen\u00e9tico desde la que se producir\u00e1 una copia simple de ARN, pero en el caso del VIH, \u00e9ste logra invertir el sentido de la informaci\u00f3n, produciendo ADN a partir de su simple copia de ARN, operaci\u00f3n que se denomina transcripci\u00f3n inversa, caracter\u00edstica de los retrovirus. El virus inserta su informaci\u00f3n gen\u00e9tica en el mecanismo de reproducci\u00f3n de la c\u00e9lula (n\u00facleo celular), gracias a la acci\u00f3n de la transcriptasa reversa.<\/h4>\n","protected":false},"excerpt":{"rendered":"<p>EL VIH El sida consiste en la incapacidad del sistema inmunitario para hacer frente a las infecciones y otros procesos patol\u00f3gicos, y se desarrolla cuando el nivel de Linfocitos T CD4 desciende por debajo de 200 c\u00e9lulas por mililitro de sangre. Normalmente, los gl\u00f3bulos blancos y anticuerpos atacan y destruyen a cualquier organismo extra\u00f1o que [&hellip;]<\/p>\n","protected":false},"author":3994,"featured_media":0,"parent":0,"menu_order":0,"comment_status":"open","ping_status":"open","template":"","meta":{"footnotes":""},"class_list":["post-87","page","type-page","status-publish","hentry"],"_links":{"self":[{"href":"https:\/\/blog.espol.edu.ec\/jobebena\/wp-json\/wp\/v2\/pages\/87","targetHints":{"allow":["GET"]}}],"collection":[{"href":"https:\/\/blog.espol.edu.ec\/jobebena\/wp-json\/wp\/v2\/pages"}],"about":[{"href":"https:\/\/blog.espol.edu.ec\/jobebena\/wp-json\/wp\/v2\/types\/page"}],"author":[{"embeddable":true,"href":"https:\/\/blog.espol.edu.ec\/jobebena\/wp-json\/wp\/v2\/users\/3994"}],"replies":[{"embeddable":true,"href":"https:\/\/blog.espol.edu.ec\/jobebena\/wp-json\/wp\/v2\/comments?post=87"}],"version-history":[{"count":4,"href":"https:\/\/blog.espol.edu.ec\/jobebena\/wp-json\/wp\/v2\/pages\/87\/revisions"}],"predecessor-version":[{"id":161,"href":"https:\/\/blog.espol.edu.ec\/jobebena\/wp-json\/wp\/v2\/pages\/87\/revisions\/161"}],"wp:attachment":[{"href":"https:\/\/blog.espol.edu.ec\/jobebena\/wp-json\/wp\/v2\/media?parent=87"}],"curies":[{"name":"wp","href":"https:\/\/api.w.org\/{rel}","templated":true}]}}