{"id":13,"date":"2013-11-18T06:21:56","date_gmt":"2013-11-18T06:21:56","guid":{"rendered":"http:\/\/blog.espol.edu.ec\/jobrsanc\/?page_id=13"},"modified":"2013-11-25T15:06:01","modified_gmt":"2013-11-25T15:06:01","slug":"videos-reales","status":"publish","type":"page","link":"https:\/\/blog.espol.edu.ec\/jobrsanc\/videos-reales\/","title":{"rendered":"Videos Reales"},"content":{"rendered":"<p><iframe loading=\"lazy\" width=\"560\" height=\"315\" src=\"\/\/www.youtube.com\/embed\/bCJQpKiB6_g\" frameborder=\"0\" allowfullscreen><\/iframe><br \/>\n<em><strong> Entrevista con Daryl Campuzano en el cual nos revela uno de sus sue\u00f1os que al parecer el cree que fue en realidad mas no un simple sue\u00f1o... a\u00f1ade que todos esos acontecimientos se iniciaron a ra\u00edz de su salida de la Iglesia...<\/strong><\/em><\/p>\n","protected":false},"excerpt":{"rendered":"<p>Entrevista con Daryl Campuzano en el cual nos revela uno de sus sue\u00f1os que al parecer el cree que fue en realidad mas no un simple sue\u00f1o... a\u00f1ade que todos esos acontecimientos se iniciaron a ra\u00edz de su salida de la Iglesia...<\/p>\n","protected":false},"author":8903,"featured_media":0,"parent":0,"menu_order":0,"comment_status":"open","ping_status":"open","template":"","meta":{"footnotes":""},"class_list":["post-13","page","type-page","status-publish","hentry","nodate","item-wrap"],"_links":{"self":[{"href":"https:\/\/blog.espol.edu.ec\/jobrsanc\/wp-json\/wp\/v2\/pages\/13","targetHints":{"allow":["GET"]}}],"collection":[{"href":"https:\/\/blog.espol.edu.ec\/jobrsanc\/wp-json\/wp\/v2\/pages"}],"about":[{"href":"https:\/\/blog.espol.edu.ec\/jobrsanc\/wp-json\/wp\/v2\/types\/page"}],"author":[{"embeddable":true,"href":"https:\/\/blog.espol.edu.ec\/jobrsanc\/wp-json\/wp\/v2\/users\/8903"}],"replies":[{"embeddable":true,"href":"https:\/\/blog.espol.edu.ec\/jobrsanc\/wp-json\/wp\/v2\/comments?post=13"}],"version-history":[{"count":5,"href":"https:\/\/blog.espol.edu.ec\/jobrsanc\/wp-json\/wp\/v2\/pages\/13\/revisions"}],"predecessor-version":[{"id":97,"href":"https:\/\/blog.espol.edu.ec\/jobrsanc\/wp-json\/wp\/v2\/pages\/13\/revisions\/97"}],"wp:attachment":[{"href":"https:\/\/blog.espol.edu.ec\/jobrsanc\/wp-json\/wp\/v2\/media?parent=13"}],"curies":[{"name":"wp","href":"https:\/\/api.w.org\/{rel}","templated":true}]}}