{"id":108,"date":"2009-07-22T13:51:32","date_gmt":"2009-07-22T18:51:32","guid":{"rendered":"http:\/\/blog.espol.edu.ec\/johanna91\/?page_id=108"},"modified":"2009-08-30T17:37:17","modified_gmt":"2009-08-30T22:37:17","slug":"pasion-azul","status":"publish","type":"page","link":"https:\/\/blog.espol.edu.ec\/johanna91\/pasion-azul\/","title":{"rendered":"Pasi\u00f3n Azul"},"content":{"rendered":"<p><strong><\/strong><img loading=\"lazy\" decoding=\"async\" class=\"aligncenter size-full wp-image-119\" src=\"http:\/\/blog.espol.edu.ec\/johanna91\/files\/2009\/07\/mcfdelusf1hd3.jpg\" alt=\"mcfdelusf1hd3\" width=\"471\" height=\"334\" \/><\/p>\n<p style=\"text-align: justify\"><span style=\"color: #800080\"><strong>Enclavado en el coraz\u00f3n del Astillero, ese tradicional y antiguo barrio guayaquile\u00f1o donde se constru\u00edan los barcos y forjado en las entra\u00f1as de la Empresa El\u00e9ctrica del Ecuador, la due\u00f1a de la energ\u00eda y la luz, esa luz que irradia solo a los grandes, un 28 de abril de 1929, hace ya 79 a\u00f1os, naci\u00f3 el Club Sport Emelec para iluminar el firmamento deportivo ecuatoriano y constituirse en el paso del tiempo como una de las instituciones m\u00e1s gloriosas de nuestra patria.<\/strong><\/span><\/p>\n<p style=\"text-align: justify\"><span style=\"color: #800080\"><strong>El nacimiento oficial del club, se debe a un hombre visionario que con el paso de los a\u00f1os se convirti\u00f3 en inmortal en la historia del Club, el legendario deportista y dirigente, George Lewis Capwell. integrante de la Superintendencia de la Empresa El\u00e9ctrica de Ecuador, EMELEC. El hombre. un norteamericano de figura imponente y car\u00e1cter firme era deportista por afici\u00f3n y convicci\u00f3n, practicante de nataci\u00f3n, b\u00e1squet, hand-ball y b\u00e9isbol quer\u00eda que los trabajadores de la empresa en que laboraba formasen un club deportivo.<\/strong><\/span><\/p>\n<p style=\"text-align: justify\"><span style=\"color: #800080\"><strong>As\u00ed una ma\u00f1ana de ese ya glorioso d\u00eda, a insinuaci\u00f3n suya y de otros amantes del deporte, los ecuatorianos V\u00edctor Pe\u00f1aherrera y Lauro Guerrero se realiz\u00f3 una Junta General de Asamblea de deportistas pertenecientes a la Empresa El\u00e9ctrica del Ecuador Inc.<\/strong><\/span><\/p>\n<p style=\"text-align: justify\"><span style=\"color: #800080\"><strong><\/strong><\/span><\/p>\n<h2 style=\"text-align: justify\"><span style=\"color: #ff6600\">Estadio George Lewis Capwell..!!<\/span><\/h2>\n<h2 style=\"text-align: justify\"><span style=\"color: #ff00ff\"><img loading=\"lazy\" decoding=\"async\" class=\"aligncenter size-full wp-image-123\" src=\"http:\/\/blog.espol.edu.ec\/johanna91\/files\/2009\/07\/estadio_capwell_emelec_440.jpg\" alt=\"estadio_capwell_emelec_440\" width=\"440\" height=\"188\" srcset=\"https:\/\/blog.espol.edu.ec\/johanna91\/files\/2009\/07\/estadio_capwell_emelec_440.jpg 440w, https:\/\/blog.espol.edu.ec\/johanna91\/files\/2009\/07\/estadio_capwell_emelec_440-300x128.jpg 300w\" sizes=\"auto, (max-width: 440px) 100vw, 440px\" \/><\/span><\/h2>\n<p style=\"text-align: justify\"><span style=\"color: #ff00ff\"><span style=\"color: #800080\"><strong><\/strong><\/span><\/span><\/p>\n<p style=\"text-align: justify\"><span style=\"color: #ff00ff\"><span style=\"color: #800080\"><strong>El Estadio Capwell nace de la iniciativa de don George Lewis Capwell. En diciembre de 1940, la Municipalidad de Guayaquil aprueba el alquiler de cuatro manzanas para la construcci\u00f3n del Estadio del Club Sport Emelec. El 8 de Septiembre de 1942, el cabildo porte\u00f1o resuelve la donaci\u00f3n de tales manzanas y el 15 de Octubre de ese mismo a\u00f1o, el Congreso Nacional del Ecuador aprueba el decreto autorizando a la Municipalidad de Guayaquil la donaci\u00f3n, consolidado el dominio sobre los terrenos. El 24 de Julio de 1943, se coloca la primera piedra de lo que ser\u00eda el Estadio Capwell.<\/strong><\/span><\/span><\/p>\n<p><span style=\"color: #ff00ff\"><span style=\"color: #800080\"><strong>Parad\u00f3jicamente se inaugur\u00f3 con un partido de B\u00e9isbol en aquella etapa del f\u00fatbol rom\u00e1ntico, hace casi 59 a\u00f1os. Para ser mas exactos un s\u00e1bado 21 de octubre de 1945. De all\u00e1 para ac\u00e1, el estadio George Capwell ha tenido algunos cambios de apariencia que no s\u00f3lo le dan la pinta de escenario moderno, es por infraestructura, ubicaci\u00f3n y pasi\u00f3n con la que se vive el f\u00fatbol, uno de los mejores escenarios de Am\u00e9rica para la pr\u00e1ctica del rey de los deportes.<\/strong><\/span><\/span><\/p>\n<p style=\"text-align: justify\"><span style=\"color: #800080\"><strong>Y si bien el estadio Capwell naci\u00f3 en una etapa rom\u00e1ntica, ese romanticismo no lo ha perdido con el pasar de los a\u00f1os y mas bien los cambios de pinta, le han servido para que el amor entre la hinchada y su equipo crezca como la espuma.<\/strong><\/span><\/p>\n<h2><span style=\"color: #ff6600\">Himno del Club Sport Emelec..!!<\/span><\/h2>\n<p style=\"text-align: center\"><span style=\"color: #800080\"><strong>Los domingos Guayaquil est\u00e1 de fiesta,<br \/>\nlos muchachos est\u00e1n listos a vencer.<br \/>\nEl estadio se ilumina de colores<br \/>\ny se llena con la hinchada de EMELEC.<\/strong><\/span><\/p>\n<p style=\"text-align: center\"><span style=\"color: #800080\"><strong>Los azules tienen garra vencedora,<br \/>\nuna historia escrita en noches de esplendor,<br \/>\nuna hinchada que lo apoya<br \/>\ny que lo sigue con amor<br \/>\ny un equipo destinado a ser campe\u00f3n.<\/strong><\/span><\/p>\n<p style=\"text-align: center\"><span style=\"color: #800080\"><strong>Emelec, Emelec<br \/>\nes el grito que se escucha en el estadio;<br \/>\nEmelec, Emelec<br \/>\nes el grito de mi coraz\u00f3n<br \/>\nEmelec, Emelec<br \/>\nCoraz\u00f3n, fuerza y coraje de Campe\u00f3n<br \/>\nen tu cancha o de visita nadie te puede vencer<br \/>\nEmelec, Emelec.<\/strong><\/span><\/p>\n<p style=\"text-align: center\"><span style=\"color: #800080\"><strong><\/strong><\/span><\/p>\n<h2 style=\"text-align: justify\"><span style=\"color: #ff6600\">Medios Oficiales..!!<\/span><\/h2>\n<p style=\"text-align: justify\"><strong><\/strong><\/p>\n<p><span style=\"color: #ff6600\"><span style=\"color: #800080\"><strong>\u2665\u2665***La nueva \u201cHora Azul\u201d en la pantalla de Ecuavisa.<\/strong><\/span><\/span><\/p>\n<div><span style=\"color: #ff6600\"><span style=\"color: #800080\"><strong><\/strong><\/span><\/span><\/div>\n<div><span style=\"color: #ff6600\"><span style=\"color: #800080\"><strong>Dom\u00e9nica Saporiti, Gonzalo Vargas y Est\u00e9fano Massuh te traer\u00e1n semanalmente la actualidad del Bombillo en un formato fresco y divertido.<\/strong><\/span><\/span><\/div>\n<p><span style=\"color: #ff6600\"><span style=\"color: #800080\"><strong>No te lo puedes perder!!<\/strong><\/span><\/span><\/p>\n<p><span style=\"color: #800080\"><img loading=\"lazy\" decoding=\"async\" class=\"aligncenter size-medium wp-image-126\" src=\"http:\/\/blog.espol.edu.ec\/johanna91\/files\/2009\/07\/la_hora_azul_afiche-215x300.jpg\" alt=\"la_hora_azul_afiche\" width=\"215\" height=\"300\" srcset=\"https:\/\/blog.espol.edu.ec\/johanna91\/files\/2009\/07\/la_hora_azul_afiche-215x300.jpg 215w, https:\/\/blog.espol.edu.ec\/johanna91\/files\/2009\/07\/la_hora_azul_afiche.jpg 610w\" sizes=\"auto, (max-width: 215px) 100vw, 215px\" \/><\/span><\/p>\n<p><span style=\"color: #800080\"><strong>\u2665\u2665***Libro de los 80 A\u00f1os<\/strong><\/span><\/p>\n<p style=\"text-align: justify\"><span style=\"color: #800080\"><strong>Son 80 a\u00f1os\u2026 No los cumple cualquiera. Un total de 29.200 d\u00edas han pasado, para ser m\u00e1s exactos, desde aquella fecha en que se fund\u00f3 el CS Emelec, 28 de abril de 1929. Para escribir una historia de un equipo que naci\u00f3 grande siempre faltar\u00e1n p\u00e1ginas. El tiempo ha dejado marcado \u00e9xitos, tambi\u00e9n fracasos; alegr\u00edas y l\u00f3gicamente tristezas; pero sobre todas las cosas, enorme amor a una camiseta que cuando se la empieza a amar se pega f\u00e1cil a la piel, por todo la grandeza que trae consigo.<\/strong><\/span><\/p>\n<p style=\"text-align: justify\"><span style=\"color: #800080\"><strong>Seguimos festejando y lo seguiremos haciendo con una serie de eventos en este 2009; pero mientras tanto, hay que repasar la historia, aquella que ha sido escrita en cerca de 200 p\u00e1ginas y en la que encontraremos datos no menos que importantes. El libro de los 80 a\u00f1os es una obra que ha pegado y que el hincha azul la sigue pidiendo, por eso se realiz\u00f3 una reimpresi\u00f3n de seis mil ejemplares para que nadie se quede sin conocer quien fue aquel visionario ejecutivo estadounidense de la Empresa El\u00e9ctrica del Ecuador de nombre George Capwell le dio vida al club.<\/strong><\/span><\/p>\n<p style=\"text-align: justify\"><span style=\"color: #800080\"><strong>Aqu\u00ed sabr\u00e1 del nacimiento del equipo del astillero que empez\u00f3 como equipo de b\u00e9isbol, luego conocer\u00e1 tambi\u00e9n del \u201cBallet Azul\u201d, aquella etapa del Emelec que jugaba tan bien al f\u00fatbol con Don Fernando \u201cEl Marqu\u00e9s\u201d Pasternoster dirigiendo. Recordamos a los \u201cCinco Reyes Magos\u201d, Jorge Bola\u00f1os, Jos\u00e9 Vicente Balseca, Carlos Raffo, Enrique Raymondi y el Jorge \u201cPibe\u201d Ortega.<\/strong><\/span><\/p>\n<p style=\"text-align: justify\"><span style=\"color: #800080\"><strong>Les contamos tambi\u00e9n el antes y el despu\u00e9s del estadio Capwell, que para orgullo de los emelecistas fue el primer gran escenario de f\u00fatbol del pa\u00eds; como tambi\u00e9n se convirti\u00f3 en el primer campe\u00f3n nacional y despu\u00e9s sum\u00f3 nueve t\u00edtulos m\u00e1s. No pueden quedar a un lado las 80 grandes goleadas, ni tampoco los 80 grandes jugadores que vistieron la camiseta azul. Tampoco olvidamos los importantes momentos internacionales, la final de la Copa Merconorte del 2001 y la semifinal de la Copa Libertadores de 1995. De igual manera no podemos ocultar los d\u00edas amargos, cuando Emelec perdi\u00f3 la categor\u00eda y descendi\u00f3 a la Serie \u201cB\u201d.<\/strong><\/span><\/p>\n<p style=\"text-align: justify\"><span style=\"color: #800080\"><strong>Les contamos tantas cosas en 200 p\u00e1ginas en la que le damos un lugar especial a ustedes los hinchas, principales responsables de que este equipo sea grande, que seguramente no se cansar\u00e1n de leerla y releerla y grabarla en sus mentes como si fuera su vida misma\u2026<\/strong><\/span><\/p>\n<p style=\"text-align: justify\"><span style=\"color: #800080\"><strong>El libro de La Historia de los 80 a\u00f1os de Emelec, es para tenerlo como un archivo hist\u00f3rica y de constante consulta.<\/strong><\/span><\/p>\n<h3><span style=\"color: #800080\"><img loading=\"lazy\" decoding=\"async\" class=\"aligncenter size-medium wp-image-128\" src=\"http:\/\/blog.espol.edu.ec\/johanna91\/files\/2009\/07\/emelec-coleccion-225x300.jpg\" alt=\"emelec-coleccion\" width=\"225\" height=\"300\" srcset=\"https:\/\/blog.espol.edu.ec\/johanna91\/files\/2009\/07\/emelec-coleccion-225x300.jpg 225w, https:\/\/blog.espol.edu.ec\/johanna91\/files\/2009\/07\/emelec-coleccion.jpg 400w\" sizes=\"auto, (max-width: 225px) 100vw, 225px\" \/><\/span><\/h3>\n<h2 style=\"text-align: justify\"><span style=\"color: #ff6600\">Lo Mejor..!!<\/span><\/h2>\n<p style=\"text-align: justify\"><img loading=\"lazy\" decoding=\"async\" class=\"aligncenter size-medium wp-image-138\" src=\"http:\/\/blog.espol.edu.ec\/johanna91\/files\/2009\/07\/2007_08_26_emelec-lduq-10-300x225.jpg\" alt=\"2007_08_26_emelec-lduq-10\" width=\"300\" height=\"225\" srcset=\"https:\/\/blog.espol.edu.ec\/johanna91\/files\/2009\/07\/2007_08_26_emelec-lduq-10-300x225.jpg 300w, https:\/\/blog.espol.edu.ec\/johanna91\/files\/2009\/07\/2007_08_26_emelec-lduq-10.jpg 800w\" sizes=\"auto, (max-width: 300px) 100vw, 300px\" \/><\/p>\n<p style=\"text-align: justify\">\n<p style=\"text-align: justify\"><img loading=\"lazy\" decoding=\"async\" class=\"aligncenter size-full wp-image-140\" src=\"http:\/\/blog.espol.edu.ec\/johanna91\/files\/2009\/07\/lutocampanasg8.gif\" alt=\"lutocampanasg8\" width=\"250\" height=\"250\" srcset=\"https:\/\/blog.espol.edu.ec\/johanna91\/files\/2009\/07\/lutocampanasg8.gif 250w, https:\/\/blog.espol.edu.ec\/johanna91\/files\/2009\/07\/lutocampanasg8-150x150.gif 150w\" sizes=\"auto, (max-width: 250px) 100vw, 250px\" \/><\/p>\n<p style=\"text-align: justify\">\n<p style=\"text-align: justify\"><img loading=\"lazy\" decoding=\"async\" class=\"aligncenter size-medium wp-image-285\" src=\"http:\/\/blog.espol.edu.ec\/johanna91\/files\/2009\/07\/emelec1-300x217.jpg\" alt=\"emelec1\" width=\"300\" height=\"217\" srcset=\"https:\/\/blog.espol.edu.ec\/johanna91\/files\/2009\/07\/emelec1-300x217.jpg 300w, https:\/\/blog.espol.edu.ec\/johanna91\/files\/2009\/07\/emelec1.jpg 400w\" sizes=\"auto, (max-width: 300px) 100vw, 300px\" \/><\/p>\n<p style=\"text-align: justify\">\n<p style=\"text-align: justify\"><img loading=\"lazy\" decoding=\"async\" class=\"aligncenter size-medium wp-image-286\" src=\"http:\/\/blog.espol.edu.ec\/johanna91\/files\/2009\/07\/emelec-2-300x224.jpg\" alt=\"emelec-2\" width=\"300\" height=\"224\" srcset=\"https:\/\/blog.espol.edu.ec\/johanna91\/files\/2009\/07\/emelec-2-300x224.jpg 300w, https:\/\/blog.espol.edu.ec\/johanna91\/files\/2009\/07\/emelec-2.jpg 600w\" sizes=\"auto, (max-width: 300px) 100vw, 300px\" \/><\/p>\n<p style=\"text-align: justify\">\n<p style=\"text-align: justify\"><img loading=\"lazy\" decoding=\"async\" class=\"aligncenter size-medium wp-image-287\" src=\"http:\/\/blog.espol.edu.ec\/johanna91\/files\/2009\/07\/emelec-3-287x300.jpg\" alt=\"emelec-3\" width=\"287\" height=\"300\" srcset=\"https:\/\/blog.espol.edu.ec\/johanna91\/files\/2009\/07\/emelec-3-287x300.jpg 287w, https:\/\/blog.espol.edu.ec\/johanna91\/files\/2009\/07\/emelec-3.jpg 307w\" sizes=\"auto, (max-width: 287px) 100vw, 287px\" \/><\/p>\n<p style=\"text-align: justify\">\n<p style=\"text-align: justify\"><img loading=\"lazy\" decoding=\"async\" class=\"aligncenter size-medium wp-image-288\" src=\"http:\/\/blog.espol.edu.ec\/johanna91\/files\/2009\/07\/emelec-4-300x225.jpg\" alt=\"emelec-4\" width=\"300\" height=\"225\" srcset=\"https:\/\/blog.espol.edu.ec\/johanna91\/files\/2009\/07\/emelec-4-300x225.jpg 300w, https:\/\/blog.espol.edu.ec\/johanna91\/files\/2009\/07\/emelec-4.jpg 500w\" sizes=\"auto, (max-width: 300px) 100vw, 300px\" \/><\/p>\n<p style=\"text-align: justify\">\n<p style=\"text-align: justify\"><img loading=\"lazy\" decoding=\"async\" class=\"aligncenter size-full wp-image-290\" src=\"http:\/\/blog.espol.edu.ec\/johanna91\/files\/2009\/07\/emelec-5.jpg\" alt=\"emelec-5\" width=\"245\" height=\"256\" \/><\/p>\n<p style=\"text-align: justify\">\n<p style=\"text-align: justify\">\n<p style=\"text-align: justify\">\n","protected":false},"excerpt":{"rendered":"<p>Enclavado en el coraz\u00f3n del Astillero, ese tradicional y antiguo barrio guayaquile\u00f1o donde se constru\u00edan los barcos y forjado en las entra\u00f1as de la Empresa El\u00e9ctrica del Ecuador, la due\u00f1a de la energ\u00eda y la luz, esa luz que irradia solo a los grandes, un 28 de abril de 1929, hace ya 79 a\u00f1os, naci\u00f3 [&hellip;]<\/p>\n","protected":false},"author":2220,"featured_media":0,"parent":0,"menu_order":0,"comment_status":"open","ping_status":"open","template":"","meta":{"footnotes":""},"class_list":["post-108","page","type-page","status-publish","hentry"],"_links":{"self":[{"href":"https:\/\/blog.espol.edu.ec\/johanna91\/wp-json\/wp\/v2\/pages\/108","targetHints":{"allow":["GET"]}}],"collection":[{"href":"https:\/\/blog.espol.edu.ec\/johanna91\/wp-json\/wp\/v2\/pages"}],"about":[{"href":"https:\/\/blog.espol.edu.ec\/johanna91\/wp-json\/wp\/v2\/types\/page"}],"author":[{"embeddable":true,"href":"https:\/\/blog.espol.edu.ec\/johanna91\/wp-json\/wp\/v2\/users\/2220"}],"replies":[{"embeddable":true,"href":"https:\/\/blog.espol.edu.ec\/johanna91\/wp-json\/wp\/v2\/comments?post=108"}],"version-history":[{"count":19,"href":"https:\/\/blog.espol.edu.ec\/johanna91\/wp-json\/wp\/v2\/pages\/108\/revisions"}],"predecessor-version":[{"id":116,"href":"https:\/\/blog.espol.edu.ec\/johanna91\/wp-json\/wp\/v2\/pages\/108\/revisions\/116"}],"wp:attachment":[{"href":"https:\/\/blog.espol.edu.ec\/johanna91\/wp-json\/wp\/v2\/media?parent=108"}],"curies":[{"name":"wp","href":"https:\/\/api.w.org\/{rel}","templated":true}]}}