{"id":6,"date":"2016-10-13T14:05:22","date_gmt":"2016-10-13T14:05:22","guid":{"rendered":"http:\/\/blog.espol.edu.ec\/johnnybeltran\/?page_id=6"},"modified":"2016-10-15T18:41:36","modified_gmt":"2016-10-15T18:41:36","slug":"mi-primera-pagina","status":"publish","type":"page","link":"https:\/\/blog.espol.edu.ec\/johnnybeltran\/mi-primera-pagina\/","title":{"rendered":"Experiencia programando"},"content":{"rendered":"<h4>Como el culturismo, la mayor\u00eda de lo que he aprendido acerca de programaci\u00f3n ha sido logrado por mi propia cuenta.<\/h4>\n<h4><\/h4>\n<h4>El primer lenguaje de programaci\u00f3n que aprend\u00ed fue Java. En el colegio me ense\u00f1aron las nociones b\u00e1sicas de la programaci\u00f3n utilizando este lenguaje (estructuras repetitivas, uso de variables, asignaciones, etc) as\u00ed como atributos espec\u00edficos a Java. Para expandir mi conocimiento, recurr\u00ed al uso de videotutoriales; canales como \"thenewboston\" y libros de la serie Head First han sido pilar en lo que s\u00e9 de principalmente del lenguaje Java.<\/h4>\n<p>&nbsp;<\/p>\n<h4>Aprend\u00ed un poco m\u00e1s de Java con el uso de plataformas que ofrecen cursos en linea. De la misma manera fui aprendiendo python, segundo lenguaje que aprend\u00ed.<\/h4>\n<p>&nbsp;<\/p>\n<h4>A partir de aqu\u00ed fui aprendiendo cosas muy variadas dentro de programaci\u00f3n y tambi\u00e9n dise\u00f1o web (HTML, CSS, Bootstrap). Al momento tengo conocimientos de lo que he mencionado anteriormente y Javascript, R, android (usando java) , C#, C y SQL.<\/h4>\n","protected":false},"excerpt":{"rendered":"<p>Como el culturismo, la mayor\u00eda de lo que he aprendido acerca de programaci\u00f3n ha sido logrado por mi propia cuenta. El primer lenguaje de programaci\u00f3n que aprend\u00ed fue Java. En el colegio me ense\u00f1aron las nociones b\u00e1sicas de la programaci\u00f3n utilizando este lenguaje (estructuras repetitivas, uso de variables, asignaciones, etc) as\u00ed como atributos espec\u00edficos a [&hellip;]<\/p>\n","protected":false},"author":10537,"featured_media":0,"parent":0,"menu_order":0,"comment_status":"closed","ping_status":"closed","template":"","meta":{"footnotes":""},"class_list":["post-6","page","type-page","status-publish","hentry"],"_links":{"self":[{"href":"https:\/\/blog.espol.edu.ec\/johnnybeltran\/wp-json\/wp\/v2\/pages\/6","targetHints":{"allow":["GET"]}}],"collection":[{"href":"https:\/\/blog.espol.edu.ec\/johnnybeltran\/wp-json\/wp\/v2\/pages"}],"about":[{"href":"https:\/\/blog.espol.edu.ec\/johnnybeltran\/wp-json\/wp\/v2\/types\/page"}],"author":[{"embeddable":true,"href":"https:\/\/blog.espol.edu.ec\/johnnybeltran\/wp-json\/wp\/v2\/users\/10537"}],"replies":[{"embeddable":true,"href":"https:\/\/blog.espol.edu.ec\/johnnybeltran\/wp-json\/wp\/v2\/comments?post=6"}],"version-history":[{"count":3,"href":"https:\/\/blog.espol.edu.ec\/johnnybeltran\/wp-json\/wp\/v2\/pages\/6\/revisions"}],"predecessor-version":[{"id":15,"href":"https:\/\/blog.espol.edu.ec\/johnnybeltran\/wp-json\/wp\/v2\/pages\/6\/revisions\/15"}],"wp:attachment":[{"href":"https:\/\/blog.espol.edu.ec\/johnnybeltran\/wp-json\/wp\/v2\/media?parent=6"}],"curies":[{"name":"wp","href":"https:\/\/api.w.org\/{rel}","templated":true}]}}