{"id":30,"date":"2015-11-24T05:20:28","date_gmt":"2015-11-24T05:20:28","guid":{"rendered":"http:\/\/blog.espol.edu.ec\/jojaleon\/?page_id=30"},"modified":"2015-11-24T05:22:22","modified_gmt":"2015-11-24T05:22:22","slug":"amor-que-perdura","status":"publish","type":"page","link":"https:\/\/blog.espol.edu.ec\/jojaleon\/amor-que-perdura\/","title":{"rendered":"amor que perdura!"},"content":{"rendered":"<p>\u00bfNunca se ha sentido cansado de amar a otra persona? Muchas veces, en situaciones de consejer\u00eda pastoral, escucho a personas que dicen: \u00abyo ya am\u00e9 demasiado a esa persona\u00bb. \u00bfSer\u00e1 posible afirmar que hemos amado demasiado a otra persona? \u00bfExiste alguna medida que, una vez superada, nos permite afirmar que nosotros ya hemos superado el nivel de amor requerido de un creyente? \u00bfQui\u00e9n establece este nivel?<\/p>\n<p>Cuando hacemos este tipo de afirmaciones, lo que estamos queriendo se\u00f1alar es que hemos hecho muchas cosas en favor de la otra persona, pero hemos cosechado muy poco como resultado de nuestra inversi\u00f3n. Por supuesto, que la otra persona quiz\u00e1s tambi\u00e9n piense que ha hecho mucho y ha recibido muy poco a cambio de todo lo que ha hecho.<\/p>\n","protected":false},"excerpt":{"rendered":"<p>\u00bfNunca se ha sentido cansado de amar a otra persona? Muchas veces, en situaciones de consejer\u00eda pastoral, escucho a personas que dicen: \u00abyo ya am\u00e9 demasiado a esa persona\u00bb. \u00bfSer\u00e1 posible afirmar que hemos amado demasiado a otra persona? \u00bfExiste alguna medida que, una vez superada, nos permite afirmar que nosotros ya hemos superado el [&hellip;]<\/p>\n","protected":false},"author":10085,"featured_media":0,"parent":0,"menu_order":0,"comment_status":"closed","ping_status":"closed","template":"blog-page.php","meta":{"footnotes":""},"class_list":["post-30","page","type-page","status-publish","hentry"],"_links":{"self":[{"href":"https:\/\/blog.espol.edu.ec\/jojaleon\/wp-json\/wp\/v2\/pages\/30","targetHints":{"allow":["GET"]}}],"collection":[{"href":"https:\/\/blog.espol.edu.ec\/jojaleon\/wp-json\/wp\/v2\/pages"}],"about":[{"href":"https:\/\/blog.espol.edu.ec\/jojaleon\/wp-json\/wp\/v2\/types\/page"}],"author":[{"embeddable":true,"href":"https:\/\/blog.espol.edu.ec\/jojaleon\/wp-json\/wp\/v2\/users\/10085"}],"replies":[{"embeddable":true,"href":"https:\/\/blog.espol.edu.ec\/jojaleon\/wp-json\/wp\/v2\/comments?post=30"}],"version-history":[{"count":2,"href":"https:\/\/blog.espol.edu.ec\/jojaleon\/wp-json\/wp\/v2\/pages\/30\/revisions"}],"predecessor-version":[{"id":33,"href":"https:\/\/blog.espol.edu.ec\/jojaleon\/wp-json\/wp\/v2\/pages\/30\/revisions\/33"}],"wp:attachment":[{"href":"https:\/\/blog.espol.edu.ec\/jojaleon\/wp-json\/wp\/v2\/media?parent=30"}],"curies":[{"name":"wp","href":"https:\/\/api.w.org\/{rel}","templated":true}]}}