{"id":13,"date":"2015-11-17T21:38:59","date_gmt":"2015-11-17T21:38:59","guid":{"rendered":"http:\/\/blog.espol.edu.ec\/jolulara\/?page_id=13"},"modified":"2015-11-21T21:12:22","modified_gmt":"2015-11-21T21:12:22","slug":"la-historia-de-dragon-ball-z","status":"publish","type":"page","link":"https:\/\/blog.espol.edu.ec\/jolulara\/la-historia-de-dragon-ball-z\/","title":{"rendered":"la historia de dragon ball z"},"content":{"rendered":"<p><i><b>Dragon Ball<\/b><\/i> (<span class=\"t_nihongo_kanji\" lang=\"ja\" xml:lang=\"ja\">\u30c9\u30e9\u30b4\u30f3\u30dc\u30fc\u30eb<\/span> <span class=\"t_nihongo_romaji\"><i>Doragon B\u014dru<\/i><\/span><span class=\"t_nihongo_help\"><sup><a title=\"Ayuda:Idioma japon\u00e9s\" href=\"https:\/\/es.wikipedia.org\/wiki\/Ayuda:Idioma_japon%C3%A9s\"><span class=\"t_nihongo_icon\">?<\/span><\/a><\/sup><\/span>) es un <a title=\"Manga\" href=\"https:\/\/es.wikipedia.org\/wiki\/Manga\">manga<\/a> escrito e ilustrado por <a title=\"Akira Toriyama\" href=\"https:\/\/es.wikipedia.org\/wiki\/Akira_Toriyama\">Akira Toriyama<\/a>. Fue publicado originalmente en la revista <i><a title=\"Sh\u016bkan Sh\u014dnen Jump\" href=\"https:\/\/es.wikipedia.org\/wiki\/Sh%C5%ABkan_Sh%C5%8Dnen_Jump\">Sh\u014dnen Jump<\/a><\/i>, de la editorial japonesa <a title=\"Sh\u016beisha\" href=\"https:\/\/es.wikipedia.org\/wiki\/Sh%C5%ABeisha\">Sh\u016beisha<\/a>, entre 1984 y 1995.<sup id=\"cite_ref-AnimeEncyc_1-0\" class=\"reference\"><a href=\"https:\/\/es.wikipedia.org\/wiki\/Dragon_Ball#cite_note-AnimeEncyc-1\">1<\/a><\/sup> <sup id=\"cite_ref-sold_2-0\" class=\"reference\"><a href=\"https:\/\/es.wikipedia.org\/wiki\/Dragon_Ball#cite_note-sold-2\">2<\/a><\/sup><\/p>\n<p>Su trama describe las aventuras de <a title=\"Son Gok\u016b\" href=\"https:\/\/es.wikipedia.org\/wiki\/Son_Gok%C5%AB\">Gok\u016b<\/a>, un guerrero <a title=\"Saiyajin\" href=\"https:\/\/es.wikipedia.org\/wiki\/Saiyajin\">saiyajin<\/a>, cuyo fin es proteger a la <a title=\"Tierra\" href=\"https:\/\/es.wikipedia.org\/wiki\/Tierra\">Tierra<\/a> de otros seres que quieren conquistarla y exterminar a la humanidad. Conforme transcurre la trama, conoce a otros personajes que le ayudan en este prop\u00f3sito. El nombre de la serie proviene de unas <a title=\"Dragon Ball (objeto)\" href=\"https:\/\/es.wikipedia.org\/wiki\/Dragon_Ball_%28objeto%29\">esferas m\u00e1gicas<\/a> que, una vez reunidas, invocan a un drag\u00f3n llamado shen-long que concede deseos. En varias ocasiones resultan \u00fatiles tanto para Gok\u016b y sus amigos como para la humanidad, aunque tambi\u00e9n son procuradas de forma constante por algunos seres que quieren emplearlas con fines malignos.<\/p>\n<p>El manga tuvo 519 cap\u00edtulos impresos recopilados en 42 vol\u00famenes <i><a title=\"Tank\u014dbon\" href=\"https:\/\/es.wikipedia.org\/wiki\/Tank%C5%8Dbon\">tank\u014dbon<\/a><\/i>.<sup id=\"cite_ref-AnimeEncyc_1-1\" class=\"reference\"><a href=\"https:\/\/es.wikipedia.org\/wiki\/Dragon_Ball#cite_note-AnimeEncyc-1\">1<\/a><\/sup> <sup id=\"cite_ref-sold_2-1\" class=\"reference\"><a href=\"https:\/\/es.wikipedia.org\/wiki\/Dragon_Ball#cite_note-sold-2\">2<\/a><\/sup> Dos a\u00f1os despu\u00e9s de su lanzamiento, <a title=\"Toei Animation\" href=\"https:\/\/es.wikipedia.org\/wiki\/Toei_Animation\">Toei Animation<\/a> estren\u00f3 una adaptaci\u00f3n <a title=\"Anime\" href=\"https:\/\/es.wikipedia.org\/wiki\/Anime\">anime<\/a> que abarc\u00f3 aproximadamente la primera mitad de la obra. Una vez concluida su transmisi\u00f3n en 1989 por el canal <a title=\"Fuji Television\" href=\"https:\/\/es.wikipedia.org\/wiki\/Fuji_Television\">Fuji Television<\/a> en Jap\u00f3n, Toei estren\u00f3 una continuaci\u00f3n titulada <i><a class=\"mw-redirect\" title=\"Dragon Ball Z\" href=\"https:\/\/es.wikipedia.org\/wiki\/Dragon_Ball_Z\">Dragon Ball Z<\/a><\/i>, la cual incorpor\u00f3 el contenido restante del manga.<sup id=\"cite_ref-AnimeEncyc_1-2\" class=\"reference\"><a href=\"https:\/\/es.wikipedia.org\/wiki\/Dragon_Ball#cite_note-AnimeEncyc-1\">1<\/a><\/sup> Un tercer anime producido por el mismo estudio se estren\u00f3 en 1996. Denominado <i><a title=\"Dragon Ball GT\" href=\"https:\/\/es.wikipedia.org\/wiki\/Dragon_Ball_GT\">Dragon Ball GT<\/a><\/i>, posee un argumento in\u00e9dito en cuya redacci\u00f3n no particip\u00f3 Toriyama.<sup id=\"cite_ref-quitsdb_3-0\" class=\"reference\"><a href=\"https:\/\/es.wikipedia.org\/wiki\/Dragon_Ball#cite_note-quitsdb-3\">3<\/a><\/sup> La violencia y desnudez presentes tanto en algunos episodios del anime, como tambi\u00e9n del manga, provocaron la censura por parte de las distribuidoras en distintos pa\u00edses.<sup id=\"cite_ref-vvaa07_4-0\" class=\"reference\"><a href=\"https:\/\/es.wikipedia.org\/wiki\/Dragon_Ball#cite_note-vvaa07-4\">4<\/a><\/sup><\/p>\n<p>Las ventas del material impreso, cuantificadas en m\u00e1s de 156 millones de copias vendidas en Jap\u00f3n<sup id=\"cite_ref-156mil_5-0\" class=\"reference\"><a href=\"https:\/\/es.wikipedia.org\/wiki\/Dragon_Ball#cite_note-156mil-5\">5<\/a><\/sup> y en m\u00e1s de 230 millones a nivel mundial,<sup id=\"cite_ref-230mil_6-0\" class=\"reference\"><a href=\"https:\/\/es.wikipedia.org\/wiki\/Dragon_Ball#cite_note-230mil-6\">6<\/a><\/sup> llevaron a <i>Dragon Ball<\/i> a ser uno de los t\u00edtulos m\u00e1s exitosos de Sh\u016beisha.<sup id=\"cite_ref-DH144_7-0\" class=\"reference\"><a href=\"https:\/\/es.wikipedia.org\/wiki\/Dragon_Ball#cite_note-DH144-7\">7<\/a><\/sup> Las adaptaciones anime tambi\u00e9n consiguieron un \u00e9xito notable; en 1999, por ejemplo, uno de sus cap\u00edtulos logr\u00f3 un r\u00e9cord de audiencia en la cadena <a title=\"Cartoon Network\" href=\"https:\/\/es.wikipedia.org\/wiki\/Cartoon_Network\">Cartoon Network<\/a>, con 1,7 millones de televidentes.<sup id=\"cite_ref-lakelandviolencia_8-0\" class=\"reference\"><a href=\"https:\/\/es.wikipedia.org\/wiki\/Dragon_Ball#cite_note-lakelandviolencia-8\">8<\/a><\/sup> <i>Dragon Ball<\/i> es considerada como una de las obras m\u00e1s influyentes<sup id=\"cite_ref-ANNJT_9-0\" class=\"reference\"><a href=\"https:\/\/es.wikipedia.org\/wiki\/Dragon_Ball#cite_note-ANNJT-9\">9<\/a><\/sup> y populares<sup id=\"cite_ref-mangapopularizado_10-0\" class=\"reference\"><a href=\"https:\/\/es.wikipedia.org\/wiki\/Dragon_Ball#cite_note-mangapopularizado-10\">10<\/a><\/sup> de la \u00e9poca contempor\u00e1nea,<sup id=\"cite_ref-ANNJT_9-1\" class=\"reference\"><a href=\"https:\/\/es.wikipedia.org\/wiki\/Dragon_Ball#cite_note-ANNJT-9\">9<\/a><\/sup> y ha servido de inspiraci\u00f3n para otros <a title=\"Mangaka\" href=\"https:\/\/es.wikipedia.org\/wiki\/Mangaka\">mangakas<\/a> como <a title=\"Eiichir\u014d Oda\" href=\"https:\/\/es.wikipedia.org\/wiki\/Eiichir%C5%8D_Oda\">Eiichir\u014d Oda<\/a>, <a title=\"Masashi Kishimoto\" href=\"https:\/\/es.wikipedia.org\/wiki\/Masashi_Kishimoto\">Masashi Kishimoto<\/a>, <a title=\"Hiro Mashima\" href=\"https:\/\/es.wikipedia.org\/wiki\/Hiro_Mashima\">Hiro Mashima<\/a>, creadores de <i><a title=\"One Piece\" href=\"https:\/\/es.wikipedia.org\/wiki\/One_Piece\">One Piece<\/a><\/i>, <i><a title=\"Naruto\" href=\"https:\/\/es.wikipedia.org\/wiki\/Naruto\">Naruto<\/a><\/i> y <i><a title=\"Fairy Tail\" href=\"https:\/\/es.wikipedia.org\/wiki\/Fairy_Tail\">Fairy Tail<\/a><\/i>, respectivamente.<sup id=\"cite_ref-odapiece_11-0\" class=\"reference\"><a href=\"https:\/\/es.wikipedia.org\/wiki\/Dragon_Ball#cite_note-odapiece-11\">11<\/a><\/sup> <sup id=\"cite_ref-kishikishi_12-0\" class=\"reference\"><a href=\"https:\/\/es.wikipedia.org\/wiki\/Dragon_Ball#cite_note-kishikishi-12\">12<\/a><\/sup> <sup id=\"cite_ref-13\" class=\"reference\"><a href=\"https:\/\/es.wikipedia.org\/wiki\/Dragon_Ball#cite_note-13\">13<\/a><\/sup> Existe una franquicia de productos sobre el universo creado por Toriyama, que incluye pel\u00edculas animadas y de <a title=\"Imagen real\" href=\"https:\/\/es.wikipedia.org\/wiki\/Imagen_real\">im\u00e1genes reales<\/a>, <a title=\"OVA\" href=\"https:\/\/es.wikipedia.org\/wiki\/OVA\">animaciones originales<\/a>, videojuegos, cartas coleccionables, figuras de acci\u00f3n y juguetes, entre otros.<\/p>\n","protected":false},"excerpt":{"rendered":"<p>Dragon Ball (\u30c9\u30e9\u30b4\u30f3\u30dc\u30fc\u30eb Doragon B\u014dru?) es un manga escrito e ilustrado por Akira Toriyama. Fue publicado originalmente en la revista Sh\u014dnen Jump, de la editorial japonesa Sh\u016beisha, entre 1984 y 1995.1 2 Su trama describe las aventuras de Gok\u016b, un guerrero saiyajin, cuyo fin es proteger a la Tierra de otros seres que quieren conquistarla [&hellip;]<\/p>\n","protected":false},"author":10089,"featured_media":0,"parent":0,"menu_order":0,"comment_status":"closed","ping_status":"closed","template":"","meta":{"footnotes":""},"class_list":["post-13","page","type-page","status-publish","hentry"],"_links":{"self":[{"href":"https:\/\/blog.espol.edu.ec\/jolulara\/wp-json\/wp\/v2\/pages\/13","targetHints":{"allow":["GET"]}}],"collection":[{"href":"https:\/\/blog.espol.edu.ec\/jolulara\/wp-json\/wp\/v2\/pages"}],"about":[{"href":"https:\/\/blog.espol.edu.ec\/jolulara\/wp-json\/wp\/v2\/types\/page"}],"author":[{"embeddable":true,"href":"https:\/\/blog.espol.edu.ec\/jolulara\/wp-json\/wp\/v2\/users\/10089"}],"replies":[{"embeddable":true,"href":"https:\/\/blog.espol.edu.ec\/jolulara\/wp-json\/wp\/v2\/comments?post=13"}],"version-history":[{"count":4,"href":"https:\/\/blog.espol.edu.ec\/jolulara\/wp-json\/wp\/v2\/pages\/13\/revisions"}],"predecessor-version":[{"id":30,"href":"https:\/\/blog.espol.edu.ec\/jolulara\/wp-json\/wp\/v2\/pages\/13\/revisions\/30"}],"wp:attachment":[{"href":"https:\/\/blog.espol.edu.ec\/jolulara\/wp-json\/wp\/v2\/media?parent=13"}],"curies":[{"name":"wp","href":"https:\/\/api.w.org\/{rel}","templated":true}]}}