{"id":27,"date":"2016-11-14T04:06:41","date_gmt":"2016-11-14T04:06:41","guid":{"rendered":"http:\/\/blog.espol.edu.ec\/jolureye\/?page_id=27"},"modified":"2016-11-14T04:23:40","modified_gmt":"2016-11-14T04:23:40","slug":"breve-resena-del-desarrollo-de-la-vida-en-nuestro-planeta","status":"publish","type":"page","link":"https:\/\/blog.espol.edu.ec\/jolureye\/breve-resena-del-desarrollo-de-la-vida-en-nuestro-planeta\/","title":{"rendered":"Breve rese\u00f1a del desarrollo de la vida en nuestro planeta."},"content":{"rendered":"<p style=\"text-align: justify\"><strong>Introducci\u00f3n <\/strong><\/p>\n<p style=\"text-align: justify\"><strong>\u00a0 \u00a0<\/strong>Describir de forma absoluta, el desarrollo de la vida en la tierra, suele ser un poco complicado, debido a las muchas hip\u00f3tesis y teor\u00edas que se manejan, tambi\u00e9n a la poca evidencia que se tiene al alcance hasta el dia de hoy de las eras mas antiguas de nuestro tiempo geol\u00f3gico, pero estudios desarrollados hacen una aproximaci\u00f3n de unos 3600 millones de a\u00f1os en la cual se presume aparecieron los primeros vestigios de vida, esto en el e\u00f3n arqueano, en formas de prote\u00ednas y amino\u00e1cidos supuestamente originados del \u201ccaldo quimico\u201d producto de las reacciones acontecidas en ese entonces, las cuales dieron paso a las bacterias pasando por los estromatolitos, mucho tiempo despu\u00e9s por insectos gigantes, entre otras formas de vida hasta llegar a la actual.<img loading=\"lazy\" decoding=\"async\" class=\"size-full wp-image-28 aligncenter\" src=\"http:\/\/blog.espol.edu.ec\/jolureye\/files\/2016\/11\/estromatolitos.jpg\" alt=\"estromatolitos\" width=\"450\" height=\"305\" \/><\/p>\n<p style=\"text-align: justify\">\u00a0<strong>Desarrollo<\/strong><\/p>\n<p style=\"text-align: justify\">\u00a0 \u00a0Antes de describir como fue el desarrollo de la vida en la tierra, se debe tomar en consideraci\u00f3n que nuestro planeta comenz\u00f3 este proceso de formaci\u00f3n hace unos 4600 millones de a\u00f1os, primero como polvo c\u00f3smico, el mismo que a trav\u00e9s que el tiempo transcurr\u00eda formaba estructuras mas complejas y en conjuntos con la interacciones f\u00edsicas, qu\u00edmicas, gravitacionales entre otras propia de la materia, formaron de a poco lo que hoy conocemos como nuestro hogar.<\/p>\n<p style=\"text-align: justify\">Los primeros componentes de vida aparecieron sobre el planeta haces menos de 3800 millones de a\u00f1os en el e\u00f3n arqueano, en forma de amino\u00e1cidos y prote\u00ednas luego como bacterias primitivas, durante un lapso muy grande no hubo cambio alguno en cuanto a las formas. El surgimiento de vida mas compleja que la ante mencionada se dio hace aproximadamente 3500 millones de a\u00f1os en el mismo e\u00f3n, en un oc\u00e9ano se presume poco profundo que cubr\u00eda la mayor\u00eda de su extensi\u00f3n, en el cual se desarrollaron los estromatolitos, de figura peculiar perecida a la de una roca de forma esf\u00e9rica, formada por miles de millones de bacterias, capaces ya de sintetizar la luz, para convertirla en alimento (azucares), como producto de las reacciones internas que llevaba a cabo esta forma de vida para alimentarse, aparece el oxigeno elemento mas abundante en el planeta, gas de suma importancia para la creaci\u00f3n de la atm\u00f3sfera en periodos posteriores. Los estromatolitos poblaron el planeta por varios miles de millones de a\u00f1os, del cual no se tiene registro de mayor cambio en las formas de vida.<\/p>\n<p style=\"text-align: justify\">La actividad volc\u00e1nica aumento considerablemente luego de la aparici\u00f3n y poblaci\u00f3n de los estromatolitos en la tierra, originado islas de tipo volc\u00e1nico (rocosas), las cuales absorb\u00edan el CO2 liberado producto de esta intensa actividad, cortando al planeta la posibilidad de conservar el calor proveniente del exterior, enfri\u00e1ndolo hasta temperaturas cercanas a los 50\u00baC bajo cero, que provoco la era de hielo mas larga jam\u00e1s registrada, esta tuvo una duraci\u00f3n de alrededor a 20 millones de a\u00f1os y una capa de 3 Km de profundidad la cual reflejaba los rayos del sol, amenazando otra ves con la vida en nuestro hogar.<\/p>\n<p style=\"text-align: justify\">2600 millones de a\u00f1os despu\u00e9s de la aparici\u00f3n de los estromatolitos, en la era del neo-proterozoico, e\u00f3n proterozoico y luego de varios fen\u00f3menos se tiene evidencia de la evoluci\u00f3n de la vida con la aparici\u00f3n de animales y plantas primitivas como el Niguaxio, Trilobitos, Anomalocaris, entre otros, hasta este momento del tiempo geol\u00f3gico todo se desarrollo en el oc\u00e9ano.<\/p>\n<p style=\"text-align: justify\">La primera formas de vida en tierra firme se da hace no mas de 375 millones de a\u00f1os en forma de vegetaci\u00f3n y luego animal (en forma de s\u00faper insectos en su mayor\u00eda) en el periodo de dev\u00f3nico, era paleozoica, e\u00f3n fanerozoico; luego de 125 millones de a\u00f1os luego de este periodo, entre el periodo tri\u00e1sico y jur\u00e1sico, era mesozoica del mismo e\u00f3n, aparecen los primero reptiles, pero fueron victimas de la primera extinci\u00f3n masiva que se presume acabo con el 95% de las especies, debido a una riada de basalto (enormes cantidades de lava surgiendo a la superficie), esta se denomin\u00f3 \u201cExtinci\u00f3n Perneana\u201d.<\/p>\n<p style=\"text-align: justify\">200 millones de a\u00f1os antes de nuestro tiempo aparecieron por primera vez los dinosaurios, en el periodo jur\u00e1sico, formas de vida que m\u00e1s tiempo gobern\u00f3 la tierra.<\/p>\n<p style=\"text-align: justify\">Su reinado duro hasta finales del periodo cret\u00e1cico donde fueron extinguidos a causa de un cometa que impacto contra nuestro planeta hace unos 135 millones de a\u00f1os, esta fue la oportunidad para que los mam\u00edferos y reptiles peque\u00f1os tomen las riendas luego de enfriarse la superficie nuevamente (dado que el impacto del cometa ocasiono un cataclismo), se multiplicaran y poblaran en toda su extensi\u00f3n a la tierra esto en el periodo terciario, era cenozoica, en el siguientes periodo, pale\u00f3geno, las diferentes formas de vida evolucionaron, hace 53-34 millones de a\u00f1os respectivamente, los primeros hom\u00ednidos aparecieron a finales de la \u00e9poca del plioceno hace un poco mas de 5 millones de a\u00f1os , periodo terciario; los primeros homo-sapiens aparecen hace no mas de 2 millones de a\u00f1os en la \u00e9poca del pleistoceno, periodo cuaternario, era cenozoica, e\u00f3n fanerozoico, los cuales son nuestros mas j\u00f3venes ancestro.<\/p>\n<blockquote>\n<p style=\"text-align: right\"><img loading=\"lazy\" decoding=\"async\" class=\" wp-image-30 aligncenter\" src=\"http:\/\/blog.espol.edu.ec\/jolureye\/files\/2016\/11\/geologia.jpg\" alt=\"geologia\" width=\"451\" height=\"291\" \/><em>\u00a0by Jorge Luis Reyes Su\u00e1rez<\/em><\/p>\n<\/blockquote>\n","protected":false},"excerpt":{"rendered":"<p>Introducci\u00f3n \u00a0 \u00a0Describir de forma absoluta, el desarrollo de la vida en la tierra, suele ser un poco complicado, debido a las muchas hip\u00f3tesis y teor\u00edas que se manejan, tambi\u00e9n a la poca evidencia que se tiene al alcance hasta el dia de hoy de las eras mas antiguas de nuestro tiempo geol\u00f3gico, pero estudios &hellip; <\/p>\n<p><a class=\"more-link btn\" href=\"https:\/\/blog.espol.edu.ec\/jolureye\/breve-resena-del-desarrollo-de-la-vida-en-nuestro-planeta\/\">Seguir leyendo<\/a><\/p>\n","protected":false},"author":10723,"featured_media":0,"parent":0,"menu_order":0,"comment_status":"closed","ping_status":"closed","template":"","meta":{"footnotes":""},"class_list":["post-27","page","type-page","status-publish","hentry","nodate","item-wrap"],"aioseo_notices":[],"_links":{"self":[{"href":"https:\/\/blog.espol.edu.ec\/jolureye\/wp-json\/wp\/v2\/pages\/27","targetHints":{"allow":["GET"]}}],"collection":[{"href":"https:\/\/blog.espol.edu.ec\/jolureye\/wp-json\/wp\/v2\/pages"}],"about":[{"href":"https:\/\/blog.espol.edu.ec\/jolureye\/wp-json\/wp\/v2\/types\/page"}],"author":[{"embeddable":true,"href":"https:\/\/blog.espol.edu.ec\/jolureye\/wp-json\/wp\/v2\/users\/10723"}],"replies":[{"embeddable":true,"href":"https:\/\/blog.espol.edu.ec\/jolureye\/wp-json\/wp\/v2\/comments?post=27"}],"version-history":[{"count":6,"href":"https:\/\/blog.espol.edu.ec\/jolureye\/wp-json\/wp\/v2\/pages\/27\/revisions"}],"predecessor-version":[{"id":40,"href":"https:\/\/blog.espol.edu.ec\/jolureye\/wp-json\/wp\/v2\/pages\/27\/revisions\/40"}],"wp:attachment":[{"href":"https:\/\/blog.espol.edu.ec\/jolureye\/wp-json\/wp\/v2\/media?parent=27"}],"curies":[{"name":"wp","href":"https:\/\/api.w.org\/{rel}","templated":true}]}}