{"id":80,"date":"2016-11-14T20:58:24","date_gmt":"2016-11-14T20:58:24","guid":{"rendered":"http:\/\/blog.espol.edu.ec\/jolureye\/?page_id=80"},"modified":"2016-11-14T20:58:24","modified_gmt":"2016-11-14T20:58:24","slug":"causas-para-acontecimiento-de-sismos","status":"publish","type":"page","link":"https:\/\/blog.espol.edu.ec\/jolureye\/causas-para-acontecimiento-de-sismos\/","title":{"rendered":"Causas para acontecimiento de sismos."},"content":{"rendered":"<h1>Causas de los Sismos<\/h1>\n<p><span style=\"font-style: inherit;font-weight: inherit\">Sismos, Causas de los Sismos, Sismos Tect\u00f3nicos, Sismos Volc\u00e1nicos, Sismos por Hundimiento, Sismos por Explosiones At\u00f3micas.<br \/>\n<\/span><\/p>\n<p><img loading=\"lazy\" decoding=\"async\" class=\"size-full wp-image-81 aligncenter\" src=\"http:\/\/blog.espol.edu.ec\/jolureye\/files\/2016\/11\/mapa-de-densidades-de-terremotos.jpg\" alt=\"mapa-de-densidades-de-terremotos\" width=\"226\" height=\"320\" \/><\/p>\n<p>Mapa de densidad de terremotos, donde se observa la concentraci\u00f3n de sismos en los bordes de placas tect\u00f3nicas. | Leyenda: Cantidad promedio de sismos por a\u00f1o, con magnitud mayor a 5\u00b0, en todas las profundidades. | Fuente: Servici\u00f3 Geol\u00f3gico de los Estados Unidos (USGS), en 2006.<br \/>\n<span style=\"font-style: inherit;font-weight: inherit\">\u2460<\/span>\u00a0<strong style=\"font-style: inherit\">Causas de los Sismos<\/strong><\/p>\n<p>Los sismos son generados por diversas causas entre ellas tenemos:<\/p>\n<p><span style=\"font-style: inherit;font-weight: inherit\">\u00a0 \u00a0 \u24d0<\/span>\u00a0<strong style=\"font-style: inherit\">Causa Tect\u00f3nica<\/strong><\/p>\n<p>\u270d\u00a0<strong style=\"font-style: inherit\">Causa de mayor sismicidad<\/strong>: La causa tect\u00f3nica es la mayor generadora de sismos, pues las zonas s\u00edsmicas coinciden con las zonas de impacto o roce de las placas.<\/p>\n<p>\u270d\u00a0<strong style=\"font-style: inherit\">Origen de los sismos<\/strong>: Los sismos se originan por el desplazamiento de las placas que conforman la corteza terrestre, el punto de choque de placas lleva por nombre hipocentro.<\/p>\n<p>\u270d\u00a0<strong style=\"font-style: inherit\">Zonas de mayor actividad s\u00edsmica<\/strong>: Las zonas m\u00e1s extensas y de mayor actividad s\u00edsmica son aquellas donde tambi\u00e9n tienen lugar los terremotos m\u00e1s profundos: entre 200 y 600 kil\u00f3metros.<\/p>\n<p>\u270d\u00a0<strong style=\"font-style: inherit\">Sismos mayor intensidad<\/strong>: Los sismos de mayor intensidad est\u00e1n ubicados en las zonas m\u00e1s profundas donde se producen los roces entre las placas (zona de Benioff).<\/p>\n<p>\u270d\u00a0<strong style=\"font-style: inherit\">Fractura de la placa tect\u00f3nica<\/strong>: Cuando las placas tect\u00f3nicas se encuentran sometidas a tensiones mayores a su resistencia, se fracturan desprendiendo la presi\u00f3n acumulada a trav\u00e9s de ondas conc\u00e9ntricas, ejemplo: la falla de San Andr\u00e9s, (California).<br \/>\n<span style=\"font-style: inherit;font-weight: inherit\">\u00a0 \u00a0 \u24d1<\/span>\u00a0<strong style=\"font-style: inherit\">Causa Volc\u00e1nica<\/strong><\/p>\n<p><img loading=\"lazy\" decoding=\"async\" class=\"size-full wp-image-82 aligncenter\" src=\"http:\/\/blog.espol.edu.ec\/jolureye\/files\/2016\/11\/sismos-volcanicos.jpg\" alt=\"sismos-volcanicos\" width=\"226\" height=\"320\" \/><\/p>\n<p style=\"text-align: center\">Erupci\u00f3n del Monte Vesubio de 1822<\/p>\n<p style=\"text-align: center\">Fuente: George Julius Poulett Scrope, (1864).<\/p>\n<p>\u00a0\u270d\u00a0<strong style=\"font-style: inherit\">Frecuencia<\/strong>: muy poco frecuente, pero cuando la erupci\u00f3n es violenta genera grandes sacudidas que afectan los lugares cercanos.<\/p>\n<p>\u270d\u00a0<strong style=\"font-style: inherit\">Campo de acci\u00f3n<\/strong>: es reducido, en comparaci\u00f3n con los sismos de origen tect\u00f3nico, los cuales afectan grandes extensiones.<br \/>\n<span style=\"font-style: inherit;font-weight: inherit\">\u00a0 \u00a0 \u24d2<\/span>\u00a0<strong style=\"font-style: inherit\">Causa por Hundimiento<\/strong><\/p>\n<p>\u270d\u00a0<strong style=\"font-style: inherit\">Generado por<\/strong>: acci\u00f3n erosiva de las aguas subterr\u00e1neas (erosi\u00f3n fre\u00e1tica)<\/p>\n<p>\u270d\u00a0<strong style=\"font-style: inherit\">Proceso<\/strong>: Luego de producirse la acci\u00f3n erosiva de las aguas subterr\u00e1neas, el interior de la corteza, deja un vac\u00edo, el cual termina por ceder ante el peso de la parte superior, es esta ca\u00edda la que genera vibraciones (Sismos).<\/p>\n<p>\u270d\u00a0<strong style=\"font-style: inherit\">Frecuencia<\/strong>: poco frecuente y de poca extensi\u00f3n.<br \/>\n<span style=\"font-style: inherit;font-weight: inherit\">\u00a0 \u00a0 \u24d3<\/span>\u00a0<strong style=\"font-style: inherit\">Causa por Explosiones At\u00f3micas<\/strong><\/p>\n<p><img loading=\"lazy\" decoding=\"async\" class=\"size-full wp-image-83 aligncenter\" src=\"http:\/\/blog.espol.edu.ec\/jolureye\/files\/2016\/11\/explociones-atomicas.jpg\" alt=\"explociones-atomicas\" width=\"226\" height=\"320\" \/><\/p>\n<p style=\"text-align: center\">Prueba Nuclear Norteamericana en el Desierto de Nevada, (1953)<\/p>\n<p style=\"text-align: center\">Fuente: Administraci\u00f3n Nacional de Seguridad Nuclear (NNSA).<\/p>\n<p>\u270d\u00a0<strong style=\"font-style: inherit\">Explosiones At\u00f3micas<\/strong>: se realizan como ensayos, parece que guardan relaci\u00f3n con los movimientos s\u00edsmicos.<\/p>\n<p>\u270d\u00a0<strong style=\"font-style: inherit\">Pruebas Nucleares<\/strong>: En el mundo se han realizado m\u00e1s de 2000 detonaciones nucleares, incluidos los dos ataques nucleares contra poblaciones civiles: Hiroshima y Nagasaki en Jap\u00f3n en la II guerra mundial (1945).<\/p>\n<p>\u270d\u00a0<strong style=\"font-style: inherit\">Pa\u00edses<\/strong>: Los pa\u00edses que han realizado pruebas nucleares son: Estados Unidos, Uni\u00f3n Sovi\u00e9tica, Francia, Gran Breta\u00f1a, China, Corea del Norte, India, Pakist\u00e1n.<\/p>\n","protected":false},"excerpt":{"rendered":"<p>Causas de los Sismos Sismos, Causas de los Sismos, Sismos Tect\u00f3nicos, Sismos Volc\u00e1nicos, Sismos por Hundimiento, Sismos por Explosiones At\u00f3micas. Mapa de densidad de terremotos, donde se observa la concentraci\u00f3n de sismos en los bordes de placas tect\u00f3nicas. | Leyenda: Cantidad promedio de sismos por a\u00f1o, con magnitud mayor a 5\u00b0, en todas las profundidades. &hellip; <\/p>\n<p><a class=\"more-link btn\" href=\"https:\/\/blog.espol.edu.ec\/jolureye\/causas-para-acontecimiento-de-sismos\/\">Seguir leyendo<\/a><\/p>\n","protected":false},"author":10723,"featured_media":0,"parent":0,"menu_order":0,"comment_status":"closed","ping_status":"closed","template":"","meta":{"footnotes":""},"class_list":["post-80","page","type-page","status-publish","hentry","nodate","item-wrap"],"aioseo_notices":[],"_links":{"self":[{"href":"https:\/\/blog.espol.edu.ec\/jolureye\/wp-json\/wp\/v2\/pages\/80","targetHints":{"allow":["GET"]}}],"collection":[{"href":"https:\/\/blog.espol.edu.ec\/jolureye\/wp-json\/wp\/v2\/pages"}],"about":[{"href":"https:\/\/blog.espol.edu.ec\/jolureye\/wp-json\/wp\/v2\/types\/page"}],"author":[{"embeddable":true,"href":"https:\/\/blog.espol.edu.ec\/jolureye\/wp-json\/wp\/v2\/users\/10723"}],"replies":[{"embeddable":true,"href":"https:\/\/blog.espol.edu.ec\/jolureye\/wp-json\/wp\/v2\/comments?post=80"}],"version-history":[{"count":2,"href":"https:\/\/blog.espol.edu.ec\/jolureye\/wp-json\/wp\/v2\/pages\/80\/revisions"}],"predecessor-version":[{"id":86,"href":"https:\/\/blog.espol.edu.ec\/jolureye\/wp-json\/wp\/v2\/pages\/80\/revisions\/86"}],"wp:attachment":[{"href":"https:\/\/blog.espol.edu.ec\/jolureye\/wp-json\/wp\/v2\/media?parent=80"}],"curies":[{"name":"wp","href":"https:\/\/api.w.org\/{rel}","templated":true}]}}