{"id":92,"date":"2016-06-02T11:03:43","date_gmt":"2016-06-02T16:03:43","guid":{"rendered":"http:\/\/blog.espol.edu.ec\/jonajime\/?page_id=92"},"modified":"2016-11-16T12:57:20","modified_gmt":"2016-11-16T17:57:20","slug":"quien-soy","status":"publish","type":"page","link":"https:\/\/blog.espol.edu.ec\/jonajime\/quien-soy\/","title":{"rendered":"\u00bfQuienes Somos?"},"content":{"rendered":"<p style=\"text-align: justify\"><img loading=\"lazy\" decoding=\"async\" class=\"wp-image-23 alignright\" src=\"http:\/\/blog.espol.edu.ec\/jonajime\/files\/2016\/05\/cropped-21015250-Coche-rojo-abstracto-del-vector-de-dise-o-de-logotipo-plantilla-de-servicio-concepto-de-icono-Automo-Foto-de-archivo-1-300x300.jpg\" alt=\"cropped-21015250-Coche-rojo-abstracto-del-vector-de-dise-o-de-logotipo-plantilla-de-servicio-concepto-de-icono-Automo-Foto-de-archivo-1.jpg\" width=\"226\" height=\"226\" srcset=\"https:\/\/blog.espol.edu.ec\/jonajime\/files\/2016\/05\/cropped-21015250-Coche-rojo-abstracto-del-vector-de-dise-o-de-logotipo-plantilla-de-servicio-concepto-de-icono-Automo-Foto-de-archivo-1-300x300.jpg 300w, https:\/\/blog.espol.edu.ec\/jonajime\/files\/2016\/05\/cropped-21015250-Coche-rojo-abstracto-del-vector-de-dise-o-de-logotipo-plantilla-de-servicio-concepto-de-icono-Automo-Foto-de-archivo-1-150x150.jpg 150w, https:\/\/blog.espol.edu.ec\/jonajime\/files\/2016\/05\/cropped-21015250-Coche-rojo-abstracto-del-vector-de-dise-o-de-logotipo-plantilla-de-servicio-concepto-de-icono-Automo-Foto-de-archivo-1-50x50.jpg 50w, https:\/\/blog.espol.edu.ec\/jonajime\/files\/2016\/05\/cropped-21015250-Coche-rojo-abstracto-del-vector-de-dise-o-de-logotipo-plantilla-de-servicio-concepto-de-icono-Automo-Foto-de-archivo-1-270x270.jpg 270w, https:\/\/blog.espol.edu.ec\/jonajime\/files\/2016\/05\/cropped-21015250-Coche-rojo-abstracto-del-vector-de-dise-o-de-logotipo-plantilla-de-servicio-concepto-de-icono-Automo-Foto-de-archivo-1-192x192.jpg 192w, https:\/\/blog.espol.edu.ec\/jonajime\/files\/2016\/05\/cropped-21015250-Coche-rojo-abstracto-del-vector-de-dise-o-de-logotipo-plantilla-de-servicio-concepto-de-icono-Automo-Foto-de-archivo-1-180x180.jpg 180w, https:\/\/blog.espol.edu.ec\/jonajime\/files\/2016\/05\/cropped-21015250-Coche-rojo-abstracto-del-vector-de-dise-o-de-logotipo-plantilla-de-servicio-concepto-de-icono-Automo-Foto-de-archivo-1-32x32.jpg 32w, https:\/\/blog.espol.edu.ec\/jonajime\/files\/2016\/05\/cropped-21015250-Coche-rojo-abstracto-del-vector-de-dise-o-de-logotipo-plantilla-de-servicio-concepto-de-icono-Automo-Foto-de-archivo-1.jpg 512w\" sizes=\"auto, (max-width: 226px) 100vw, 226px\" \/>Automotive\u00a0es una publicaci\u00f3n de WordPress\u00a0dedicada a seguir la actualidad del mundo del motor, todas las novedades automovil\u00edsticas y la competici\u00f3n. En Automotive\u00a0somos aut\u00e9nticos apasionados del autom\u00f3vil, y por eso equilibramos la vertiginosa actualidad y la dosis necesaria de curiosidades que sirvan para sacarles m\u00e1s partido a nuestros veh\u00edculos. Queremos disfrutar con toda una amplia comunidad de expertos en motor de los modelos m\u00e1s interesantes, los rumores m\u00e1s jugosos y los an\u00e1lisis m\u00e1s concienzudos sobre el mundo del autom\u00f3vil.<\/p>\n<p style=\"text-align: justify\">En Automotive\u00a0somos aut\u00e9nticos apasionados del autom\u00f3vil, y por eso equilibramos la vertiginosa actualidad y la dosis necesaria de curiosidades que sirvan para sacarles m\u00e1s partido a nuestros veh\u00edculos.\u00a0Automotive\u00a0es una publicaci\u00f3n de WordPress\u00a0dedicada a seguir la actualidad del mundo del motor, todas las novedades automovil\u00edsticas y la competici\u00f3n.<\/p>\n","protected":false},"excerpt":{"rendered":"<p>Automotive\u00a0es una publicaci\u00f3n de WordPress\u00a0dedicada a seguir la actualidad del mundo del motor, todas las novedades automovil\u00edsticas y la competici\u00f3n. En Automotive\u00a0somos aut\u00e9nticos apasionados del autom\u00f3vil, y por eso equilibramos la vertiginosa actualidad y la dosis necesaria de curiosidades que sirvan para sacarles m\u00e1s partido a nuestros veh\u00edculos. Queremos disfrutar con toda una amplia comunidad [&hellip;]<\/p>\n","protected":false},"author":10381,"featured_media":0,"parent":0,"menu_order":3,"comment_status":"closed","ping_status":"closed","template":"contact.php","meta":{"footnotes":""},"class_list":["post-92","page","type-page","status-publish","hentry"],"_links":{"self":[{"href":"https:\/\/blog.espol.edu.ec\/jonajime\/wp-json\/wp\/v2\/pages\/92","targetHints":{"allow":["GET"]}}],"collection":[{"href":"https:\/\/blog.espol.edu.ec\/jonajime\/wp-json\/wp\/v2\/pages"}],"about":[{"href":"https:\/\/blog.espol.edu.ec\/jonajime\/wp-json\/wp\/v2\/types\/page"}],"author":[{"embeddable":true,"href":"https:\/\/blog.espol.edu.ec\/jonajime\/wp-json\/wp\/v2\/users\/10381"}],"replies":[{"embeddable":true,"href":"https:\/\/blog.espol.edu.ec\/jonajime\/wp-json\/wp\/v2\/comments?post=92"}],"version-history":[{"count":5,"href":"https:\/\/blog.espol.edu.ec\/jonajime\/wp-json\/wp\/v2\/pages\/92\/revisions"}],"predecessor-version":[{"id":145,"href":"https:\/\/blog.espol.edu.ec\/jonajime\/wp-json\/wp\/v2\/pages\/92\/revisions\/145"}],"wp:attachment":[{"href":"https:\/\/blog.espol.edu.ec\/jonajime\/wp-json\/wp\/v2\/media?parent=92"}],"curies":[{"name":"wp","href":"https:\/\/api.w.org\/{rel}","templated":true}]}}