{"id":8,"date":"2010-10-13T17:37:12","date_gmt":"2010-10-13T17:37:12","guid":{"rendered":"http:\/\/blog.espol.edu.ec\/jonathanbello\/?page_id=8"},"modified":"2010-10-13T17:37:12","modified_gmt":"2010-10-13T17:37:12","slug":"nota-interesante","status":"publish","type":"page","link":"https:\/\/blog.espol.edu.ec\/jonathanbello\/nota-interesante\/","title":{"rendered":"Nota interesante!!!"},"content":{"rendered":"<div>\n<h1>Pakist\u00e1n despu\u00e9s del diluvio<\/h1>\n<p>Las inundaciones provocaron hace dos meses una de las  peores cat\u00e1strofes de su historia: 1.752 muertos, 21 millones de  damnificados, casas, ganado y cultivos arrasados. Ahora el pa\u00eds se  prepara para vivir lo peor de la tragedia. Una oportunidad para cambiar o  el \u00faltimo empuj\u00f3n hacia el caos.<\/p>\n<\/div>\n<p><!-- ***** Fin Presentacion ***** --> <!-- ***** Entradilla ***** --> <!-- google_ad_section_start() -->El enorme lago en que las lluvias torrenciales convirtieron  Pakist\u00e1n este verano va desembalsando poco a poco. De lejos, desde el  aire, parece como si un ni\u00f1o hubiera cubierto con chocolate la franja  verde que traza el Indo a su paso. De cerca, la cuenca es un gigantesco  barrizal que se ha tragado cientos de kil\u00f3metros de carreteras y  puentes, invadido campos de arroz, algod\u00f3n y trigo, y dejado sin techo a  millones de personas. Pero el descenso de las aguas, lejos de  tranquilizar a los afectados, ha sacado a la superficie no solo la  magnitud del desastre, sino la ineptitud de sus gobernantes,  convenci\u00e9ndoles de que lo peor a\u00fan est\u00e1 por llegar.<\/p>\n","protected":false},"excerpt":{"rendered":"<p>Pakist\u00e1n despu\u00e9s del diluvio Las inundaciones provocaron hace dos meses una de las peores cat\u00e1strofes de su historia: 1.752 muertos, 21 millones de damnificados, casas, ganado y cultivos arrasados. Ahora el pa\u00eds se prepara para vivir lo peor de la tragedia. Una oportunidad para cambiar o el \u00faltimo empuj\u00f3n hacia el caos. El enorme lago [&hellip;]<\/p>\n","protected":false},"author":5170,"featured_media":0,"parent":0,"menu_order":0,"comment_status":"open","ping_status":"open","template":"","meta":{"footnotes":""},"class_list":["post-8","page","type-page","status-publish","hentry"],"_links":{"self":[{"href":"https:\/\/blog.espol.edu.ec\/jonathanbello\/wp-json\/wp\/v2\/pages\/8","targetHints":{"allow":["GET"]}}],"collection":[{"href":"https:\/\/blog.espol.edu.ec\/jonathanbello\/wp-json\/wp\/v2\/pages"}],"about":[{"href":"https:\/\/blog.espol.edu.ec\/jonathanbello\/wp-json\/wp\/v2\/types\/page"}],"author":[{"embeddable":true,"href":"https:\/\/blog.espol.edu.ec\/jonathanbello\/wp-json\/wp\/v2\/users\/5170"}],"replies":[{"embeddable":true,"href":"https:\/\/blog.espol.edu.ec\/jonathanbello\/wp-json\/wp\/v2\/comments?post=8"}],"version-history":[{"count":1,"href":"https:\/\/blog.espol.edu.ec\/jonathanbello\/wp-json\/wp\/v2\/pages\/8\/revisions"}],"predecessor-version":[{"id":9,"href":"https:\/\/blog.espol.edu.ec\/jonathanbello\/wp-json\/wp\/v2\/pages\/8\/revisions\/9"}],"wp:attachment":[{"href":"https:\/\/blog.espol.edu.ec\/jonathanbello\/wp-json\/wp\/v2\/media?parent=8"}],"curies":[{"name":"wp","href":"https:\/\/api.w.org\/{rel}","templated":true}]}}