{"id":262,"date":"2010-07-20T17:27:46","date_gmt":"2010-07-20T22:27:46","guid":{"rendered":"http:\/\/blog.espol.edu.ec\/jonathanweb24\/?page_id=262"},"modified":"2010-08-21T12:15:45","modified_gmt":"2010-08-21T17:15:45","slug":"seccion-chistes","status":"publish","type":"page","link":"https:\/\/blog.espol.edu.ec\/jonathanweb24\/seccion-chistes\/","title":{"rendered":"Seccion chistes"},"content":{"rendered":"<p style=\"text-align: center\"><strong>Chistes!<\/strong><\/p>\n<p style=\"text-align: center\"><img loading=\"lazy\" decoding=\"async\" src=\"http:\/\/a.imageshack.us\/img220\/9397\/hahaha2di9.jpg\" alt=\"\" width=\"343\" height=\"422\" \/><\/p>\n<p><strong>A continuacion algunos chistes!!! Si tienes buenos chistes y deseas compartirlos\u00a0ve a\u00a0contactame!<\/strong><\/p>\n<p>-----------------------------------------------------------------------------------------------------------------------------------------------------------------------------------------<\/p>\n<p>No es lo mismo, el rio Missisippi que me hice pip\u00ed en el r\u00edo.<\/p>\n<p>------------------------------------------------------------------------------------------------------------------------------------------------------------------------------------------<\/p>\n<p>Hab\u00eda una vez un chiste tan, pero tan malo que le pegaba a los chistes m\u00e1s peque\u00f1os<\/p>\n<p>------------------------------------------------------------------------------------------------------------------------------------------------------------------------------------------<\/p>\n<p>Se encuentran dos abogados y uno le dice al otro: '\u00bfVamos a tomar algo?' 'Bueno... \u00bfde qui\u00e9n?'<\/p>\n<p>------------------------------------------------------------------------------------------------------------------------------------------------------------------------------------------<\/p>\n<p>Era un cocinero tan feo, pero tan feo, que hac\u00eda llorar a las cebollas<\/p>\n<p>-----------------------------------------------------------------------------------------------------------------------------------------------------------------------------------------<\/p>\n<p>En un carro iba una pareja de casados pero iban peleados, al pasar frente a una granja el novio vio unos cochinitos y le dijo a la mujer:<br \/>\n\u00bfFamiliares tuyos?<br \/>\nY ella le contest\u00f3:<br \/>\n\u00a1S\u00ed, mis suegros!<\/p>\n<p>------------------------------------------------------------------------------------------------------------------------------------------------------------------------------------------<\/p>\n<p>Hab\u00eda una vez un hombre que dijo: \"Yo no sab\u00eda lo que era la verdadera felicidad hasta que me cas\u00e9, y entonces, ya era muy tarde\".<\/p>\n<p>------------------------------------------------------------------------------------------------------------------------------------------------------------------------------------------<\/p>\n<p>Tres hombres estaban en un bar y uno dice:<br \/>\nMi esposa fue a ver la pel\u00edcula Los 7 Enanitos, y tuvimos siete hijos.<br \/>\nOtro hombre dice:<br \/>\nMi esposa fue a ver Los 3 Chanchitos, y tuvimos tres hijos.<br \/>\nUn hombre le dice al otro:<br \/>\nPara, para, \u00bfPor qu\u00e9 te vas?<br \/>\nY \u00e9l contesta:<br \/>\nEs que mi esposa fue a ver Los 101 Dalmatas.<\/p>\n<p>-----------------------------------------------------------------------------------------------------------------------------------------------------------------------------------------<\/p>\n<p>No es lo mismo, los dolores de las piernas que las piernas de Dolores.<\/p>\n<p>------------------------------------------------------------------------------------------------------------------------------------------------------------------------------------------<\/p>\n<p>Erase una vez que Pepito se puso a vender huevos dentro de una iglesia:<br \/>\n\u00a1Huevos, huevos, a 10 pesos cada uno!<br \/>\nY el padre muy molesto grita:<br \/>\n\u00a1Saquen a ese ni\u00f1o de los huevos!<br \/>\nY Pepito asustado le dice:<br \/>\n\u00a1Padre, mejor de la orejita!<\/p>\n<p>------------------------------------------------------------------------------------------------------------------------------------------------------------------------------------------<\/p>\n<p style=\"text-align: center\"><img loading=\"lazy\" decoding=\"async\" class=\"aligncenter\" src=\"http:\/\/www.nerviosismo.net\/wp-content\/uploads\/2009\/11\/hahaha-lulz.jpg\" alt=\"\" width=\"430\" height=\"286\" \/><\/p>\n<p>------------------------------------------------------------------------------------------------------------------------------------------------------------------------------------------<\/p>\n<p>\u00bfCu\u00e1l es el colmo de un electricista?<br \/>\nQue su esposa se llame Luz y sus hijos le sigan la corriente.<\/p>\n<p>------------------------------------------------------------------------------------------------------------------------------------------------------------------------------------------<\/p>\n<p>\u00bfCu\u00e1l es el colmo de un mudo?<br \/>\nQue lo arresten y le digan que tiene derecho a guardar silencio.<\/p>\n<p>------------------------------------------------------------------------------------------------------------------------------------------------------------------------------------------<\/p>\n<p>\u00bfCu\u00e1l es el colmo de un jardinero?<br \/>\nQue su novia se llame Rosa y lo deje plantado.<\/p>\n<p>------------------------------------------------------------------------------------------------------------------------------------------------------------------------------------------<\/p>\n<p>\u00bfC\u00f3mo se llama el campe\u00f3n de buceo japon\u00e9s?<br \/>\nTokofondo.<br \/>\n\u00bfY el subcampe\u00f3n?<br \/>\nKasitoko.<\/p>\n<p>------------------------------------------------------------------------------------------------------------------------------------------------------------------------------------------<\/p>\n<p>En la escuela un ni\u00f1o le pregunta a su maestra:<br \/>\n-Profesora, \u00bfA los cuantos a\u00f1os se muere un burro?.<br \/>\n-\u00bfPor qu\u00e9?, \u00bfAcaso ya te sientes mal?.<\/p>\n<p>------------------------------------------------------------------------------------------------------------------------------------------------------------------------------------------<\/p>\n<p>En la clase de Jaimito, la maestra les pide a los ni\u00f1os que se porten bien aquella tarde porque el director ir\u00eda a visitar la clase. Les pide espec\u00edficamente que no digan: \"Maestra: \u00bfpuedo ir al ba\u00f1o a orinar?\" Sino que digan: \"Maestra:\u00bf puedo ir a cortar una flor?\" Pues se escucha m\u00e1s bonito y eso impresionar\u00eda al director. Llega la hora, y el director entra y se sienta, los ni\u00f1os empiezan a llamar a la maestra... Juanito \"Maestra: \u00bfpuedo ir a cortar una flor?\", Mar\u00eda: \"\u00bfMaestra: puedo ir a cortar una flor?\" , Pablito \"\u00bfMaestra: puedo ir a cortar una flor?\" y sale Jaimito: \"Maestra,\u00bf me presta papel para limpiarme el florero?<\/p>\n<p>------------------------------------------------------------------------------------------------------------------------------------------------------------------------------------------<\/p>\n<p>Una maestra nueva, trata de aplicar sus cursos de Psicolog\u00eda.<br \/>\nComienza su clase diciendo:<br \/>\n- Todo aquel que crea que es est\u00fapido, que se ponga de pie.<br \/>\nLuego de unos segundos de silencio, Jaimito, se pone de pie.<br \/>\nLa docente le pregunta:<br \/>\n- Jaimito, \u00bfcrees ser est\u00fapido?<br \/>\n- No, se\u00f1orita..., pero me da pena verla parada solita...<\/p>\n<p>------------------------------------------------------------------------------------------------------------------------------------------------------------------------------------------<\/p>\n<p>Entra un nuevo profe al curso y se presenta:<br \/>\nBuenos d\u00edas, mi nombre es Largo.<br \/>\nDice Juancito:<br \/>\nNo importa, tenemos tiempo.<\/p>\n<p>------------------------------------------------------------------------------------------------------------------------------------------------------------------------------------------<\/p>\n<p>En un barco viaja un espa\u00f1ol y un ingl\u00e9s. El ingl\u00e9s se cae al agua y grita:<br \/>\n\u00a1Help! \u00a1Help! \u00a1Help!<br \/>\nEntonces dice el espa\u00f1ol:<br \/>\nGel no tengo, pero si quieres shampoo.<\/p>\n<p>------------------------------------------------------------------------------------------------------------------------------------------------------------------------------------------<\/p>\n<p>Un espa\u00f1ol se encuentra a un chino y dice:<br \/>\n\u00a1Hola!<br \/>\nY el chino dice:<br \/>\nLas 12:30.<\/p>\n<p>------------------------------------------------------------------------------------------------------------------------------------------------------------------------------------------<\/p>\n","protected":false},"excerpt":{"rendered":"<p>Chistes! A continuacion algunos chistes!!! Si tienes buenos chistes y deseas compartirlos\u00a0ve a\u00a0contactame! ----------------------------------------------------------------------------------------------------------------------------------------------------------------------------------------- No es lo mismo, el rio Missisippi que me hice pip\u00ed en el r\u00edo. ------------------------------------------------------------------------------------------------------------------------------------------------------------------------------------------ Hab\u00eda una vez un chiste tan, pero tan malo que le pegaba a los chistes m\u00e1s peque\u00f1os ------------------------------------------------------------------------------------------------------------------------------------------------------------------------------------------ Se encuentran dos abogados y uno le dice [&hellip;]<\/p>\n","protected":false},"author":4535,"featured_media":0,"parent":0,"menu_order":0,"comment_status":"open","ping_status":"open","template":"","meta":{"footnotes":""},"class_list":["post-262","page","type-page","status-publish","hentry"],"_links":{"self":[{"href":"https:\/\/blog.espol.edu.ec\/jonathanweb24\/wp-json\/wp\/v2\/pages\/262","targetHints":{"allow":["GET"]}}],"collection":[{"href":"https:\/\/blog.espol.edu.ec\/jonathanweb24\/wp-json\/wp\/v2\/pages"}],"about":[{"href":"https:\/\/blog.espol.edu.ec\/jonathanweb24\/wp-json\/wp\/v2\/types\/page"}],"author":[{"embeddable":true,"href":"https:\/\/blog.espol.edu.ec\/jonathanweb24\/wp-json\/wp\/v2\/users\/4535"}],"replies":[{"embeddable":true,"href":"https:\/\/blog.espol.edu.ec\/jonathanweb24\/wp-json\/wp\/v2\/comments?post=262"}],"version-history":[{"count":27,"href":"https:\/\/blog.espol.edu.ec\/jonathanweb24\/wp-json\/wp\/v2\/pages\/262\/revisions"}],"predecessor-version":[{"id":265,"href":"https:\/\/blog.espol.edu.ec\/jonathanweb24\/wp-json\/wp\/v2\/pages\/262\/revisions\/265"}],"wp:attachment":[{"href":"https:\/\/blog.espol.edu.ec\/jonathanweb24\/wp-json\/wp\/v2\/media?parent=262"}],"curies":[{"name":"wp","href":"https:\/\/api.w.org\/{rel}","templated":true}]}}