{"id":430,"date":"2010-08-21T17:16:25","date_gmt":"2010-08-21T22:16:25","guid":{"rendered":"http:\/\/blog.espol.edu.ec\/jonathanweb24\/?page_id=430"},"modified":"2010-08-21T17:45:06","modified_gmt":"2010-08-21T22:45:06","slug":"energia-eolica-casera","status":"publish","type":"page","link":"https:\/\/blog.espol.edu.ec\/jonathanweb24\/energia-alternativa\/energia-eolica-casera\/","title":{"rendered":"Generador Electrico Simple"},"content":{"rendered":"<div style=\"text-align: center\"><span style=\"font-family: calibri;color: light blue;font-size: large\"><strong>Como hacer un generador\u00a0electrico casero <\/strong><\/span><\/div>\n<p style=\"text-align: center\"><object classid=\"clsid:d27cdb6e-ae6d-11cf-96b8-444553540000\" width=\"480\" height=\"385\"><param name=\"allowFullScreen\" value=\"true\" \/><param name=\"allowscriptaccess\" value=\"always\" \/><param name=\"src\" value=\"http:\/\/www.youtube.com\/v\/_i1uYYyQRD4?fs=1&amp;hl=en_US\" \/><param name=\"allowfullscreen\" value=\"true\" \/><embed type=\"application\/x-shockwave-flash\" width=\"480\" height=\"385\" src=\"http:\/\/www.youtube.com\/v\/_i1uYYyQRD4?fs=1&amp;hl=en_US\" allowfullscreen=\"true\" allowscriptaccess=\"always\"><\/embed><\/object>\u00a0\u00a0\u00a0<\/p>\n<div style=\"text-align: left\"><span style=\"font-family: calibri;color: white;font-size: x-small\"><strong>\u00a0<\/strong><\/span><\/div>\n<div style=\"text-align: left\"><span style=\"font-family: calibri;color: red;font-size: medium\"><strong>GENERADOR EL\u00c9CTRICO SIMPLE<\/strong><\/span><\/div>\n<div style=\"text-align: left\"><strong>\u00a0<\/strong><\/div>\n<div style=\"text-align: left\"><span style=\"color: white\">Mediante este trabajo se ha querido dar una demostraci\u00f3n a la Ley de Michael Faraday y proporcionar tambi\u00e9n una fuente de ayuda a todas aquellas personas que quieran realizar este sencillo y llamativo experimento, en el cual se puede observar de una manera muy clara la transformaci\u00f3n de energ\u00eda mec\u00e1nica a energ\u00eda el\u00e9ctrica y entender b\u00e1sicamente como es la realizaci\u00f3n del proceso de generaci\u00f3n de electricidad.<\/span><\/div>\n<div style=\"text-align: left\">\n<div><span style=\"font-family: Calibri;color: red;font-size: x-small\"><strong>\u00a0<\/strong><\/span><\/div>\n<div><span style=\"font-family: Calibri;color: red;font-size: x-small\"><strong>\u00a0<\/strong><\/span><\/div>\n<div><span style=\"font-family: Calibri;color: red;font-size: medium\"><strong>MATERIALES<\/strong><\/span><\/div>\n<div><span style=\"font-family: Calibri;color: white;font-size: small\"><span style=\"color: white\">La siguiente es la lista de materiales utilizados en la construcci\u00f3n del generador:<\/span><\/span><\/div>\n<ul type=\"circle\">\n<li>100 metros de alambre de cobre # 30<\/li>\n<li><span style=\"color: white\">2 imanes de computador (imanes de gran potencia)<\/span><\/li>\n<li><span style=\"color: white\">1 varilla de 1 pulgada de di\u00e1metro y 23 cm de largo<\/span><\/li>\n<li><span style=\"color: white\">2 tablas de madera 1x5x24 cm<\/span><\/li>\n<li><span style=\"color: white\">1 tabla de madera 0.5x3.5x11 cm<\/span><\/li>\n<li><span style=\"color: white\">Base en madera de 45 cm largo, 25 cm ancho y 5 cm grosor<\/span><\/li>\n<li><span style=\"color: white\">1 diodo led rojo<\/span><\/li>\n<li><span style=\"color: white\">1\/2 pliego de cart\u00f3n paja<\/span><\/li>\n<\/ul>\n<div class=\"n\">\n<h1>CONSTRUCCI\u00d3N<\/h1>\n<\/div>\n<div class=\"n\">\u00a0Sobre la base de madera \u00a0se hizo dos perforaciones mas o menos a la mitad de ella \u00a0para colocar lo mas firme posible las dos tablas de 1\u00d75x24 cm a una distancia de 11 cm. La varilla a la cual se le peg\u00f3 los imanes y se coloc\u00f3 a una altura de 9 cm de la base de madera.\u00a0\u00a0<\/div>\n<div class=\"n\">\u00a0<\/div>\n<div>\n<div>\n<div id=\"cc-m-imagesubtitle-2982849152\"><img loading=\"lazy\" decoding=\"async\" src=\"http:\/\/u.jimdo.com\/www21\/o\/s7782ada7dd85250f\/img\/i28da054b5aa4757f\/1279206681\/std\/image.jpg\" alt=\"\" width=\"360\" height=\"421\" \/><\/div>\n<div>\u00a0<\/div>\n<\/div>\n<div>En el cart\u00f3n paja se construy\u00f3 un cilindro de 4 cm de radio y de 18 cm de alto con una disposici\u00f3n tal que pudiera llevar en su interior la parte del eje que contiene los imanes y servir como el estator de nuestra m\u00e1quina. Alrededor de este\u00a0cilindro\u00a0se enrollo de una manera continua el alambre de cobre tanto en la parte superior cercana al \u00a0eje como la inferior, esto no quiere decir que sean dos embobinados independientes, son el mismo embobinado sino que una parte esta arriba del eje y el otro \u00a0abajo. No hay que enrollar el alambre sobre todo el cilindro, como muestra el video el embobinado se hace solo en una porci\u00f3n del cilindro alrededor en donde esta puesto el eje. Hay que tener en cuenta al hacer el embobinado el dejar libre los dos extremos del alambre, el extremo inicial y el final ya que en estos es donde se conectar\u00e1 nuestro diodo Led.\u00a0<\/div>\n<div>\u00a0<\/div>\n<div>\n<div>\n<div id=\"cc-m-imagesubtitle-2982849852\"><img loading=\"lazy\" decoding=\"async\" src=\"http:\/\/u.jimdo.com\/www21\/o\/s7782ada7dd85250f\/img\/i3994269f9de94409\/1279206681\/std\/image.jpg\" alt=\"\" width=\"420\" height=\"315\" \/><\/div>\n<div>\u00a0<\/div>\n<\/div>\n<\/div>\n<div>\n<div>\n<div id=\"cc-m-imagesubtitle-2982865352\"><img loading=\"lazy\" decoding=\"async\" src=\"http:\/\/u.jimdo.com\/www21\/o\/s7782ada7dd85250f\/img\/ifb2e5650b045145a\/1279206681\/std\/image.jpg\" alt=\"\" width=\"420\" height=\"559\" \/><\/div>\n<\/div>\n<div>\u00a0<\/div>\n<div>Para darle un poco mas de firmeza a las tablas que llevan el eje \u00a0en la parte superior se pego horizontalmente la tabla de 0.5\u00d73.5\u00d711 uniendo las 2 tablas que soportan el eje.<\/div>\n<div>\u00a0<\/div>\n<div>\n<div>\n<div id=\"cc-m-imagesubtitle-2982862952\"><img loading=\"lazy\" decoding=\"async\" src=\"http:\/\/u.jimdo.com\/www21\/o\/s7782ada7dd85250f\/img\/i68534b4eb0d6f0a7\/1279206681\/std\/image.jpg\" alt=\"\" width=\"419\" height=\"419\" \/><\/div>\n<\/div>\n<p>\u00a0En un extremo del eje se instala el dispositivo o sistema que proporcionar\u00e1 el torque que har\u00e1 girar nuestro rotor (eje). En este trabajo se utiliz\u00f3 una guaya de arranque de un peque\u00f1o motor a gasolina de un carro a control remoto, que pues se cont\u00f3 con la fortuna de tener al alcance este dispositivo. Se puede utilizar tambi\u00e9n un peque\u00f1o sistema de pi\u00f1ones con una manivela, o si se quiere un peque\u00f1o motor \u00a0con suficiente fuerza para hacer girar el eje aunque seria mejor utilizar un sistema enteramente mec\u00e1nico.\u00a0\u00a0\u00a0<\/p>\n<div>\n<div>\n<div>\n<div id=\"cc-m-imagesubtitle-2982922652\"><img loading=\"lazy\" decoding=\"async\" src=\"http:\/\/u.jimdo.com\/www21\/o\/s7782ada7dd85250f\/img\/i5ad788849058bebc\/1279206681\/std\/image.jpg\" alt=\"\" width=\"420\" height=\"315\" \/><\/div>\n<\/div>\n<div>\u00a0<\/div>\n<div>\n<div>\n<div id=\"cc-m-imagesubtitle-2982944952\"><img loading=\"lazy\" decoding=\"async\" src=\"http:\/\/u.jimdo.com\/www21\/o\/s7782ada7dd85250f\/img\/i1e85cb490c022927\/1279206681\/std\/image.jpg\" alt=\"\" width=\"420\" height=\"315\" \/><\/div>\n<\/div>\n<\/div>\n<\/div>\n<\/div>\n<\/div>\n<\/div>\n<\/div>\n<\/div>\n<div class=\"n\">\n<div class=\"n\">\n<div class=\"n\">\n<div class=\"n\">\n<div class=\"n\">\n<div class=\"n\">\n<div class=\"clearover\" style=\"text-align: left\">\u00a0<\/div>\n<\/div>\n<\/div>\n<\/div>\n<\/div>\n<\/div>\n<\/div>\n","protected":false},"excerpt":{"rendered":"<p>Como hacer un generador\u00a0electrico casero \u00a0\u00a0\u00a0 \u00a0 GENERADOR EL\u00c9CTRICO SIMPLE \u00a0 Mediante este trabajo se ha querido dar una demostraci\u00f3n a la Ley de Michael Faraday y proporcionar tambi\u00e9n una fuente de ayuda a todas aquellas personas que quieran realizar este sencillo y llamativo experimento, en el cual se puede observar de una manera muy [&hellip;]<\/p>\n","protected":false},"author":4535,"featured_media":0,"parent":199,"menu_order":0,"comment_status":"open","ping_status":"open","template":"","meta":{"footnotes":""},"class_list":["post-430","page","type-page","status-publish","hentry"],"_links":{"self":[{"href":"https:\/\/blog.espol.edu.ec\/jonathanweb24\/wp-json\/wp\/v2\/pages\/430","targetHints":{"allow":["GET"]}}],"collection":[{"href":"https:\/\/blog.espol.edu.ec\/jonathanweb24\/wp-json\/wp\/v2\/pages"}],"about":[{"href":"https:\/\/blog.espol.edu.ec\/jonathanweb24\/wp-json\/wp\/v2\/types\/page"}],"author":[{"embeddable":true,"href":"https:\/\/blog.espol.edu.ec\/jonathanweb24\/wp-json\/wp\/v2\/users\/4535"}],"replies":[{"embeddable":true,"href":"https:\/\/blog.espol.edu.ec\/jonathanweb24\/wp-json\/wp\/v2\/comments?post=430"}],"version-history":[{"count":19,"href":"https:\/\/blog.espol.edu.ec\/jonathanweb24\/wp-json\/wp\/v2\/pages\/430\/revisions"}],"predecessor-version":[{"id":433,"href":"https:\/\/blog.espol.edu.ec\/jonathanweb24\/wp-json\/wp\/v2\/pages\/430\/revisions\/433"}],"up":[{"embeddable":true,"href":"https:\/\/blog.espol.edu.ec\/jonathanweb24\/wp-json\/wp\/v2\/pages\/199"}],"wp:attachment":[{"href":"https:\/\/blog.espol.edu.ec\/jonathanweb24\/wp-json\/wp\/v2\/media?parent=430"}],"curies":[{"name":"wp","href":"https:\/\/api.w.org\/{rel}","templated":true}]}}