{"id":454,"date":"2010-08-21T19:33:00","date_gmt":"2010-08-22T00:33:00","guid":{"rendered":"http:\/\/blog.espol.edu.ec\/jonathanweb24\/?page_id=454"},"modified":"2010-08-22T00:13:56","modified_gmt":"2010-08-22T05:13:56","slug":"proyecto-hidrogeno","status":"publish","type":"page","link":"https:\/\/blog.espol.edu.ec\/jonathanweb24\/energia-alternativa\/proyecto-hidrogeno\/","title":{"rendered":"Proyecto Hidrogeno"},"content":{"rendered":"<p><span style=\"color: red\"><strong>Hidrogeno como Energia alternativa<\/strong><\/span><\/p>\n<p><em>Hidr\u00f3geno, opci\u00f3n para uso dom\u00e9stico Investigadores de la Espol trabajan en un proyecto de \u201cGeneraci\u00f3n el\u00e9ctrica para uso dom\u00e9stico\u201d. se basa en el uso de hidr\u00f3geno y una membrana hecha con polvo de camar\u00f3n.<\/em><\/p>\n<p><span style=\"color: red\"><strong>En que consiste?<\/strong><\/span><\/p>\n<p><em>Crear un sistema para instalar en los domicilios celdas de hidr\u00f3geno que permitan generar luz el\u00e9ctrica, evitar la dependencia del petr\u00f3leo y reducir la contaminaci\u00f3n en el ambiente, son los objetivos principales del proyecto de investigaci\u00f3n que actualmente est\u00e1 desarrollando la Escuela Superior Polit\u00e9cnica del Litoral.<\/em><\/p>\n<p><em>Este consiste en elaborar y armar celdas de energ\u00eda a base de hidr\u00f3geno que permitan producir generaci\u00f3n el\u00e9ctrica para el uso de las viviendas.<\/em><\/p>\n<p><em>Wendy Ruiz, investigadora y responsable de la primera fase del proyecto, que culmin\u00f3 este mes, explic\u00f3 que esta consist\u00eda en \u201cla implementaci\u00f3n de una membrana intercambiadora de protones, elaborada con la c\u00e1scara del camar\u00f3n o cualquier crust\u00e1ceo hecha polvo\u201d.<\/em><\/p>\n<p><em>Eduardo Mendieta, profesor de Ciencias F\u00edsicas y director del proyecto, acot\u00f3 que la primera fase tard\u00f3 un a\u00f1o en dar resultado y que actualmente est\u00e1n iniciando los estudios de la segunda, que est\u00e1 prevista culminarla en octubre de 2010.<\/em><\/p>\n<p><em>\u201cLa segunda y \u00faltima parte del proyecto consiste en elaborar las celdas donde se colocar\u00e1 la membrana que ayudar\u00e1 a producir energ\u00eda para que el ox\u00edgeno e hidr\u00f3geno del aire se conviertan en agua (H2O).<\/em><\/p>\n<p><em>Luego estos elementos se separar\u00e1n nuevamente y producir\u00e1n energ\u00eda el\u00e9ctrica\u201d, explic\u00f3.<\/em><\/p>\n<p><em>Mendieta, adem\u00e1s, mencion\u00f3 que la finalidad a largo plazo de esta alternativa es \u201cevitar el uso constante del petr\u00f3leo\u201d.<\/em><\/p>\n<p><em>\u201cLo que actualmente utilizamos en el pa\u00eds para generar energ\u00eda y combustible; es el petr\u00f3leo, pero el problema est\u00e1 en que es un contaminante. El hidr\u00f3geno se disipa r\u00e1pidamente y no contamina\u201d, afirm\u00f3.<\/em><\/p>\n<p><em>En la investigaci\u00f3n participan seis personas, de los cuales tres ya son profesionales y los dem\u00e1s son estudiantes que realizan las pasant\u00edas en el centro.<\/em><\/p>\n<p><em>Javier Urquizo, estudiante de Ingenier\u00eda El\u00e9ctrica, es uno de los pasantes, el cual viajar\u00e1 a Alemania en compa\u00f1\u00eda de Mendieta para capacitarse en la Universidad de Stransuld, en lo que respecta a la instalaci\u00f3n y desarrollo de las celdas.<\/em><\/p>\n<p><em>La Secretar\u00eda Nacional de Ciencia y Tecnolog\u00eda (Senacyt) y la Espol son los responsables de la inversi\u00f3n del proyecto, la cual corresponde a un monto de $ 325.708,78.<\/em><\/p>\n<p><em>La primera vivienda en la que se instalar\u00e1 el sistema de celdas es una suite construida en la Espol, en la cual se colocar\u00e1n todos los electrodom\u00e9sticos de una casa normal, para evaluar los resultados.<\/em><\/p>\n<p><em>Mendieta tambi\u00e9n se\u00f1al\u00f3 que la producci\u00f3n de las celdas y bater\u00edas que se colocan en las casas y veh\u00edculos requieren de una gran inversi\u00f3n.<\/em><\/p>\n<p><em>\u201cEs un sistema nuevo en el pa\u00eds, pero una vez que se lo adopte los costos de energ\u00eda y movilizaci\u00f3n ser\u00e1n muy bajos. En el caso de los domicilios es un sistema de celdas que puede durar toda la vida sin necesidad de cambiarlo\u201d, concluy\u00f3.<\/em><\/p>\n<p style=\"text-align: center\"><img loading=\"lazy\" decoding=\"async\" class=\"aligncenter\" src=\"http:\/\/www.expreso.ec\/images\/educacion\/2009\/10\/05\/educacion1.jpg\" alt=\"\" width=\"318\" height=\"248\" \/><\/p>\n<p>Evaluaci\u00f3n. Integrantes de la investigaci\u00f3n mientras un miembro de la Senacyt observa resultados de la primera fase.<br \/>\n<strong>Fuentes:<\/strong> Diario Expreso<\/p>\n<p style=\"text-align: center\"><object classid=\"clsid:d27cdb6e-ae6d-11cf-96b8-444553540000\" width=\"425\" height=\"344\"><param name=\"allowFullScreen\" value=\"true\" \/><param name=\"allowscriptaccess\" value=\"always\" \/><param name=\"src\" value=\"http:\/\/www.youtube.com\/v\/96qaHnXvxFU&amp;hl=en&amp;fs=1\" \/><param name=\"allowfullscreen\" value=\"true\" \/><embed type=\"application\/x-shockwave-flash\" width=\"425\" height=\"344\" src=\"http:\/\/www.youtube.com\/v\/96qaHnXvxFU&amp;hl=en&amp;fs=1\" allowfullscreen=\"true\" allowscriptaccess=\"always\"><\/embed><\/object><\/p>\n","protected":false},"excerpt":{"rendered":"<p>Hidrogeno como Energia alternativa Hidr\u00f3geno, opci\u00f3n para uso dom\u00e9stico Investigadores de la Espol trabajan en un proyecto de \u201cGeneraci\u00f3n el\u00e9ctrica para uso dom\u00e9stico\u201d. se basa en el uso de hidr\u00f3geno y una membrana hecha con polvo de camar\u00f3n. En que consiste? Crear un sistema para instalar en los domicilios celdas de hidr\u00f3geno que permitan generar [&hellip;]<\/p>\n","protected":false},"author":4535,"featured_media":0,"parent":199,"menu_order":0,"comment_status":"open","ping_status":"open","template":"","meta":{"footnotes":""},"class_list":["post-454","page","type-page","status-publish","hentry"],"_links":{"self":[{"href":"https:\/\/blog.espol.edu.ec\/jonathanweb24\/wp-json\/wp\/v2\/pages\/454","targetHints":{"allow":["GET"]}}],"collection":[{"href":"https:\/\/blog.espol.edu.ec\/jonathanweb24\/wp-json\/wp\/v2\/pages"}],"about":[{"href":"https:\/\/blog.espol.edu.ec\/jonathanweb24\/wp-json\/wp\/v2\/types\/page"}],"author":[{"embeddable":true,"href":"https:\/\/blog.espol.edu.ec\/jonathanweb24\/wp-json\/wp\/v2\/users\/4535"}],"replies":[{"embeddable":true,"href":"https:\/\/blog.espol.edu.ec\/jonathanweb24\/wp-json\/wp\/v2\/comments?post=454"}],"version-history":[{"count":5,"href":"https:\/\/blog.espol.edu.ec\/jonathanweb24\/wp-json\/wp\/v2\/pages\/454\/revisions"}],"predecessor-version":[{"id":459,"href":"https:\/\/blog.espol.edu.ec\/jonathanweb24\/wp-json\/wp\/v2\/pages\/454\/revisions\/459"}],"up":[{"embeddable":true,"href":"https:\/\/blog.espol.edu.ec\/jonathanweb24\/wp-json\/wp\/v2\/pages\/199"}],"wp:attachment":[{"href":"https:\/\/blog.espol.edu.ec\/jonathanweb24\/wp-json\/wp\/v2\/media?parent=454"}],"curies":[{"name":"wp","href":"https:\/\/api.w.org\/{rel}","templated":true}]}}