{"id":91,"date":"2010-06-10T19:43:14","date_gmt":"2010-06-11T00:43:14","guid":{"rendered":"http:\/\/blog.espol.edu.ec\/jonathanweb24\/?page_id=91"},"modified":"2010-08-03T19:37:41","modified_gmt":"2010-08-04T00:37:41","slug":"games-news","status":"publish","type":"page","link":"https:\/\/blog.espol.edu.ec\/jonathanweb24\/games-news\/","title":{"rendered":"Games info"},"content":{"rendered":"<p>Si te gusta los juegos de estrategia Starcraft II es una opcion!....<\/p>\n<p style=\"text-align: center\"><strong>Starcraft II<\/strong><\/p>\n<p style=\"text-align: left\"><strong>Fecha de lanzamiento: <\/strong>Julio 27, 2010<\/p>\n<p style=\"text-align: left\"><strong>Consolas:<\/strong> PC<\/p>\n<p style=\"text-align: center\">StarCraft II es la continuaci\u00f3n de la \u00e9pica saga de los Protoss, los Terran y los Zerg. Estas tres diversas y poderosas razas volver\u00e1n a enfrentarse en la din\u00e1mica secuela de StarCraft, el legendario juego de estrategia en tiempo real. Legiones de unidades veteranas, mejoradas y nuevas combatir\u00e1n por toda la galaxia, en la lucha de cada facci\u00f3n por la supervivencia.<\/p>\n<p style=\"text-align: center\">StarCraft II ofrece una campa\u00f1a en solitario \u00fanica, que retoma la historia donde la dej\u00f3 StarCraft: Brood War, y presentar\u00e1 una selecci\u00f3n de h\u00e9roes nuevos y caras familiares en una fren\u00e9tica historia de ciencia ficci\u00f3n llena de aventuras e intrigas. Adem\u00e1s, Blizzard volver\u00e1 a ofrecer la posibilidad de llevar a cabo juegos en red inigualables a trav\u00e9s de Battle.net, el conocido servicio de juego online de la compa\u00f1\u00eda, junto con algunas mejoras y nuevas opciones, para hacer de StarCraft el juego de competici\u00f3n de estrategia en tiempo real definitivo.<\/p>\n<p style=\"text-align: center\"><a href=\"http:\/\/blog.espol.edu.ec\/jonathanweb24\/files\/2010\/06\/StarcarftII.jpg\"><img loading=\"lazy\" decoding=\"async\" class=\"size-full wp-image-92  aligncenter\" title=\"StarcarftII\" src=\"http:\/\/blog.espol.edu.ec\/jonathanweb24\/files\/2010\/06\/StarcarftII.jpg\" alt=\"\" width=\"525\" height=\"181\" \/><\/a><\/p>\n<p style=\"text-align: center\"><object classid=\"clsid:d27cdb6e-ae6d-11cf-96b8-444553540000\" width=\"450\" height=\"298\"><param name=\"allowFullScreen\" value=\"true\" \/><param name=\"allowscriptaccess\" value=\"always\" \/><param name=\"src\" value=\"http:\/\/www.youtube.com\/v\/pmBtanGjziM&amp;hl=en_US&amp;fs=1\" \/><param name=\"allowfullscreen\" value=\"true\" \/><embed type=\"application\/x-shockwave-flash\" width=\"450\" height=\"298\" src=\"http:\/\/www.youtube.com\/v\/pmBtanGjziM&amp;hl=en_US&amp;fs=1\" allowfullscreen=\"true\" allowscriptaccess=\"always\"><\/embed><\/object><\/p>\n<p style=\"text-align: center\">No puedes escapar de la rutina de World of warcraft? Guild wars 2 puede hacerlo por ti....<\/p>\n<p style=\"text-align: center\"><strong>Guild Wars 2<\/strong><\/p>\n<p style=\"text-align: left\"><strong>Fecha de lanzamiento: <\/strong>TBA<strong><\/strong><\/p>\n<p style=\"text-align: left\"><strong>Consolas: <\/strong>PC<strong><br \/>\n<\/strong><\/p>\n<p style=\"text-align: center\">Guild Wars 2 sit\u00faa su acci\u00f3n <strong>250 a\u00f1os<\/strong> despu\u00e9s de los eventos que acaecen en el original, y los conocidos como <strong>Elder Dragons<\/strong> son mucho m\u00e1s fuertes que cualquier raza conocida hasta ahora. Uno de ellos concretamente ha erigido de los oc\u00e9anos un nuevo continente repleto de misterios y secretos, que deberemos recorrer para desafiar a estos dragones y acabar con ellos.<\/p>\n<div style=\"text-align: center\">\n<div>La historia de Guild Wars 2 utiliza lugares, eventos y personajes que ya hemos visto en el original, pero todo ello de una forma distinta. Se incorporan nuevas razas, nuevos mundos e in\u00e9ditos secretos.<\/div>\n<\/div>\n<div style=\"text-align: center\">\n<p>No obstante este es s\u00f3lo el contexto argumental que rodea nuestra aventura, y es que lo que sus creadores desean es que seamos nosotros, m\u00e1s que nunca, quienes escribamos la historia sobre la marcha. Esto supone una de las modificaciones de concepto m\u00e1s importantes que introducir\u00e1 la secuela, ya que en el original no ten\u00edamos un control particularmente intenso sobre lo que suced\u00eda a nuestro alrededor que no fuera el de cumplir misiones.<\/p>\n<\/div>\n<p style=\"text-align: center\">Sin embargo a pesar de estos cambios, que nadie espere grandes alteraciones sobre la base que hizo tan popular al primer Guild Wars, puesto que en esta ocasi\u00f3n la veremos de una forma muy parecida. Lo que los creadores pretenden es un h\u00edbrido entre los mundos instanciados que seg\u00fan palabras de sus creadores \u201ctan bien permiten contar historias\u201d y, como novedad, lo complementa con un <strong>universo persistente<\/strong> que facilita las relaciones con otros usuarios.<\/p>\n<p style=\"text-align: center\"><a href=\"http:\/\/blog.espol.edu.ec\/jonathanweb24\/files\/2010\/06\/57719_GuildWars2-Logo-01_normal.jpg\"><img loading=\"lazy\" decoding=\"async\" class=\"size-full wp-image-122  aligncenter\" title=\"57719_GuildWars2-Logo-01_normal\" src=\"http:\/\/blog.espol.edu.ec\/jonathanweb24\/files\/2010\/06\/57719_GuildWars2-Logo-01_normal.jpg\" alt=\"\" width=\"446\" height=\"190\" \/><\/a><strong> <\/strong><\/p>\n<p style=\"text-align: center\"><object classid=\"clsid:d27cdb6e-ae6d-11cf-96b8-444553540000\" width=\"463\" height=\"276\"><param name=\"allowFullScreen\" value=\"true\" \/><param name=\"allowscriptaccess\" value=\"always\" \/><param name=\"src\" value=\"http:\/\/www.youtube.com\/v\/YEdr8HHJ-zU&amp;hl=es_ES&amp;fs=1&amp;\" \/><param name=\"allowfullscreen\" value=\"true\" \/><embed type=\"application\/x-shockwave-flash\" width=\"463\" height=\"276\" src=\"http:\/\/www.youtube.com\/v\/YEdr8HHJ-zU&amp;hl=es_ES&amp;fs=1&amp;\" allowfullscreen=\"true\" allowscriptaccess=\"always\"><\/embed><\/object><\/p>\n<p style=\"text-align: center\">Eres amante de los juegos de Horror? Dead Space 2 es un must!<strong><br \/>\n<\/strong><\/p>\n<p style=\"text-align: center\"><strong>Dead Space 2<\/strong><\/p>\n<p style=\"text-align: left\"><strong>Fecha de Lanzamiento: <\/strong>Enero 25, 2011<\/p>\n<p style=\"text-align: left\"><strong>Consolas:<\/strong> PS3, Xbox 360, PC<\/p>\n<p style=\"text-align: center\">Visceral Games y Electronic Arts vuelven al espacio profundo con el anuncio de Dead Space 2. Considerando la respuesta positiva a la primera aventura de Isaac Clarke una consecuencia no viene como una sorpresa, pero es bienvenida en todo caso.<\/p>\n<p>\" Estamos emocionados para saltar atr\u00e1s en la serie, haciendo el siguiente cap\u00edtulo en el viaje de Isaac, \" dijo Steve Papoutsis, el Productor Ejecutivo de Dead Space 2. \" La infecci\u00f3n sigue extendi\u00e9ndose en todas partes del espacio y nuestro h\u00e9roe Isaac Clarke es la \u00fanica persona capaz de contenerlo. Hay todav\u00eda las cargas de Necromorphs aquella matanza de necesidad. En el Dead Space 2, no todo es exactamente como parece. Espere las torceduras de argumento que sorprender\u00e1n usted y un enorme molde de los monstruos torcidos, asquerosos que est\u00e1n seguros para asustar en las luces del d\u00eda. \"<\/p>\n<p style=\"text-align: center\"><img loading=\"lazy\" decoding=\"async\" class=\"aligncenter\" src=\"http:\/\/deadspace.ea.com\/images\/ds-img-title-home.png\" alt=\"\" width=\"478\" height=\"51\" \/><\/p>\n<p style=\"text-align: center\"><object classid=\"clsid:d27cdb6e-ae6d-11cf-96b8-444553540000\" width=\"463\" height=\"336\"><param name=\"allowFullScreen\" value=\"true\" \/><param name=\"allowscriptaccess\" value=\"always\" \/><param name=\"src\" value=\"http:\/\/www.youtube.com\/v\/z7Qy_4sWs3I&amp;hl=es_ES&amp;fs=1&amp;\" \/><param name=\"allowfullscreen\" value=\"true\" \/><embed type=\"application\/x-shockwave-flash\" width=\"463\" height=\"336\" src=\"http:\/\/www.youtube.com\/v\/z7Qy_4sWs3I&amp;hl=es_ES&amp;fs=1&amp;\" allowfullscreen=\"true\" allowscriptaccess=\"always\"><\/embed><\/object><\/p>\n","protected":false},"excerpt":{"rendered":"<p>Si te gusta los juegos de estrategia Starcraft II es una opcion!.... Starcraft II Fecha de lanzamiento: Julio 27, 2010 Consolas: PC StarCraft II es la continuaci\u00f3n de la \u00e9pica saga de los Protoss, los Terran y los Zerg. Estas tres diversas y poderosas razas volver\u00e1n a enfrentarse en la din\u00e1mica secuela de StarCraft, el [&hellip;]<\/p>\n","protected":false},"author":4535,"featured_media":0,"parent":0,"menu_order":0,"comment_status":"open","ping_status":"open","template":"","meta":{"footnotes":""},"class_list":["post-91","page","type-page","status-publish","hentry"],"_links":{"self":[{"href":"https:\/\/blog.espol.edu.ec\/jonathanweb24\/wp-json\/wp\/v2\/pages\/91","targetHints":{"allow":["GET"]}}],"collection":[{"href":"https:\/\/blog.espol.edu.ec\/jonathanweb24\/wp-json\/wp\/v2\/pages"}],"about":[{"href":"https:\/\/blog.espol.edu.ec\/jonathanweb24\/wp-json\/wp\/v2\/types\/page"}],"author":[{"embeddable":true,"href":"https:\/\/blog.espol.edu.ec\/jonathanweb24\/wp-json\/wp\/v2\/users\/4535"}],"replies":[{"embeddable":true,"href":"https:\/\/blog.espol.edu.ec\/jonathanweb24\/wp-json\/wp\/v2\/comments?post=91"}],"version-history":[{"count":28,"href":"https:\/\/blog.espol.edu.ec\/jonathanweb24\/wp-json\/wp\/v2\/pages\/91\/revisions"}],"predecessor-version":[{"id":390,"href":"https:\/\/blog.espol.edu.ec\/jonathanweb24\/wp-json\/wp\/v2\/pages\/91\/revisions\/390"}],"wp:attachment":[{"href":"https:\/\/blog.espol.edu.ec\/jonathanweb24\/wp-json\/wp\/v2\/media?parent=91"}],"curies":[{"name":"wp","href":"https:\/\/api.w.org\/{rel}","templated":true}]}}