{"id":49,"date":"2010-06-11T19:58:22","date_gmt":"2010-06-11T19:58:22","guid":{"rendered":"http:\/\/blog.espol.edu.ec\/jonferei\/?page_id=49"},"modified":"2010-06-11T20:04:19","modified_gmt":"2010-06-11T20:04:19","slug":"cine","status":"publish","type":"page","link":"https:\/\/blog.espol.edu.ec\/jonferei\/cine\/","title":{"rendered":"Cine"},"content":{"rendered":"<h2 style=\"text-align: justify\"><a href=\"http:\/\/blog.espol.edu.ec\/jonferei\/files\/2010\/06\/ImageHandler.ashx_.jpeg\"><img loading=\"lazy\" decoding=\"async\" class=\"alignleft size-medium wp-image-50\" title=\"ImageHandler.ashx\" src=\"http:\/\/blog.espol.edu.ec\/jonferei\/files\/2010\/06\/ImageHandler.ashx_-197x300.jpg\" alt=\"\" width=\"197\" height=\"279\" \/><\/a><a title=\"El encierro\" href=\"http:\/\/www.supercines.com\/cartelera\/por-peliculas\/pelicula\/detallepelicula\/1692\/El-Encierro.aspx\" target=\"_blank\"><em><span style=\"color: #003366\">El Encierro<\/span><\/em><\/a><\/h2>\n<h4 style=\"text-align: justify\"><em>Sinopsis<\/em><\/h4>\n<p style=\"text-align: justify\"><em>Escalofriante historia de horror basada en un hecho real en la que una mujer ejemplar, madre de familia de siete hijos, ciudadana cat\u00f3lica y perfecta abanderada del sue\u00f1o americano; esconde detr\u00e1s de su m\u00e1scara de normalidad una mujer perversa, un ser humano enfermo capaz de guardar un grave secreto pues en el s\u00f3tano de su casa mantuvo oculta a una adolescente que fue v\u00edctima de torturas y abusos por mucho tiempo.<\/em><\/p>\n<p style=\"text-align: justify\"><em><strong>Idioma<\/strong>: Ingl\u00e9s Subtitulada al espa\u00f1ol<\/em><\/p>\n<p style=\"text-align: justify\"><em><strong>Duraci\u00f3n<\/strong>: 1h40min<\/em><\/p>\n<p style=\"text-align: justify\"><em><strong><br \/>\n<\/strong><\/em><\/p>\n<p style=\"text-align: justify\"><em><br \/>\n<\/em><\/p>\n<h2 style=\"text-align: justify\"><a href=\"http:\/\/blog.espol.edu.ec\/jonferei\/files\/2010\/06\/ImageHandler.ashx_3.jpeg\"><img loading=\"lazy\" decoding=\"async\" class=\"alignleft size-medium wp-image-53\" title=\"ImageHandler.ashx\" src=\"http:\/\/blog.espol.edu.ec\/jonferei\/files\/2010\/06\/ImageHandler.ashx_3-196x300.jpg\" alt=\"\" width=\"196\" height=\"300\" srcset=\"https:\/\/blog.espol.edu.ec\/jonferei\/files\/2010\/06\/ImageHandler.ashx_3-196x300.jpg 196w, https:\/\/blog.espol.edu.ec\/jonferei\/files\/2010\/06\/ImageHandler.ashx_3.jpeg 260w\" sizes=\"auto, (max-width: 196px) 100vw, 196px\" \/><\/a><a title=\"It's alive\" href=\"http:\/\/www.supercines.com\/cartelera\/por-peliculas\/pelicula\/detallepelicula\/1627\/Esta-vivo.aspx\" target=\"_blank\"><span style=\"color: #800000\"><em>It's Alive<\/em><\/span><\/a><\/h2>\n<h4 style=\"text-align: justify\"><em>Sinopsis<\/em><\/h4>\n<p style=\"text-align: justify\"><em>Lenore y Frank est\u00e1n esperando el nacimiento de su beb\u00e9 pero algo horrible sucede en la sala de parto donde el doctor y las enfermeras son asesinados dejando \u00fanicamente con vida a la madre y al reci\u00e9n nacido. Cuando llevan al beb\u00e9 a su hogar, la gente comienza a desaparecer misteriosamente. Mientras la naturaleza del beb\u00e9 es revelada, Lenore tendr\u00e1 que escoger entre el amor por su reci\u00e9n nacido y su familia.<\/em><\/p>\n<p style=\"text-align: justify\"><em><strong>Idioma<\/strong>: Ingl\u00e9s Subtitulada al espa\u00f1ol<\/em><\/p>\n<p style=\"text-align: justify\"><em><strong>Duraci\u00f3n<\/strong>: 1h25min<\/em><\/p>\n<p style=\"text-align: justify\">\n","protected":false},"excerpt":{"rendered":"<p>El Encierro Sinopsis Escalofriante historia de horror basada en un hecho real en la que una mujer ejemplar, madre de familia de siete hijos, ciudadana cat\u00f3lica y perfecta abanderada del sue\u00f1o americano; esconde detr\u00e1s de su m\u00e1scara de normalidad una mujer perversa, un ser humano enfermo capaz de guardar un grave secreto pues en el [&hellip;]<\/p>\n","protected":false},"author":4395,"featured_media":0,"parent":0,"menu_order":0,"comment_status":"open","ping_status":"open","template":"","meta":{"footnotes":""},"class_list":["post-49","page","type-page","status-publish","hentry"],"_links":{"self":[{"href":"https:\/\/blog.espol.edu.ec\/jonferei\/wp-json\/wp\/v2\/pages\/49","targetHints":{"allow":["GET"]}}],"collection":[{"href":"https:\/\/blog.espol.edu.ec\/jonferei\/wp-json\/wp\/v2\/pages"}],"about":[{"href":"https:\/\/blog.espol.edu.ec\/jonferei\/wp-json\/wp\/v2\/types\/page"}],"author":[{"embeddable":true,"href":"https:\/\/blog.espol.edu.ec\/jonferei\/wp-json\/wp\/v2\/users\/4395"}],"replies":[{"embeddable":true,"href":"https:\/\/blog.espol.edu.ec\/jonferei\/wp-json\/wp\/v2\/comments?post=49"}],"version-history":[{"count":7,"href":"https:\/\/blog.espol.edu.ec\/jonferei\/wp-json\/wp\/v2\/pages\/49\/revisions"}],"predecessor-version":[{"id":60,"href":"https:\/\/blog.espol.edu.ec\/jonferei\/wp-json\/wp\/v2\/pages\/49\/revisions\/60"}],"wp:attachment":[{"href":"https:\/\/blog.espol.edu.ec\/jonferei\/wp-json\/wp\/v2\/media?parent=49"}],"curies":[{"name":"wp","href":"https:\/\/api.w.org\/{rel}","templated":true}]}}