{"id":77,"date":"2012-11-05T20:46:28","date_gmt":"2012-11-06T01:46:28","guid":{"rendered":"http:\/\/blog.espol.edu.ec\/jorergar\/?page_id=77"},"modified":"2012-11-06T16:24:29","modified_gmt":"2012-11-06T21:24:29","slug":"el-libro-de-los-suenos","status":"publish","type":"page","link":"https:\/\/blog.espol.edu.ec\/jorergar\/el-libro-de-los-suenos\/","title":{"rendered":"El libro de los sue\u00f1os"},"content":{"rendered":"<h2><strong>\u00bfQu\u00e9 significa so\u00f1ar con Afecto?<\/strong><\/h2>\n<p style=\"text-align: justify\">So\u00f1ar con recibir el afecto de personas conocidas, significa que cumplir\u00e1 todas sus metas en un corto periodo, adem\u00e1s este sue\u00f1o tambi\u00e9n indica que tendr\u00e1 un reconocimiento. <img loading=\"lazy\" decoding=\"async\" class=\"alignright\" src=\"http:\/\/blog.espol.edu.ec\/jorergar\/files\/2012\/11\/afecto.jpg\" alt=\"\" width=\"115\" height=\"113\" \/><\/p>\n<p style=\"text-align: justify\">Si en el sue\u00f1o recibir\u00e1 afecto de personas desconocidas, significa que debe ser precavido.<\/p>\n<p style=\"text-align: justify\">So\u00f1ar con el afecto de su pareja o de una mujer muy hermosa, significa que su relaci\u00f3n amorosa tendr\u00e1 un buen rumbo donde habr\u00e1n muchas emociones, recuerde que el amor tiene 2 bases muy importantes, la confianza y la comunicaci\u00f3n.<\/p>\n<p style=\"text-align: justify\">So\u00f1ar con recibir el afecto de un ni\u00f1o, es un anuncio de buena fortuna, muchas oportunidades se presentaran, aprov\u00e9chelas!<\/p>\n<p style=\"text-align: justify\">So\u00f1ar con encontrarse en un c\u00edrculo social donde todos se brinden afecto excepto a usted, indica que usted en la vida real debe demostrar mas sus sentimientos a los dem\u00e1s.<\/p>\n<h2 style=\"text-align: justify\"><strong>\u00bfQu\u00e9 significa so\u00f1ar con Adivinanza?<\/strong><\/h2>\n<p style=\"text-align: justify\">So\u00f1ar con adivinanza es s\u00edmbolo de reconciliaci\u00f3n.<\/p>\n<p style=\"text-align: justify\">Si usted sue\u00f1a que le hacen una adivinanza le anuncia el regreso de un ser querido.<img loading=\"lazy\" decoding=\"async\" class=\"alignright\" src=\"http:\/\/www.suenos21.com\/wp-content\/uploads\/2012\/09\/Adivinanza-150x150.jpg\" alt=\"\" width=\"101\" height=\"101\" \/><\/p>\n<p style=\"text-align: justify\">So\u00f1ar que pregunta una adivinanza, le adelanta grandes ganancias.<\/p>\n<p style=\"text-align: justify\">So\u00f1ar que no puede resolver una adivinanza le expone, que habr\u00e1 que afrontar diversos problemas, pero si llegara a resolver la adivinanza le manifiesta que llegara su recompensa.<\/p>\n<p style=\"text-align: justify\">Si so\u00f1ara con personas desconocidas resolviendo adivinanzas le advierte de futuros adversarios dispuestos a quitarle el trabajo.<\/p>\n<h2><strong>\u00bfQu\u00e9 significa so\u00f1ar con Acostarse?<\/strong><\/h2>\n<p style=\"text-align: justify\">So\u00f1ar con acostarse es s\u00edmbolo de fertilidad y placeres.<\/p>\n<p style=\"text-align: justify\">Si usted sue\u00f1a que se acuesta con un hombre le anuncia que ser\u00e1 tentando a cometer actos indebidos.<a href=\"http:\/\/blog.espol.edu.ec\/jorergar\/files\/2012\/11\/sleeping-.jpg\"><img loading=\"lazy\" decoding=\"async\" class=\"alignright\" src=\"http:\/\/blog.espol.edu.ec\/jorergar\/files\/2012\/11\/sleeping--300x300.jpg\" alt=\"\" width=\"189\" height=\"189\" \/><\/a><\/p>\n<p style=\"text-align: justify\">Si se acuesta con una mujer en sue\u00f1os le advierte que come errores por satisfacer sus necesidades.<\/p>\n<p style=\"text-align: justify\">Si sue\u00f1a que se acuesta con una persona de su mismo sexo le adelanta infidelidades y enga\u00f1os.<\/p>\n<p style=\"text-align: justify\">So\u00f1ar que se acuesta con su ser amado le adelanta estabilidad econ\u00f3mica y emocional.<\/p>\n<p style=\"text-align: justify\">So\u00f1ar que se acuesta con su mejor amigo le manifiesta amor y necesidad.<\/p>\n<p style=\"text-align: justify\">Si usted sue\u00f1a que se acuesta con sus padres le expresa la solidaridad que siente a los dem\u00e1s.<\/p>\n<p style=\"text-align: justify\">So\u00f1ar que se acuesta con sus hermanos le pone en manifiesto que su humildad lo llevara al \u00e9xito.<\/p>\n<p style=\"text-align: justify\">Si so\u00f1ara con acostarse con sus hijos le indica que siente mucha admiraci\u00f3n y respeto a sus padres.<\/p>\n<h2><strong>\u00bfQu\u00e9 significa so\u00f1ar con Aflicci\u00f3n?<\/strong><\/h2>\n<p style=\"text-align: justify\">Verse en sus sue\u00f1os afligido es un anuncio de que deber\u00e1 ser precavido tanto en los <img loading=\"lazy\" decoding=\"async\" class=\"alignright\" src=\"https:\/\/encrypted-tbn0.gstatic.com\/images?q=tbn:ANd9GcQI1iefoZf64dvJcsiUWPrgNHR4xlBI5eroUx2APr-UmzliHMTT\" alt=\"\" width=\"212\" height=\"238\" \/>negocios como en las relaciones sentimentales, algo est\u00e1 por suceder.<\/p>\n<p style=\"text-align: justify\">Ver a una persona conocida afligida en sus sue\u00f1os, significa que se presentara una oportunidad que no deber\u00e1 desaprovechar.<\/p>\n<p style=\"text-align: justify\">So\u00f1ar con ver a un ni\u00f1o afligido, pronostica experiencias muy agradables.<\/p>\n<p style=\"text-align: justify\">So\u00f1ar con ver a una mujer afligida por la p\u00e9rdida de un familiar, indica que debe dejar de pensar en los recuerdos del pasado y enfocarse en vivir el presente para construir un gran futuro.<\/p>\n<h2><strong>\u00bfQu\u00e9 significa so\u00f1ar con Adorno?<\/strong><\/h2>\n<p style=\"text-align: justify\">Si usted Sue\u00f1a con adornos le simboliza la lealtad y sinceridad.<img loading=\"lazy\" decoding=\"async\" class=\"alignright\" src=\"http:\/\/diciembrenavidad.com\/wp-content\/uploads\/2012\/11\/adorno-navide%C3%B1o-500x392.jpg\" alt=\"\" width=\"300\" height=\"235\" \/><\/p>\n<p style=\"text-align: justify\">So\u00f1ar que lleva un adorno encima de la cabeza le manifiesta \u00e9xito empresarial.<\/p>\n<p style=\"text-align: justify\">So\u00f1ar que adorna su casa le indica que se siente insatisfecho por sus logros.<\/p>\n<p style=\"text-align: justify\">Si so\u00f1ara que rompe un adorno le expresa cambios en su vida cotidiana.<\/p>\n<p style=\"text-align: justify\">So\u00f1ar que se golpea con un adorno le presagia el regreso de un familiar.<\/p>\n<p style=\"text-align: justify\">So\u00f1ar con extraviar un adorno le auspicia dicha absoluta.<\/p>\n<h2><strong>\u00bfQu\u00e9 significa so\u00f1ar con Adoraci\u00f3n?<\/strong><\/h2>\n<p style=\"text-align: justify\">So\u00f1ar con adoraci\u00f3n es s\u00edmbolo de liderazgo.<img loading=\"lazy\" decoding=\"async\" class=\"alignright\" src=\"http:\/\/1.bp.blogspot.com\/_kqLQygagUYI\/S_wvZ32PhZI\/AAAAAAAADsY\/Ls-tZTF9DFE\/s1600\/adorar2.jpg\" alt=\"\" width=\"235\" height=\"244\" \/><\/p>\n<p style=\"text-align: justify\">Si usted so\u00f1ara que adora a una persona especial le manifiesta que tendr\u00e1 mucha fortuna en sus negocios y en el amor.<\/p>\n<p style=\"text-align: justify\">So\u00f1ar que adora a un familiar, le presagia que llegara a cuerdos beneficiosos.<\/p>\n<p style=\"text-align: justify\">Ver que lo adoran en sue\u00f1os le anuncia grandes desilusiones.<\/p>\n<p style=\"text-align: justify\">So\u00f1ar que adora a un familiar fallecido le anticipa \u00e9xito en todo lo que se proponga.<\/p>\n<p style=\"text-align: justify\">So\u00f1ar que adora a un ni\u00f1o le indica que llegaran noticas nada favorables para usted, si el ni\u00f1o fuera el que lo adora, las noticias si ser\u00e1n favorables.<\/p>\n<h2><strong>\u00bfQu\u00e9 significa so\u00f1ar con Acorde\u00f3n?<\/strong><\/h2>\n<p style=\"text-align: justify\">Si usted llega a o\u00edr la melod\u00eda de un acorde\u00f3n en sue\u00f1os es s\u00edmbolo de incontables <img loading=\"lazy\" decoding=\"async\" class=\"alignright\" src=\"http:\/\/dibuteca.estaticos.net\/dibujos\/pintados\/201114\/aa38707d40167ff295dc385c666f9518.png\" alt=\"\" width=\"303\" height=\"282\" \/>alegr\u00edas.<\/p>\n<p style=\"text-align: justify\">Si sue\u00f1a que esta tocando un acorde\u00f3n le manifiesta que su vida pasa por un buen momento.<\/p>\n<p style=\"text-align: justify\">Si la melod\u00eda que toca con su acorde\u00f3n es muy alegre en sus sue\u00f1os le adentra fortuna, si fuera triste la melod\u00eda le indica que sus proyectos rever\u00e1n truncados.<\/p>\n<p style=\"text-align: justify\">Romper un acorde\u00f3n en sue\u00f1os le destaca la perseverancia que tiene para seguir adelante.<\/p>\n<p style=\"text-align: justify\">Tratar de arreglar un acorde\u00f3n en sue\u00f1os le asegura estabilidad laboral.<\/p>\n<h2><strong>\u00bfQu\u00e9 significa so\u00f1ar con Roci\u00f3?<\/strong><\/h2>\n<p style=\"text-align: justify\">Sentir que le cae roci\u00f3 en sus sue\u00f1os le adelanta que corre peligro de caer en estado <img loading=\"lazy\" decoding=\"async\" class=\"alignright\" src=\"http:\/\/3.bp.blogspot.com\/_ARpA_pbiLJw\/TNIjKUJbm4I\/AAAAAAAAAs8\/tDrzwxgHQdc\/s1600\/gotas-de-agua1.jpg\" alt=\"\" width=\"456\" height=\"327\" \/>febril.<\/p>\n<p style=\"text-align: justify\">Observar que le cae roci\u00f3 a sus familiares o amistades en sue\u00f1os, le anticipa buena salud.<\/p>\n<p style=\"text-align: justify\">Si siente que el roci\u00f3 es muy frio en sue\u00f1os le indica que no habr\u00e1 problemas a la hora de realizar un negocio.<\/p>\n<p style=\"text-align: justify\">Ver que el roc\u00edo se despliega sobre el c\u00e9sped en un d\u00eda de pleno sol le anuncia honores y riquezas.<\/p>\n<p style=\"text-align: justify\">Si usted ve caer un roci\u00f3 de color oscuro le adelanta un enga\u00f1o o una traici\u00f3n.<\/p>\n<h2><strong>\u00bfQu\u00e9 significa so\u00f1ar con Rosa?<\/strong><\/h2>\n<p style=\"text-align: justify\">Si usted so\u00f1ara con rosas le se\u00f1ala que hay una persona interesada en usted.<img loading=\"lazy\" decoding=\"async\" class=\"alignright\" src=\"http:\/\/www.forodefotos.com\/attachments\/naturaleza\/39669d1350088733-fotos-de-rosas-fotos-de-tipos-de-rosas.jpg\" alt=\"\" width=\"252\" height=\"189\" \/><\/p>\n<p style=\"text-align: justify\">Verse en posesi\u00f3n de un manojo de rosas le pronostica momentos alegres.<\/p>\n<p style=\"text-align: justify\">Recogiendo rosas le destaca la posibili\u00addad de que le ofrezcan matrimonio.<\/p>\n<p style=\"text-align: justify\">Oliendo rosas es pron\u00f3stico de la llega\u00adda de buenas noticias.<\/p>\n<p style=\"text-align: justify\">So\u00f1ar con rosas marchitas es el s\u00edmbolo del enga\u00f1o.<\/p>\n<p style=\"text-align: justify\">Ver un ramo de rosas blancas, es la clara representaci\u00f3n de la inocencia, si fueran rojas no habr\u00e1 matrimonio.<\/p>\n<p style=\"text-align: justify\">Ver en sue\u00f1os que usted obsequia rosas es la t\u00edpica expresi\u00f3n de la modes\u00adtia, si fuera el so\u00f1ante quien las reci\u00adbiera como regalo le se\u00f1ala que es una persona que guarda cari\u00f1osos recuerdos de viejas amistades.<\/p>\n<div>\n<h2><strong>\u00bfQu\u00e9 significa so\u00f1ar con Roca?<\/strong><\/h2>\n<p style=\"text-align: justify\">Si usted tiene sue\u00f1os con una roca es s\u00edmbolo de firmeza y honradez.<img loading=\"lazy\" decoding=\"async\" class=\"alignright\" src=\"http:\/\/www.tuswallpapersgratis.com\/images\/wallpapers\/Gran_Roca_en_la_Playa_1024x768-806744.jpeg\" alt=\"\" width=\"368\" height=\"277\" \/><\/p>\n<p style=\"text-align: justify\">Si usted trata de escalar una roca en sue\u00f1os le indica que va por buen camino, pero si no puede escalarla le se\u00f1ala que tendr\u00e1 tropiezos a la hora de realizar sus actividades.<\/p>\n<p style=\"text-align: justify\">Ver en sue\u00f1os a ni\u00f1os subiendo una roca es noticia de abundancia de dinero.<\/p>\n<p style=\"text-align: justify\">Si esos ni\u00f1os descendieran de las rocas recibir\u00e1 esmerada educaci\u00f3n.<\/p>\n<p style=\"text-align: justify\">Ver una gran roca en medio del mar le aconseja que debe usar perseverancia pa\u00adra aniquilar a sus enemigos.<\/p>\n<\/div>\n<p>&nbsp;<\/p>\n<p style=\"text-align: justify\">\n<p>&nbsp;<\/p>\n<p>&nbsp;<\/p>\n","protected":false},"excerpt":{"rendered":"<p>\u00bfQu\u00e9 significa so\u00f1ar con Afecto? So\u00f1ar con recibir el afecto de personas conocidas, significa que cumplir\u00e1 todas sus metas en un corto periodo, adem\u00e1s este sue\u00f1o tambi\u00e9n indica que tendr\u00e1 un reconocimiento. Si en el sue\u00f1o recibir\u00e1 afecto de personas desconocidas, significa que debe ser precavido. So\u00f1ar con el afecto de su pareja o de [&hellip;]<\/p>\n","protected":false},"author":8062,"featured_media":0,"parent":0,"menu_order":0,"comment_status":"open","ping_status":"open","template":"","meta":{"footnotes":""},"class_list":["post-77","page","type-page","status-publish","hentry"],"_links":{"self":[{"href":"https:\/\/blog.espol.edu.ec\/jorergar\/wp-json\/wp\/v2\/pages\/77","targetHints":{"allow":["GET"]}}],"collection":[{"href":"https:\/\/blog.espol.edu.ec\/jorergar\/wp-json\/wp\/v2\/pages"}],"about":[{"href":"https:\/\/blog.espol.edu.ec\/jorergar\/wp-json\/wp\/v2\/types\/page"}],"author":[{"embeddable":true,"href":"https:\/\/blog.espol.edu.ec\/jorergar\/wp-json\/wp\/v2\/users\/8062"}],"replies":[{"embeddable":true,"href":"https:\/\/blog.espol.edu.ec\/jorergar\/wp-json\/wp\/v2\/comments?post=77"}],"version-history":[{"count":11,"href":"https:\/\/blog.espol.edu.ec\/jorergar\/wp-json\/wp\/v2\/pages\/77\/revisions"}],"predecessor-version":[{"id":87,"href":"https:\/\/blog.espol.edu.ec\/jorergar\/wp-json\/wp\/v2\/pages\/77\/revisions\/87"}],"wp:attachment":[{"href":"https:\/\/blog.espol.edu.ec\/jorergar\/wp-json\/wp\/v2\/media?parent=77"}],"curies":[{"name":"wp","href":"https:\/\/api.w.org\/{rel}","templated":true}]}}