{"id":39,"date":"2009-08-11T00:41:45","date_gmt":"2009-08-11T04:41:45","guid":{"rendered":"http:\/\/blog.espol.edu.ec\/jorgeandres91\/?page_id=39"},"modified":"2009-08-11T23:37:23","modified_gmt":"2009-08-12T03:37:23","slug":"a-yop","status":"publish","type":"page","link":"https:\/\/blog.espol.edu.ec\/jorgeandres91\/a-yop\/","title":{"rendered":"A Yop"},"content":{"rendered":"<p style=\"text-align: center\"><a href=\"http:\/\/blog.espol.edu.ec\/jorgeandres91\/files\/2009\/08\/dsc01577.jpg\"><\/a><strong><em>Hola a todos...<\/em><\/strong><\/p>\n<p><em>En primer lugar quiero agradecerles a todos aquellos que visiten mi blog.<br \/>\nHahora les contar\u00e9 un poco sobre mi.<\/em><\/p>\n<p><em>Mi nombre es Jorge Andr\u00e9s Guerrero Medina.<br \/>\nNaci el 16 de Julio de 1991.<br \/>\nEstudi\u00e9 en la Escuela Particular Mixta Evang\u00e9lica # 172 \"Pastor Clemente Rivera Briones\".<br \/>\nUna vez terminada la escula ingrese al Colegio Particular \"Mercantil\", en el cual solo estudie 8vo y 9no B\u00e1sico, devido a causas personales me tuve que retirar e ingrese al Instituto Superior Tecnol\u00f3gico \"Jos\u00e9 Andr\u00e9s Mateus\" en el cual conclu\u00ed mis estudios de colegio y me gradu\u00e9 el 3 de Febrero del 2009.<\/em><\/p>\n<p style=\"text-align: center\"><em>\u00a0<img loading=\"lazy\" decoding=\"async\" class=\"size-full wp-image-40  aligncenter\" src=\"http:\/\/blog.espol.edu.ec\/jorgeandres91\/files\/2009\/08\/dsc01577.jpg\" alt=\"dsc01577\" width=\"369\" height=\"271\" \/><\/em><\/p>\n<p><em>\u00a0<\/em><\/p>\n<p><em>En la actualidad me encuentro estudiando en la Escuela Superior Polit\u00e9cnica del Litoral, la carrera de Ingenier\u00eda en Auditor\u00eda y Contadur\u00eda P\u00fablica.<\/em><\/p>\n<p><em>\u00a0<\/em><\/p>\n<p><strong><em>Mi Familia.<\/em><\/strong><\/p>\n<p><em>Bueno lo que les puedo hablar de mi familia es que vivo con mi pap\u00e1, Jorge Guerrero Morquecho; mi mam\u00e1, Eliana Medina Mu\u00f1oz; mi hermana, Rebeca Guerrero Medina; ademas tenemos una perro de mascota que se llama Ner\u00f3n y es el ingreido de la casa.<\/em><\/p>\n<p style=\"text-align: center\"><a href=\"http:\/\/blog.espol.edu.ec\/jorgeandres91\/files\/2009\/08\/dsc01886.jpg\"><em><img loading=\"lazy\" decoding=\"async\" class=\"size-medium wp-image-41 aligncenter\" src=\"http:\/\/blog.espol.edu.ec\/jorgeandres91\/files\/2009\/08\/dsc01886-300x225.jpg\" alt=\"Mi familia\" width=\"300\" height=\"225\" srcset=\"https:\/\/blog.espol.edu.ec\/jorgeandres91\/files\/2009\/08\/dsc01886-300x225.jpg 300w, https:\/\/blog.espol.edu.ec\/jorgeandres91\/files\/2009\/08\/dsc01886-1024x768.jpg 1024w, https:\/\/blog.espol.edu.ec\/jorgeandres91\/files\/2009\/08\/dsc01886.jpg 1632w\" sizes=\"auto, (max-width: 300px) 100vw, 300px\" \/><\/em><\/a><em>\u00a0<\/em><\/p>\n<ul>\n<li><strong><em>Mis Amigos<\/em><\/strong><\/li>\n<\/ul>\n<p><em>La verdad tengo much@s, algunos son del cole, otros del barrio y ahora tambien de la universidad. Mantengo una buena relaci\u00f3n con ellos.<\/em><\/p>\n<ul>\n<li><em>Mi Hobbie<\/em><\/li>\n<\/ul>\n<p><em>Bueno pu\u00e9s la verdad mi hobbie es jugar futbol, es el deporte que m\u00e1s practico, pero claro no el unico, ademas juego bolly, y de ves en cuando b\u00e1squet, otra de las cosas que me gusta hacer es escuchar m\u00fasica, y ver la televisi\u00f3n.<\/em><\/p>\n<p><em>\u00a0<\/em><\/p>\n<ul>\n<li><em>Mis Intereses.<\/em><\/li>\n<\/ul>\n<p><em>La verdad lo primero que quiero lograr es terminar mi carrera en la universidad, luego seguir estudiando para obtener m\u00e1s t\u00edtulos y asi tener un buen empleo, ganar mucho dinero y viajar a todas partes.<\/em><\/p>\n<p><em>Otro de mis intereses es ser profesor de la ESPOL.<\/em><\/p>\n<p><em><\/em><\/p>\n<p><em>Aqui les dejo mis direcciones electronicas por si desean comunicarse conmigo<\/em><\/p>\n<p><em>mail espol: <a href=\"mailto:joraguer@espol.edu.ec\">joraguer@espol.edu.ec<\/a> <\/em><\/p>\n<p><em>hotmail: <a href=\"mailto:andrsg_91@hotmail.com\">andrsg_91@hotmail.com<\/a><\/em><\/p>\n<p><em>hi5: <a href=\"mailto:jorg_andrs_g91@hotmail.com\">jorg_andrs_g91@hotmail.com<\/a> <\/em><\/p>\n","protected":false},"excerpt":{"rendered":"<p>Hola a todos... En primer lugar quiero agradecerles a todos aquellos que visiten mi blog. Hahora les contar\u00e9 un poco sobre mi. Mi nombre es Jorge Andr\u00e9s Guerrero Medina. Naci el 16 de Julio de 1991. Estudi\u00e9 en la Escuela Particular Mixta Evang\u00e9lica # 172 \"Pastor Clemente Rivera Briones\". Una vez terminada la escula ingrese [&hellip;]<\/p>\n","protected":false},"author":1829,"featured_media":0,"parent":0,"menu_order":0,"comment_status":"open","ping_status":"open","template":"","meta":{"footnotes":""},"class_list":["post-39","page","type-page","status-publish","hentry"],"_links":{"self":[{"href":"https:\/\/blog.espol.edu.ec\/jorgeandres91\/wp-json\/wp\/v2\/pages\/39","targetHints":{"allow":["GET"]}}],"collection":[{"href":"https:\/\/blog.espol.edu.ec\/jorgeandres91\/wp-json\/wp\/v2\/pages"}],"about":[{"href":"https:\/\/blog.espol.edu.ec\/jorgeandres91\/wp-json\/wp\/v2\/types\/page"}],"author":[{"embeddable":true,"href":"https:\/\/blog.espol.edu.ec\/jorgeandres91\/wp-json\/wp\/v2\/users\/1829"}],"replies":[{"embeddable":true,"href":"https:\/\/blog.espol.edu.ec\/jorgeandres91\/wp-json\/wp\/v2\/comments?post=39"}],"version-history":[{"count":5,"href":"https:\/\/blog.espol.edu.ec\/jorgeandres91\/wp-json\/wp\/v2\/pages\/39\/revisions"}],"predecessor-version":[{"id":44,"href":"https:\/\/blog.espol.edu.ec\/jorgeandres91\/wp-json\/wp\/v2\/pages\/39\/revisions\/44"}],"wp:attachment":[{"href":"https:\/\/blog.espol.edu.ec\/jorgeandres91\/wp-json\/wp\/v2\/media?parent=39"}],"curies":[{"name":"wp","href":"https:\/\/api.w.org\/{rel}","templated":true}]}}