{"id":29,"date":"2009-06-10T17:25:06","date_gmt":"2009-06-10T21:25:06","guid":{"rendered":"http:\/\/blog.espol.edu.ec\/jorludua\/?page_id=29"},"modified":"2009-08-10T23:34:02","modified_gmt":"2009-08-11T03:34:02","slug":"yooooop","status":"publish","type":"page","link":"https:\/\/blog.espol.edu.ec\/jorludua\/yooooop\/","title":{"rendered":"yooooop!!!!"},"content":{"rendered":"<p style=\"text-align: center\"><span style=\"color: #000000\"><span style=\"font-size: 8pt;font-family: Verdana\"><a href=\"http:\/\/blog.espol.edu.ec\/jorludua\/files\/2009\/06\/jardin_1.jpg\"><img loading=\"lazy\" decoding=\"async\" class=\"size-full wp-image-76 aligncenter\" src=\"http:\/\/blog.espol.edu.ec\/jorludua\/files\/2009\/06\/jardin_1.jpg\" alt=\"jardin_1\" width=\"144\" height=\"179\" \/><\/a><\/span><\/span><\/p>\n<p style=\"text-align: justify\"><span style=\"color: #000000\"><span style=\"font-size: 8pt;font-family: Verdana\">Bueno para empezar me llamo <a title=\"Hi5\" href=\"http:\/\/www.hi5.com\/friend\/profile\/displaySameProfile.do?userid=144525088\" target=\"_blank\">Jorge Luis Duarte Carriel<\/a> naci un 21 de noviembre de 1991. Segu\u00ed el jard\u00edn en \"Casita de Verano\".<\/span><\/span><\/p>\n<p style=\"text-align: justify\"><span style=\"color: #000000\"><span style=\"font-size: 8pt;font-family: Verdana\">Mi primaria la realic\u00e9 en la escuela Salesiana San Juan Bosco y continu\u00e9 con la secundaria en la Unidad Educativa Card. Bernardino Echeverr\u00eda Ruiz.<\/span><\/span><\/p>\n<p><span style=\"color: #000000\"> <\/span><\/p>\n<p><span style=\"color: #000000\"><span style=\"font-size: 8pt;font-family: Verdana\"> <\/span><\/span><\/p>\n<p style=\"text-align: center\"><span style=\"color: #000000\"><span style=\"font-size: 8pt;font-family: Verdana\"><a href=\"http:\/\/blog.espol.edu.ec\/jorludua\/files\/2009\/06\/cole_3.jpg\"><img loading=\"lazy\" decoding=\"async\" class=\"size-medium wp-image-77 aligncenter\" src=\"http:\/\/blog.espol.edu.ec\/jorludua\/files\/2009\/06\/cole_3-300x263.jpg\" alt=\"cole_3\" width=\"261\" height=\"231\" \/><\/a><\/span><\/span><\/p>\n<p><span style=\"color: #000000\"><span style=\"font-size: 8pt;font-family: Verdana\">Que mas puedo decirle mmmmm....soy superdato pero no le aguanto a NADIE, me gusta molestar con mis panas, salir a farrear, escuchar m\u00fasica, jugar pelota, patinar, me gusta ir al cine siempre y cuando este bien acompa\u00f1ado mmm pos ke mas ke mas?? mmm soy un buen amigo, siempre estar\u00e9 ah\u00ed para apoyarlos en lo ke sea necesario siempre y cuando este en las medidas de mis capacidades y posibilidades jaja... si es necesario pongo el pecho a las balas x mis panas xq el que se mete con mis panas se mete conmigo\u2026 cualkier cosa ke me la kieras decir, vas y me busks ke tu sabes donde encontrarme ke yo te ayudare\u2026. amo a mi enana jajaja mi hermana, tiene 9 a\u00f1itos pero siempre me apoya y me tapa mis tonteras \u2026pos ke mas te puedo decir?? mmm ya me gradue, no como keria ni donde keria pero ya me gradu\u00e9 x fin jaja me refiero solo al cole xq de los panas no me quejo son los mejores\u2026.jejejee esos momentos inolvidables que pasamos\u2026jajajaja full risa y joda\u2026.. Ahora tengo un nuevo objetivo egresar de la ESPOL con mi titulo de Ing. en Auditoria pero esto apenas inicia y queda mucho por recorrer.  Solo espero que todo salga bien..... =)<\/span><\/span><\/p>\n<p><span style=\"color: #ffffff\"> <\/span><\/p>\n","protected":false},"excerpt":{"rendered":"<p>Bueno para empezar me llamo Jorge Luis Duarte Carriel naci un 21 de noviembre de 1991. Segu\u00ed el jard\u00edn en \"Casita de Verano\". Mi primaria la realic\u00e9 en la escuela Salesiana San Juan Bosco y continu\u00e9 con la secundaria en la Unidad Educativa Card. Bernardino Echeverr\u00eda Ruiz. Que mas puedo decirle mmmmm....soy superdato pero no [&hellip;]<\/p>\n","protected":false},"author":1850,"featured_media":0,"parent":0,"menu_order":0,"comment_status":"open","ping_status":"open","template":"","meta":{"footnotes":""},"class_list":["post-29","page","type-page","status-publish","hentry"],"_links":{"self":[{"href":"https:\/\/blog.espol.edu.ec\/jorludua\/wp-json\/wp\/v2\/pages\/29","targetHints":{"allow":["GET"]}}],"collection":[{"href":"https:\/\/blog.espol.edu.ec\/jorludua\/wp-json\/wp\/v2\/pages"}],"about":[{"href":"https:\/\/blog.espol.edu.ec\/jorludua\/wp-json\/wp\/v2\/types\/page"}],"author":[{"embeddable":true,"href":"https:\/\/blog.espol.edu.ec\/jorludua\/wp-json\/wp\/v2\/users\/1850"}],"replies":[{"embeddable":true,"href":"https:\/\/blog.espol.edu.ec\/jorludua\/wp-json\/wp\/v2\/comments?post=29"}],"version-history":[{"count":11,"href":"https:\/\/blog.espol.edu.ec\/jorludua\/wp-json\/wp\/v2\/pages\/29\/revisions"}],"predecessor-version":[{"id":32,"href":"https:\/\/blog.espol.edu.ec\/jorludua\/wp-json\/wp\/v2\/pages\/29\/revisions\/32"}],"wp:attachment":[{"href":"https:\/\/blog.espol.edu.ec\/jorludua\/wp-json\/wp\/v2\/media?parent=29"}],"curies":[{"name":"wp","href":"https:\/\/api.w.org\/{rel}","templated":true}]}}