{"id":68,"date":"2009-08-10T13:37:19","date_gmt":"2009-08-10T17:37:19","guid":{"rendered":"http:\/\/blog.espol.edu.ec\/jorludua\/?page_id=68"},"modified":"2009-08-11T11:02:32","modified_gmt":"2009-08-11T15:02:32","slug":"deportes","status":"publish","type":"page","link":"https:\/\/blog.espol.edu.ec\/jorludua\/deportes\/","title":{"rendered":"Deportes"},"content":{"rendered":"<div><strong><\/strong><\/div>\n<div><strong><\/strong><\/div>\n<p class=\"MsoNormal\" style=\"text-align: center\"><span style=\"color: #000000\"><strong><span style=\"font-size: 16pt;font-family: Verdana\">Antonio Valencia brill\u00f3 en su estreno en Old Trafford<\/span><\/strong><\/span><\/p>\n<p style=\"text-align: center\"><span style=\"color: #000000\"><span style=\"font-size: 8pt;font-family: Verdana\"><a href=\"http:\/\/blog.espol.edu.ec\/jorludua\/files\/2009\/08\/0331v8y-300x180.jpg\"><img loading=\"lazy\" decoding=\"async\" class=\"size-full wp-image-74   aligncenter\" src=\"http:\/\/blog.espol.edu.ec\/jorludua\/files\/2009\/08\/0331v8y-300x180.jpg\" alt=\"ANTONIO VALENCIA\" width=\"300\" height=\"198\" \/><\/a><\/span><\/span><\/p>\n<p style=\"text-align: justify\"><span style=\"color: #000000\"><span style=\"font-size: 8pt;font-family: Verdana\">Nuevamente Antonio Valencia se destac\u00f3 en el Manchester United. Y en esta ocasi\u00f3n, fue en la primera vez en la que actuaba en el Teatro de los Sue\u00f1os. El extremo ecuatoriano asisti\u00f3 a Rooney para el primero y dio el centro para el segundo. Old Trafford lo apludi\u00f3.<\/span><\/span><\/p>\n<p style=\"text-align: justify\"><span style=\"color: #000000\"><span style=\"font-size: 8pt;font-family: Verdana\">Todo parece indicar que el nacido en Lago Agrio est\u00e1 para grandes cosas en su nuevo club. Hace pocos minutos concluy\u00f3 en Manchester, el \u00faltimo partido preparatorio de los Diablos Rojos, antes del inicio de la temporada oficial.<\/span><\/span><\/p>\n<p style=\"text-align: justify\"><span style=\"color: #000000\"><span style=\"font-size: 8pt;font-family: Verdana\">Antonio arranc\u00f3 de titular y jug\u00f3 casi todo el partido, incluso permaneci\u00f3 en cancha luego de que Rooney, Owen y Carrick fuesen substitu\u00eddos. Su actuaci\u00f3n, llen\u00f3 de ilusi\u00f3n a las gradas del Old Trafford, que lo ovacionaron c<\/span><span style=\"font-size: 8pt;font-family: Verdana\">uando fue reemplazado por Nani a diez del final.<\/span><\/span><\/p>\n<p style=\"text-align: justify\"><span style=\"color: #000000\"><span style=\"font-size: 8pt;font-family: Verdana\">El sensacional extremo amaz\u00f3nico fue una verdadera pesadilla para el cuadro espa\u00f1ol por la banda derecha. Tanto as\u00ed, que de sus pies surgieron las jugadas para los dos goles del triunfo de los Red Devils. Al 52\u2019, luego de un desborde supers\u00f3nico, Antonio se la puso como con la mano al \u2018Baby\u2019 Rooney, quien la mand\u00f3 a guardar de un frentazo.<\/span><\/span><\/p>\n<p style=\"text-align: justify\"><span style=\"color: #000000\"><span style=\"font-size: 8pt;font-family: Verdana\">Y ya cuando en la cancha, el ecuatoriano era el principal referente del equipo de Sir Alex, llegar\u00eda otro destello del amaz\u00f3nico. Al 73\u2019, nuevamente Valencia hac\u00eda lo que quer\u00eda con la zaga valencianista, y tras un pase gol suyo, el bal\u00f3n rebotaba y le quedaba a los pies de John Cleverley, qui\u00e9n s\u00f3lo la empujaba para aumentar la ventaja del United.<\/span><\/span><\/p>\n<p style=\"text-align: justify\"><span style=\"color: #000000\"><span style=\"font-size: 8pt;font-family: Verdana\">Antonio mostr\u00f3 una velocidad, potencia y precisi\u00f3n, que dejaron encandilados a los miles de asistentes al encuentro. Valencia est\u00e1 para cosas grandes como Diablo Rojo y lo sigue demostrando donde importa.<\/span><\/span><\/p>\n<p class=\"MsoNormal\" style=\"margin: 0cm 0cm 0pt;text-align: justify\"><span style=\"color: #000000\"><span style=\"font-size: 8pt\"><span style=\"font-family: Times New Roman\"><strong>REFERENCIA ELECTRONICA<\/strong><\/span><\/span><\/span><\/p>\n<p class=\"MsoNormal\" style=\"margin: 0cm 0cm 0pt;text-align: justify\"><span style=\"color: #000000\"><span style=\"font-size: 8pt\"><strong>MIRANDO EL HORIZONTE. (2009)<\/strong> <strong><em>\u201cAntonio Valencia brill\u00f3 en su estreno en Old Trafford\u201d <\/em><\/strong>, Obtenido el 6 de agosto de 2009 desde: <a href=\"http:\/\/mirandoelhorizonte.wordpress.com\/2009\/08\/06\/antonio-valencia-brillo-en-su-estreno-en-old-trafford\/\">http:\/\/mirandoelhorizonte.wordpress.com\/2009\/08\/06\/antonio-valencia-brillo-en-su-estreno-en-old-trafford\/<\/a><\/span><\/span><\/p>\n<p class=\"MsoNormal\" style=\"margin: 0cm 0cm 0pt;text-align: justify\">\u00a0<\/p>\n<p style=\"text-align: justify\">\u00a0<\/p>\n<p style=\"text-align: justify\">\u00a0<\/p>\n<p class=\"MsoNormal\" style=\"text-align: center\"><span style=\"color: #000000\"><strong><span style=\"font-size: 16pt\"><span style=\"font-family: Times New Roman\">Cristiano no viaja con su selecci\u00f3n por una gripe<\/span><\/span><\/strong><\/span><\/p>\n<p class=\"MsoNormal\" style=\"margin: 0cm 0cm 0pt;text-align: justify\">\u00a0<\/p>\n<p class=\"MsoNormal\" style=\"margin: 0cm 0cm 0pt;text-align: justify\">\u00a0<\/p>\n<p class=\"MsoNormal\" style=\"text-align: center\"><span style=\"color: #000000\"><span style=\"font-size: 8pt\"><span style=\"font-family: Times New Roman\"><span style=\"font-size: 9pt\"><a href=\"http:\/\/blog.espol.edu.ec\/jorludua\/files\/2009\/08\/1249919337244.jpg\"><img loading=\"lazy\" decoding=\"async\" class=\"size-full wp-image-82   aligncenter\" src=\"http:\/\/blog.espol.edu.ec\/jorludua\/files\/2009\/08\/1249919337244.jpg\" alt=\"RONALDO\" width=\"218\" height=\"353\" \/><\/a> <\/span><\/span><\/span><\/span><\/p>\n<p class=\"MsoNormal\" style=\"margin: 0cm 0cm 0pt;text-align: justify\">\n<p class=\"MsoNormal\" style=\"margin: 0cm 0cm 0pt;text-align: justify\"><span style=\"color: #000000\"><span style=\"font-size: 9pt\">Queiroz indic\u00f3 que el Real Madrid ha preferido que el portugu\u00e9s no viaje con el resto de la expedici\u00f3n a Vaduz, donde se disputar\u00e1 el partido, y se neg\u00f3 a explicar los pormenores de la situaci\u00f3n de Cristiano Ronaldo.<\/span><\/span><\/p>\n<p class=\"MsoNormal\" style=\"margin: 0cm 0cm 0pt;text-align: justify\"><span style=\"color: #000000\"><\/span><\/p>\n<p class=\"MsoNormal\" style=\"margin: 0cm 0cm 0pt;text-align: justify\">\u00a0<\/p>\n<p class=\"MsoNormal\" style=\"margin: 0cm 0cm 0pt;text-align: justify\"><span style=\"color: #000000\"><span style=\"font-size: 9pt\">\"Por el momento estamos a la espera\" de que el club espa\u00f1ol \"tome una decisi\u00f3n definitiva sobre su participaci\u00f3n\", explic\u00f3 el entrenador. <\/span><\/span><span style=\"color: #000000\"><span style=\"font-size: 9pt\">El Real Madrid ha divulgado en su p\u00e1gina web que el delantero portugu\u00e9s regres\u00f3 de Estados Unidos, donde el equipo estuvo de gira, con s\u00edntomas gripales.<\/span><\/span><\/p>\n<p class=\"MsoNormal\" style=\"margin: 0cm 0cm 0pt;text-align: justify\"><span style=\"color: #000000\"><\/span><\/p>\n<p class=\"MsoNormal\" style=\"margin: 0cm 0cm 0pt;text-align: justify\">\u00a0<\/p>\n<p class=\"MsoNormal\" style=\"margin: 0cm 0cm 0pt;text-align: justify\"><span style=\"color: #000000\"><span style=\"font-size: 9pt\">El atacante madridista no disput\u00f3 el domingo la segunda parte del partido que midi\u00f3 a su equipo con el DC United por un proceso gripal, pero Queiroz no quiso referirse a la posibilidad de que tenga Gripe A. <\/span><\/span><\/p>\n<p class=\"MsoNormal\" style=\"margin: 0cm 0cm 0pt;text-align: justify\"><span style=\"color: #000000\"><\/span><\/p>\n<p class=\"MsoNormal\" style=\"margin: 0cm 0cm 0pt;text-align: justify\">\u00a0<\/p>\n<p class=\"MsoNormal\" style=\"margin: 0cm 0cm 0pt;text-align: justify\"><span style=\"color: #000000\"><span style=\"font-size: 9pt\">\"No s\u00e9, no puedo hacer comentarios sobre eso, no merece la pena especular antes de que tengamos informaci\u00f3n oficial del Real Madrid\", a\u00f1adi\u00f3, a la espera de que el jugador, que esta ma\u00f1ana lleg\u00f3 a la capital con sus compa\u00f1eros, pueda concentrarse para el encuentro amistoso del mi\u00e9rcoles. <\/span><\/span><\/p>\n<p class=\"MsoNormal\" style=\"margin: 0cm 0cm 0pt;text-align: justify\"><span style=\"color: #000000\"><\/span><\/p>\n<p class=\"MsoNormal\" style=\"margin: 0cm 0cm 0pt;text-align: justify\">\u00a0<\/p>\n<p class=\"MsoNormal\" style=\"margin: 0cm 0cm 0pt;text-align: justify\"><span style=\"color: #000000\"><span style=\"font-size: 9pt\">Otros cuatro jugadores de la Liga espa\u00f1ola de f\u00fatbol han sido convocados para disputar el encuentro frente a Liechtenstein del pr\u00f3ximo mi\u00e9rcoles. El central Pepe, del Real Madrid; el centrocampista del Sevilla Duda; el extremo del Atl\u00e9tico de Madrid Simao Sabrosa y el lateral derecho del Valencia Miguel son la representaci\u00f3n 'espa\u00f1ola' entre los elegidos por Queiroz.<\/span><\/span><\/p>\n<p class=\"MsoNormal\" style=\"margin: 0cm 0cm 0pt;text-align: justify\"><span style=\"color: #000000\"><\/span><\/p>\n<p class=\"MsoNormal\" style=\"margin: 0cm 0cm 0pt;text-align: justify\">\u00a0<\/p>\n<p class=\"MsoNormal\" style=\"margin: 0cm 0cm 0pt;text-align: justify\"><span style=\"color: #000000\"><span style=\"font-size: 8pt\"><span style=\"font-family: Times New Roman\"><strong>REFERENCIA ELECTRONICA<\/strong><\/span><\/span><\/span><\/p>\n<p class=\"MsoNormal\" style=\"margin: 0cm 0cm 0pt;text-align: justify\"><span style=\"color: #000000\"><span style=\"font-size: 8pt\"><span style=\"font-family: Times New Roman\"><strong>RTVES. (2009) <em>\u201cCristiano no viaja con su selecci\u00f3n por une gripe\u201d <\/em><\/strong>, Obtenido el 10 de agosto de 2009 desde: <\/span><a href=\"http:\/\/www.rtve.es\/deportes\/20090810\/cristiano-viaja-con-seleccion-por-una-gripe\/288558.shtml\"><span style=\"font-family: Times New Roman\">http:\/\/www.rtve.es\/deportes\/20090810\/cristiano-viaja-con-seleccion-por-una-gripe\/288558.shtml<\/span><\/a><\/span><\/span><\/p>\n<p class=\"MsoNormal\" style=\"margin: 0cm 0cm 0pt;text-align: justify\">\u00a0<\/p>\n<p style=\"text-align: justify\">\u00a0<\/p>\n<p class=\"MsoNormal\" style=\"text-align: center\"><span style=\"color: #000000\"><strong><span style=\"font-size: 16pt\"><span style=\"font-family: Times New Roman\">Higua\u00edn y Robben se reivindican con goles<\/span><\/span><\/strong><\/span><\/p>\n<p class=\"MsoNormal\" style=\"margin: 0cm 0cm 0pt;text-align: justify\"><span style=\"color: #000000\"><strong><\/strong><\/span><\/p>\n<p class=\"MsoNormal\" style=\"text-align: center\"><span style=\"color: #000000\"><span style=\"font-size: 9pt\"><\/span><span style=\"font-size: 9pt\"><span style=\"font-family: Times New Roman\"><a href=\"http:\/\/blog.espol.edu.ec\/jorludua\/files\/2009\/08\/1249853086021.jpg\"><img loading=\"lazy\" decoding=\"async\" class=\"size-full wp-image-83   aligncenter\" src=\"http:\/\/blog.espol.edu.ec\/jorludua\/files\/2009\/08\/1249853086021.jpg\" alt=\"Higuain\" width=\"274\" height=\"215\" \/><\/a><\/span><\/span><\/span><\/p>\n<p class=\"MsoNormal\" style=\"margin: 0cm 0cm 0pt;text-align: justify\">\n<p class=\"MsoNormal\" style=\"margin: 0cm 0cm 0pt;text-align: justify\"><span style=\"color: #000000\"><span style=\"font-size: 9pt\"><span style=\"font-family: Times New Roman\">El Real Madrid venci\u00f3 (0-3) al DC United en el segundo y \u00faltimo partido de su gira norteamericana, disputado en el FedEx Field de Washington, con los nombres de Higua\u00edn, con dos goles, y Robben, con uno, como protagonistas del partido en el primer encuentro del delantero argentino como titular. <\/span><\/span><\/span><\/p>\n<p class=\"MsoNormal\" style=\"margin: 0cm 0cm 0pt;text-align: justify\"><span style=\"color: #000000\"><span style=\"font-size: 9pt\"><\/span><\/span><\/p>\n<p class=\"MsoNormal\" style=\"margin: 0cm 0cm 0pt;text-align: justify\">\u00a0<\/p>\n<p class=\"MsoNormal\" style=\"margin: 0cm 0cm 0pt;text-align: justify\"><span style=\"color: #000000\"><span style=\"font-size: 9pt\"><\/span><span style=\"font-size: 9pt\"><span style=\"font-family: Times New Roman\">El partido comenz\u00f3 con un minuto de silencio en memoria del fallecido Daniel Jarque, capit\u00e1n del Espanyol, que apareci\u00f3 muerto este s\u00e1bado en la habitaci\u00f3n del hotel en el que estaba concentrado el equipo catal\u00e1n debido a una aristolia. <\/span><\/span><\/span><\/p>\n<p class=\"MsoNormal\" style=\"margin: 0cm 0cm 0pt;text-align: justify\"><span style=\"color: #000000\"><span style=\"font-size: 9pt\"><\/span><\/span><\/p>\n<p class=\"MsoNormal\" style=\"margin: 0cm 0cm 0pt;text-align: justify\">\u00a0<\/p>\n<p class=\"MsoNormal\" style=\"margin: 0cm 0cm 0pt;text-align: justify\"><span style=\"color: #000000\"><span style=\"font-size: 9pt\"><\/span><span style=\"font-size: 9pt\"><span style=\"font-family: Times New Roman\">En lo referente al encuentro, Manuel Pellegrini opt\u00f3 por dar la titularidad a Xabi Alonso y a Gonzalo Higua\u00edn debido a las ausencias de Lass Diarra y de Karim Benzema, que abandonaron la concentraci\u00f3n del equipo blanco para ponerse a las \u00f3rdenes del seleccionador galo, Raymond Domenech. <\/span><\/span><\/span><\/p>\n<p class=\"MsoNormal\" style=\"margin: 0cm 0cm 0pt;text-align: justify\"><span style=\"color: #000000\"><span style=\"font-size: 9pt\"><\/span><\/span><\/p>\n<p class=\"MsoNormal\" style=\"margin: 0cm 0cm 0pt;text-align: justify\">\u00a0<\/p>\n<p class=\"MsoNormal\" style=\"margin: 0cm 0cm 0pt;text-align: justify\"><span style=\"color: #000000\"><span style=\"font-size: 9pt\"><\/span><span style=\"font-size: 9pt\"><span style=\"font-family: Times New Roman\">Tras el 1-5 que endos\u00f3 al Toronto en el anterior partido, la calidad del DC United, equipo m\u00e1s laureado de la Major Soccer League, hizo ver a\u00fan algunas carencias en el once 'blanco' que vio c\u00f3mo en la primera parte los americanos llevaron el peso del partido en lo referente a la posesi\u00f3n de bal\u00f3n. <\/span><\/span><\/span><\/p>\n<p class=\"MsoNormal\" style=\"margin: 0cm 0cm 0pt;text-align: justify\"><span style=\"color: #000000\"><span style=\"font-size: 9pt\"><\/span><\/span><\/p>\n<p class=\"MsoNormal\" style=\"margin: 0cm 0cm 0pt;text-align: justify\">\u00a0<\/p>\n<p class=\"MsoNormal\" style=\"margin: 0cm 0cm 0pt;text-align: justify\"><span style=\"color: #000000\"><span style=\"font-size: 9pt\"><\/span><span style=\"font-size: 9pt\"><span style=\"font-family: Times New Roman\">Pese a la falta de ritmo, algunas 'pinceladas' de Cristiano Ronaldo y las subidas por la banda izquierda de Royston Drenthe estuvieron a punto de dar alg\u00fan disgusto a los americanos, que tuvieron en su portero Wicks a la principal figura. <\/span><\/span><\/span><\/p>\n<p class=\"MsoNormal\" style=\"margin: 0cm 0cm 0pt;text-align: justify\"><span style=\"color: #000000\"><span style=\"font-size: 9pt\"><\/span><\/span><\/p>\n<p class=\"MsoNormal\" style=\"margin: 0cm 0cm 0pt;text-align: justify\">\u00a0<\/p>\n<p class=\"MsoNormal\" style=\"margin: 0cm 0cm 0pt;text-align: justify\"><span style=\"color: #000000\"><span style=\"font-size: 9pt\"><\/span><span style=\"font-size: 9pt\"><span style=\"font-family: Times New Roman\">Tras la reanudaci\u00f3n, Cristiano y Sjneider se quedaron en el banquillo dejando sus puestos a Ra\u00fal y a Robben, que aport\u00f3 m\u00e1s velocidad al partido con sus 'driblings' en la banda derecha. <\/span><\/span><\/span><\/p>\n<p class=\"MsoNormal\" style=\"margin: 0cm 0cm 0pt;text-align: justify\">\u00a0<\/p>\n<p class=\"MsoNormal\" style=\"margin: 0cm 0cm 0pt;text-align: justify\"><span style=\"color: #000000\"><span style=\"font-size: 9pt\"><\/span><span style=\"font-size: 9pt\"><\/span><\/span><\/p>\n<p class=\"MsoNormal\" style=\"margin: 0cm 0cm 0pt;text-align: justify\"><span style=\"color: #000000\"><span style=\"font-size: 9pt\"><span style=\"font-family: Times New Roman\">Fue<\/span><\/span><\/span><span style=\"color: #000000\"><span style=\"font-size: 9pt\"><span style=\"font-family: Times New Roman\">\u00a0la conexi\u00f3n del holand\u00e9s con Higua\u00edn en el minuto 57 la que encarril\u00f3 la victoria del Madrid con dos goles del 'Pipita' en apenas dos minutos, despu\u00e9s de culminar dos contraataques que sentenciaron a los norteamericanos. El ariete argentino, que un a\u00f1o m\u00e1s parte como hipot\u00e9tico suplente, sigue demostrando a la entidad blanca su enorme potencial. <\/span><\/span><\/span><\/p>\n<p class=\"MsoNormal\" style=\"margin: 0cm 0cm 0pt;text-align: justify\">\u00a0<\/p>\n<p class=\"MsoNormal\" style=\"margin: 0cm 0cm 0pt;text-align: justify\"><span style=\"color: #000000\"><span style=\"font-size: 9pt\"><\/span><span style=\"font-size: 9pt\"><\/span><\/span><\/p>\n<p class=\"MsoNormal\" style=\"margin: 0cm 0cm 0pt;text-align: justify\"><span style=\"color: #000000\"><span style=\"font-size: 9pt\"><span style=\"font-family: Times New Roman\">Con el partido ya resuelto, el t\u00e9cnico chileno decidi\u00f3 dar descanso a Xabi Alonso y a Kak\u00e1 con la entrada a Garay en el centro de la defensa y de Guti como 'director de orquesta'. <\/span><\/span><\/span><\/p>\n<p class=\"MsoNormal\" style=\"margin: 0cm 0cm 0pt;text-align: justify\">\u00a0<\/p>\n<p class=\"MsoNormal\" style=\"margin: 0cm 0cm 0pt;text-align: justify\"><span style=\"color: #000000\"><span style=\"font-size: 9pt\"><\/span><span style=\"font-size: 9pt\"><\/span><\/span><\/p>\n<p class=\"MsoNormal\" style=\"margin: 0cm 0cm 0pt;text-align: justify\"><span style=\"color: #000000\"><span style=\"font-size: 9pt\"><span style=\"font-family: Times New Roman\">En el minuto 69, Robben, un jugador que tendr\u00e1 que luchar mucho esta temporada para disfrutar de minutos, firm\u00f3 una sensacional vaselina despu\u00e9s de un pase en profundidad de Pepe que estuvo muy correcto en el centro de la defensa junto con Ra\u00fal Albiol. <\/span><\/span><\/span><\/p>\n<p class=\"MsoNormal\" style=\"margin: 0cm 0cm 0pt;text-align: justify\">\u00a0<\/p>\n<p class=\"MsoNormal\" style=\"margin: 0cm 0cm 0pt;text-align: justify\"><span style=\"color: #000000\"><span style=\"font-size: 9pt\"><\/span><span style=\"font-size: 9pt\"><\/span><\/span><\/p>\n<p class=\"MsoNormal\" style=\"margin: 0cm 0cm 0pt;text-align: justify\"><span style=\"color: #000000\"><span style=\"font-size: 9pt\"><span style=\"font-family: Times New Roman\">Con estos tres goles se lleg\u00f3 al final de un partido en el que, a pesar de la falta de rodaje, jugadores como Higua\u00edn o Robben no dan por perdida la titularidad. <\/span><\/span><\/span><\/p>\n<p class=\"MsoNormal\" style=\"margin: 0cm 0cm 0pt;text-align: justify\">\u00a0<\/p>\n<p class=\"MsoNormal\" style=\"margin: 0cm 0cm 0pt;text-align: justify\"><span style=\"color: #000000\"><span style=\"font-size: 9pt\"><\/span><span style=\"font-size: 9pt\"><\/span><\/span><\/p>\n<p class=\"MsoNormal\" style=\"margin: 0cm 0cm 0pt;text-align: justify\"><span style=\"color: #000000\"><span style=\"font-size: 9pt\"><span style=\"font-family: Times New Roman\">Con esta victoria, el Real Madrid cierra su estancia en Estados Unidos y regresar\u00e1 a Espa\u00f1a donde el pr\u00f3ximo s\u00e1bado se enfrentar\u00e1 en Anoeta a la Real Sociedad con motivo del Centenario del club donostiarra y en un encuentro que adem\u00e1s supondr\u00e1 la vuelta a San Sebasti\u00e1n de Xabi Alonso. <\/span><\/span><\/span><\/p>\n<p class=\"MsoNormal\" style=\"margin: 0cm 0cm 0pt;text-align: justify\">\u00a0<\/p>\n<p class=\"MsoNormal\" style=\"margin: 0cm 0cm 0pt;text-align: justify\"><span style=\"color: #000000\"><span style=\"font-size: 8pt\"><span style=\"font-family: Times New Roman\"><strong><\/strong><\/span><\/span><\/span><\/p>\n<p class=\"MsoNormal\" style=\"margin: 0cm 0cm 0pt;text-align: justify\"><span style=\"color: #000000\"><span style=\"font-size: 8pt\"><span style=\"font-family: Times New Roman\"><strong>REFERENCIA ELECTRONICA<\/strong><\/span><\/span><\/span><\/p>\n<p class=\"MsoNormal\" style=\"margin: 0cm 0cm 0pt;text-align: justify\">\n<p class=\"MsoNormal\" style=\"margin: 0cm 0cm 0pt;text-align: justify\"><span style=\"color: #000000\"><span style=\"font-size: 8pt\"><span style=\"font-family: Times New Roman\"><strong>RTVES. (2009) <em>\u201cHigua\u00edn y Robben se reivindican con goles\u201d <\/em><\/strong>, Obtenido el 9 de agosto de 2009 desde: <a href=\"http:\/\/www.rtve.es\/deportes\/20090809\/higuain-robben-reivindican-con-goles\/288461.shtml\">http:\/\/www.rtve.es\/deportes\/20090809\/higuain-robben-reivindican-con-goles\/288461.shtml<\/a><\/span><\/span><\/span><\/p>\n","protected":false},"excerpt":{"rendered":"<p>Antonio Valencia brill\u00f3 en su estreno en Old Trafford Nuevamente Antonio Valencia se destac\u00f3 en el Manchester United. Y en esta ocasi\u00f3n, fue en la primera vez en la que actuaba en el Teatro de los Sue\u00f1os. El extremo ecuatoriano asisti\u00f3 a Rooney para el primero y dio el centro para el segundo. Old Trafford [&hellip;]<\/p>\n","protected":false},"author":1850,"featured_media":0,"parent":0,"menu_order":0,"comment_status":"open","ping_status":"open","template":"","meta":{"footnotes":""},"class_list":["post-68","page","type-page","status-publish","hentry"],"_links":{"self":[{"href":"https:\/\/blog.espol.edu.ec\/jorludua\/wp-json\/wp\/v2\/pages\/68","targetHints":{"allow":["GET"]}}],"collection":[{"href":"https:\/\/blog.espol.edu.ec\/jorludua\/wp-json\/wp\/v2\/pages"}],"about":[{"href":"https:\/\/blog.espol.edu.ec\/jorludua\/wp-json\/wp\/v2\/types\/page"}],"author":[{"embeddable":true,"href":"https:\/\/blog.espol.edu.ec\/jorludua\/wp-json\/wp\/v2\/users\/1850"}],"replies":[{"embeddable":true,"href":"https:\/\/blog.espol.edu.ec\/jorludua\/wp-json\/wp\/v2\/comments?post=68"}],"version-history":[{"count":21,"href":"https:\/\/blog.espol.edu.ec\/jorludua\/wp-json\/wp\/v2\/pages\/68\/revisions"}],"predecessor-version":[{"id":73,"href":"https:\/\/blog.espol.edu.ec\/jorludua\/wp-json\/wp\/v2\/pages\/68\/revisions\/73"}],"wp:attachment":[{"href":"https:\/\/blog.espol.edu.ec\/jorludua\/wp-json\/wp\/v2\/media?parent=68"}],"curies":[{"name":"wp","href":"https:\/\/api.w.org\/{rel}","templated":true}]}}