{"id":40,"date":"2014-06-01T04:23:52","date_gmt":"2014-06-01T04:23:52","guid":{"rendered":"http:\/\/blog.espol.edu.ec\/josdague\/?page_id=40"},"modified":"2014-06-01T04:37:09","modified_gmt":"2014-06-01T04:37:09","slug":"introduccion-a-league-of-legend","status":"publish","type":"page","link":"https:\/\/blog.espol.edu.ec\/josdague\/introduccion-a-league-of-legend\/","title":{"rendered":"Introduccion a League of legend"},"content":{"rendered":"<p><strong><a href=\"http:\/\/euw.leagueoflegends.com\/es\" target=\"_blank\"><em style=\"color: #000000\">League of Legends<\/em><\/a><\/strong><span style=\"color: #000000\"><strong>\u00a0<\/strong>es un juego competitivo en l\u00ednea de ritmo fren\u00e9tico, que fusiona la velocidad y la intensidad de la estrategia en tiempo real (ETR) con elementos de juegos de rol. Dos equipos de poderosos campeones, cada uno con un dise\u00f1o y estilo de juegos \u00fanicos, compiten cara a cara a trav\u00e9s de diversos campos de batalla y modos de juego. Con un plantel de campeones en constante expansi\u00f3n, actualizaciones frecuentes y un emocionante panorama competitivo,<\/span><em style=\"color: #000000\">League of Legends<\/em><span style=\"color: #000000\">\u00a0ofrece posibilidades de juego ilimitadas a usuarios de todos los niveles de habilidad.<\/span><br \/>\n<iframe loading=\"lazy\" src=\"\/\/www.youtube.com\/embed\/j-hXQ1oEn84\" width=\"560\" height=\"315\" frameborder=\"0\" allowfullscreen=\"allowfullscreen\"><\/iframe><\/p>\n<p style=\"text-align: center\"><em><strong>\u00a0Unete a \u00a0La Liga<\/strong><\/em><\/p>\n<p style=\"text-align: left\"><span style=\"color: #000000\">Descarga League of Legends ahora y \u00fanete a las decenas de millones de jugadores que ya est\u00e1n compitiendo.<\/span><\/p>\n<p style=\"text-align: left\"><img loading=\"lazy\" decoding=\"async\" class=\"aligncenter\" src=\"http:\/\/www.cyberhavell.es\/wp-content\/uploads\/2014\/03\/league-of-legends-game-lol-katarina-versus-ryze-magic-battle.jpg\" alt=\"\" width=\"728\" height=\"510\" \/><\/p>\n<h4 style=\"color: #3e3f41\"><strong>Combate cara a cara<\/strong><\/h4>\n<p style=\"color: #000000\">Combina pensamiento estrat\u00e9gico, reflejos veloces y juego en equipo coordinado para aplastar a tus enemigos, tanto en peque\u00f1as escaramuzas como en intensas batallas 5v5.<\/p>\n<hr class=\"subtle-divider\" style=\"color: #d1d3d4\" \/>\n<h4 style=\"color: #3e3f41\"><strong>Prepara tus estrategias y evoluciona<\/strong><\/h4>\n<p style=\"color: #000000\">Con actualizaciones de juego regulares, m\u00faltiples mapas y modos de juego, y nuevos campeones que se unen a la Liga constantemente, el \u00fanico l\u00edmite posible que se le puede poner a tu \u00e9xito es tu propia ingenuidad.<\/p>\n<hr class=\"subtle-divider\" style=\"color: #d1d3d4\" \/>\n<h4 style=\"color: #3e3f41\"><strong>Compite a tu manera<\/strong><\/h4>\n<p style=\"color: #000000\">Tanto si quieres disfrutar jugando contra bots como si deseas subir posiciones en el sistema de liga, League of Legends tiene la tecnolog\u00eda necesaria para emparejarte con un grupo de competidores de nivel similar.<\/p>\n<hr class=\"subtle-divider\" style=\"color: #d1d3d4\" \/>\n<h4 style=\"color: #3e3f41\"><strong>Lucha con honor<\/strong><\/h4>\n<p style=\"color: #000000\">Compite con honor y recibe menciones especiales de los dem\u00e1s jugadores para recompensar tu forma de jugar.<\/p>\n<hr class=\"subtle-divider\" style=\"color: #d1d3d4\" \/>\n<h4 style=\"color: #3e3f41\"><strong>Disfruta del deporte electr\u00f3nico<\/strong><\/h4>\n<p style=\"color: #000000\">League of Legends tiene la escena competitiva m\u00e1s activa del mundo, por lo que cuenta con numerosos torneos por todo el mundo, incluyendo la prestigiosa Championship Series en la que profesionales con sueldo compiten por llevarse millones.<\/p>\n<hr class=\"subtle-divider\" style=\"color: #d1d3d4\" \/>\n<h4 style=\"color: #3e3f41\"><strong>La comunidad de juego en l\u00ednea m\u00e1s grande del mundo<\/strong><\/h4>\n<p style=\"color: #000000\">\u00danete a la comunidad de juego en l\u00ednea m\u00e1s grande del mundo: haz amigos, forma equipos y enfr\u00e9ntate a decenas de millones de oponentes de pa\u00edses de todo el mundo para luego intercambiar opiniones en reddit, YouTube, foros y m\u00e1s all\u00e1.<\/p>\n<p>&nbsp;<\/p>\n<p style=\"text-align: left\">\n<p style=\"text-align: left\">\n<p style=\"text-align: left\">\n<p style=\"text-align: left\">\n<p style=\"text-align: left\">\n<p style=\"text-align: left\">\n<p style=\"text-align: left\">\n<p style=\"text-align: left\">\n<p style=\"text-align: left\">\n<p style=\"text-align: left\">\n<p style=\"text-align: left\">\n<p style=\"text-align: left\">\n<p style=\"text-align: left\">\n<p style=\"text-align: left\">\n<p style=\"text-align: left\">\n<p style=\"text-align: left\">\n<p style=\"text-align: left\">\n<p style=\"text-align: left\">\n<p style=\"text-align: left\">\n<h4 style=\"color: #3e3f41\"><\/h4>\n<p style=\"text-align: left\">\n<p style=\"text-align: left\">\n<p style=\"text-align: left\">\n<p style=\"text-align: left\">\n<p style=\"text-align: left\">\n<p style=\"text-align: left\">\n<p style=\"text-align: left\">\n<p>&nbsp;<\/p>\n","protected":false},"excerpt":{"rendered":"<p>League of Legends\u00a0es un juego competitivo en l\u00ednea de ritmo fren\u00e9tico, que fusiona la velocidad y la intensidad de la estrategia en tiempo real (ETR) con elementos de juegos de rol. Dos equipos de poderosos campeones, cada uno con un dise\u00f1o y estilo de juegos \u00fanicos, compiten cara a cara a trav\u00e9s de diversos campos &hellip; <\/p>\n<p><a class=\"more-link btn\" href=\"https:\/\/blog.espol.edu.ec\/josdague\/introduccion-a-league-of-legend\/\">Seguir leyendo<\/a><\/p>\n","protected":false},"author":9122,"featured_media":0,"parent":0,"menu_order":0,"comment_status":"open","ping_status":"open","template":"","meta":{"footnotes":""},"class_list":["post-40","page","type-page","status-publish","hentry","nodate","item-wrap"],"_links":{"self":[{"href":"https:\/\/blog.espol.edu.ec\/josdague\/wp-json\/wp\/v2\/pages\/40","targetHints":{"allow":["GET"]}}],"collection":[{"href":"https:\/\/blog.espol.edu.ec\/josdague\/wp-json\/wp\/v2\/pages"}],"about":[{"href":"https:\/\/blog.espol.edu.ec\/josdague\/wp-json\/wp\/v2\/types\/page"}],"author":[{"embeddable":true,"href":"https:\/\/blog.espol.edu.ec\/josdague\/wp-json\/wp\/v2\/users\/9122"}],"replies":[{"embeddable":true,"href":"https:\/\/blog.espol.edu.ec\/josdague\/wp-json\/wp\/v2\/comments?post=40"}],"version-history":[{"count":3,"href":"https:\/\/blog.espol.edu.ec\/josdague\/wp-json\/wp\/v2\/pages\/40\/revisions"}],"predecessor-version":[{"id":42,"href":"https:\/\/blog.espol.edu.ec\/josdague\/wp-json\/wp\/v2\/pages\/40\/revisions\/42"}],"wp:attachment":[{"href":"https:\/\/blog.espol.edu.ec\/josdague\/wp-json\/wp\/v2\/media?parent=40"}],"curies":[{"name":"wp","href":"https:\/\/api.w.org\/{rel}","templated":true}]}}