{"id":44,"date":"2014-06-01T04:59:34","date_gmt":"2014-06-01T04:59:34","guid":{"rendered":"http:\/\/blog.espol.edu.ec\/josdague\/?page_id=44"},"modified":"2014-06-10T03:21:45","modified_gmt":"2014-06-10T03:21:45","slug":"aprende-a-jugar","status":"publish","type":"page","link":"https:\/\/blog.espol.edu.ec\/josdague\/aprende-a-jugar\/","title":{"rendered":"Aprende a Jugar"},"content":{"rendered":"<h1 style=\"color: #2b2b2b\"><span style=\"text-decoration: underline\"><b>Tus primeros pasos en lol (<a href=\"http:\/\/lan.leagueoflegends.com\/?ref=es_ec_goog_dsa\" target=\"_blank\">League of Legend<\/a>).<\/b><\/span><\/h1>\n<h3 class=\"featured\" style=\"color: #000000;text-align: justify\">Muchos factores entran en juego para triunfar en league of legend. Aqu\u00ed aprenderas los aspectos b\u00e1sicos del juego, se familiarizaran con las mec\u00e1nicas b\u00e1sicas gracias a los tutoriales del juego.<\/h3>\n<h3 style=\"color: #3e3f41;text-align: justify\"><strong><a href=\"http:\/\/gameinfo.euw.leagueoflegends.com\/es\/game-info\/champions\/\" target=\"_blank\">Campeones<\/a><\/strong><\/h3>\n<h3 style=\"color: #3e3f41;text-align: justify\">Lol cuenta con campeones de todos los tipos, desde malvadas mentes criminales hasta monstruosas y \u00e9picas criaturas, pasando por todo tipo de personaje que puedes imaginarte. Los diferentes campeones cubren diferentes posiciones y estrategias.<\/h3>\n<h3 style=\"text-align: justify\"><img loading=\"lazy\" decoding=\"async\" class=\"aligncenter\" src=\"http:\/\/blackopsmercenaries.us\/wp-content\/uploads\/2014\/05\/league-of-legends-cheats-and-hacks.jpg\" alt=\"\" width=\"635\" height=\"357\" \/><\/h3>\n<h3 style=\"color: #3e3f41;text-align: justify\"><span style=\"color: #3366ff\"><strong>Como controlar a tu campeon.<\/strong><\/span><\/h3>\n<h3 style=\"color: #000000;text-align: justify\">Con peque\u00f1as diferencias, los campeones usan un sistema de control tradicional de la ETR.<\/h3>\n<ul class=\"arrow-bullets\" style=\"color: #000000;text-align: justify\">\n<li>\n<h3>Para mover a vuestro campe\u00f3n, haced clic derecho sobre el terreno al que quer\u00e9is moveros.<\/h3>\n<\/li>\n<li>\n<h3>Para atacar a un enemigo, haced clic derecho sobre vuestro objetivo.<\/h3>\n<\/li>\n<li>\n<h3>Para lanzar un hechizo, haced clic izquierdo sobre el icono asociado o usad la tecla de acceso r\u00e1pido del hechizo (por defecto: Q, W, E o R) y luego haced clic sobre el objetivo.<\/h3>\n<\/li>\n<\/ul>\n<h3 style=\"color: #000000;text-align: justify\">Los controles se pueden personalizar a trav\u00e9s del men\u00fa Opciones.<\/h3>\n<h3 style=\"text-align: justify\"><iframe loading=\"lazy\" src=\"\/\/www.youtube.com\/embed\/GOInXUENTDc\" width=\"560\" height=\"315\" frameborder=\"0\" allowfullscreen=\"allowfullscreen\"><\/iframe><\/h3>\n<h3 style=\"color: #3e3f41;text-align: justify\"><span style=\"text-decoration: underline;color: #3366ff\"><strong>Calles<\/strong><\/span><\/h3>\n<h3 style=\"color: #000000;text-align: justify\">Existen tres caminos(Top,Mid.Bot) \u00a0que conectan tu base con la del enemigo. Estos caminos se llaman calles y sirven para enfrentarse al equipo enemigo. Para vencer tendr\u00e9is que avanzar por la calle hasta la base enemiga y destruir el nexo que se encuentra en el centro de su base.<\/h3>\n<h3 style=\"color: #000000;text-align: justify\"><img loading=\"lazy\" decoding=\"async\" class=\"alignright\" src=\"http:\/\/4.bp.blogspot.com\/-B9e0D2qUeG8\/UK0SWAEMtDI\/AAAAAAAAAGA\/_V2cRGVVXYY\/s1600\/196051_3149719432962_66192221_n.jpg\" alt=\"\" width=\"319\" height=\"319\" \/><\/h3>\n<h3 style=\"color: #000000;text-align: justify\"><img loading=\"lazy\" decoding=\"async\" class=\"alignleft\" src=\"http:\/\/cdn.leagueoflegends.com\/game-info\/1.1.9\/images\/content\/npg-lanes.jpg\" alt=\"\" width=\"343\" height=\"330\" \/><\/h3>\n<h3 style=\"color: #3e3f41;text-align: justify\"><\/h3>\n<h3 style=\"color: #3e3f41;text-align: justify\"><\/h3>\n<h3 style=\"color: #3e3f41;text-align: justify\"><\/h3>\n<h3 style=\"color: #3e3f41;text-align: justify\"><\/h3>\n<h3 style=\"color: #3e3f41;text-align: justify\"><\/h3>\n<h3 style=\"color: #3e3f41;text-align: justify\"><\/h3>\n<h3 style=\"color: #3e3f41;text-align: justify\"><\/h3>\n<h3 style=\"color: #3e3f41;text-align: justify\"><\/h3>\n<h3 style=\"color: #3e3f41;text-align: justify\"><\/h3>\n<h3 style=\"color: #3e3f41;text-align: justify\"><span style=\"text-decoration: underline\"><span style=\"color: #3366ff\"><strong>S\u00fabditos<\/strong><\/span><\/span><\/h3>\n<h3 style=\"text-align: justify\">Los s\u00fabditos son soldados controlados por la IA que se generan en el nexo y avanzan por cada calle hacia la base enemiga, atacando a todo oponente que se encuentren en el camino. Lograr acabar con un s\u00fabdito otorgar\u00e1 valioso oro a vuestro campe\u00f3n. Los s\u00fabditos prefieren enfrentarse unos a otros, pero atacar\u00e1n a vuestro campe\u00f3n si lo encuentran solo en la calle. Tambi\u00e9n cambiar\u00e1n de objetivo para centrarse en vosotros si atac\u00e1is a un campe\u00f3n aliado cercano. No subestim\u00e9is el poder de una gran oleada de s\u00fabditos, \u00a1sobre todo al principio de la partida!<\/h3>\n<h3 style=\"color: #000000;text-align: justify\"><img loading=\"lazy\" decoding=\"async\" class=\"aligncenter\" src=\"http:\/\/tecnoslave.com\/wp-content\/uploads\/2013\/09\/S%C3%BAbditos-cambios-visuales-lol.jpg\" alt=\"\" width=\"629\" height=\"431\" \/><\/h3>\n<h3 style=\"color: #3e3f41;text-align: justify\"><span style=\"text-decoration: underline\"><span style=\"color: #3366ff\"><strong>Torretas<\/strong><\/span><\/span><\/h3>\n<h3 style=\"text-align: justify\">Las torretas son poderosas estructuras defensivas que defienden cada calle a intervalos regulares, castigando a los enemigos que se pongan a su alcance con mort\u00edferos disparos de energ\u00eda. Al igual que los s\u00fabditos, prefieren atacar a otros objetivos que no se\u00e1is vosotros, salvo que empec\u00e9is a combatir contra otro campe\u00f3n estando a su alcance. Una torreta hostil s\u00f3lo ir\u00e1 a por vosotros si est\u00e1is atacando a un campe\u00f3n enemigo o si sois el \u00fanico objetivo al alcance. Tened cuidado de no empezar un enfrentamiento bajo una torreta enemiga.<img loading=\"lazy\" decoding=\"async\" class=\"aligncenter\" src=\"http:\/\/riot-web-static.s3.amazonaws.com\/images\/news\/October_2013\/TIOPT\/Turret_Indicator3_thumb.jpg\" alt=\"\" width=\"640\" height=\"360\" \/><\/h3>\n<h3 style=\"text-align: justify\"><\/h3>\n<h3 style=\"color: #3e3f41;text-align: justify\"><span style=\"text-decoration: underline;color: #3366ff\"><strong>Inhibidores<\/strong><\/span><\/h3>\n<h3 style=\"color: #000000;text-align: justify\">Unas estructuras importantes, conocidas como inhibidores, se encuentran en el punto donde cada calle llega a la base, a ambos lados del mapa. Destruir un inhibidor crea un poderoso s\u00faper s\u00fabdito cada vez que aparezca una nueva oleada de s\u00fabditos en esa calle. Los s\u00faper s\u00fabditos son muy resistentes, por lo que son ideales para liderar la carga sobre el nexo enemigo. Los inhibidores reaparecen tras cinco minutos, as\u00ed que aprovechad vuestra ventaja durante este tiempo.<\/h3>\n<h3 style=\"color: #000000;text-align: justify\">Si se destruyen los tres inhibidores enemigos, ser\u00e1n dos los s\u00faper s\u00fabditos que se generen en cada calle cada vez que se cree una nueva oleada de s\u00fabditos.<\/h3>\n<h3 style=\"color: #000000;text-align: justify\"><img loading=\"lazy\" decoding=\"async\" class=\"aligncenter\" src=\"http:\/\/cdn.leagueoflegends.com\/game-info\/1.1.9\/images\/content\/npg-inhibitor.jpg\" alt=\"\" width=\"576\" height=\"324\" \/><\/h3>\n<h3 style=\"color: #3e3f41;text-align: justify\"><span style=\"text-decoration: underline;color: #3366ff\"><strong>El nexo<\/strong><\/span><\/h3>\n<h3 style=\"color: #000000;text-align: justify\">El nexo se encuentra en el centro de cada base. Protegido por dos torretas, el nexo es la estructura que genera oleadas de s\u00fabditos en cada calle de forma peri\u00f3dica. Cuando un equipo haya destruido el nexo enemigo, la partida habr\u00e1 acabado y ese equipo ser\u00e1 declarado vencedor.<\/h3>\n<h3 style=\"color: #000000;text-align: justify\"><img loading=\"lazy\" decoding=\"async\" class=\"aligncenter\" src=\"http:\/\/4.bp.blogspot.com\/-So330myDNVk\/UkRhyQJqX2I\/AAAAAAAAAAY\/zJ-ZBbQT2MY\/s1600\/nexo.png\" alt=\"\" width=\"365\" height=\"315\" \/><\/h3>\n<h3 style=\"color: #3e3f41;text-align: justify\"><a href=\"http:\/\/gameinfo.euw.leagueoflegends.com\/es\/game-info\/items\/\" target=\"_blank\"><strong>Objetos<\/strong><\/a><\/h3>\n<h3 style=\"color: #000000;text-align: justify\">En una partida de League of Legends, vuestro campe\u00f3n consigue oro al acabar con unidades y estructuras enemigas. Asestar el golpe final a un s\u00fabdito o campe\u00f3n, ayudar a matar a un campe\u00f3n y conseguir ciertas runas u objetos son s\u00f3lo algunas de las formas de generar ingresos adicionales. Podr\u00e9is usar vuestro oro para adquirir poderosos objetos en la tienda, cerca de la plataforma de invocador. Haced clic sobre la tienda o en el bot\u00f3n junto a vuestro total de oro para abrir la tienda.<\/h3>\n<ul class=\"arrow-bullets\" style=\"text-align: justify\">\n<li>\n<h3>Los objetos otorgan bonificaciones en cuanto se adquieren; no hay por qu\u00e9 equipar objetos.<\/h3>\n<\/li>\n<li>\n<h3>Los diferentes campeones y estilos de juegos se adaptan mejor a diferentes configuraciones de objetos, as\u00ed que vuestra estrategia determinar\u00e1 vuestras compras.<\/h3>\n<\/li>\n<li>\n<h3>Los objetos m\u00e1s poderosos se consiguen combinando objetos m\u00e1s peque\u00f1os, as\u00ed que no dud\u00e9is en adquirir un objeto componente.<\/h3>\n<\/li>\n<li>\n<h3>El equipo que se puede usar, como pociones, guardianes u objetos activables, se usa haciendo clic sobre el icono del mismo en el inventario, o bien mediante las teclas de acceso r\u00e1pido 1-6.<\/h3>\n<\/li>\n<\/ul>\n<h3 style=\"color: #000000;text-align: justify\"><img loading=\"lazy\" decoding=\"async\" class=\"aligncenter\" src=\"http:\/\/i1.ytimg.com\/vi\/tUlLhdQhv_U\/maxresdefault.jpg\" alt=\"\" width=\"594\" height=\"334\" \/><\/h3>\n<h3 style=\"color: #3e3f41;text-align: justify\"><span style=\"text-decoration: underline\"><span style=\"color: #3366ff\"><strong>La jungla<\/strong><\/span><\/span><\/h3>\n<h3 style=\"text-align: justify\">Entre las calles se encuentra la jungla, una zona extensa y llena de monstruos neutrales. Estos monstruos no atacar\u00e1n la base enemiga, pero derrotarlos otorga oro adicional y mejoras temporales especiales. Un jugador podr\u00e1 ocupar la posici\u00f3n de campe\u00f3n de jungla y usar estas zonas como principal fuente de ingresos. Los campeones de jungla suelen moverse entre las calles y acudir en ayuda de los aliados de la calle cuando sea necesario.<\/h3>\n<h3 style=\"text-align: justify\"><img loading=\"lazy\" decoding=\"async\" class=\"aligncenter\" src=\"http:\/\/img.photobucket.com\/albums\/v487\/dan0512\/summoners-rift1.jpeg\" alt=\"\" width=\"520\" height=\"325\" \/><\/h3>\n<h3 style=\"color: #2b2b2b;text-align: justify\"><span style=\"text-decoration: underline\"><span style=\"color: #3366ff;text-decoration: underline\">Invocadores<\/span><\/span><\/h3>\n<h3 class=\"featured\" style=\"color: #000000;text-align: justify\">En <a href=\"http:\/\/euw.leagueoflegends.com\/es\" target=\"_blank\">League of Legends,<\/a> los jugadores son llamados invocadores. A medida que aumenta el nivel de invocador, se desbloquean nuevas bonificaciones para mejorar al campe\u00f3n en los Campos de la Justicia. Estas bonificaciones pertenecen a tres categor\u00edas: hechizos de invocador, runas y maestr\u00edas.<\/h3>\n<p class=\"featured\" style=\"color: #000000\"><img loading=\"lazy\" decoding=\"async\" class=\"aligncenter\" src=\"http:\/\/i1.ytimg.com\/vi\/dLpU05aa9Ts\/maxresdefault.jpg\" alt=\"\" width=\"603\" height=\"377\" \/><\/p>\n","protected":false},"excerpt":{"rendered":"<p>Tus primeros pasos en lol (League of Legend). Muchos factores entran en juego para triunfar en league of legend. Aqu\u00ed aprenderas los aspectos b\u00e1sicos del juego, se familiarizaran con las mec\u00e1nicas b\u00e1sicas gracias a los tutoriales del juego. Campeones Lol cuenta con campeones de todos los tipos, desde malvadas mentes criminales hasta monstruosas y \u00e9picas &hellip; <\/p>\n<p><a class=\"more-link btn\" href=\"https:\/\/blog.espol.edu.ec\/josdague\/aprende-a-jugar\/\">Seguir leyendo<\/a><\/p>\n","protected":false},"author":9122,"featured_media":0,"parent":0,"menu_order":0,"comment_status":"open","ping_status":"open","template":"","meta":{"footnotes":""},"class_list":["post-44","page","type-page","status-publish","hentry","nodate","item-wrap"],"_links":{"self":[{"href":"https:\/\/blog.espol.edu.ec\/josdague\/wp-json\/wp\/v2\/pages\/44","targetHints":{"allow":["GET"]}}],"collection":[{"href":"https:\/\/blog.espol.edu.ec\/josdague\/wp-json\/wp\/v2\/pages"}],"about":[{"href":"https:\/\/blog.espol.edu.ec\/josdague\/wp-json\/wp\/v2\/types\/page"}],"author":[{"embeddable":true,"href":"https:\/\/blog.espol.edu.ec\/josdague\/wp-json\/wp\/v2\/users\/9122"}],"replies":[{"embeddable":true,"href":"https:\/\/blog.espol.edu.ec\/josdague\/wp-json\/wp\/v2\/comments?post=44"}],"version-history":[{"count":7,"href":"https:\/\/blog.espol.edu.ec\/josdague\/wp-json\/wp\/v2\/pages\/44\/revisions"}],"predecessor-version":[{"id":66,"href":"https:\/\/blog.espol.edu.ec\/josdague\/wp-json\/wp\/v2\/pages\/44\/revisions\/66"}],"wp:attachment":[{"href":"https:\/\/blog.espol.edu.ec\/josdague\/wp-json\/wp\/v2\/media?parent=44"}],"curies":[{"name":"wp","href":"https:\/\/api.w.org\/{rel}","templated":true}]}}