{"id":2,"date":"2011-06-09T17:27:02","date_gmt":"2011-06-09T17:27:02","guid":{"rendered":""},"modified":"2011-07-02T23:58:38","modified_gmt":"2011-07-02T23:58:38","slug":"about","status":"publish","type":"page","link":"https:\/\/blog.espol.edu.ec\/joseph\/about\/","title":{"rendered":"About me"},"content":{"rendered":"<p>Yo me llamo Jose Luis Castillo G\u00e1mez soy una persona que se comporta dependiendo de donde se encuentre, me encanta divertirme pero por lo general soy a veces un poco como se dice relajoso pero se puede decir en un buen sentido , aunque no parezca si me gusta estudiar \u00a0bueno tampoco tanto, como podr\u00e1s notar me gustan muchos las ciencias entre ellas mas la f\u00edsica, matem\u00e0tica , y la qu\u00edmica porque las veo interesantes y me llaman un poco la atenci\u00f3n.<\/p>\n<p>Estudio en la universidad ESPOL de Guayaquil \u00a0soy de Esmeraldas soy \u00a0de la facultad de la FICT \u00a0carrera \u00a0ingenier\u00eda en petr\u00f3leo, me gusta salir por ahi de vez en cuando a disfrutar con las amistades me gusta mucho el deporte es mas lo recomiendo la dixiplina que mas me gusta es el futbol, tambien el indor.<\/p>\n<p>Los canales\u00a0de televisi\u00f2n que me gustan son Fox Sp\u00f2rt, ESPN, MTV,\u00a0Discovery Channel, Natgeo,de peliculas, de musicas, \u00a0Teleamazonas y de vez en cuando Play boy jajaja entre otros pero poco veo peliculas solo las que me llaman la atenci\u00f3n.<\/p>\n<p>En gustos musicales tengo bastantes te voy a nombrar se puede decir los principales salsa,\u00a0 pop, tropicales, merengue, baladas, reggaeton, reggae, rock, metal entre otro que se me escape porque si te nombro los grupos demorar\u00eca bastante.<\/p>\n<p>Otros pasatiempo es cuando estoy en mi ciudad toco la guitarra tambi\u00e8n un poco de canto, algo de flauta esto es lo que te puedo decir de mi.<\/p>\n","protected":false},"excerpt":{"rendered":"<p>Yo me llamo Jose Luis Castillo G\u00e1mez soy una persona que se comporta dependiendo de donde se encuentre, me encanta divertirme pero por lo general soy a veces un poco como se dice relajoso pero se puede decir en un buen sentido , aunque no parezca si me gusta estudiar \u00a0bueno tampoco tanto, como podr\u00e1s [&hellip;]<\/p>\n","protected":false},"author":6376,"featured_media":0,"parent":0,"menu_order":0,"comment_status":"open","ping_status":"open","template":"","meta":{"footnotes":""},"class_list":["post-2","page","type-page","status-publish","hentry"],"_links":{"self":[{"href":"https:\/\/blog.espol.edu.ec\/joseph\/wp-json\/wp\/v2\/pages\/2","targetHints":{"allow":["GET"]}}],"collection":[{"href":"https:\/\/blog.espol.edu.ec\/joseph\/wp-json\/wp\/v2\/pages"}],"about":[{"href":"https:\/\/blog.espol.edu.ec\/joseph\/wp-json\/wp\/v2\/types\/page"}],"author":[{"embeddable":true,"href":"https:\/\/blog.espol.edu.ec\/joseph\/wp-json\/wp\/v2\/users\/6376"}],"replies":[{"embeddable":true,"href":"https:\/\/blog.espol.edu.ec\/joseph\/wp-json\/wp\/v2\/comments?post=2"}],"version-history":[{"count":4,"href":"https:\/\/blog.espol.edu.ec\/joseph\/wp-json\/wp\/v2\/pages\/2\/revisions"}],"predecessor-version":[{"id":6,"href":"https:\/\/blog.espol.edu.ec\/joseph\/wp-json\/wp\/v2\/pages\/2\/revisions\/6"}],"wp:attachment":[{"href":"https:\/\/blog.espol.edu.ec\/joseph\/wp-json\/wp\/v2\/media?parent=2"}],"curies":[{"name":"wp","href":"https:\/\/api.w.org\/{rel}","templated":true}]}}