{"id":125,"date":"2013-05-24T15:34:21","date_gmt":"2013-05-24T15:34:21","guid":{"rendered":"http:\/\/blog.espol.edu.ec\/josfmedi\/?page_id=125"},"modified":"2013-05-24T19:27:34","modified_gmt":"2013-05-24T19:27:34","slug":"ametralladoras","status":"publish","type":"page","link":"https:\/\/blog.espol.edu.ec\/josfmedi\/las-armas-de-fuego\/ametralladoras\/","title":{"rendered":"Ametralladoras"},"content":{"rendered":"<p>&nbsp;<\/p>\n<table border=\"0\" cellspacing=\"5\" cellpadding=\"0\">\n<tbody>\n<tr>\n<td colspan=\"3\" valign=\"top\"><img decoding=\"async\" src=\"http:\/\/www.armas.es\/images\/stories\/mundo_de_las_armas\/ametralladoras\/ametralladoras.jpg\" alt=\"ametralladoras\" width=\"545\" \/><\/td>\n<\/tr>\n<tr>\n<td colspan=\"3\" valign=\"top\">\n<p style=\"text-align: justify\" align=\"justify\"><a href=\"http:\/\/blog.espol.edu.ec\/josfmedi\/las-armas-de-fuego\/\">Armas<\/a> autom\u00e1ticas dise\u00f1adas para disparar gran cantidad de <a title=\"balas\" href=\"http:\/\/www.google.com.ec\/search?q=balas+de+ametralladora&amp;bav=on.2,or.r_qf.&amp;bvm=bv.47008514,d.dmg&amp;biw=1440&amp;bih=756&amp;um=1&amp;ie=UTF-8&amp;hl=es&amp;tbm=isch&amp;source=og&amp;sa=N&amp;tab=wi&amp;ei=Q56fUfH8Ftes4APmlYHYDg#facrc=_&amp;imgrc=Xa8tMSOSfhcsGM%3A%3Bn6SqiAvTCzo0xM%3Bhttp%253A%252F%252Fes.wallpapersus.com%252Fwp-content%252Fuploads%252F2013%252F01%252FBalas-de-ametralladora.jpg%3Bhttp%253A%252F%252Fes.wallpapersus.com%252Fbalas-de-ametralladora%252F%3B2560%3B1600\">balas<\/a> de forma consecutiva en un corto espacio de tiempo. Armas pesadas y de gran volumen que suelen montarse sobre un armaz\u00f3n o soporte especial.<\/p>\n<p align=\"justify\"><img loading=\"lazy\" decoding=\"async\" class=\"aligncenter\" src=\"http:\/\/www.armas.es\/images\/stories\/mundo_de_las_armas\/ametralladoras\/max.jpg\" alt=\"max\" width=\"400\" height=\"297\" \/><\/p>\n<p style=\"text-align: justify\" align=\"justify\"><strong>El estadounidense <a title=\"Hiram Maxim\" href=\"http:\/\/es.wikipedia.org\/wiki\/Hiram_Stevens_Maxim\">Hiram Maxim<\/a> dise\u00f1\u00f3 en 1883 un arma capaz de disparar numerosas balas de forma autom\u00e1tica y sin necesidad de recarga.<\/strong>\u00a0Nac\u00eda as\u00ed la primera ametralladora, un arma que utilizaba la presi\u00f3n de los gases ejercida tras cada disparo para provocar el retroceso del ca\u00f1\u00f3n, montar el cierre, expulsar el <a href=\"http:\/\/www.google.com.ec\/search?q=casquillo&amp;tbm=isch&amp;tbo=u&amp;source=univ&amp;sa=X&amp;ei=j6SfUZ2vI4bc8wSimIHgAw&amp;ved=0CC8QsAQ&amp;biw=1440&amp;bih=756#facrc=_&amp;imgrc=3te4JmprMcI8WM%3A%3BC67LIEIjSqrJBM%3Bhttp%253A%252F%252Fwww.ahoradiario.mx%252Fwp-content%252Fuploads%252F2012%252F02%252Fcasquillo.jpg%3Bhttp%253A%252F%252Fwww.ahoradiario.mx%252F2012%252F02%252Fsolo-el-5-de-casos-violentos-contra-profesionistas-han-sido-resueltos%252Fcasquillo%252F%3B2288%3B1712\">casquillo<\/a> y recargar el arma con otro nuevo cartucho obtenido de una cinta con proyectiles. Dos a\u00f1os despu\u00e9s de la aparici\u00f3n del invento de Maxim, <a href=\"http:\/\/www.browning.com\/products\/catalog\/index.asp\">Browning<\/a> patent\u00f3 una eficaz ametralladora que funcionaba mediante el gas que recog\u00eda del ca\u00f1\u00f3n. Este exitoso sistema fue el que posteriormente se aplic\u00f3 en los rifles semiautom\u00e1ticos y en los rifles de asalto. El mecanismo de disparo utilizado en las ametralladoras, tambi\u00e9n conocidas como \u201cmachine guns\u201d, es el de r\u00e1fagas. Los primeros modelos de estas armas se caracterizaban por su elevado peso y porque deb\u00edan colocarse sobre alg\u00fan veh\u00edculo o soporte especial. Para facilitar su uso y su transporte, posteriormente aparecieron las ametralladoras ligeras. Estas armas se caracterizan por contar con su peso m\u00e1s liviano y porque tambi\u00e9n ofrecen a sus tiradores la posibilidad de disponer de un fuego sostenido. Hoy en d\u00eda, pr\u00e1cticamente todas las tropas de infanter\u00eda del mundo cuentan entre sus filas con una ametralladora ligera.<\/p>\n<\/td>\n<\/tr>\n<tr>\n<td colspan=\"3\" valign=\"top\"><\/td>\n<\/tr>\n<tr>\n<td colspan=\"2\" valign=\"top\"><img loading=\"lazy\" decoding=\"async\" src=\"http:\/\/www.armas.es\/images\/stories\/mundo_de_las_armas\/ametralladoras\/ametralladora2.jpg\" alt=\"ametralladora2\" width=\"250\" height=\"90\" \/><\/td>\n<td valign=\"top\" width=\"50%\"><img loading=\"lazy\" decoding=\"async\" src=\"http:\/\/www.armas.es\/images\/stories\/mundo_de_las_armas\/ametralladoras\/ame.jpg\" alt=\"ame\" width=\"250\" height=\"90\" \/><\/td>\n<\/tr>\n<tr>\n<td colspan=\"2\" valign=\"top\"><span style=\"color: #ccffcc\"><strong>Sistema de alimentaci\u00f3n<\/strong><\/span><\/td>\n<td valign=\"top\"><strong><span style=\"color: #ccffcc\">Ca\u00f1\u00f3n<\/span><\/strong><\/td>\n<\/tr>\n<tr>\n<td colspan=\"2\" valign=\"top\"><\/td>\n<td valign=\"top\"><\/td>\n<\/tr>\n<tr>\n<td colspan=\"2\" valign=\"top\"><img loading=\"lazy\" decoding=\"async\" src=\"http:\/\/www.armas.es\/images\/stories\/mundo_de_las_armas\/ametralladoras\/tripode.jpg\" alt=\"tripode\" width=\"250\" height=\"90\" \/><\/td>\n<td valign=\"top\"><\/td>\n<\/tr>\n<tr>\n<td colspan=\"2\" valign=\"top\"><span style=\"color: #ccffcc\"><strong>El tr\u00edpode<\/strong><\/span><\/td>\n<td valign=\"top\"><\/td>\n<\/tr>\n<tr>\n<td valign=\"top\" width=\"23%\"><\/td>\n<td valign=\"top\" width=\"27%\"><\/td>\n<td valign=\"top\"><\/td>\n<\/tr>\n<tr>\n<td valign=\"top\"><span style=\"color: #ccffcc\"><strong>Caracter\u00edsticas:<\/strong><\/span><\/td>\n<td valign=\"top\"><span style=\"color: #ccffcc\"><strong>Utilidad principal:<\/strong><\/span><\/td>\n<td valign=\"top\"><\/td>\n<\/tr>\n<tr>\n<td style=\"text-align: justify\" valign=\"top\">-Disparos r\u00e1pidos y seguidos<br \/>\n-Alto retroceso<br \/>\n-Peso elevado<\/td>\n<td style=\"text-align: justify\" valign=\"top\">Campo de batalla<\/td>\n<\/tr>\n<\/tbody>\n<\/table>\n<p style=\"text-align: center\"><iframe class='youtube-player youtuber' type='text\/html' width='425' height='355' src='http:\/\/www.youtube.com\/embed\/kmgYsuISDsk?rel=0&amp;fs=1' webkitAllowFullScreen mozallowfullscreen allowFullScreen frameborder='0'><\/iframe><\/p>\n<p style=\"text-align: center\"><iframe class='youtube-player youtuber' type='text\/html' width='425' height='355' src='http:\/\/www.youtube.com\/embed\/DyEn_xLeAwk?rel=0&amp;fs=1' webkitAllowFullScreen mozallowfullscreen allowFullScreen frameborder='0'><\/iframe><\/p>\n","protected":false},"excerpt":{"rendered":"<p>&nbsp; Armas autom\u00e1ticas dise\u00f1adas para disparar gran cantidad de balas de forma consecutiva en un corto espacio de tiempo. Armas pesadas y de gran volumen que suelen montarse sobre un armaz\u00f3n o soporte especial. El estadounidense Hiram Maxim dise\u00f1\u00f3 en 1883 un arma capaz de disparar numerosas balas de forma autom\u00e1tica y sin necesidad de [&hellip;]<\/p>\n","protected":false},"author":8494,"featured_media":0,"parent":6,"menu_order":2,"comment_status":"open","ping_status":"closed","template":"","meta":{"footnotes":""},"class_list":["post-125","page","type-page","status-publish","hentry"],"_links":{"self":[{"href":"https:\/\/blog.espol.edu.ec\/josfmedi\/wp-json\/wp\/v2\/pages\/125","targetHints":{"allow":["GET"]}}],"collection":[{"href":"https:\/\/blog.espol.edu.ec\/josfmedi\/wp-json\/wp\/v2\/pages"}],"about":[{"href":"https:\/\/blog.espol.edu.ec\/josfmedi\/wp-json\/wp\/v2\/types\/page"}],"author":[{"embeddable":true,"href":"https:\/\/blog.espol.edu.ec\/josfmedi\/wp-json\/wp\/v2\/users\/8494"}],"replies":[{"embeddable":true,"href":"https:\/\/blog.espol.edu.ec\/josfmedi\/wp-json\/wp\/v2\/comments?post=125"}],"version-history":[{"count":10,"href":"https:\/\/blog.espol.edu.ec\/josfmedi\/wp-json\/wp\/v2\/pages\/125\/revisions"}],"predecessor-version":[{"id":299,"href":"https:\/\/blog.espol.edu.ec\/josfmedi\/wp-json\/wp\/v2\/pages\/125\/revisions\/299"}],"up":[{"embeddable":true,"href":"https:\/\/blog.espol.edu.ec\/josfmedi\/wp-json\/wp\/v2\/pages\/6"}],"wp:attachment":[{"href":"https:\/\/blog.espol.edu.ec\/josfmedi\/wp-json\/wp\/v2\/media?parent=125"}],"curies":[{"name":"wp","href":"https:\/\/api.w.org\/{rel}","templated":true}]}}