{"id":135,"date":"2013-05-24T16:47:56","date_gmt":"2013-05-24T16:47:56","guid":{"rendered":"http:\/\/blog.espol.edu.ec\/josfmedi\/?page_id=135"},"modified":"2013-05-31T14:33:19","modified_gmt":"2013-05-31T14:33:19","slug":"escopetas","status":"publish","type":"page","link":"https:\/\/blog.espol.edu.ec\/josfmedi\/las-armas-de-fuego\/escopetas\/","title":{"rendered":"Escopetas"},"content":{"rendered":"<p>( Encontratas mas informacion de las Escopetas dentro de cada imagen )<\/p>\n<table border=\"0\" cellspacing=\"5\" cellpadding=\"0\">\n<tbody>\n<tr>\n<td align=\"center\" width=\"100\"><a title=\"Yuxtapuesta\" href=\"http:\/\/blog.espol.edu.ec\/josfmedi\/escopetas\/yuxtapuesta\/\"><img loading=\"lazy\" decoding=\"async\" class=\"aligncenter\" src=\"http:\/\/www.armas.es\/images\/stories\/mundo_de_las_armas\/escopeta_cat\/yuxtapuesta.jpg\" alt=\"yuxtapuesta\" width=\"250\" height=\"90\" \/><\/a><\/p>\n<pre><\/pre>\n<\/td>\n<td align=\"center\" width=\"117\"><a title=\"superpuesta\" href=\"http:\/\/blog.espol.edu.ec\/josfmedi\/escopetas\/superpuesta\/\"><img loading=\"lazy\" decoding=\"async\" src=\"http:\/\/www.armas.es\/images\/stories\/mundo_de_las_armas\/escopeta_cat\/superpuesta.jpg\" alt=\"superpuesta\" width=\"250\" height=\"90\" \/><\/a><\/td>\n<td align=\"center\" width=\"100\"><\/td>\n<td align=\"center\" width=\"117\"><\/td>\n<td align=\"center\" width=\"100\"><\/td>\n<td align=\"center\" width=\"117\"><\/td>\n<td align=\"center\" width=\"100\"><\/td>\n<\/tr>\n<tr>\n<td valign=\"top\"><span style=\"color: #ccffcc\"><strong>Yuxtapuesta<\/strong><\/span><\/p>\n<p style=\"text-align: justify\"><strong><\/strong>Tambi\u00e9n conocida como paralela, esta arma cl\u00e1sica est\u00e1 considerada como la escopeta de caza por excelencia.<\/p>\n<\/td>\n<td style=\"text-align: justify\" valign=\"top\"><span style=\"color: #ccffcc\"><strong>Superpuesta<\/strong><\/span>Un arma elegante que goza de enorme popularidad entre los amantes de las escopetas. Se caracteriza por su sencillo y r\u00e1pido encare.<a href=\"http:\/\/www.armas.es\/mundo-de-las-armas\/tipos-de-armas\/escopetas\/246.html\"><br \/>\n<\/a><\/td>\n<td style=\"text-align: justify\" valign=\"top\"><\/td>\n<td valign=\"top\"><\/td>\n<td valign=\"top\"><\/td>\n<td valign=\"top\"><\/td>\n<td valign=\"top\"><\/td>\n<\/tr>\n<tr>\n<td align=\"center\">\u00a0<a title=\"cerrojo\" href=\"http:\/\/blog.espol.edu.ec\/josfmedi\/escopetas\/cerrojo\/\"><img loading=\"lazy\" decoding=\"async\" src=\"http:\/\/www.armas.es\/images\/stories\/mundo_de_las_armas\/escopeta_cat\/cerrojo_e.jpg\" alt=\"cerrojo_e\" width=\"250\" height=\"90\" \/><\/a><\/td>\n<td align=\"center\"><a title=\"semiautom\u00e1tica\/manual\" href=\"http:\/\/blog.espol.edu.ec\/josfmedi\/escopetas\/semiautomatica-manual\/\"><img loading=\"lazy\" decoding=\"async\" src=\"http:\/\/www.armas.es\/images\/stories\/mundo_de_las_armas\/escopeta_cat\/semimanual.jpg\" alt=\"semimanual\" width=\"250\" height=\"90\" \/><\/a><\/td>\n<td align=\"center\"><\/td>\n<td align=\"center\"><a href=\"http:\/\/www.armas.es\/mundo-de-las-armas\/tipos-de-armas\/escopetas\/249.html\"><br \/>\n<\/a><\/td>\n<td align=\"center\"><\/td>\n<td align=\"center\"><a href=\"http:\/\/www.armas.es\/mundo-de-las-armas\/tipos-de-armas\/escopetas\/250.html\"><br \/>\n<\/a><\/td>\n<td align=\"center\"><\/td>\n<\/tr>\n<tr>\n<td valign=\"top\"><span style=\"color: #ccffcc\"><strong>Cerrojo<\/strong><\/span><\/p>\n<p style=\"text-align: justify\"><strong><\/strong>Aunque no goza de mucha popularidad entre los cazadores, la escopeta de cerrojo ofrece un notable rendimiento en situaciones espec\u00edficas.<\/p>\n<\/td>\n<td valign=\"top\">\n<p style=\"text-align: justify\"><span style=\"color: #ccffcc\"><strong>Semiauto\/Manual<\/strong><\/span><\/p>\n<p><strong><\/strong>La modernidad queda personificada en esta arma que combina un\u00a0funcionamiento semiautom\u00e1tico con una acci\u00f3n manual de corredera.<\/p>\n<p style=\"text-align: justify\"><a href=\"http:\/\/www.armas.es\/mundo-de-las-armas\/tipos-de-armas\/escopetas\/249.html\"><br \/>\n<\/a><\/p>\n<\/td>\n<td valign=\"top\"><\/td>\n<td valign=\"top\"><\/td>\n<td valign=\"top\"><\/td>\n<td valign=\"top\"><\/td>\n<td valign=\"top\"><\/td>\n<\/tr>\n<tr>\n<td align=\"center\"><\/td>\n<td align=\"center\"><\/td>\n<td align=\"center\"><\/td>\n<td align=\"center\"><\/td>\n<td align=\"center\"><\/td>\n<td align=\"center\"><\/td>\n<td align=\"center\"><\/td>\n<\/tr>\n<tr>\n<td valign=\"top\"><\/td>\n<td valign=\"top\">\n<p style=\"text-align: justify\"><span style=\"font-size: 13px;line-height: 19px;color: #333333;font-family: Georgia, 'Times New Roman', 'Bitstream Charter', Times, serif\">\u00a0 \u00a0 \u00a0 \u00a0 \u00a0 \u00a0 \u00a0 \u00a0 \u00a0 \u00a0 \u00a0 \u00a0 \u00a0 \u00a0 \u00a0 \u00a0 \u00a0 \u00a0 \u00a0 \u00a0 \u00a0 \u00a0 \u00a0 \u00a0 \u00a0 \u00a0 \u00a0 \u00a0 \u00a0 \u00a0 \u00a0 \u00a0 \u00a0 \u00a0 \u00a0 \u00a0 \u00a0 \u00a0 \u00a0 \u00a0 \u00a0 \u00a0 \u00a0 \u00a0 \u00a0 \u00a0 \u00a0 \u00a0 \u00a0 \u00a0 \u00a0 \u00a0 \u00a0 \u00a0 \u00a0 \u00a0 \u00a0 \u00a0 \u00a0 \u00a0 \u00a0 \u00a0 \u00a0 \u00a0<\/span><\/p>\n<\/td>\n<\/tr>\n<\/tbody>\n<\/table>\n","protected":false},"excerpt":{"rendered":"<p>( Encontratas mas informacion de las Escopetas dentro de cada imagen ) Yuxtapuesta Tambi\u00e9n conocida como paralela, esta arma cl\u00e1sica est\u00e1 considerada como la escopeta de caza por excelencia. SuperpuestaUn arma elegante que goza de enorme popularidad entre los amantes de las escopetas. Se caracteriza por su sencillo y r\u00e1pido encare. \u00a0 Cerrojo Aunque no [&hellip;]<\/p>\n","protected":false},"author":8494,"featured_media":0,"parent":6,"menu_order":3,"comment_status":"open","ping_status":"closed","template":"","meta":{"footnotes":""},"class_list":["post-135","page","type-page","status-publish","hentry"],"_links":{"self":[{"href":"https:\/\/blog.espol.edu.ec\/josfmedi\/wp-json\/wp\/v2\/pages\/135","targetHints":{"allow":["GET"]}}],"collection":[{"href":"https:\/\/blog.espol.edu.ec\/josfmedi\/wp-json\/wp\/v2\/pages"}],"about":[{"href":"https:\/\/blog.espol.edu.ec\/josfmedi\/wp-json\/wp\/v2\/types\/page"}],"author":[{"embeddable":true,"href":"https:\/\/blog.espol.edu.ec\/josfmedi\/wp-json\/wp\/v2\/users\/8494"}],"replies":[{"embeddable":true,"href":"https:\/\/blog.espol.edu.ec\/josfmedi\/wp-json\/wp\/v2\/comments?post=135"}],"version-history":[{"count":35,"href":"https:\/\/blog.espol.edu.ec\/josfmedi\/wp-json\/wp\/v2\/pages\/135\/revisions"}],"predecessor-version":[{"id":388,"href":"https:\/\/blog.espol.edu.ec\/josfmedi\/wp-json\/wp\/v2\/pages\/135\/revisions\/388"}],"up":[{"embeddable":true,"href":"https:\/\/blog.espol.edu.ec\/josfmedi\/wp-json\/wp\/v2\/pages\/6"}],"wp:attachment":[{"href":"https:\/\/blog.espol.edu.ec\/josfmedi\/wp-json\/wp\/v2\/media?parent=135"}],"curies":[{"name":"wp","href":"https:\/\/api.w.org\/{rel}","templated":true}]}}