{"id":166,"date":"2013-05-24T17:18:18","date_gmt":"2013-05-24T17:18:18","guid":{"rendered":"http:\/\/blog.espol.edu.ec\/josfmedi\/?page_id=166"},"modified":"2013-05-24T22:07:06","modified_gmt":"2013-05-24T22:07:06","slug":"superpuesta","status":"publish","type":"page","link":"https:\/\/blog.espol.edu.ec\/josfmedi\/las-armas-de-fuego\/escopetas\/superpuesta\/","title":{"rendered":"Superpuesta"},"content":{"rendered":"<table border=\"0\" cellspacing=\"5\" cellpadding=\"0\">\n<tbody>\n<tr>\n<td colspan=\"3\" valign=\"top\"><img loading=\"lazy\" decoding=\"async\" class=\"aligncenter\" src=\"http:\/\/www.armas.es\/images\/stories\/mundo_de_las_armas\/superpuesta\/superpuesta_1.jpg\" alt=\"superpuesta_1\" width=\"468\" height=\"90\" \/><\/td>\n<\/tr>\n<tr>\n<td colspan=\"3\" valign=\"top\">\n<p style=\"text-align: justify\"><strong>Arma elegante y segura que se caracteriza por contar con dos ca\u00f1ones dispuestos uno encima del otro. Id\u00f3nea para la caza al vuelo y el tiro al plato.<\/strong><\/p>\n<p style=\"text-align: justify\">Posiblemente, se trata de la <a title=\"escopeta\" href=\"http:\/\/es.wikipedia.org\/wiki\/Escopeta\">escopeta<\/a> m\u00e1s popular entre los usuarios de armas con ca\u00f1\u00f3n liso. Posee dos ca\u00f1ones que aparecen ubicados uno encima del otro. Esta disposici\u00f3n permite que no se produzcan desplazamientos en el tiro ni que los cierres sufran <a title=\"torsiones\" href=\"http:\/\/es.thefreedictionary.com\/torsiones\">torsiones<\/a>. Los ca\u00f1ones cuentan con una dimensi\u00f3n media en torno a los 70 cm y se estrechan en la boca de salida, lo que aumenta su <a title=\"alcance\" href=\"http:\/\/didactica.fisica.uson.mx\/applets\/laboratorio\/proyectiles\/Documentacion\/TeoriaProyectiles.htm\">alcance<\/a> considerablemente. Adem\u00e1s, tal y como sucede con las <a title=\"yuxtapuestas\" href=\"http:\/\/blog.espol.edu.ec\/josfmedi\/escopetas\/yuxtapuesta\/\">yuxtapuestas<\/a>, estas escopetas tambi\u00e9n soportan una amplia gama de <a title=\"calibres\" href=\"http:\/\/es.wikipedia.org\/wiki\/Calibre_(armas_de_fuego)\">calibres<\/a>. En relaci\u00f3n con las escopetas de ca\u00f1ones paralelos, las superpuestas suelen ser m\u00e1s precisas, ya que poseen un mayor campo visual y su encare resulta m\u00e1s sencillo.<\/p>\n<\/td>\n<\/tr>\n<tr>\n<td colspan=\"3\" valign=\"top\"><\/td>\n<\/tr>\n<tr>\n<td colspan=\"2\" valign=\"top\" width=\"50%\"><img loading=\"lazy\" decoding=\"async\" src=\"http:\/\/www.armas.es\/images\/stories\/mundo_de_las_armas\/superpuesta\/superpuesta2.jpg\" alt=\"superpuesta2\" width=\"250\" height=\"90\" \/><\/td>\n<td valign=\"top\"><img loading=\"lazy\" decoding=\"async\" src=\"http:\/\/www.armas.es\/images\/stories\/mundo_de_las_armas\/superpuesta\/superpuesta3.jpg\" alt=\"superpuesta3\" width=\"250\" height=\"90\" \/><\/td>\n<\/tr>\n<tr>\n<td style=\"text-align: justify\" colspan=\"2\" valign=\"top\">Ca\u00f1\u00f3n doble superpuesto (uno sobre el otro)<\/td>\n<td style=\"text-align: justify\" valign=\"top\">Dimensi\u00f3n media del ca\u00f1\u00f3n en torno a 70 cm<\/td>\n<\/tr>\n<tr>\n<td colspan=\"2\" valign=\"top\"><\/td>\n<td valign=\"top\"><\/td>\n<\/tr>\n<tr>\n<td colspan=\"2\" valign=\"top\"><img loading=\"lazy\" decoding=\"async\" src=\"http:\/\/www.armas.es\/images\/stories\/mundo_de_las_armas\/superpuesta\/superpuesta1.jpg\" alt=\"superpuesta1\" width=\"250\" height=\"90\" \/><\/td>\n<td valign=\"top\"><\/td>\n<\/tr>\n<tr>\n<td style=\"text-align: justify\" colspan=\"2\" valign=\"top\">Ca\u00f1\u00f3n basculante<\/td>\n<td valign=\"top\"><\/td>\n<\/tr>\n<tr>\n<td valign=\"top\"><\/td>\n<td valign=\"top\"><\/td>\n<td valign=\"top\"><\/td>\n<\/tr>\n<tr>\n<td style=\"text-align: center\" valign=\"top\"><span style=\"color: #ccffcc\"><strong>Caracter\u00edsticas:<\/strong><\/span><\/td>\n<td style=\"text-align: center\" valign=\"top\"><span style=\"color: #ccffcc\"><strong>Utilidad principal:<\/strong><\/span><\/td>\n<td valign=\"top\"><\/td>\n<\/tr>\n<tr>\n<td style=\"text-align: justify\" valign=\"top\">-Elegancia<br \/>\n-Practicidad<br \/>\n-Seguridad<br \/>\n-Precisi\u00f3n<br \/>\n-F\u00e1cil montaje y transporte<\/td>\n<td style=\"text-align: justify\" valign=\"top\">-Caza al vuelo y en monte abierto<br \/>\n-Tiro al plato<\/td>\n<\/tr>\n<\/tbody>\n<\/table>\n<p>&nbsp;<\/p>\n","protected":false},"excerpt":{"rendered":"<p>Arma elegante y segura que se caracteriza por contar con dos ca\u00f1ones dispuestos uno encima del otro. Id\u00f3nea para la caza al vuelo y el tiro al plato. Posiblemente, se trata de la escopeta m\u00e1s popular entre los usuarios de armas con ca\u00f1\u00f3n liso. Posee dos ca\u00f1ones que aparecen ubicados uno encima del otro. Esta [&hellip;]<\/p>\n","protected":false},"author":8494,"featured_media":0,"parent":135,"menu_order":3,"comment_status":"open","ping_status":"closed","template":"","meta":{"footnotes":""},"class_list":["post-166","page","type-page","status-publish","hentry"],"_links":{"self":[{"href":"https:\/\/blog.espol.edu.ec\/josfmedi\/wp-json\/wp\/v2\/pages\/166","targetHints":{"allow":["GET"]}}],"collection":[{"href":"https:\/\/blog.espol.edu.ec\/josfmedi\/wp-json\/wp\/v2\/pages"}],"about":[{"href":"https:\/\/blog.espol.edu.ec\/josfmedi\/wp-json\/wp\/v2\/types\/page"}],"author":[{"embeddable":true,"href":"https:\/\/blog.espol.edu.ec\/josfmedi\/wp-json\/wp\/v2\/users\/8494"}],"replies":[{"embeddable":true,"href":"https:\/\/blog.espol.edu.ec\/josfmedi\/wp-json\/wp\/v2\/comments?post=166"}],"version-history":[{"count":16,"href":"https:\/\/blog.espol.edu.ec\/josfmedi\/wp-json\/wp\/v2\/pages\/166\/revisions"}],"predecessor-version":[{"id":175,"href":"https:\/\/blog.espol.edu.ec\/josfmedi\/wp-json\/wp\/v2\/pages\/166\/revisions\/175"}],"up":[{"embeddable":true,"href":"https:\/\/blog.espol.edu.ec\/josfmedi\/wp-json\/wp\/v2\/pages\/135"}],"wp:attachment":[{"href":"https:\/\/blog.espol.edu.ec\/josfmedi\/wp-json\/wp\/v2\/media?parent=166"}],"curies":[{"name":"wp","href":"https:\/\/api.w.org\/{rel}","templated":true}]}}