{"id":184,"date":"2013-05-24T17:45:11","date_gmt":"2013-05-24T17:45:11","guid":{"rendered":"http:\/\/blog.espol.edu.ec\/josfmedi\/?page_id=184"},"modified":"2013-05-24T17:49:54","modified_gmt":"2013-05-24T17:49:54","slug":"cerrojo","status":"publish","type":"page","link":"https:\/\/blog.espol.edu.ec\/josfmedi\/las-armas-de-fuego\/escopetas\/cerrojo\/","title":{"rendered":"Cerrojo"},"content":{"rendered":"<p>&nbsp;<\/p>\n<table border=\"0\" cellspacing=\"5\" cellpadding=\"0\">\n<tbody>\n<tr>\n<td colspan=\"3\" valign=\"top\"><img loading=\"lazy\" decoding=\"async\" src=\"http:\/\/www.armas.es\/images\/stories\/mundo_de_las_armas\/cerrojo\/cerrojo.jpg\" alt=\"cerrojo\" width=\"527\" height=\"101\" \/><\/td>\n<\/tr>\n<tr>\n<td style=\"text-align: justify\" colspan=\"3\" valign=\"top\">Mayoritariamente, los cazadores no suelen decantarse por la <a href=\"http:\/\/es.wikipedia.org\/wiki\/Escopeta\">escopeta<\/a> de cerrojo. Sin embargo, existen ciertas ocasiones en las que esta arma adquiere un notable protagonismo. Esto sucede sobre todo en cacer\u00edas de algunas poblaciones, en las que los cazadores intentan abatir <a href=\"http:\/\/www.google.com.ec\/search?q=jabali&amp;bav=on.2,or.r_qf.&amp;biw=1440&amp;bih=756&amp;um=1&amp;ie=UTF-8&amp;hl=es&amp;tbm=isch&amp;source=og&amp;sa=N&amp;tab=wi&amp;ei=V7yfUaWTCoOG9gSs4oGoAg#facrc=_&amp;imgrc=r4XUgRYv-AGUKM%3A%3BpS5PFn8-Rk3SSM%3Bhttp%253A%252F%252Fwww.alsalirdelcole.com%252Fwp-content%252Fuploads%252F2012%252F09%252Fjabali.jpg%3Bhttp%253A%252F%252Fwww.alsalirdelcole.com%252Fpeculiaridades-del-jabali%252F%3B526%3B353\">jabal\u00edes<\/a> con balas Brenneke o de una sola posta. Con este tipo de munici\u00f3n, la escopeta de cerrojo puede ser efectiva en distancias cortas (entre 20 y 50 metros). Respecto a su funcionamiento, esta arma posee un mecanismo de acci\u00f3n similar al del <a href=\"https:\/\/es.wikipedia.org\/wiki\/Fusil_de_cerrojo\">rifle de cerrojo<\/a>. La principal diferencia entre estas dos armas se encuentra en el ca\u00f1\u00f3n. En el caso del rifle, el \u00e1nima del ca\u00f1\u00f3n es rayada y en el caso de la escopeta es lisa. Por lo dem\u00e1s, se trata de dos armas bastante parecidas. La escopeta de cerrojo funciona mediante un sistema que debe ser accionado manualmente por el tirador. Despu\u00e9s de disparar un cartucho, el tirador levanta el cerrojo y tira de \u00e9l hacia atr\u00e1s. Con este movimiento libera el cartucho vac\u00edo y deja preparado el siguiente. A continuaci\u00f3n, el tirador corre el cerrojo hacia delante y hacia abajo para que el cartucho quede cargado y listo para ser disparado.<\/td>\n<\/tr>\n<tr>\n<td colspan=\"3\" valign=\"top\"><\/td>\n<\/tr>\n<tr>\n<td colspan=\"2\" valign=\"top\" width=\"50%\"><img loading=\"lazy\" decoding=\"async\" src=\"http:\/\/www.armas.es\/images\/stories\/mundo_de_las_armas\/cerrojo\/cerrojo2.jpg\" alt=\"cerrojo2\" width=\"250\" height=\"90\" \/><\/td>\n<td valign=\"top\"><img loading=\"lazy\" decoding=\"async\" src=\"http:\/\/www.armas.es\/images\/stories\/mundo_de_las_armas\/cerrojo\/cerrojo3.jpg\" alt=\"cerrojo3\" width=\"250\" height=\"90\" \/><\/td>\n<\/tr>\n<tr>\n<td style=\"text-align: justify\" colspan=\"2\" valign=\"top\">\u00danico ca\u00f1\u00f3n de \u00e1nima lisa.<\/td>\n<td style=\"text-align: justify\" valign=\"top\">Cerrojo accionado manualmente para la recarga del arma.<\/td>\n<\/tr>\n<tr>\n<td colspan=\"2\" valign=\"top\"><\/td>\n<td valign=\"top\"><\/td>\n<\/tr>\n<tr>\n<td colspan=\"2\" valign=\"top\"><img loading=\"lazy\" decoding=\"async\" src=\"http:\/\/www.armas.es\/images\/stories\/mundo_de_las_armas\/cerrojo\/cerrojo4.jpg\" alt=\"cerrojo4\" width=\"250\" height=\"90\" \/><\/td>\n<td valign=\"top\"><img loading=\"lazy\" decoding=\"async\" src=\"http:\/\/www.armas.es\/images\/stories\/mundo_de_las_armas\/cerrojo\/cerrojo5.jpg\" alt=\"cerrojo5\" width=\"250\" height=\"90\" \/><\/td>\n<\/tr>\n<tr>\n<td style=\"text-align: justify\" colspan=\"2\" valign=\"top\">Cartucho Breneke<\/td>\n<td style=\"text-align: justify\" valign=\"top\">Cerrojo cerrado manualmente para su uso.<\/td>\n<\/tr>\n<tr>\n<td valign=\"top\"><\/td>\n<td valign=\"top\"><\/td>\n<td valign=\"top\"><\/td>\n<\/tr>\n<tr>\n<td style=\"text-align: justify\" valign=\"top\"><span style=\"color: #ccffcc\"><strong>Caracter\u00edsticas:<\/strong><\/span><\/td>\n<td style=\"text-align: justify\" valign=\"top\"><span style=\"color: #ccffcc\"><strong>Utilidad principal:<\/strong><\/span><\/td>\n<td valign=\"top\"><\/td>\n<\/tr>\n<tr>\n<td style=\"text-align: justify\" valign=\"top\">-Fiabilidad<br \/>\n-Resistencia<\/td>\n<td style=\"text-align: justify\" valign=\"top\">-Caza menor<br \/>\n-Caza mayor de jabal\u00edes con balas Brenneke o de una posta<\/td>\n<\/tr>\n<\/tbody>\n<\/table>\n","protected":false},"excerpt":{"rendered":"<p>&nbsp; Mayoritariamente, los cazadores no suelen decantarse por la escopeta de cerrojo. Sin embargo, existen ciertas ocasiones en las que esta arma adquiere un notable protagonismo. Esto sucede sobre todo en cacer\u00edas de algunas poblaciones, en las que los cazadores intentan abatir jabal\u00edes con balas Brenneke o de una sola posta. Con este tipo de [&hellip;]<\/p>\n","protected":false},"author":8494,"featured_media":0,"parent":135,"menu_order":4,"comment_status":"open","ping_status":"closed","template":"","meta":{"footnotes":""},"class_list":["post-184","page","type-page","status-publish","hentry"],"_links":{"self":[{"href":"https:\/\/blog.espol.edu.ec\/josfmedi\/wp-json\/wp\/v2\/pages\/184","targetHints":{"allow":["GET"]}}],"collection":[{"href":"https:\/\/blog.espol.edu.ec\/josfmedi\/wp-json\/wp\/v2\/pages"}],"about":[{"href":"https:\/\/blog.espol.edu.ec\/josfmedi\/wp-json\/wp\/v2\/types\/page"}],"author":[{"embeddable":true,"href":"https:\/\/blog.espol.edu.ec\/josfmedi\/wp-json\/wp\/v2\/users\/8494"}],"replies":[{"embeddable":true,"href":"https:\/\/blog.espol.edu.ec\/josfmedi\/wp-json\/wp\/v2\/comments?post=184"}],"version-history":[{"count":3,"href":"https:\/\/blog.espol.edu.ec\/josfmedi\/wp-json\/wp\/v2\/pages\/184\/revisions"}],"predecessor-version":[{"id":187,"href":"https:\/\/blog.espol.edu.ec\/josfmedi\/wp-json\/wp\/v2\/pages\/184\/revisions\/187"}],"up":[{"embeddable":true,"href":"https:\/\/blog.espol.edu.ec\/josfmedi\/wp-json\/wp\/v2\/pages\/135"}],"wp:attachment":[{"href":"https:\/\/blog.espol.edu.ec\/josfmedi\/wp-json\/wp\/v2\/media?parent=184"}],"curies":[{"name":"wp","href":"https:\/\/api.w.org\/{rel}","templated":true}]}}