{"id":188,"date":"2013-05-24T17:52:29","date_gmt":"2013-05-24T17:52:29","guid":{"rendered":"http:\/\/blog.espol.edu.ec\/josfmedi\/?page_id=188"},"modified":"2013-05-24T18:01:32","modified_gmt":"2013-05-24T18:01:32","slug":"semiautomatica-manual","status":"publish","type":"page","link":"https:\/\/blog.espol.edu.ec\/josfmedi\/las-armas-de-fuego\/escopetas\/semiautomatica-manual\/","title":{"rendered":"Semiautom\u00e1tica \/ Manual"},"content":{"rendered":"<p>&nbsp;<\/p>\n<table border=\"0\" cellspacing=\"5\" cellpadding=\"0\">\n<tbody>\n<tr>\n<td colspan=\"3\" valign=\"top\"><img loading=\"lazy\" decoding=\"async\" src=\"http:\/\/www.armas.es\/images\/stories\/mundo_de_las_armas\/semiManual\/semiautomaticamanual_2.jpg\" alt=\"semiautomaticamanual_2\" width=\"527\" height=\"101\" \/><\/td>\n<\/tr>\n<tr>\n<td colspan=\"3\" valign=\"top\"><strong>Arma moderna que permite combinar la acci\u00f3n de la escopeta semiautom\u00e1tica con la utilizaci\u00f3n de la escopeta corredera.<\/strong><strong><\/strong>La <a href=\"http:\/\/es.wikipedia.org\/wiki\/Escopeta\">escopeta<\/a> semiautom\u00e1tica\/manual es un arma moderna de un \u00fanico ca\u00f1\u00f3n liso que combina el funcionamiento de dos armas complementarias. As\u00ed, el usuario de esta arma podr\u00e1 elegir entre disparar con una semiautom\u00e1tica o bien hacerlo con una corredera. Dependiendo de la necesidad o de la preferencia del tirador, esta arma se convierte en una de las dos <a href=\"http:\/\/es.wikipedia.org\/wiki\/Escopeta\">escopetas<\/a> de forma r\u00e1pida y sencilla. La funci\u00f3n de escopeta corredera ofrece unos disparos menos potentes que la versi\u00f3n semiautom\u00e1tica, aunque es una opci\u00f3n m\u00e1s segura pues permite comprobar que el cargador tubular est\u00e1 totalmente vac\u00edo. En los \u00faltimos a\u00f1os ha crecido su popularidad, sobre todo entre las fuerzas policiales y los practicantes del tiro deportivo. La <a href=\"http:\/\/es.wikipedia.org\/wiki\/Benelli_M3\">italiana Benelli M3<\/a> es el modelo de referencia de este tipo de escopeta.<\/td>\n<\/tr>\n<tr>\n<td colspan=\"3\" valign=\"top\"><\/td>\n<\/tr>\n<tr>\n<td colspan=\"2\" valign=\"top\"><img loading=\"lazy\" decoding=\"async\" src=\"http:\/\/www.armas.es\/images\/stories\/mundo_de_las_armas\/semiManual\/semiautomaticamanual_1.jpg\" alt=\"semiautomaticamanual_1\" width=\"250\" height=\"90\" \/><\/td>\n<td valign=\"top\" width=\"50%\"><img loading=\"lazy\" decoding=\"async\" src=\"http:\/\/www.armas.es\/images\/stories\/mundo_de_las_armas\/semiManual\/semimanual.jpg\" alt=\"semimanual\" width=\"250\" height=\"90\" \/><\/td>\n<\/tr>\n<tr>\n<td colspan=\"2\" valign=\"top\">Armaz\u00f3n<\/td>\n<td valign=\"top\">Dos escopetas en una: corredera y semiautom\u00e1tica<\/td>\n<\/tr>\n<tr>\n<td colspan=\"2\" valign=\"top\"><\/td>\n<td valign=\"top\"><\/td>\n<\/tr>\n<tr>\n<td colspan=\"2\" valign=\"top\"><img loading=\"lazy\" decoding=\"async\" src=\"http:\/\/www.armas.es\/images\/stories\/mundo_de_las_armas\/semiManual\/semiautomaticamanual_3.jpg\" alt=\"semiautomaticamanual_3\" width=\"250\" height=\"90\" \/><\/td>\n<td valign=\"top\"><\/td>\n<\/tr>\n<tr>\n<td colspan=\"2\" valign=\"top\">Culata<\/td>\n<td valign=\"top\"><\/td>\n<\/tr>\n<tr>\n<td valign=\"top\" width=\"25%\"><\/td>\n<td valign=\"top\" width=\"25%\"><\/td>\n<td valign=\"top\"><\/td>\n<\/tr>\n<tr>\n<td valign=\"top\"><span style=\"color: #ccffcc\"><strong>Caracter\u00edsticas:<\/strong><\/span><\/td>\n<td valign=\"top\"><span style=\"color: #ccffcc\"><strong>Utilidad principal:<\/strong><\/span><\/td>\n<td valign=\"top\"><\/td>\n<\/tr>\n<tr>\n<td valign=\"top\">-Fiabilidad<br \/>\n-Versatilidad<br \/>\n-Dise\u00f1o moderno<br \/>\n-M\u00faltiples usos<\/td>\n<td valign=\"top\">-Tiro deportivo<br \/>\n-Cuerpos policiales<\/td>\n<\/tr>\n<\/tbody>\n<\/table>\n<p>&nbsp;<\/p>\n<p><span style=\"color: #ccffcc\">SIMULADOR :<\/span> <a href=\"http:\/\/fc05.deviantart.net\/fs71\/f\/2012\/018\/1\/e\/spas_12_gun_simulator_by_davilo1996-d4mr8vs.swf\">http:\/\/fc05.deviantart.net\/fs71\/f\/2012\/018\/1\/e\/spas_12_gun_simulator_by_davilo1996-d4mr8vs.swf<\/a><\/p>\n<p>&nbsp;<\/p>\n","protected":false},"excerpt":{"rendered":"<p>&nbsp; Arma moderna que permite combinar la acci\u00f3n de la escopeta semiautom\u00e1tica con la utilizaci\u00f3n de la escopeta corredera.La escopeta semiautom\u00e1tica\/manual es un arma moderna de un \u00fanico ca\u00f1\u00f3n liso que combina el funcionamiento de dos armas complementarias. As\u00ed, el usuario de esta arma podr\u00e1 elegir entre disparar con una semiautom\u00e1tica o bien hacerlo con [&hellip;]<\/p>\n","protected":false},"author":8494,"featured_media":0,"parent":135,"menu_order":5,"comment_status":"open","ping_status":"closed","template":"","meta":{"footnotes":""},"class_list":["post-188","page","type-page","status-publish","hentry"],"_links":{"self":[{"href":"https:\/\/blog.espol.edu.ec\/josfmedi\/wp-json\/wp\/v2\/pages\/188","targetHints":{"allow":["GET"]}}],"collection":[{"href":"https:\/\/blog.espol.edu.ec\/josfmedi\/wp-json\/wp\/v2\/pages"}],"about":[{"href":"https:\/\/blog.espol.edu.ec\/josfmedi\/wp-json\/wp\/v2\/types\/page"}],"author":[{"embeddable":true,"href":"https:\/\/blog.espol.edu.ec\/josfmedi\/wp-json\/wp\/v2\/users\/8494"}],"replies":[{"embeddable":true,"href":"https:\/\/blog.espol.edu.ec\/josfmedi\/wp-json\/wp\/v2\/comments?post=188"}],"version-history":[{"count":7,"href":"https:\/\/blog.espol.edu.ec\/josfmedi\/wp-json\/wp\/v2\/pages\/188\/revisions"}],"predecessor-version":[{"id":199,"href":"https:\/\/blog.espol.edu.ec\/josfmedi\/wp-json\/wp\/v2\/pages\/188\/revisions\/199"}],"up":[{"embeddable":true,"href":"https:\/\/blog.espol.edu.ec\/josfmedi\/wp-json\/wp\/v2\/pages\/135"}],"wp:attachment":[{"href":"https:\/\/blog.espol.edu.ec\/josfmedi\/wp-json\/wp\/v2\/media?parent=188"}],"curies":[{"name":"wp","href":"https:\/\/api.w.org\/{rel}","templated":true}]}}