{"id":200,"date":"2013-05-24T18:09:22","date_gmt":"2013-05-24T18:09:22","guid":{"rendered":"http:\/\/blog.espol.edu.ec\/josfmedi\/?page_id=200"},"modified":"2013-05-31T14:34:30","modified_gmt":"2013-05-31T14:34:30","slug":"riflesfusiles","status":"publish","type":"page","link":"https:\/\/blog.espol.edu.ec\/josfmedi\/las-armas-de-fuego\/riflesfusiles\/","title":{"rendered":"Rifles\/fusiles"},"content":{"rendered":"<p style=\"text-align: center\">( Encontratas mas informacion de los Rifles\/Fusiles dentro\u00a0de cada imagen )<\/p>\n<p>&nbsp;<\/p>\n<table border=\"0\" cellspacing=\"5\" cellpadding=\"0\">\n<tbody>\n<tr>\n<td align=\"center\" width=\"117\">\u00a0<a title=\"cerrojo\" href=\"http:\/\/blog.espol.edu.ec\/josfmedi\/riflesfusiles\/cerrojo\/\"><img loading=\"lazy\" decoding=\"async\" class=\"aligncenter\" src=\"http:\/\/www.armas.es\/images\/stories\/mundo_de_las_armas\/rifles\/cerrojo8.jpg\" alt=\"cerrojo8\" width=\"250\" height=\"90\" \/><\/a><\/td>\n<td align=\"center\" width=\"117\"><a title=\"sniper\" href=\"http:\/\/blog.espol.edu.ec\/josfmedi\/riflesfusiles\/sniper-francotirador\/\"><img loading=\"lazy\" decoding=\"async\" class=\"aligncenter\" src=\"http:\/\/www.armas.es\/images\/stories\/mundo_de_las_armas\/rifles\/sniper.jpg\" alt=\"sniper\" width=\"250\" height=\"90\" \/><\/a><\/td>\n<td align=\"center\" width=\"100\"><\/td>\n<td align=\"center\" width=\"117\"><\/td>\n<td valign=\"top\"><\/td>\n<td align=\"center\" width=\"100\"><\/td>\n<td align=\"center\" width=\"117\"><\/td>\n<td align=\"center\" width=\"117\"><\/td>\n<\/tr>\n<tr>\n<td style=\"text-align: justify\" valign=\"top\"><span style=\"font-size: 11px;line-height: 19px\"><span style=\"color: #ccffcc\"><strong>CERROJO \u00a0 \u00a0 \u00a0 \u00a0 \u00a0 \u00a0 \u00a0 \u00a0 \u00a0 \u00a0 \u00a0 \u00a0 \u00a0 \u00a0 \u00a0 \u00a0 \u00a0 \u00a0 \u00a0 \u00a0 \u00a0 \u00a0 \u00a0 \u00a0 \u00a0 \u00a0 \u00a0 \u00a0 \u00a0 \u00a0 \u00a0 \u00a0 \u00a0\u00a0<\/strong><\/span><\/span><span style=\"font-size: 11px;line-height: 19px\">El mecanismo de cerrojo es uno de los m\u00e1s utilizados en la historia de los rifles. Este arma se caracteriza por su resistencia y fiabilidad.<\/span><\/td>\n<td style=\"text-align: justify\" valign=\"top\"><span style=\"color: #ccffcc\"><strong>SNIPER \u00a0 \u00a0 \u00a0 \u00a0 \u00a0 \u00a0 \u00a0 \u00a0 \u00a0 \u00a0 \u00a0 \u00a0 \u00a0 \u00a0 \u00a0 \u00a0 \u00a0 \u00a0 \u00a0 \u00a0 \u00a0 \u00a0 \u00a0 \u00a0 \u00a0 \u00a0 \u00a0 \u00a0 \u00a0 \u00a0 \u00a0<\/strong><\/span><span style=\"font-size: 11px;line-height: 19px\">Hablar de precisi\u00f3n en el mundo de las armas es hablar de rifles sniper. Se trata de un arma capaz de hacer blanco a muy larga distancia.<\/span><\/td>\n<td valign=\"top\"><\/td>\n<td valign=\"top\"><\/td>\n<td valign=\"top\"><\/td>\n<td valign=\"top\"><\/td>\n<td valign=\"top\"><\/td>\n<td valign=\"top\"><\/td>\n<\/tr>\n<tr>\n<td align=\"center\">\u00a0<a title=\"carabina\" href=\"http:\/\/blog.espol.edu.ec\/josfmedi\/riflesfusiles\/carabina-2\/\"><img loading=\"lazy\" decoding=\"async\" class=\"aligncenter\" src=\"http:\/\/www.armas.es\/images\/stories\/mundo_de_las_armas\/rifles\/carabina.jpg\" alt=\"carabina\" width=\"250\" height=\"90\" \/><\/a><\/td>\n<td align=\"center\"><a title=\"paintball\" href=\"http:\/\/blog.espol.edu.ec\/josfmedi\/riflesfusiles\/paintball\/\"><img loading=\"lazy\" decoding=\"async\" class=\"aligncenter\" src=\"http:\/\/www.armas.es\/images\/stories\/mundo_de_las_armas\/rifles\/paintball.jpg\" alt=\"paintball\" width=\"250\" height=\"90\" \/><\/a><\/td>\n<td align=\"center\"><\/td>\n<td align=\"center\"><\/td>\n<td valign=\"top\"><\/td>\n<td align=\"center\"><\/td>\n<td align=\"center\"><\/td>\n<td align=\"center\"><\/td>\n<\/tr>\n<tr>\n<td style=\"text-align: justify\" valign=\"top\">\u00a0<span style=\"color: #ccffcc\"><strong>CARABINA<\/strong><\/span><br \/>\nArma con un tama\u00f1o m\u00e1s reducido para facilitar su uso y su transporte. Las carabinas actuales disparan con el peque\u00f1o calibre .22.<\/td>\n<td style=\"text-align: justify\" valign=\"top\"><span style=\"color: #ccffcc\"><strong>PAINTBALL<\/strong><\/span><br \/>\nConocida tambi\u00e9n como \"marcadora\", la popularidad de estas armas que lanzan bolas de pintura se ha disparado en los \u00faltimos tiempos.<\/td>\n<td valign=\"top\"><\/td>\n<td valign=\"top\"><\/td>\n<td valign=\"top\"><\/td>\n<td valign=\"top\"><\/td>\n<td valign=\"top\"><\/td>\n<td valign=\"top\"><\/td>\n<\/tr>\n<tr>\n<td align=\"center\"><\/td>\n<td align=\"center\"><\/td>\n<td align=\"center\"><\/td>\n<td valign=\"top\"><\/td>\n<td align=\"center\"><\/td>\n<td align=\"center\"><\/td>\n<td align=\"center\"><\/td>\n<\/tr>\n<tr>\n<td valign=\"top\"><\/td>\n<td valign=\"top\"><\/td>\n<td valign=\"top\"><\/td>\n<td valign=\"top\"><\/td>\n<td valign=\"top\"><\/td>\n<td valign=\"top\"><\/td>\n<td valign=\"top\"><\/td>\n<td valign=\"top\"><\/td>\n<\/tr>\n<tr>\n<td align=\"center\"><\/td>\n<td align=\"center\"><\/td>\n<td align=\"center\"><\/td>\n<td align=\"center\"><\/td>\n<td valign=\"top\"><\/td>\n<td valign=\"top\"><\/td>\n<td valign=\"top\"><\/td>\n<td valign=\"top\"><\/td>\n<\/tr>\n<tr>\n<td valign=\"top\"><\/td>\n<td valign=\"top\"><\/td>\n<td valign=\"top\"><\/td>\n<td valign=\"top\"><\/td>\n<td valign=\"top\"><\/td>\n<td valign=\"top\"><\/td>\n<\/tr>\n<\/tbody>\n<\/table>\n","protected":false},"excerpt":{"rendered":"<p>( Encontratas mas informacion de los Rifles\/Fusiles dentro\u00a0de cada imagen ) &nbsp; \u00a0 CERROJO \u00a0 \u00a0 \u00a0 \u00a0 \u00a0 \u00a0 \u00a0 \u00a0 \u00a0 \u00a0 \u00a0 \u00a0 \u00a0 \u00a0 \u00a0 \u00a0 \u00a0 \u00a0 \u00a0 \u00a0 \u00a0 \u00a0 \u00a0 \u00a0 \u00a0 \u00a0 \u00a0 \u00a0 \u00a0 \u00a0 \u00a0 \u00a0 \u00a0\u00a0El mecanismo de cerrojo es uno de los m\u00e1s [&hellip;]<\/p>\n","protected":false},"author":8494,"featured_media":0,"parent":6,"menu_order":6,"comment_status":"open","ping_status":"closed","template":"","meta":{"footnotes":""},"class_list":["post-200","page","type-page","status-publish","hentry"],"_links":{"self":[{"href":"https:\/\/blog.espol.edu.ec\/josfmedi\/wp-json\/wp\/v2\/pages\/200","targetHints":{"allow":["GET"]}}],"collection":[{"href":"https:\/\/blog.espol.edu.ec\/josfmedi\/wp-json\/wp\/v2\/pages"}],"about":[{"href":"https:\/\/blog.espol.edu.ec\/josfmedi\/wp-json\/wp\/v2\/types\/page"}],"author":[{"embeddable":true,"href":"https:\/\/blog.espol.edu.ec\/josfmedi\/wp-json\/wp\/v2\/users\/8494"}],"replies":[{"embeddable":true,"href":"https:\/\/blog.espol.edu.ec\/josfmedi\/wp-json\/wp\/v2\/comments?post=200"}],"version-history":[{"count":19,"href":"https:\/\/blog.espol.edu.ec\/josfmedi\/wp-json\/wp\/v2\/pages\/200\/revisions"}],"predecessor-version":[{"id":389,"href":"https:\/\/blog.espol.edu.ec\/josfmedi\/wp-json\/wp\/v2\/pages\/200\/revisions\/389"}],"up":[{"embeddable":true,"href":"https:\/\/blog.espol.edu.ec\/josfmedi\/wp-json\/wp\/v2\/pages\/6"}],"wp:attachment":[{"href":"https:\/\/blog.espol.edu.ec\/josfmedi\/wp-json\/wp\/v2\/media?parent=200"}],"curies":[{"name":"wp","href":"https:\/\/api.w.org\/{rel}","templated":true}]}}