{"id":210,"date":"2013-05-24T18:14:11","date_gmt":"2013-05-24T18:14:11","guid":{"rendered":"http:\/\/blog.espol.edu.ec\/josfmedi\/?page_id=210"},"modified":"2013-05-24T19:10:45","modified_gmt":"2013-05-24T19:10:45","slug":"cerrojo","status":"publish","type":"page","link":"https:\/\/blog.espol.edu.ec\/josfmedi\/las-armas-de-fuego\/riflesfusiles\/cerrojo\/","title":{"rendered":"Cerrojo"},"content":{"rendered":"<table border=\"0\" cellspacing=\"5\" cellpadding=\"0\">\n<tbody>\n<tr>\n<td colspan=\"3\" valign=\"top\">\n<p style=\"text-align: center\"><a href=\"http:\/\/blog.espol.edu.ec\/josfmedi\/files\/2013\/05\/01-Mauser_Kar98k_rifle2.jpg\"><img loading=\"lazy\" decoding=\"async\" class=\"aligncenter  wp-image-214\" src=\"http:\/\/blog.espol.edu.ec\/josfmedi\/files\/2013\/05\/01-Mauser_Kar98k_rifle2.jpg\" alt=\"\" width=\"400\" height=\"99\" srcset=\"https:\/\/blog.espol.edu.ec\/josfmedi\/files\/2013\/05\/01-Mauser_Kar98k_rifle2.jpg 793w, https:\/\/blog.espol.edu.ec\/josfmedi\/files\/2013\/05\/01-Mauser_Kar98k_rifle2-300x74.jpg 300w\" sizes=\"auto, (max-width: 400px) 100vw, 400px\" \/><\/a><\/p>\n<\/td>\n<\/tr>\n<tr>\n<td colspan=\"3\" valign=\"top\">\n<p align=\"justify\"><strong>Arma cl\u00e1sica con m\u00e1s de un siglo de antig\u00fcedad que se caracteriza por su potencia, resistencia, fiabilidad y su enorme precisi\u00f3n.<\/strong><\/p>\n<p align=\"justify\">Hace m\u00e1s de 100 a\u00f1os un fabricante de <a href=\"http:\/\/es.wikipedia.org\/wiki\/Rifle\">rifles<\/a> alem\u00e1n dio vida al rifle de cerrojo. Utilizada por los combatientes durante la <a href=\"https:\/\/es.wikipedia.org\/wiki\/Primera_Guerra_Mundial\">Gran Guerra<\/a>, esta cl\u00e1sica arma contin\u00faa vigente gracias a su enorme precisi\u00f3n y su fiabilidad. Dispone de un cerrojo giratorio que se acciona manualmente mediante un movimiento de rotaci\u00f3n y empuje. Este sistema permite un rearmado r\u00e1pido y un tiempo de percusi\u00f3n muy corto. El rifle de cerrojo tambi\u00e9n se caracteriza por ser un arma resistente, r\u00edgida, fiable y muy potente. Adem\u00e1s, puede almacenar de 3 a 5 cartuchos en su interior. Id\u00f3neo para el tiro deportivo. Tambi\u00e9n est\u00e1 considerado como el arma m\u00e1s vers\u00e1til para la caza en todos sus \u00e1mbitos (rececho, monter\u00eda y safari).<\/p>\n<p>&nbsp;<\/td>\n<\/tr>\n<tr>\n<td colspan=\"3\" valign=\"top\"><\/td>\n<\/tr>\n<tr>\n<td colspan=\"2\" valign=\"top\"><img loading=\"lazy\" decoding=\"async\" src=\"http:\/\/www.armas.es\/images\/stories\/mundo_de_las_armas\/rifles\/cerrojo\/cerrojo2.jpg\" alt=\"cerrojo2\" width=\"250\" height=\"90\" \/><\/td>\n<td valign=\"top\" width=\"50%\"><img loading=\"lazy\" decoding=\"async\" src=\"http:\/\/www.armas.es\/images\/stories\/mundo_de_las_armas\/rifles\/cerrojo\/cerrojo6.jpg\" alt=\"cerrojo6\" width=\"250\" height=\"90\" \/><\/td>\n<\/tr>\n<tr>\n<td colspan=\"2\" valign=\"top\"><strong>Cerrojo giratorio<br \/>\n<\/strong><\/td>\n<td valign=\"top\"><strong>Ca\u00f1on de acero rayado<\/strong><\/td>\n<\/tr>\n<tr>\n<td colspan=\"2\" valign=\"top\">Se acciona manualmente mediante un movimiento de rotaci\u00f3n y empuje.<\/td>\n<td valign=\"top\"><\/td>\n<\/tr>\n<tr>\n<td colspan=\"2\" valign=\"top\"><img loading=\"lazy\" decoding=\"async\" src=\"http:\/\/www.armas.es\/images\/stories\/mundo_de_las_armas\/rifles\/cerrojo\/cerrojo3.jpg\" alt=\"cerrojo3\" width=\"250\" height=\"90\" \/><\/td>\n<td valign=\"top\"><\/td>\n<\/tr>\n<tr>\n<td colspan=\"2\" valign=\"top\"><strong>Cargador con tiros de reserva<\/strong><\/td>\n<td valign=\"top\"><\/td>\n<\/tr>\n<tr>\n<td valign=\"top\" width=\"23%\"><\/td>\n<td valign=\"top\" width=\"27%\"><\/td>\n<td valign=\"top\"><\/td>\n<\/tr>\n<tr>\n<td valign=\"top\"><span style=\"color: #ccffcc\"><strong>Caracter\u00edsticas:<\/strong><\/span><\/td>\n<td valign=\"top\"><span style=\"color: #ccffcc\"><strong>Utilidad principal:<\/strong><\/span><\/td>\n<td valign=\"top\"><\/td>\n<\/tr>\n<tr>\n<td valign=\"top\">-Resistencia<br \/>\n-Fiabilidad<br \/>\n-Precisi\u00f3n<br \/>\n-Potencia<br \/>\n-Almacenamiento de cartuchos (de 3 a 5 dependiendo de su calibre)<\/td>\n<td valign=\"top\">-Caza mayor en general<br \/>\n-<a href=\"http:\/\/es.wikipedia.org\/wiki\/Tiro_deportivo\">Tiro deportivo<\/a><\/td>\n<\/tr>\n<\/tbody>\n<\/table>\n<p>&nbsp;<\/p>\n<p><strong><span style=\"font-size: 13px;line-height: 19px;color: #ccffcc\">SIMULADOR:<\/span><\/strong><\/p>\n<p><a href=\"http:\/\/fc00.deviantart.net\/fs71\/f\/2010\/126\/6\/7\/Karabiner_98_Kurz_Simulator_by_Fewes.swf\">http:\/\/fc00.deviantart.net\/fs71\/f\/2010\/126\/6\/7\/Karabiner_98_Kurz_Simulator_by_Fewes.swf<\/a><\/p>\n","protected":false},"excerpt":{"rendered":"<p>Arma cl\u00e1sica con m\u00e1s de un siglo de antig\u00fcedad que se caracteriza por su potencia, resistencia, fiabilidad y su enorme precisi\u00f3n. Hace m\u00e1s de 100 a\u00f1os un fabricante de rifles alem\u00e1n dio vida al rifle de cerrojo. Utilizada por los combatientes durante la Gran Guerra, esta cl\u00e1sica arma contin\u00faa vigente gracias a su enorme precisi\u00f3n [&hellip;]<\/p>\n","protected":false},"author":8494,"featured_media":0,"parent":200,"menu_order":2,"comment_status":"open","ping_status":"closed","template":"","meta":{"footnotes":""},"class_list":["post-210","page","type-page","status-publish","hentry"],"_links":{"self":[{"href":"https:\/\/blog.espol.edu.ec\/josfmedi\/wp-json\/wp\/v2\/pages\/210","targetHints":{"allow":["GET"]}}],"collection":[{"href":"https:\/\/blog.espol.edu.ec\/josfmedi\/wp-json\/wp\/v2\/pages"}],"about":[{"href":"https:\/\/blog.espol.edu.ec\/josfmedi\/wp-json\/wp\/v2\/types\/page"}],"author":[{"embeddable":true,"href":"https:\/\/blog.espol.edu.ec\/josfmedi\/wp-json\/wp\/v2\/users\/8494"}],"replies":[{"embeddable":true,"href":"https:\/\/blog.espol.edu.ec\/josfmedi\/wp-json\/wp\/v2\/comments?post=210"}],"version-history":[{"count":15,"href":"https:\/\/blog.espol.edu.ec\/josfmedi\/wp-json\/wp\/v2\/pages\/210\/revisions"}],"predecessor-version":[{"id":217,"href":"https:\/\/blog.espol.edu.ec\/josfmedi\/wp-json\/wp\/v2\/pages\/210\/revisions\/217"}],"up":[{"embeddable":true,"href":"https:\/\/blog.espol.edu.ec\/josfmedi\/wp-json\/wp\/v2\/pages\/200"}],"wp:attachment":[{"href":"https:\/\/blog.espol.edu.ec\/josfmedi\/wp-json\/wp\/v2\/media?parent=210"}],"curies":[{"name":"wp","href":"https:\/\/api.w.org\/{rel}","templated":true}]}}