{"id":227,"date":"2013-05-24T18:29:33","date_gmt":"2013-05-24T18:29:33","guid":{"rendered":"http:\/\/blog.espol.edu.ec\/josfmedi\/?page_id=227"},"modified":"2013-05-24T19:04:25","modified_gmt":"2013-05-24T19:04:25","slug":"paintball","status":"publish","type":"page","link":"https:\/\/blog.espol.edu.ec\/josfmedi\/las-armas-de-fuego\/riflesfusiles\/paintball\/","title":{"rendered":"Paintball"},"content":{"rendered":"<p style=\"text-align: justify\"><img decoding=\"async\" class=\"aligncenter\" src=\"http:\/\/www.armas.es\/images\/cont\/sec_tiposarmas\/rifles\/paintball_1.jpg\" alt=\"\" \/><\/p>\n<p style=\"text-align: justify\"><a href=\"http:\/\/es.wikipedia.org\/wiki\/Arma_de_aire_comprimido\">Armas de aire<\/a> comprimido que disparan peque\u00f1as bolas rellenas de pintura y que reciben el nombre t\u00e9cnico de marcadoras.<\/p>\n<p style=\"text-align: justify\">El <a href=\"http:\/\/www.ecuadorpaintball.com\/\">paintball<\/a> es uno de los juegos con armas m\u00e1s practicados en Espa\u00f1a. La diferencia principal respecto al <a href=\"http:\/\/airsoftecuador.org\/\">airsoft<\/a> se encuentra en el relleno de pintura que llevan las bolas. Esto hace que los rifles de paintball no sean r\u00e9plicas tan exactas de las armas reales. Estas divertidas armas de aire comprimido suelen recargarse con <a href=\"http:\/\/antonuriarte.blogspot.com\/\">CO2<\/a> y tienen un peso bastante ligero (no superan los 2 kgs). S\u00f3lo son precisas en distancias cortas y su uso se limita a los juegos de paintball.<\/p>\n<table border=\"0\" cellspacing=\"5\" cellpadding=\"0\">\n<tbody>\n<tr>\n<td colspan=\"2\" valign=\"top\" width=\"50%\"><img decoding=\"async\" class=\"aligncenter\" src=\"http:\/\/www.armas.es\/images\/cont\/sec_tiposarmas\/rifles\/paintball_2.jpg\" alt=\"\" \/><\/td>\n<td valign=\"top\"><img decoding=\"async\" src=\"http:\/\/www.armas.es\/images\/cont\/sec_tiposarmas\/rifles\/paintball_3.jpg\" alt=\"\" \/><\/td>\n<\/tr>\n<tr>\n<td style=\"text-align: center\" colspan=\"2\" valign=\"top\">Alimentaci\u00f3n de aire comprimido<\/td>\n<td valign=\"top\">\n<table width=\"100%\" border=\"0\" cellspacing=\"1\" cellpadding=\"0\" align=\"center\">\n<tbody>\n<tr valign=\"top\">\n<td style=\"text-align: center\" height=\"1\">\u00danico ca\u00f1\u00f3n<\/td>\n<\/tr>\n<\/tbody>\n<\/table>\n<\/td>\n<\/tr>\n<tr>\n<td colspan=\"2\" valign=\"top\"><\/td>\n<td valign=\"top\"><\/td>\n<\/tr>\n<tr>\n<td colspan=\"2\" valign=\"top\"><img decoding=\"async\" class=\"aligncenter\" src=\"http:\/\/www.armas.es\/images\/cont\/sec_tiposarmas\/rifles\/paintball_4.jpg\" alt=\"\" \/><\/td>\n<td valign=\"top\">\u00a0<img decoding=\"async\" class=\"aligncenter\" src=\"http:\/\/www.armas.es\/images\/cont\/sec_tiposarmas\/rifles\/paintball_5.jpg\" alt=\"\" \/><\/td>\n<\/tr>\n<tr>\n<td colspan=\"2\" valign=\"top\">Cargador<\/td>\n<td valign=\"top\">\u00a0Munici\u00f3n<\/td>\n<\/tr>\n<\/tbody>\n<\/table>\n<table width=\"100%\" border=\"0\" cellspacing=\"0\" cellpadding=\"4\" align=\"center\">\n<tbody>\n<tr>\n<td><strong><span style=\"color: #ccffcc\">Caracter\u00edsticas:<\/span><\/strong><\/td>\n<td><strong><span style=\"color: #ccffcc\">Utilidad principal:<\/span><\/strong><\/td>\n<\/tr>\n<tr valign=\"top\">\n<td width=\"50%\">-Ligereza<br \/>\n-Precisas s\u00f3lo en distancias por debajo de 25 metros<br \/>\n-Disparan peque\u00f1as bolas de pintura<\/td>\n<td width=\"50%\">-Partidas de paintball<\/td>\n<\/tr>\n<\/tbody>\n<\/table>\n","protected":false},"excerpt":{"rendered":"<p>Armas de aire comprimido que disparan peque\u00f1as bolas rellenas de pintura y que reciben el nombre t\u00e9cnico de marcadoras. El paintball es uno de los juegos con armas m\u00e1s practicados en Espa\u00f1a. La diferencia principal respecto al airsoft se encuentra en el relleno de pintura que llevan las bolas. Esto hace que los rifles de [&hellip;]<\/p>\n","protected":false},"author":8494,"featured_media":0,"parent":200,"menu_order":4,"comment_status":"open","ping_status":"closed","template":"","meta":{"footnotes":""},"class_list":["post-227","page","type-page","status-publish","hentry"],"_links":{"self":[{"href":"https:\/\/blog.espol.edu.ec\/josfmedi\/wp-json\/wp\/v2\/pages\/227","targetHints":{"allow":["GET"]}}],"collection":[{"href":"https:\/\/blog.espol.edu.ec\/josfmedi\/wp-json\/wp\/v2\/pages"}],"about":[{"href":"https:\/\/blog.espol.edu.ec\/josfmedi\/wp-json\/wp\/v2\/types\/page"}],"author":[{"embeddable":true,"href":"https:\/\/blog.espol.edu.ec\/josfmedi\/wp-json\/wp\/v2\/users\/8494"}],"replies":[{"embeddable":true,"href":"https:\/\/blog.espol.edu.ec\/josfmedi\/wp-json\/wp\/v2\/comments?post=227"}],"version-history":[{"count":15,"href":"https:\/\/blog.espol.edu.ec\/josfmedi\/wp-json\/wp\/v2\/pages\/227\/revisions"}],"predecessor-version":[{"id":233,"href":"https:\/\/blog.espol.edu.ec\/josfmedi\/wp-json\/wp\/v2\/pages\/227\/revisions\/233"}],"up":[{"embeddable":true,"href":"https:\/\/blog.espol.edu.ec\/josfmedi\/wp-json\/wp\/v2\/pages\/200"}],"wp:attachment":[{"href":"https:\/\/blog.espol.edu.ec\/josfmedi\/wp-json\/wp\/v2\/media?parent=227"}],"curies":[{"name":"wp","href":"https:\/\/api.w.org\/{rel}","templated":true}]}}