{"id":26,"date":"2013-05-20T13:31:45","date_gmt":"2013-05-20T13:31:45","guid":{"rendered":"http:\/\/blog.espol.edu.ec\/josfmedi\/?page_id=26"},"modified":"2013-05-24T19:28:13","modified_gmt":"2013-05-24T19:28:13","slug":"pistolas","status":"publish","type":"page","link":"https:\/\/blog.espol.edu.ec\/josfmedi\/las-armas-de-fuego\/pistolas\/","title":{"rendered":"Pistolas"},"content":{"rendered":"<p>&nbsp;<\/p>\n<table border=\"0\" cellspacing=\"5\" cellpadding=\"0\">\n<tbody>\n<tr>\n<td colspan=\"3\" valign=\"top\"><img loading=\"lazy\" decoding=\"async\" class=\"aligncenter\" src=\"http:\/\/www.armas.es\/images\/stories\/mundo_de_las_armas\/pistola\/pistola5.jpg\" alt=\"pistola5\" width=\"500\" height=\"96\" \/><\/td>\n<\/tr>\n<tr>\n<td colspan=\"3\" valign=\"top\">\n<p style=\"text-align: justify\">Armas cortas con ca\u00f1\u00f3n rayado y funcionamiento semiautom\u00e1tico o de repetici\u00f3n.<\/p>\n<p style=\"text-align: justify\">Incorporan un cargador que puede albergar hasta 20 proyectiles.Conceptualmente, por su posibilidad de disparar numerosas balas, la pistola se considera m\u00e1s como un arma de ataque, mientras que el <a title=\"rev\u00f3lver\" href=\"http:\/\/blog.espol.edu.ec\/josfmedi\/revolver\/\">rev\u00f3lver<\/a> se presenta como un arma de defensa. Atendiendo a su funcionamiento, pueden diferenciarse dos modelos b\u00e1sicos de pistolas. Por un lado se halla la pistola de acci\u00f3n simple. Esta arma precisa amartillar el percutor manualmente antes de cada disparo. Y por el otro est\u00e1 la de doble acci\u00f3n, en la que el martillo se monta autom\u00e1ticamente cuando se aprieta el gatillo. Tras realizar un disparo, la pistola aprovecha la fuerza generada por el efecto del retroceso para expulsar el <a href=\"https:\/\/www.google.com.ec\/search?q=casquillos&amp;tbm=isch&amp;tbo=u&amp;source=univ&amp;sa=X&amp;ei=fIqfUZOeAdLy0QG8zoHgAw&amp;ved=0CC8QsAQ&amp;biw=1440&amp;bih=756#facrc=_&amp;imgrc=PUPn4wSF-EEnZM%3A%3BZtGofLGqVbgrvM%3Bhttp%253A%252F%252F3.bp.blogspot.com%252F_dxV-3xIhBm0%252FRxhCgmCiXwI%252FAAAAAAAAACc%252FBI8Ju5P3YLk%252Fs320%252Fcasquillos.jpg%3Bhttp%253A%252F%252Faventispr.blogspot.com%252F2007%252F10%252Fcasquillos-intro.html%3B228%3B228\">casquillo<\/a>\u00a0vac\u00edo y autom\u00e1ticamente preparar una nueva bala en la rec\u00e1mara. Se trata por tanto de un arma semiautom\u00e1tica que se compone de cuatro partes fundamentales:<\/p>\n<ol>\n<li>El ca\u00f1\u00f3n<\/li>\n<li>El cargador<\/li>\n<li>La corredera<\/li>\n<li>La armadura o empu\u00f1adura.<\/li>\n<\/ol>\n<div><\/div>\n<div><\/div>\n<div><\/div>\n<\/td>\n<\/tr>\n<tr>\n<td colspan=\"2\" valign=\"top\"><img loading=\"lazy\" decoding=\"async\" class=\"aligncenter\" src=\"http:\/\/www.armas.es\/images\/stories\/mundo_de_las_armas\/pistola\/pistola3.jpg\" alt=\"pistola3\" width=\"250\" height=\"90\" \/><\/td>\n<td valign=\"top\" width=\"50%\"><img loading=\"lazy\" decoding=\"async\" class=\"aligncenter\" src=\"http:\/\/www.armas.es\/images\/stories\/mundo_de_las_armas\/pistola\/semi2.jpg\" alt=\"semi2\" width=\"250\" height=\"90\" \/><\/td>\n<\/tr>\n<tr>\n<td colspan=\"2\" valign=\"top\">\n<p style=\"text-align: justify\"><strong><span style=\"color: #ffcc99\">El ca\u00f1\u00f3n<\/span><\/strong><\/p>\n<p style=\"text-align: justify\"><strong><\/strong>\u00danico de \u00e1nima rayada que suele estar suelto. Algunas pistolas permiten intercambiar ca\u00f1ones de diferentes calibres.<\/p>\n<\/td>\n<td valign=\"top\">\n<p style=\"text-align: justify\"><span style=\"color: #ffcc99\"><strong>La corredera<\/strong><\/span><\/p>\n<p style=\"text-align: justify\">Act\u00faa como cierre del arma e interviene en su recarga autom\u00e1tica.<\/p>\n<\/td>\n<\/tr>\n<tr>\n<td colspan=\"2\" valign=\"top\"><\/td>\n<td valign=\"top\"><\/td>\n<\/tr>\n<tr>\n<td colspan=\"2\" valign=\"top\"><img loading=\"lazy\" decoding=\"async\" class=\"aligncenter\" src=\"http:\/\/www.armas.es\/images\/stories\/mundo_de_las_armas\/pistola\/cargador.jpg\" alt=\"cargador\" width=\"250\" height=\"90\" \/><\/td>\n<td valign=\"top\"><img loading=\"lazy\" decoding=\"async\" class=\"aligncenter\" src=\"http:\/\/www.armas.es\/images\/stories\/mundo_de_las_armas\/pistola\/pistola4.jpg\" alt=\"pistola4\" width=\"250\" height=\"90\" \/><\/td>\n<\/tr>\n<tr>\n<td colspan=\"2\" valign=\"top\"><strong><span style=\"color: #ffcc99\">El cargador<\/span><\/strong><\/p>\n<p style=\"text-align: justify\"><strong><\/strong>Extra\u00edble que puede contener desde 5 hasta 20 proyectiles, dependiendo del modelo de pistola, el tipo de cargador y el calibre de la munici\u00f3n utilizada.<\/p>\n<\/td>\n<td valign=\"top\"><strong><span style=\"color: #ffcc99\">La empu\u00f1adura<\/span><\/strong><\/td>\n<\/tr>\n<tr>\n<td valign=\"top\" width=\"23%\"><\/td>\n<td valign=\"top\" width=\"27%\"><\/td>\n<td valign=\"top\"><\/td>\n<\/tr>\n<tr>\n<td valign=\"top\"><span style=\"color: #ffcc99\"><strong>Caracter\u00edsticas:<\/strong><\/span><\/td>\n<td valign=\"top\"><span style=\"color: #ffcc99\"><strong>Utilidad principal:<\/strong><\/span><\/td>\n<td valign=\"top\"><\/td>\n<\/tr>\n<tr>\n<td style=\"text-align: justify\" valign=\"top\">-F\u00e1cil manejo y transporte-Sencilla ocultaci\u00f3n-Precisi\u00f3n-Fuego r\u00e1pido<\/td>\n<td style=\"text-align: justify\" valign=\"top\">-<a title=\"campo de batalla\" href=\"http:\/\/www.taringa.net\/posts\/imagenes\/14683884\/Bocetos-del-campo-de-batalla.html\">Campo de batalla<\/a><\/td>\n<\/tr>\n<\/tbody>\n<\/table>\n<p>&nbsp;<\/p>\n<p><span style=\"color: #ffcc99\"><strong>SIMULADOR DE PISTOLA:<\/strong><\/span> \u00a0<a href=\"http:\/\/fc09.deviantart.net\/fs42\/f\/2009\/098\/7\/8\/Glock_17___Simulator___by_Fewes.swf\" rel=\"nofollow\" target=\"_blank\">http:\/\/fc09.deviantart.net\/fs42\/f\/2009\/098\/7\/8\/Glock_17___Simulator___by_Fewes.swf<\/a><\/p>\n<p>&nbsp;<\/p>\n","protected":false},"excerpt":{"rendered":"<p>&nbsp; Armas cortas con ca\u00f1\u00f3n rayado y funcionamiento semiautom\u00e1tico o de repetici\u00f3n. Incorporan un cargador que puede albergar hasta 20 proyectiles.Conceptualmente, por su posibilidad de disparar numerosas balas, la pistola se considera m\u00e1s como un arma de ataque, mientras que el rev\u00f3lver se presenta como un arma de defensa. Atendiendo a su funcionamiento, pueden diferenciarse [&hellip;]<\/p>\n","protected":false},"author":8494,"featured_media":0,"parent":6,"menu_order":4,"comment_status":"open","ping_status":"closed","template":"","meta":{"footnotes":""},"class_list":["post-26","page","type-page","status-publish","hentry"],"_links":{"self":[{"href":"https:\/\/blog.espol.edu.ec\/josfmedi\/wp-json\/wp\/v2\/pages\/26","targetHints":{"allow":["GET"]}}],"collection":[{"href":"https:\/\/blog.espol.edu.ec\/josfmedi\/wp-json\/wp\/v2\/pages"}],"about":[{"href":"https:\/\/blog.espol.edu.ec\/josfmedi\/wp-json\/wp\/v2\/types\/page"}],"author":[{"embeddable":true,"href":"https:\/\/blog.espol.edu.ec\/josfmedi\/wp-json\/wp\/v2\/users\/8494"}],"replies":[{"embeddable":true,"href":"https:\/\/blog.espol.edu.ec\/josfmedi\/wp-json\/wp\/v2\/comments?post=26"}],"version-history":[{"count":26,"href":"https:\/\/blog.espol.edu.ec\/josfmedi\/wp-json\/wp\/v2\/pages\/26\/revisions"}],"predecessor-version":[{"id":301,"href":"https:\/\/blog.espol.edu.ec\/josfmedi\/wp-json\/wp\/v2\/pages\/26\/revisions\/301"}],"up":[{"embeddable":true,"href":"https:\/\/blog.espol.edu.ec\/josfmedi\/wp-json\/wp\/v2\/pages\/6"}],"wp:attachment":[{"href":"https:\/\/blog.espol.edu.ec\/josfmedi\/wp-json\/wp\/v2\/media?parent=26"}],"curies":[{"name":"wp","href":"https:\/\/api.w.org\/{rel}","templated":true}]}}