{"id":310,"date":"2013-05-24T19:43:55","date_gmt":"2013-05-24T19:43:55","guid":{"rendered":"http:\/\/blog.espol.edu.ec\/josfmedi\/?page_id=310"},"modified":"2013-05-31T11:35:01","modified_gmt":"2013-05-31T11:35:01","slug":"mi-gloriosa-xxvi","status":"publish","type":"page","link":"https:\/\/blog.espol.edu.ec\/josfmedi\/mi-gloriosa-xxvi\/","title":{"rendered":"Gloriosa XXVI"},"content":{"rendered":"<p>LLEGANDO DEL TERRENO 25\/11\/11<\/p>\n<iframe class='youtube-player youtuber' type='text\/html' width='425' height='355' src='http:\/\/www.youtube.com\/embed\/zUmNOeRuX78?rel=0&amp;fs=1' webkitAllowFullScreen mozallowfullscreen allowFullScreen frameborder='0'><\/iframe>\n<p>&nbsp;<\/p>\n<p>&nbsp;<\/p>\n<p>ORACION ENMARA\u00d1ADA - FASE TERRENO<\/p>\n<iframe class='youtube-player youtuber' type='text\/html' width='425' height='355' src='http:\/\/www.youtube.com\/embed\/-G6_blEWVUs?rel=0&amp;fs=1' webkitAllowFullScreen mozallowfullscreen allowFullScreen frameborder='0'><\/iframe>\n<p>&nbsp;<\/p>\n<p>&nbsp;<\/p>\n<p>IMPOSICION DE INSIGNIAS A BRIGADIERES 2011<\/p>\n<iframe class='youtube-player youtuber' type='text\/html' width='425' height='355' src='http:\/\/www.youtube.com\/embed\/Xz89GFUSIoM?rel=0&amp;fs=1' webkitAllowFullScreen mozallowfullscreen allowFullScreen frameborder='0'><\/iframe>\n<p>&nbsp;<\/p>\n<p>IMPOSICION A LOS BRIGADIERES PARA EL 2DO TRIMESTRE<\/p>\n<iframe class='youtube-player youtuber' type='text\/html' width='425' height='355' src='http:\/\/www.youtube.com\/embed\/gUqxyl7s39c?rel=0&amp;fs=1' webkitAllowFullScreen mozallowfullscreen allowFullScreen frameborder='0'><\/iframe>\n<p>&nbsp;<\/p>\n<p>CAMBIO DE ABANDERADOS Y ESCOLTAS 2011<\/p>\n<iframe class='youtube-player youtuber' type='text\/html' width='425' height='355' src='http:\/\/www.youtube.com\/embed\/3UpnVaIWmLY?rel=0&amp;fs=1' webkitAllowFullScreen mozallowfullscreen allowFullScreen frameborder='0'><\/iframe>\n<p>&nbsp;<\/p>\n<p>INFANTER\u00cdA A\u00c9REA ECUATORIANA - ORACI\u00d3N AL FUSIL<\/p>\n<iframe class='youtube-player youtuber' type='text\/html' width='425' height='355' src='http:\/\/www.youtube.com\/embed\/2HSf57TywCg?rel=0&amp;fs=1' webkitAllowFullScreen mozallowfullscreen allowFullScreen frameborder='0'><\/iframe>\n","protected":false},"excerpt":{"rendered":"<p>LLEGANDO DEL TERRENO 25\/11\/11 &nbsp; &nbsp; ORACION ENMARA\u00d1ADA - FASE TERRENO &nbsp; &nbsp; IMPOSICION DE INSIGNIAS A BRIGADIERES 2011 &nbsp; IMPOSICION A LOS BRIGADIERES PARA EL 2DO TRIMESTRE &nbsp; CAMBIO DE ABANDERADOS Y ESCOLTAS 2011 &nbsp; INFANTER\u00cdA A\u00c9REA ECUATORIANA - ORACI\u00d3N AL FUSIL<\/p>\n","protected":false},"author":8494,"featured_media":0,"parent":0,"menu_order":0,"comment_status":"open","ping_status":"open","template":"","meta":{"footnotes":""},"class_list":["post-310","page","type-page","status-publish","hentry"],"_links":{"self":[{"href":"https:\/\/blog.espol.edu.ec\/josfmedi\/wp-json\/wp\/v2\/pages\/310","targetHints":{"allow":["GET"]}}],"collection":[{"href":"https:\/\/blog.espol.edu.ec\/josfmedi\/wp-json\/wp\/v2\/pages"}],"about":[{"href":"https:\/\/blog.espol.edu.ec\/josfmedi\/wp-json\/wp\/v2\/types\/page"}],"author":[{"embeddable":true,"href":"https:\/\/blog.espol.edu.ec\/josfmedi\/wp-json\/wp\/v2\/users\/8494"}],"replies":[{"embeddable":true,"href":"https:\/\/blog.espol.edu.ec\/josfmedi\/wp-json\/wp\/v2\/comments?post=310"}],"version-history":[{"count":13,"href":"https:\/\/blog.espol.edu.ec\/josfmedi\/wp-json\/wp\/v2\/pages\/310\/revisions"}],"predecessor-version":[{"id":313,"href":"https:\/\/blog.espol.edu.ec\/josfmedi\/wp-json\/wp\/v2\/pages\/310\/revisions\/313"}],"wp:attachment":[{"href":"https:\/\/blog.espol.edu.ec\/josfmedi\/wp-json\/wp\/v2\/media?parent=310"}],"curies":[{"name":"wp","href":"https:\/\/api.w.org\/{rel}","templated":true}]}}