{"id":6,"date":"2013-05-17T14:02:47","date_gmt":"2013-05-17T14:02:47","guid":{"rendered":"http:\/\/blog.espol.edu.ec\/josfmedi\/?page_id=6"},"modified":"2013-05-24T19:30:02","modified_gmt":"2013-05-24T19:30:02","slug":"las-armas-de-fuego","status":"publish","type":"page","link":"https:\/\/blog.espol.edu.ec\/josfmedi\/las-armas-de-fuego\/","title":{"rendered":"Armas de Fuego"},"content":{"rendered":"<p style=\"text-align: left\"><strong><a href=\"http:\/\/blog.espol.edu.ec\/josfmedi\/files\/2013\/05\/armas_de_fuego.jpg\"><img loading=\"lazy\" decoding=\"async\" src=\"http:\/\/blog.espol.edu.ec\/josfmedi\/files\/2013\/05\/armas_de_fuego-300x200.jpg\" alt=\"\" width=\"300\" height=\"200\" \/><\/a><\/strong><\/p>\n<p style=\"text-align: justify\">El\u00a0<strong>arma de fuego<\/strong>\u00a0es un\u00a0dispositivo\u00a0destinado a propulsar uno o m\u00faltiples\u00a0<a title=\"Proyectil\" href=\"http:\/\/es.wikipedia.org\/wiki\/Proyectil\">proyectiles<\/a>\u00a0por medio de\u00a0presi\u00f3n\u00a0de\u00a0gases\u00a0con el fin de\u00a0tiro\u00a0a distancia. Este t\u00e9rmino se aplica \u00fanicamente a los dispositivos que despiden gas a alta presi\u00f3n tras una reacci\u00f3n qu\u00edmica de <a title=\"combustion\" href=\"http:\/\/es.wikipedia.org\/wiki\/Combusti%C3%B3n\">combusti\u00f3n<\/a> dentro del mismo dispositivo; de este modo se suele excluir como\u00a0armas de fuego\u00a0a los dispositivos que propulsan\u00a0proyectiles\u00a0por medio de\u00a0aire\u00a0o\u00a0<a title=\"\u00d3xido de carbono (IV)\" href=\"http:\/\/es.wikipedia.org\/wiki\/%C3%93xido_de_carbono_(IV)\">CO<sub>2<\/sub><\/a>\u00a0almacenadas a presi\u00f3n por otros medios, los cuales en cambio se tienden a clasificar como\u00a0<a title=\"Arma de aire comprimido\" href=\"http:\/\/acooper.comoj.com\/tipos.htm\">arma neum\u00e1tica<\/a>, aunque en algunos pa\u00edses como\u00a0Alemania,\u00a0Canad\u00e1\u00a0y\u00a0Jap\u00f3n\u00a0se los clasifica como armas de fuego.<\/p>\n<p>&nbsp;<\/p>\n<p><span style=\"color: #ccffcc\"><strong>SISTEMA DE\u00a0<\/strong><strong>FABRICACI\u00d3N<\/strong><\/span><\/p>\n<p style=\"text-align: justify\">Al principio, las armas de fuego se fabricaban usando dos t\u00e9cnicas distintas:<\/p>\n<ol>\n<li>\u00a0Por\u00a0<a title=\"Fundici\u00f3n\" href=\"http:\/\/www.slideshare.net\/vanesa201007\/procesos-de-fundicin\">fundici\u00f3n<\/a>\u00a0de hierro y\u00a0<a title=\"Lat\u00f3n\" href=\"http:\/\/www.delmetal.com.ar\/productos\/laton.html\">lat\u00f3n<\/a>\u00a0que daba al ca\u00f1\u00f3n del arma una caracter\u00edstica forma de\u00a0vaso, y el o\u00eddo (orificio que comunica el exterior con la rec\u00e1mara para permitir el encendido de la carga de impulsi\u00f3n) era taladrado y abocinado con la finalidad de contener el cebo (fog\u00f3n).<\/li>\n<li>Por la <a href=\"http:\/\/es.wikipedia.org\/wiki\/Hierro_forjado\">forja de hierro<\/a> con la misma t\u00e9cnica usada para fabricar toneles, utilizando cierto n\u00famero de duelas soldadas y martilleadas en caliente que eran reforzadas por robustos cinchos para formar un tosco tubo f\u00e9rreo. Una vez que se obstru\u00eda una extremidad con una fuerte tapa provista de un fog\u00f3n, el ca\u00f1\u00f3n estaba listo para montarse en un afuste o cure\u00f1a, seg\u00fan su tama\u00f1o.<\/li>\n<\/ol>\n<p>&nbsp;<\/p>\n<p><span style=\"color: #ccffcc\"><strong>FUNCIONAMIENTO<\/strong><\/span><\/p>\n<p style=\"text-align: justify\">Al principio todas las armas de fuego se cargaban introduciendo por su boca la p\u00f3lvora de impulsi\u00f3n, un taco y el proyectil o proyectiles. En cuanto al funcionamiento del sistema de ignici\u00f3n existen importantes controversias ya que se menciona la posibilidad del empleo de una braza o hierro enrojecido para hacerlo funcionar introduci\u00e9ndole en el fog\u00f3n, pero parece m\u00e1s probable que se usara un botafuego, que consist\u00eda en una varilla con un trozo de yesca o mecha encendida asegurada en un extremo.<\/p>\n<p style=\"text-align: justify\">Estas armas s\u00f3lo resultaban peligrosas para el enemigo en distancias cortas, porque no ten\u00edan el suficiente alcance, pero confer\u00edan al usuario un gran poder disuasorio y psicol\u00f3gico sobre el adversario. En contrapartida, hay que destacar que eran armas de un engorroso funcionamiento y que revest\u00edan cierto peligro para el que las manejaba ya que pod\u00edan estallar en las manos con mucha facilidad, y su\u00a0<a title=\"Precisi\u00f3n\" href=\"http:\/\/es.wikipedia.org\/wiki\/Precisi%C3%B3n\">precisi\u00f3n<\/a>\u00a0era dudosa.<\/p>\n<p style=\"text-align: justify\">Esta situaci\u00f3n mejor\u00f3 en el siglo XV con la incorporaci\u00f3n del serpent\u00edn en los sistemas de mecha, lo que permit\u00eda sostener el arma con ambas manos y apuntar al objetivo con mayor precisi\u00f3n, aumentando as\u00ed la eficacia del arma.<\/p>\n<p>&nbsp;<\/p>\n<p><span style=\"color: #ccffcc\">ARMAS MAS NOMBRADAS<\/span><\/p>\n<ol>\n<li><a title=\"AMETRALLADORAS\" href=\"http:\/\/blog.espol.edu.ec\/josfmedi\/ametralladoras\/\">AMETRALLADORAS<\/a><\/li>\n<li><a title=\"ESCOPETAS\" href=\"http:\/\/blog.espol.edu.ec\/josfmedi\/escopetas\/\">ESCOPETAS<\/a><\/li>\n<li><a title=\"PISTOLAS\" href=\"http:\/\/blog.espol.edu.ec\/josfmedi\/pistolas\/\">PISTOLAS<\/a><\/li>\n<li><a title=\"REV\u00d3LVER\" href=\"http:\/\/blog.espol.edu.ec\/josfmedi\/revolver\/\">REV\u00d3LVER<\/a><\/li>\n<li><a title=\"RIFLES\/FUSILES\" href=\"http:\/\/blog.espol.edu.ec\/josfmedi\/riflesfusiles\/\">RIFLES\/FUSILES<\/a><\/li>\n<\/ol>\n<p style=\"text-align: center\"><span style=\"font-size: 13px;line-height: 19px\">\u00a0<\/span><\/p>\n","protected":false},"excerpt":{"rendered":"<p>El\u00a0arma de fuego\u00a0es un\u00a0dispositivo\u00a0destinado a propulsar uno o m\u00faltiples\u00a0proyectiles\u00a0por medio de\u00a0presi\u00f3n\u00a0de\u00a0gases\u00a0con el fin de\u00a0tiro\u00a0a distancia. Este t\u00e9rmino se aplica \u00fanicamente a los dispositivos que despiden gas a alta presi\u00f3n tras una reacci\u00f3n qu\u00edmica de combusti\u00f3n dentro del mismo dispositivo; de este modo se suele excluir como\u00a0armas de fuego\u00a0a los dispositivos que propulsan\u00a0proyectiles\u00a0por medio de\u00a0aire\u00a0o\u00a0CO2\u00a0almacenadas a [&hellip;]<\/p>\n","protected":false},"author":8494,"featured_media":0,"parent":0,"menu_order":1,"comment_status":"open","ping_status":"closed","template":"","meta":{"footnotes":""},"class_list":["post-6","page","type-page","status-publish","hentry"],"_links":{"self":[{"href":"https:\/\/blog.espol.edu.ec\/josfmedi\/wp-json\/wp\/v2\/pages\/6","targetHints":{"allow":["GET"]}}],"collection":[{"href":"https:\/\/blog.espol.edu.ec\/josfmedi\/wp-json\/wp\/v2\/pages"}],"about":[{"href":"https:\/\/blog.espol.edu.ec\/josfmedi\/wp-json\/wp\/v2\/types\/page"}],"author":[{"embeddable":true,"href":"https:\/\/blog.espol.edu.ec\/josfmedi\/wp-json\/wp\/v2\/users\/8494"}],"replies":[{"embeddable":true,"href":"https:\/\/blog.espol.edu.ec\/josfmedi\/wp-json\/wp\/v2\/comments?post=6"}],"version-history":[{"count":39,"href":"https:\/\/blog.espol.edu.ec\/josfmedi\/wp-json\/wp\/v2\/pages\/6\/revisions"}],"predecessor-version":[{"id":48,"href":"https:\/\/blog.espol.edu.ec\/josfmedi\/wp-json\/wp\/v2\/pages\/6\/revisions\/48"}],"wp:attachment":[{"href":"https:\/\/blog.espol.edu.ec\/josfmedi\/wp-json\/wp\/v2\/media?parent=6"}],"curies":[{"name":"wp","href":"https:\/\/api.w.org\/{rel}","templated":true}]}}