{"id":92,"date":"2014-11-11T15:48:18","date_gmt":"2014-11-11T15:48:18","guid":{"rendered":"http:\/\/blog.espol.edu.ec\/josmagua\/?page_id=92"},"modified":"2014-11-11T19:53:21","modified_gmt":"2014-11-11T19:53:21","slug":"imagen-de-las-galxias","status":"publish","type":"page","link":"https:\/\/blog.espol.edu.ec\/josmagua\/imagen-de-las-galxias\/","title":{"rendered":"IM\u00c1GENES DE LAS GALAXIAS"},"content":{"rendered":"<p>&nbsp;<\/p>\n<p>&nbsp;<\/p>\n<p>&nbsp;<\/p>\n<p>&nbsp;<\/p>\n<p>&nbsp;<\/p>\n<div id=\"attachment_97\" style=\"width: 619px\" class=\"wp-caption alignnone\"><a href=\"http:\/\/blog.espol.edu.ec\/josmagua\/files\/2014\/11\/13sombrero-a.jpg\"><img loading=\"lazy\" decoding=\"async\" aria-describedby=\"caption-attachment-97\" class=\" wp-image-97\" src=\"http:\/\/blog.espol.edu.ec\/josmagua\/files\/2014\/11\/13sombrero-a-300x193.jpg\" alt=\"ES UNA GALAXIA ESPIRAL DE LA CONSTELACI\u00d3N DE  VIRGO QUE EST\u00c1 A 28 MILLONES DE A\u00d1O LUZ .\" width=\"609\" height=\"392\" \/><\/a><p id=\"caption-attachment-97\" class=\"wp-caption-text\">ES UNA GALAXIA ESPIRAL DE LA CONSTELACI\u00d3N DE VIRGO QUE EST\u00c1 A 28 MILLONES DE A\u00d1O LUZ .<\/p><\/div>\n<div id=\"attachment_96\" style=\"width: 621px\" class=\"wp-caption alignnone\"><a href=\"http:\/\/blog.espol.edu.ec\/josmagua\/files\/2014\/11\/10agujeros-a.jpg\"><img loading=\"lazy\" decoding=\"async\" aria-describedby=\"caption-attachment-96\" class=\" wp-image-96\" src=\"http:\/\/blog.espol.edu.ec\/josmagua\/files\/2014\/11\/10agujeros-a-300x193.jpg\" alt=\"OFRECE UNA RARA VISI\u00d3N DE UNA TIT\u00c1NICA COLISI\u00d3N GAL\u00c1CTICA QUE SUCEDE A 400 MILLONES A\u00d1OS LUZ.\" width=\"611\" height=\"393\" \/><\/a><p id=\"caption-attachment-96\" class=\"wp-caption-text\">OFRECE UNA RARA VISI\u00d3N DE UNA TIT\u00c1NICA COLISI\u00d3N GAL\u00c1CTICA QUE SUCEDE A 400 MILLONES A\u00d1OS LUZ.<\/p><\/div>\n<p>&nbsp;<\/p>\n<p>&nbsp;<\/p>\n<p>&nbsp;<\/p>\n<p>&nbsp;<\/p>\n<div id=\"attachment_95\" style=\"width: 617px\" class=\"wp-caption alignnone\"><a href=\"http:\/\/blog.espol.edu.ec\/josmagua\/files\/2014\/11\/08andromeda-a.jpg\"><img loading=\"lazy\" decoding=\"async\" aria-describedby=\"caption-attachment-95\" class=\" wp-image-95\" src=\"http:\/\/blog.espol.edu.ec\/josmagua\/files\/2014\/11\/08andromeda-a-300x193.jpg\" alt=\"ES EL OBJETO VISIBLE A SIMPLE VISTA M\u00c1S ALEJADO DE LA TIERRA, EST\u00c1 A 2.5 MILLONES DE A\u00d1OS LUZ  EN LA DIRECCI\u00d3N DE LA CONSTELACI\u00d3N DE ANDR\u00d3MEDA.\" width=\"607\" height=\"391\" srcset=\"https:\/\/blog.espol.edu.ec\/josmagua\/files\/2014\/11\/08andromeda-a-300x193.jpg 300w, https:\/\/blog.espol.edu.ec\/josmagua\/files\/2014\/11\/08andromeda-a.jpg 990w\" sizes=\"auto, (max-width: 607px) 100vw, 607px\" \/><\/a><p id=\"caption-attachment-95\" class=\"wp-caption-text\">ES EL OBJETO VISIBLE A SIMPLE VISTA M\u00c1S ALEJADO DE LA TIERRA, EST\u00c1 A 2.5 MILLONES DE A\u00d1OS LUZ EN LA DIRECCI\u00d3N DE LA CONSTELACI\u00d3N DE ANDR\u00d3MEDA.<\/p><\/div>\n<p>&nbsp;<\/p>\n<div id=\"attachment_94\" style=\"width: 610px\" class=\"wp-caption alignnone\"><a href=\"http:\/\/blog.espol.edu.ec\/josmagua\/files\/2014\/11\/11mariposa-a.jpg\"><img loading=\"lazy\" decoding=\"async\" aria-describedby=\"caption-attachment-94\" class=\" wp-image-94\" src=\"http:\/\/blog.espol.edu.ec\/josmagua\/files\/2014\/11\/11mariposa-a-300x193.jpg\" alt=\"ESTA &quot; MARIPOSA &quot; ESPACIAL, LA NEBULOSA NGC 6302 DE LA CONSTELACI\u00d3N DEL ESCORPI\u00d3N EST\u00c1, A 3.400 A\u00d1OS LUZ DES LA TIERRA \" width=\"600\" height=\"386\" \/><\/a><p id=\"caption-attachment-94\" class=\"wp-caption-text\">ESTA \" MARIPOSA \" ESPACIAL, LA NEBULOSA NGC 6302 DE LA CONSTELACI\u00d3N DEL ESCORPI\u00d3N EST\u00c1, A 3.400 A\u00d1OS LUZ DES LA TIERRA<\/p><\/div>\n<div id=\"attachment_93\" style=\"width: 608px\" class=\"wp-caption alignnone\"><a href=\"http:\/\/blog.espol.edu.ec\/josmagua\/files\/2014\/11\/07nebulosa-a.jpg\"><img loading=\"lazy\" decoding=\"async\" aria-describedby=\"caption-attachment-93\" class=\" wp-image-93\" src=\"http:\/\/blog.espol.edu.ec\/josmagua\/files\/2014\/11\/07nebulosa-a-300x193.jpg\" alt=\"SE LOCALIZA EN LA CONSTELACI\u00d3N DEL PERRO CASADOR DESCUBIERTA EN 1973 ES UNO DE LAS GALAXIAS ESPIRALES MAS CONOCIDOS DEL FIRMAMENTO.\" width=\"598\" height=\"385\" \/><\/a><p id=\"caption-attachment-93\" class=\"wp-caption-text\">SE LOCALIZA EN LA CONSTELACI\u00d3N DEL PERRO CASADOR DESCUBIERTA EN 1973 ES UNO DE LAS GALAXIAS ESPIRALES MAS CONOCIDOS DEL FIRMAMENTO.<\/p><\/div>\n","protected":false},"excerpt":{"rendered":"<p>&nbsp; &nbsp; &nbsp; &nbsp; &nbsp; &nbsp; &nbsp; &nbsp; &nbsp; &nbsp;<\/p>\n","protected":false},"author":9432,"featured_media":0,"parent":0,"menu_order":0,"comment_status":"open","ping_status":"open","template":"","meta":{"footnotes":""},"class_list":["post-92","page","type-page","status-publish","hentry"],"_links":{"self":[{"href":"https:\/\/blog.espol.edu.ec\/josmagua\/wp-json\/wp\/v2\/pages\/92","targetHints":{"allow":["GET"]}}],"collection":[{"href":"https:\/\/blog.espol.edu.ec\/josmagua\/wp-json\/wp\/v2\/pages"}],"about":[{"href":"https:\/\/blog.espol.edu.ec\/josmagua\/wp-json\/wp\/v2\/types\/page"}],"author":[{"embeddable":true,"href":"https:\/\/blog.espol.edu.ec\/josmagua\/wp-json\/wp\/v2\/users\/9432"}],"replies":[{"embeddable":true,"href":"https:\/\/blog.espol.edu.ec\/josmagua\/wp-json\/wp\/v2\/comments?post=92"}],"version-history":[{"count":3,"href":"https:\/\/blog.espol.edu.ec\/josmagua\/wp-json\/wp\/v2\/pages\/92\/revisions"}],"predecessor-version":[{"id":128,"href":"https:\/\/blog.espol.edu.ec\/josmagua\/wp-json\/wp\/v2\/pages\/92\/revisions\/128"}],"wp:attachment":[{"href":"https:\/\/blog.espol.edu.ec\/josmagua\/wp-json\/wp\/v2\/media?parent=92"}],"curies":[{"name":"wp","href":"https:\/\/api.w.org\/{rel}","templated":true}]}}