{"id":25,"date":"2014-11-10T18:11:33","date_gmt":"2014-11-10T18:11:33","guid":{"rendered":"http:\/\/blog.espol.edu.ec\/josmmore\/?page_id=25"},"modified":"2015-02-16T17:23:53","modified_gmt":"2015-02-16T17:23:53","slug":"examenes-anteriores","status":"publish","type":"page","link":"https:\/\/blog.espol.edu.ec\/josmmore\/examenes-anteriores\/","title":{"rendered":"Ex\u00e1menes Anteriores"},"content":{"rendered":"<p>La ESPOL tiene una p\u00e1gina donde suben los ex\u00e1menes tomados, es de mucha ayuda revisarlos para practicar porque nos asocia un poquito con el formato que toman en los ex\u00e1menes. Podr\u00e1n ingresar <a title=\"Examenes\" href=\"http:\/\/www.dspace.espol.edu.ec\/simple-search?query=calculo+integral\" target=\"_blank\">aqu\u00ed:<\/a><\/p>\n","protected":false},"excerpt":{"rendered":"<p>La ESPOL tiene una p\u00e1gina donde suben los ex\u00e1menes tomados, es de mucha ayuda revisarlos para practicar porque nos asocia un poquito con el formato que toman en los ex\u00e1menes. Podr\u00e1n ingresar aqu\u00ed:<\/p>\n","protected":false},"author":9380,"featured_media":0,"parent":0,"menu_order":0,"comment_status":"open","ping_status":"open","template":"","meta":{"footnotes":""},"class_list":["post-25","page","type-page","status-publish","hentry","nodate","item-wrap"],"_links":{"self":[{"href":"https:\/\/blog.espol.edu.ec\/josmmore\/wp-json\/wp\/v2\/pages\/25","targetHints":{"allow":["GET"]}}],"collection":[{"href":"https:\/\/blog.espol.edu.ec\/josmmore\/wp-json\/wp\/v2\/pages"}],"about":[{"href":"https:\/\/blog.espol.edu.ec\/josmmore\/wp-json\/wp\/v2\/types\/page"}],"author":[{"embeddable":true,"href":"https:\/\/blog.espol.edu.ec\/josmmore\/wp-json\/wp\/v2\/users\/9380"}],"replies":[{"embeddable":true,"href":"https:\/\/blog.espol.edu.ec\/josmmore\/wp-json\/wp\/v2\/comments?post=25"}],"version-history":[{"count":5,"href":"https:\/\/blog.espol.edu.ec\/josmmore\/wp-json\/wp\/v2\/pages\/25\/revisions"}],"predecessor-version":[{"id":79,"href":"https:\/\/blog.espol.edu.ec\/josmmore\/wp-json\/wp\/v2\/pages\/25\/revisions\/79"}],"wp:attachment":[{"href":"https:\/\/blog.espol.edu.ec\/josmmore\/wp-json\/wp\/v2\/media?parent=25"}],"curies":[{"name":"wp","href":"https:\/\/api.w.org\/{rel}","templated":true}]}}