{"id":213,"date":"2010-12-19T22:00:09","date_gmt":"2010-12-20T02:00:09","guid":{"rendered":"http:\/\/blog.espol.edu.ec\/josmvala\/?page_id=213"},"modified":"2013-05-11T14:26:53","modified_gmt":"2013-05-11T18:26:53","slug":"descargas-academicas","status":"publish","type":"page","link":"https:\/\/blog.espol.edu.ec\/josmvala\/descargas-academicas\/","title":{"rendered":"Descargas academicas"},"content":{"rendered":"<h2><span style=\"color: #3366ff\">Lab. Quimica general<\/span><\/h2>\n<ul>\n<li><a href=\"http:\/\/blog.espol.edu.ec\/josmvala\/files\/2010\/12\/Tecnicas-elementales-de-laboratorio.doc\">Tecnicas elementales de laboratorio<\/a><\/li>\n<li><a href=\"http:\/\/blog.espol.edu.ec\/josmvala\/files\/2010\/12\/Titulacion.doc\">Titulacion<\/a><\/li>\n<li><a href=\"http:\/\/blog.espol.edu.ec\/josmvala\/files\/2010\/12\/LEY-PERI\u00d3DICA-Y-LA-TABLA-PERI\u00d3DICA.doc\">Ley periodica y tabla periodica<\/a><\/li>\n<li><a href=\"http:\/\/blog.espol.edu.ec\/josmvala\/files\/2010\/12\/Ion-comun.doc\">Ion comun<\/a><\/li>\n<li><a href=\"http:\/\/blog.espol.edu.ec\/josmvala\/files\/2010\/12\/Indicadores-y-PH.doc\">Indicadores y PH<\/a><\/li>\n<li><a href=\"http:\/\/blog.espol.edu.ec\/josmvala\/files\/2010\/12\/Equivalente-gramo.doc\">Equivalente gramo<\/a><\/li>\n<li><a href=\"http:\/\/blog.espol.edu.ec\/josmvala\/files\/2010\/12\/DETERMINACI\u00d3N-DEL-PUNTO-DE-EBULLICI\u00d3N-Y-LA-PRESI\u00d3N-DE-VAPOR.doc\">Determinacion del punto de ebullicion y presion del vapor<\/a><\/li>\n<li><a href=\"http:\/\/blog.espol.edu.ec\/josmvala\/files\/2010\/12\/Determinacion-de-la-solubilidad-de-los-solidos.doc\">Determinacion de la solubilidad de los solidos<\/a><\/li>\n<li><a href=\"http:\/\/blog.espol.edu.ec\/josmvala\/files\/2010\/12\/Determinacion-de-la-formula-de-un-hidrato.doc\">Determinacion de la formula de un hidrato<\/a><\/li>\n<li><a href=\"http:\/\/blog.espol.edu.ec\/josmvala\/files\/2010\/12\/DETERMINACI\u00d3N-DE-LA-DENSIDAD-DE-UN-L\u00cdQUIDO-Y-UN-S\u00d3LIDO-DESCONOCIDO.doc\">Determinacion de la densidad de un solido y un liquido<\/a><\/li>\n<li><a href=\"http:\/\/blog.espol.edu.ec\/josmvala\/files\/2010\/12\/Comportamiento-de-los-metales-con-acidos.doc\">Comportamiento de los metales con acidos<\/a><span style=\"color: #3366ff\"><!--more--><\/span><\/li>\n<\/ul>\n<h2><span style=\"color: #3366ff\">Lab. Fisica A<\/span><\/h2>\n<ul>\n<li><a href=\"http:\/\/blog.espol.edu.ec\/josmvala\/files\/2010\/12\/Velocidad-instantanea.doc\">Velocidad instantanea<\/a><\/li>\n<li><a href=\"http:\/\/blog.espol.edu.ec\/josmvala\/files\/2010\/12\/Segunda-ley-de-newton.doc\">Segunda ley de newton<\/a><\/li>\n<li><a href=\"http:\/\/blog.espol.edu.ec\/josmvala\/files\/2010\/12\/Movimiento-armonico-simple.doc\">Movimiento armonico simple<\/a><\/li>\n<li><a href=\"http:\/\/blog.espol.edu.ec\/josmvala\/files\/2010\/12\/Momento-de-inercia.doc\">Momento de inercia<\/a><\/li>\n<li><a href=\"http:\/\/blog.espol.edu.ec\/josmvala\/files\/2010\/12\/Fuerza-centripeta.doc\">Fuerza centripeta<\/a><\/li>\n<li><a href=\"http:\/\/blog.espol.edu.ec\/josmvala\/files\/2010\/12\/Estatica.doc\">Estatica<\/a><\/li>\n<li><a href=\"http:\/\/blog.espol.edu.ec\/josmvala\/files\/2010\/12\/Dinamica-rotacional.doc\">Dinamica rotacional<\/a><\/li>\n<li><a href=\"http:\/\/blog.espol.edu.ec\/josmvala\/files\/2010\/12\/Caida-libre.doc\">Caida libre<\/a><!--more--><\/li>\n<\/ul>\n<p>&nbsp;<\/p>\n<p><a href=\"http:\/\/blog.espol.edu.ec\/josmvala\/files\/2011\/07\/PRODUCCIN-DE-CAMPOS-MAGNETICOS.docx\">Producci\u00f3n de campos magn\u00e9tico<\/a><br \/>\n<a href=\"http:\/\/blog.espol.edu.ec\/josmvala\/files\/2011\/07\/ONDAS-I.docx\">ONDAS-I<\/a><br \/>\n<a href=\"http:\/\/blog.espol.edu.ec\/josmvala\/files\/2011\/07\/MAGNETISMO.docx\">Magnetismo<\/a><br \/>\n<a href=\"http:\/\/blog.espol.edu.ec\/josmvala\/files\/2011\/07\/LEYES-DE-KIRCHHOFF.docx\">Leyes de Kirchhof<\/a><br \/>\n<a href=\"http:\/\/blog.espol.edu.ec\/josmvala\/files\/2011\/07\/ley-de-boyle.docx\">ley de Boyle<\/a><br \/>\n<a href=\"http:\/\/blog.espol.edu.ec\/josmvala\/files\/2011\/07\/induccion-elc.docx\">inducci\u00f3n el\u00e9ctrica<\/a><br \/>\n<a href=\"http:\/\/blog.espol.edu.ec\/josmvala\/files\/2011\/07\/HIDRODINAMICA.docx\">Hidrodin\u00e1mica<\/a><br \/>\n<a href=\"http:\/\/blog.espol.edu.ec\/josmvala\/files\/2011\/07\/electrizacion.docx\">Electrizacion<\/a><br \/>\n<a href=\"http:\/\/blog.espol.edu.ec\/josmvala\/files\/2011\/07\/clement-y-desormes.docx\">clement y desormes<\/a><br \/>\n<a href=\"http:\/\/blog.espol.edu.ec\/josmvala\/files\/2011\/07\/CALOR-E..docx\">Calor especifico<\/a><\/p>\n<h2>Descargar Libro de purcell (Novena Edici\u00f3n)<\/h2>\n<p><a href=\"https:\/\/skydrive.live.com\/?cid=F9B927CDA26CE357&amp;id=F9B927CDA26CE357%21141#\" target=\"_blank\">Descarga directa desde SkyDrive<\/a><\/p>\n<div id=\"attachment_1096\" style=\"width: 236px\" class=\"wp-caption aligncenter\"><a href=\"https:\/\/skydrive.live.com\/?cid=F9B927CDA26CE357&amp;id=F9B927CDA26CE357%21141#\" target=\"_blank\"><img loading=\"lazy\" decoding=\"async\" aria-describedby=\"caption-attachment-1096\" class=\"size-medium wp-image-1096\" src=\"http:\/\/blog.espol.edu.ec\/josmvala\/files\/2010\/12\/purcell-226x300.jpg\" alt=\"\" width=\"226\" height=\"300\" srcset=\"https:\/\/blog.espol.edu.ec\/josmvala\/files\/2010\/12\/purcell-226x300.jpg 226w, https:\/\/blog.espol.edu.ec\/josmvala\/files\/2010\/12\/purcell.jpg 489w\" sizes=\"auto, (max-width: 226px) 100vw, 226px\" \/><\/a><p id=\"caption-attachment-1096\" class=\"wp-caption-text\">Libro de Purcell<\/p><\/div>\n<h2><span style=\"color: #3366ff\">Subido por <a href=\"http:\/\/www.facebook.com\/profile.php?id=1810603536\">Fernanda Mora<\/a><\/span><\/h2>\n<p>&nbsp;<\/p>\n<p><strong><a href=\"http:\/\/blog.espol.edu.ec\/josmvala\/files\/2011\/08\/BIOTECNOLOGA.pptx\">Descargar Biotecnolog\u00eda<\/a><\/strong><\/p>\n<h1><span style=\"color: #3366ff\"><strong>Comparte tus archivos<\/strong><\/span><\/h1>\n<p><strong><div role=\"form\" class=\"wpcf7\" id=\"wpcf7-f1117-o1\" dir=\"ltr\">\n<div class=\"screen-reader-response\"><\/div>\n<form action=\"\/josmvala\/wp-json\/wp\/v2\/pages\/213#wpcf7-f1117-o1\" method=\"post\" class=\"wpcf7-form\" enctype=\"multipart\/form-data\" novalidate=\"novalidate\">\n<div style=\"display: none;\">\n<input type=\"hidden\" name=\"_wpcf7\" value=\"1117\" \/>\n<input type=\"hidden\" name=\"_wpcf7_version\" value=\"5.0.4\" \/>\n<input type=\"hidden\" name=\"_wpcf7_locale\" value=\"\" \/>\n<input type=\"hidden\" name=\"_wpcf7_unit_tag\" value=\"wpcf7-f1117-o1\" \/>\n<input type=\"hidden\" name=\"_wpcf7_container_post\" value=\"0\" \/>\n<\/div>\n<p>Tu nombre (obligatorio)<br \/>\n    <span class=\"wpcf7-form-control-wrap your-name\"><input type=\"text\" name=\"your-name\" value=\"\" size=\"40\" class=\"wpcf7-form-control wpcf7-text wpcf7-validates-as-required\" aria-required=\"true\" aria-invalid=\"false\" \/><\/span> <\/p>\n<p>Tu email<br \/>\n  <span class=\"wpcf7-form-control-wrap email-891\"><input type=\"email\" name=\"email-891\" value=\"\" size=\"40\" class=\"wpcf7-form-control wpcf7-text wpcf7-email wpcf7-validates-as-email\" aria-invalid=\"false\" \/><\/span><\/p>\n<p><span class=\"wpcf7-form-control-wrap file-857\"><input type=\"file\" name=\"file-857\" size=\"40\" class=\"wpcf7-form-control wpcf7-file wpcf7-validates-as-required\" accept=\".jpg,.jpeg,.png,.gif,.pdf,.doc,.docx,.ppt,.pptx,.odt,.avi,.ogg,.m4a,.mov,.mp3,.mp4,.mpg,.wav,.wmv\" aria-required=\"true\" aria-invalid=\"false\" \/><\/span><\/p>\n<p><input type=\"submit\" value=\"Enviar\" class=\"wpcf7-form-control wpcf7-submit\" \/><\/p>\n<p style=\"display: none !important;\" class=\"akismet-fields-container\" data-prefix=\"_wpcf7_ak_\"><label>&#916;<textarea name=\"_wpcf7_ak_hp_textarea\" cols=\"45\" rows=\"8\" maxlength=\"100\"><\/textarea><\/label><input type=\"hidden\" id=\"ak_js_1\" name=\"_wpcf7_ak_js\" value=\"104\"\/><script>document.getElementById( \"ak_js_1\" ).setAttribute( \"value\", ( new Date() ).getTime() );<\/script><\/p><div class=\"wpcf7-response-output wpcf7-display-none\"><\/div><\/form><\/div><\/strong><\/p>\n<p>&nbsp;<\/p>\n","protected":false},"excerpt":{"rendered":"<p>Lab. Quimica general Tecnicas elementales de laboratorio Titulacion Ley periodica y tabla periodica Ion comun Indicadores y PH Equivalente gramo Determinacion del punto de ebullicion y presion del vapor Determinacion de la solubilidad de los solidos Determinacion de la formula de un hidrato Determinacion de la densidad de un solido y un liquido Comportamiento de [&hellip;]<\/p>\n","protected":false},"author":1675,"featured_media":0,"parent":0,"menu_order":0,"comment_status":"open","ping_status":"open","template":"","meta":{"footnotes":""},"class_list":["post-213","page","type-page","status-publish","hentry"],"aioseo_notices":[],"_links":{"self":[{"href":"https:\/\/blog.espol.edu.ec\/josmvala\/wp-json\/wp\/v2\/pages\/213","targetHints":{"allow":["GET"]}}],"collection":[{"href":"https:\/\/blog.espol.edu.ec\/josmvala\/wp-json\/wp\/v2\/pages"}],"about":[{"href":"https:\/\/blog.espol.edu.ec\/josmvala\/wp-json\/wp\/v2\/types\/page"}],"author":[{"embeddable":true,"href":"https:\/\/blog.espol.edu.ec\/josmvala\/wp-json\/wp\/v2\/users\/1675"}],"replies":[{"embeddable":true,"href":"https:\/\/blog.espol.edu.ec\/josmvala\/wp-json\/wp\/v2\/comments?post=213"}],"version-history":[{"count":51,"href":"https:\/\/blog.espol.edu.ec\/josmvala\/wp-json\/wp\/v2\/pages\/213\/revisions"}],"predecessor-version":[{"id":240,"href":"https:\/\/blog.espol.edu.ec\/josmvala\/wp-json\/wp\/v2\/pages\/213\/revisions\/240"}],"wp:attachment":[{"href":"https:\/\/blog.espol.edu.ec\/josmvala\/wp-json\/wp\/v2\/media?parent=213"}],"curies":[{"name":"wp","href":"https:\/\/api.w.org\/{rel}","templated":true}]}}