{"id":94,"date":"2013-05-26T01:37:44","date_gmt":"2013-05-26T01:37:44","guid":{"rendered":"http:\/\/blog.espol.edu.ec\/josorio\/?page_id=94"},"modified":"2013-05-26T01:52:50","modified_gmt":"2013-05-26T01:52:50","slug":"jesus-de-nazaret","status":"publish","type":"page","link":"https:\/\/blog.espol.edu.ec\/josorio\/jesus-de-nazaret\/","title":{"rendered":"Jes\u00fas de Nazaret"},"content":{"rendered":"<p style=\"text-align: center\"><strong>JESUS<\/strong><\/p>\n<p style=\"text-align: center\"><a href=\"http:\/\/blog.espol.edu.ec\/josorio\/files\/2013\/05\/la-foto.jpg\"><img loading=\"lazy\" decoding=\"async\" class=\"aligncenter size-full wp-image-95\" src=\"http:\/\/blog.espol.edu.ec\/josorio\/files\/2013\/05\/la-foto.jpg\" alt=\"\" width=\"2029\" height=\"1777\" srcset=\"https:\/\/blog.espol.edu.ec\/josorio\/files\/2013\/05\/la-foto.jpg 2029w, https:\/\/blog.espol.edu.ec\/josorio\/files\/2013\/05\/la-foto-300x262.jpg 300w, https:\/\/blog.espol.edu.ec\/josorio\/files\/2013\/05\/la-foto-1024x896.jpg 1024w, https:\/\/blog.espol.edu.ec\/josorio\/files\/2013\/05\/la-foto-342x300.jpg 342w\" sizes=\"auto, (max-width: 2029px) 100vw, 2029px\" \/><\/a><\/p>\n<p style=\"text-align: center\">Un hombre sin igual que llego a este mundo de una manera, extraordinario, vino cambio al mundo y muri\u00f3 por nuestros pecados, como no amarlo, como no creer en \u00c9l,<\/p>\n<p style=\"text-align: center\">Y aunque haya gente aun, muy mundistas que no sienten remordimientos al saber que hacen las cosas mal \u00c9l no se cansa de ir al encuentro de esas personas, \u00c9l es insistente y te toca la puerta todos los dias, a cada momento, Eres capaz de abrirle?, y no solo a \u00c9l sino tambien a su madre la Virgen Mar\u00eda y por su puesto a la iglesia Cat\u00f3lica, fundada por el mismo. S\u00edguelo y encontraras paz y Felicidad.<\/p>\n<p style=\"text-align: center\">Si Dios esta conmigo, Quien contra m\u00ed?<\/p>\n<p style=\"text-align: center\"><img loading=\"lazy\" decoding=\"async\" class=\"aligncenter\" src=\"http:\/\/www.cpsagradafamilia.org\/gif\/l_mvc.gif\" alt=\"\" width=\"300\" height=\"300\" \/><\/p>\n","protected":false},"excerpt":{"rendered":"<p>JESUS Un hombre sin igual que llego a este mundo de una manera, extraordinario, vino cambio al mundo y muri\u00f3 por nuestros pecados, como no amarlo, como no creer en \u00c9l, Y aunque haya gente aun, muy mundistas que no &hellip; <a href=\"https:\/\/blog.espol.edu.ec\/josorio\/jesus-de-nazaret\/\">Sigue leyendo <span class=\"meta-nav\">&rarr;<\/span><\/a><\/p>\n","protected":false},"author":8523,"featured_media":0,"parent":0,"menu_order":0,"comment_status":"open","ping_status":"open","template":"","meta":{"footnotes":""},"class_list":["post-94","page","type-page","status-publish","hentry"],"_links":{"self":[{"href":"https:\/\/blog.espol.edu.ec\/josorio\/wp-json\/wp\/v2\/pages\/94","targetHints":{"allow":["GET"]}}],"collection":[{"href":"https:\/\/blog.espol.edu.ec\/josorio\/wp-json\/wp\/v2\/pages"}],"about":[{"href":"https:\/\/blog.espol.edu.ec\/josorio\/wp-json\/wp\/v2\/types\/page"}],"author":[{"embeddable":true,"href":"https:\/\/blog.espol.edu.ec\/josorio\/wp-json\/wp\/v2\/users\/8523"}],"replies":[{"embeddable":true,"href":"https:\/\/blog.espol.edu.ec\/josorio\/wp-json\/wp\/v2\/comments?post=94"}],"version-history":[{"count":3,"href":"https:\/\/blog.espol.edu.ec\/josorio\/wp-json\/wp\/v2\/pages\/94\/revisions"}],"predecessor-version":[{"id":97,"href":"https:\/\/blog.espol.edu.ec\/josorio\/wp-json\/wp\/v2\/pages\/94\/revisions\/97"}],"wp:attachment":[{"href":"https:\/\/blog.espol.edu.ec\/josorio\/wp-json\/wp\/v2\/media?parent=94"}],"curies":[{"name":"wp","href":"https:\/\/api.w.org\/{rel}","templated":true}]}}