{"id":239,"date":"2010-10-26T04:06:00","date_gmt":"2010-10-26T04:06:00","guid":{"rendered":"http:\/\/blog.espol.edu.ec\/jossy\/?page_id=239"},"modified":"2010-10-27T21:07:24","modified_gmt":"2010-10-27T21:07:24","slug":"tips-para-aprender-a-usar-el-twitter","status":"publish","type":"page","link":"https:\/\/blog.espol.edu.ec\/jossy\/tips-para-aprender-a-usar-el-twitter\/","title":{"rendered":"TIPS PARA APRENDER A USAR EL TWITTER...!!!=)"},"content":{"rendered":"<div id=\"__ss_5574519\" style=\"width: 425px\"><strong><a title=\"Proyecto twitter\" href=\"http:\/\/www.slideshare.net\/sjossy\/proyecto-twitter\">Proyecto twitter<\/a><\/strong><object classid=\"clsid:d27cdb6e-ae6d-11cf-96b8-444553540000\" width=\"425\" height=\"355\"><param name=\"allowFullScreen\" value=\"true\" \/><param name=\"allowScriptAccess\" value=\"always\" \/><param name=\"src\" value=\"http:\/\/static.slidesharecdn.com\/swf\/ssplayer2.swf?doc=proyectotwitter-101027003728-phpapp01&amp;stripped_title=proyecto-twitter&amp;userName=sjossy\" \/><param name=\"name\" value=\"__sse5574519\" \/><param name=\"allowfullscreen\" value=\"true\" \/><embed id=\"__sse5574519\" type=\"application\/x-shockwave-flash\" width=\"425\" height=\"355\" src=\"http:\/\/static.slidesharecdn.com\/swf\/ssplayer2.swf?doc=proyectotwitter-101027003728-phpapp01&amp;stripped_title=proyecto-twitter&amp;userName=sjossy\" allowscriptaccess=\"always\" allowfullscreen=\"true\">\u00a0<\/embed><\/object><\/div>\n<div style=\"padding: 5px 0 12px\">View more <a href=\"http:\/\/www.slideshare.net\/\">presentations<\/a> from <a href=\"http:\/\/www.slideshare.net\/sjossy\">sjossy<\/a>.<\/div>\n<div style=\"padding: 5px 0 12px\"><span style=\"color: #ff00ff\"><strong><em>Aqu\u00ed tambi\u00e9n les adjunto unos videos para mejor comprendimiento sobre el tema:<\/em><\/strong><\/span><\/div>\n<div style=\"padding: 5px 0 12px\"><span style=\"color: #ff00ff\"><strong><em>espero que les guste y que tambi\u00e9n lo pongan en practica.....<\/em><\/strong><\/span><\/div>\n<div style=\"padding: 5px 0 12px\"><span style=\"color: #ff00ff\"><strong><em>okis se los quiere mucho....<\/em><\/strong><\/span><\/div>\n<div style=\"padding: 5px 0 12px\"><span style=\"color: #ff00ff\"><strong><em>millon kiss a todos...<\/em><\/strong><\/span><\/div>\n<div style=\"padding: 5px 0 12px\"><span style=\"color: #ff00ff\"><strong><em>Atte:<\/em><\/strong><\/span><\/div>\n<div style=\"padding: 5px 0 12px\"><span style=\"color: #ff00ff\"><strong><em>Jossy Mart\u00ednez. =)<\/em><\/strong><\/span><\/div>\n<p><object classid=\"clsid:d27cdb6e-ae6d-11cf-96b8-444553540000\" width=\"480\" height=\"385\"><param name=\"allowFullScreen\" value=\"true\" \/><param name=\"allowscriptaccess\" value=\"always\" \/><param name=\"src\" value=\"http:\/\/www.youtube.com\/v\/41SC66v6NKk?fs=1&amp;hl=es_ES\" \/><param name=\"allowfullscreen\" value=\"true\" \/><embed type=\"application\/x-shockwave-flash\" width=\"480\" height=\"385\" src=\"http:\/\/www.youtube.com\/v\/41SC66v6NKk?fs=1&amp;hl=es_ES\" allowfullscreen=\"true\" allowscriptaccess=\"always\"><\/embed><\/object><\/p>\n<p><object classid=\"clsid:d27cdb6e-ae6d-11cf-96b8-444553540000\" width=\"480\" height=\"385\"><param name=\"allowFullScreen\" value=\"true\" \/><param name=\"allowscriptaccess\" value=\"always\" \/><param name=\"src\" value=\"http:\/\/www.youtube.com\/v\/UR1nyNGHwDU?fs=1&amp;hl=es_ES\" \/><param name=\"allowfullscreen\" value=\"true\" \/><embed type=\"application\/x-shockwave-flash\" width=\"480\" height=\"385\" src=\"http:\/\/www.youtube.com\/v\/UR1nyNGHwDU?fs=1&amp;hl=es_ES\" allowfullscreen=\"true\" allowscriptaccess=\"always\"><\/embed><\/object><\/p>\n<p><object classid=\"clsid:d27cdb6e-ae6d-11cf-96b8-444553540000\" width=\"480\" height=\"385\"><param name=\"allowFullScreen\" value=\"true\" \/><param name=\"allowscriptaccess\" value=\"always\" \/><param name=\"src\" value=\"http:\/\/www.youtube.com\/v\/5737aYeYk3E?fs=1&amp;hl=es_ES\" \/><param name=\"allowfullscreen\" value=\"true\" \/><embed type=\"application\/x-shockwave-flash\" width=\"480\" height=\"385\" src=\"http:\/\/www.youtube.com\/v\/5737aYeYk3E?fs=1&amp;hl=es_ES\" allowfullscreen=\"true\" allowscriptaccess=\"always\"><\/embed><\/object><\/p>\n<p><object classid=\"clsid:d27cdb6e-ae6d-11cf-96b8-444553540000\" width=\"480\" height=\"385\"><param name=\"allowFullScreen\" value=\"true\" \/><param name=\"allowscriptaccess\" value=\"always\" \/><param name=\"src\" value=\"http:\/\/www.youtube.com\/v\/SdJMdTbVr8g?fs=1&amp;hl=en_US\" \/><param name=\"allowfullscreen\" value=\"true\" \/><embed type=\"application\/x-shockwave-flash\" width=\"480\" height=\"385\" src=\"http:\/\/www.youtube.com\/v\/SdJMdTbVr8g?fs=1&amp;hl=en_US\" allowfullscreen=\"true\" allowscriptaccess=\"always\"><\/embed><\/object><\/p>\n<p><object classid=\"clsid:d27cdb6e-ae6d-11cf-96b8-444553540000\" width=\"550\" height=\"385\"><param name=\"allowFullScreen\" value=\"true\" \/><param name=\"allowscriptaccess\" value=\"always\" \/><param name=\"src\" value=\"http:\/\/www.youtube.com\/v\/zwul-C8VQi8?fs=1&amp;hl=en_US\" \/><param name=\"allowfullscreen\" value=\"true\" \/><embed type=\"application\/x-shockwave-flash\" width=\"550\" height=\"385\" src=\"http:\/\/www.youtube.com\/v\/zwul-C8VQi8?fs=1&amp;hl=en_US\" allowfullscreen=\"true\" allowscriptaccess=\"always\"><\/embed><\/object><\/p>\n<p><object classid=\"clsid:d27cdb6e-ae6d-11cf-96b8-444553540000\" width=\"550\" height=\"385\"><param name=\"allowFullScreen\" value=\"true\" \/><param name=\"allowscriptaccess\" value=\"always\" \/><param name=\"src\" value=\"http:\/\/www.youtube.com\/v\/K7HEj74yhy0?fs=1&amp;hl=en_US\" \/><param name=\"allowfullscreen\" value=\"true\" \/><embed type=\"application\/x-shockwave-flash\" width=\"550\" height=\"385\" src=\"http:\/\/www.youtube.com\/v\/K7HEj74yhy0?fs=1&amp;hl=en_US\" allowfullscreen=\"true\" allowscriptaccess=\"always\"><\/embed><\/object><\/p>\n<p><span style=\"font-size: xx-small\">bligoo\u00a0(2009), <strong><em>\"Tips para los que se inician en Twitter<\/em><\/strong><em><strong>\"<\/strong><\/em>,[en l\u00ednea] <a href=\"http:\/\/manuelgross.bligoo.com\/content\/view\/664751\/Tips-para-los-que-se-inician-en-Twitter.html\">http:\/\/manuelgross.bligoo.com\/content\/view\/664751\/Tips-para-los-que-se-inician-en-Twitter.html<\/a>, : 26\/10\/10, Guayaquil,Ecuador.<\/span><\/p>\n<p>youtube( 2007),\"Guia rapida para utilizar el twitter\",^[en linea]\u00a0<a href=\"http:\/\/www.youtube.com\/watch?v=41SC66v6NKk\">http:\/\/www.youtube.com\/watch?v=41SC66v6NKk:,26\/10\/10,Guayaquil<\/a>, Ecuador.<\/p>\n<p><span style=\"font-size: xx-small\">walhez\u00a0(2009), <strong><em>\"Como utilizar un twitter\"<\/em><\/strong>,[en l\u00ednea] ,\u00a0<\/span><a href=\"http:\/\/walhez.com\/2009\/03\/%C2%BFcomo-usar-twitter-manual-ultra-sencillo\/\">http:\/\/walhez.com\/2009\/03\/%C2%BFcomo-usar-twitter-manual-ultra-sencillo\/<\/a><span style=\"font-size: xx-small\">: 26\/10\/10, Guayaquil,Ecuador.<\/span><\/p>\n<p><span style=\"font-size: xx-small\">atinachile\u00a0(2003), <strong><em>\"Guia basica para usar el twitter\"<\/em><\/strong>,[en l\u00ednea] ,\u00a0<\/span><a href=\"http:\/\/www.atinachile.cl\/content\/view\/40122\/Guia-basica-para-usar-Twitter-Y-tu-que-estas-haciendo.html\">http:\/\/www.atinachile.cl\/content\/view\/40122\/Guia-basica-para-usar-Twitter-Y-tu-que-estas-haciendo.html<\/a><span style=\"font-size: xx-small\">: 26\/10\/10, Guayaquil,Ecuador.<\/span><\/p>\n<p><span style=\"font-size: xx-small\">deletealo\u00a0(2005), <strong><em>\"Manual de twiter\"<\/em><\/strong>,[en l\u00ednea] ,\u00a0<\/span><a href=\"http:\/\/www.deletealo.com\/manual-como-se-usa-twitter\/\">http:\/\/www.deletealo.com\/manual-como-se-usa-twitter\/26\/10\/10<\/a>, Guayaquil,Ecuador.<\/p>\n","protected":false},"excerpt":{"rendered":"<p>Proyecto twitter\u00a0 View more presentations from sjossy. Aqu\u00ed tambi\u00e9n les adjunto unos videos para mejor comprendimiento sobre el tema: espero que les guste y que tambi\u00e9n lo pongan en practica..... okis se los quiere mucho.... millon kiss a todos... Atte: Jossy Mart\u00ednez. =) bligoo\u00a0(2009), \"Tips para los que se inician en Twitter\",[en l\u00ednea] http:\/\/manuelgross.bligoo.com\/content\/view\/664751\/Tips-para-los-que-se-inician-en-Twitter.html, : [&hellip;]<\/p>\n","protected":false},"author":4595,"featured_media":0,"parent":0,"menu_order":0,"comment_status":"open","ping_status":"open","template":"","meta":{"footnotes":""},"class_list":["post-239","page","type-page","status-publish","hentry"],"_links":{"self":[{"href":"https:\/\/blog.espol.edu.ec\/jossy\/wp-json\/wp\/v2\/pages\/239","targetHints":{"allow":["GET"]}}],"collection":[{"href":"https:\/\/blog.espol.edu.ec\/jossy\/wp-json\/wp\/v2\/pages"}],"about":[{"href":"https:\/\/blog.espol.edu.ec\/jossy\/wp-json\/wp\/v2\/types\/page"}],"author":[{"embeddable":true,"href":"https:\/\/blog.espol.edu.ec\/jossy\/wp-json\/wp\/v2\/users\/4595"}],"replies":[{"embeddable":true,"href":"https:\/\/blog.espol.edu.ec\/jossy\/wp-json\/wp\/v2\/comments?post=239"}],"version-history":[{"count":9,"href":"https:\/\/blog.espol.edu.ec\/jossy\/wp-json\/wp\/v2\/pages\/239\/revisions"}],"predecessor-version":[{"id":245,"href":"https:\/\/blog.espol.edu.ec\/jossy\/wp-json\/wp\/v2\/pages\/239\/revisions\/245"}],"wp:attachment":[{"href":"https:\/\/blog.espol.edu.ec\/jossy\/wp-json\/wp\/v2\/media?parent=239"}],"curies":[{"name":"wp","href":"https:\/\/api.w.org\/{rel}","templated":true}]}}