{"id":49,"date":"2012-11-04T22:08:18","date_gmt":"2012-11-04T22:08:18","guid":{"rendered":"http:\/\/blog.espol.edu.ec\/josueugu1994\/?page_id=49"},"modified":"2012-11-04T22:08:18","modified_gmt":"2012-11-04T22:08:18","slug":"juegos-tradicionales-de-nuestro-ecuador","status":"publish","type":"page","link":"https:\/\/blog.espol.edu.ec\/josueugu1994\/juegos-tradicionales-de-nuestro-ecuador\/","title":{"rendered":"Juegos Tradicionales de Nuestro Ecuador"},"content":{"rendered":"<p><iframe loading=\"lazy\" src=\"http:\/\/www.slideshare.net\/slideshow\/embed_code\/15023245\" width=\"427\" height=\"356\" frameborder=\"0\" allowfullscreen> <\/iframe> <\/p>\n<div style=\"margin-bottom:5px\"> <strong> <a href=\"http:\/\/www.slideshare.net\/EdiUgua\/ugua-guachilema-josu-paralelo-1\" title=\"Ugu\u00f1a guachilema josu\u00e9 paralelo 1\" target=\"_blank\">Ugu\u00f1a guachilema josu\u00e9 paralelo 1<\/a> <\/strong> from <strong><a href=\"http:\/\/www.slideshare.net\/EdiUgua\" target=\"_blank\">Edi Ugu\u00f1a<\/a><\/strong> <\/div>\n","protected":false},"excerpt":{"rendered":"<p>Ugu\u00f1a guachilema josu\u00e9 paralelo 1 from Edi Ugu\u00f1a<\/p>\n","protected":false},"author":7471,"featured_media":0,"parent":0,"menu_order":0,"comment_status":"open","ping_status":"open","template":"","meta":{"footnotes":""},"class_list":["post-49","page","type-page","status-publish","hentry"],"_links":{"self":[{"href":"https:\/\/blog.espol.edu.ec\/josueugu1994\/wp-json\/wp\/v2\/pages\/49","targetHints":{"allow":["GET"]}}],"collection":[{"href":"https:\/\/blog.espol.edu.ec\/josueugu1994\/wp-json\/wp\/v2\/pages"}],"about":[{"href":"https:\/\/blog.espol.edu.ec\/josueugu1994\/wp-json\/wp\/v2\/types\/page"}],"author":[{"embeddable":true,"href":"https:\/\/blog.espol.edu.ec\/josueugu1994\/wp-json\/wp\/v2\/users\/7471"}],"replies":[{"embeddable":true,"href":"https:\/\/blog.espol.edu.ec\/josueugu1994\/wp-json\/wp\/v2\/comments?post=49"}],"version-history":[{"count":1,"href":"https:\/\/blog.espol.edu.ec\/josueugu1994\/wp-json\/wp\/v2\/pages\/49\/revisions"}],"predecessor-version":[{"id":50,"href":"https:\/\/blog.espol.edu.ec\/josueugu1994\/wp-json\/wp\/v2\/pages\/49\/revisions\/50"}],"wp:attachment":[{"href":"https:\/\/blog.espol.edu.ec\/josueugu1994\/wp-json\/wp\/v2\/media?parent=49"}],"curies":[{"name":"wp","href":"https:\/\/api.w.org\/{rel}","templated":true}]}}