{"id":2,"date":"2011-06-12T17:31:58","date_gmt":"2011-06-12T17:31:58","guid":{"rendered":""},"modified":"2011-06-15T22:17:55","modified_gmt":"2011-06-15T22:17:55","slug":"quien_soy","status":"publish","type":"page","link":"https:\/\/blog.espol.edu.ec\/jpbastid\/quien_soy\/","title":{"rendered":"QUIEN SOY"},"content":{"rendered":"<p style=\"text-align: center\"><a href=\"http:\/\/blog.espol.edu.ec\/jpbastid\/files\/2011\/06\/167259_10150108222477288_718247287_7398371_8097793_n.jpg\"><img loading=\"lazy\" decoding=\"async\" class=\"size-medium wp-image-6 aligncenter\" title=\"juan pablo\" src=\"http:\/\/blog.espol.edu.ec\/jpbastid\/files\/2011\/06\/167259_10150108222477288_718247287_7398371_8097793_n-225x300.jpg\" alt=\"\" width=\"225\" height=\"300\" srcset=\"https:\/\/blog.espol.edu.ec\/jpbastid\/files\/2011\/06\/167259_10150108222477288_718247287_7398371_8097793_n-225x300.jpg 225w, https:\/\/blog.espol.edu.ec\/jpbastid\/files\/2011\/06\/167259_10150108222477288_718247287_7398371_8097793_n.jpg 540w\" sizes=\"auto, (max-width: 225px) 100vw, 225px\" \/><\/a><\/p>\n<p><a href=\"..\/files\/2011\/06\/167259_10150108222477288_718247287_7398371_8097793_n.jpg\"><\/a><\/p>\n<p>Soy Juan Pablo Bastidas cree esta p\u00e1gina con el objetivo de dar a\u00a0 conocer m\u00e1s sobre lo que p\u00e1ra m\u00ed ha sido una de las mejores d\u00e9cadas, ya que nos ha brindado lo mejor\u00a0 en el \u00e1mbito deportivo, de televisi\u00f3n, cine, m\u00fasica, etc.<\/p>\n<p>En lo personal me gusta jugar al futbol, soy hincha del Barcelona de Ecuador, practico mucho este deporte y me ha permitido conocer mucha gente.<\/p>\n<p>Toco la guitarra y hace poco con un amigo formamos una banda con la que hemos tenido pocas presentaciones, pero con el tiempo esperamos darnos a conocer mas<\/p>\n<p style=\"text-align: center\"><a href=\"http:\/\/blog.espol.edu.ec\/jpbastid\/files\/2011\/06\/60152_471210002287_718247287_6562652_5370840_n.jpg\"><img loading=\"lazy\" decoding=\"async\" class=\"size-full wp-image-7 aligncenter\" title=\"guitarra\" src=\"http:\/\/blog.espol.edu.ec\/jpbastid\/files\/2011\/06\/60152_471210002287_718247287_6562652_5370840_n.jpg\" alt=\"\" width=\"197\" height=\"283\" \/><\/a><\/p>\n<p><a href=\"..\/files\/2011\/06\/60152_471210002287_718247287_6562652_5370840_n.jpg\"><\/a><\/p>\n<p>En lo que es mi gusto musical me inclino bastante al rock, con bandas como bon jovi, the offspring, papa roach, aerosmith, mana, enanitos verdes, etc. Y en lo que respecta a bandas nacionales escucho mucho verde 70 y tranzas.<\/p>\n<p>Realmente no soy un gran lector, pero si me gusta investigar sobre avances tecnol\u00f3gicos y leer sobre ciencia.<\/p>\n<p>En lo que respecta a series de televisi\u00f3n soy un gran fan de Friends, para mi esta serie marco un antes y un despu\u00e9s, ya que con su humor particular engancho al p\u00fablico y le permiti\u00f3 ser nombrada como una de las mejores series de comedia de todos los tiempos.<\/p>\n<p>Para culminar puedo decir que soy una persona tranquila, respetuosa y muchas veces directa, y que agradezco a Dios por haberme dado salud y felicidad en estos a\u00f1os de vida.<\/p>\n","protected":false},"excerpt":{"rendered":"<p>Soy Juan Pablo Bastidas cree esta p\u00e1gina con el objetivo de dar a\u00a0 conocer m\u00e1s sobre lo que p\u00e1ra m\u00ed ha sido una de las mejores d\u00e9cadas, ya que nos ha brindado lo mejor\u00a0 en el \u00e1mbito deportivo, de televisi\u00f3n, cine, m\u00fasica, etc. En lo personal me gusta jugar al futbol, soy hincha del Barcelona [&hellip;]<\/p>\n","protected":false},"author":6401,"featured_media":0,"parent":0,"menu_order":0,"comment_status":"open","ping_status":"open","template":"","meta":{"footnotes":""},"class_list":["post-2","page","type-page","status-publish","hentry"],"_links":{"self":[{"href":"https:\/\/blog.espol.edu.ec\/jpbastid\/wp-json\/wp\/v2\/pages\/2","targetHints":{"allow":["GET"]}}],"collection":[{"href":"https:\/\/blog.espol.edu.ec\/jpbastid\/wp-json\/wp\/v2\/pages"}],"about":[{"href":"https:\/\/blog.espol.edu.ec\/jpbastid\/wp-json\/wp\/v2\/types\/page"}],"author":[{"embeddable":true,"href":"https:\/\/blog.espol.edu.ec\/jpbastid\/wp-json\/wp\/v2\/users\/6401"}],"replies":[{"embeddable":true,"href":"https:\/\/blog.espol.edu.ec\/jpbastid\/wp-json\/wp\/v2\/comments?post=2"}],"version-history":[{"count":2,"href":"https:\/\/blog.espol.edu.ec\/jpbastid\/wp-json\/wp\/v2\/pages\/2\/revisions"}],"predecessor-version":[{"id":5,"href":"https:\/\/blog.espol.edu.ec\/jpbastid\/wp-json\/wp\/v2\/pages\/2\/revisions\/5"}],"wp:attachment":[{"href":"https:\/\/blog.espol.edu.ec\/jpbastid\/wp-json\/wp\/v2\/media?parent=2"}],"curies":[{"name":"wp","href":"https:\/\/api.w.org\/{rel}","templated":true}]}}