{"id":24,"date":"2009-06-10T17:24:52","date_gmt":"2009-06-10T21:24:52","guid":{"rendered":"http:\/\/blog.espol.edu.ec\/jpburgos\/?page_id=24"},"modified":"2009-08-11T10:17:49","modified_gmt":"2009-08-11T14:17:49","slug":"mas-sobre-mi","status":"publish","type":"page","link":"https:\/\/blog.espol.edu.ec\/jpburgos\/mas-sobre-mi\/","title":{"rendered":"M\u00e1s sobre m\u00ed..."},"content":{"rendered":"<p style=\"text-align: center\">Bienvenidos otra vez...<br \/>\nGracias por visitar mi blog...<\/p>\n<p style=\"text-align: center\">En esta p\u00e1gina les dir\u00e9 un poco m\u00e1s de m\u00ed aunque ya habr\u00e1n notado que tengo mucho afecto hacia los perros...<\/p>\n<p style=\"text-align: center\">Bueno me presento de una manera algo informal:<\/p>\n<p style=\"text-align: center\">Me llamo Joffre Paul Burgos Yambay.<\/p>\n<p style=\"text-align: right\">\n<div id=\"attachment_78\" style=\"width: 150px\" class=\"wp-caption aligncenter\">\u00a0\u00a0 \u00a0 \u00a0<a rel=\"attachment wp-att-78\" href=\"http:\/\/blog.espol.edu.ec\/jpburgos\/mas-sobre-mi\/p1040743\/\"><img loading=\"lazy\" decoding=\"async\" aria-describedby=\"caption-attachment-78\" class=\"size-medium wp-image-78\" src=\"http:\/\/blog.espol.edu.ec\/jpburgos\/files\/2009\/06\/p1040743-140x300.jpg\" alt=\"yo\" width=\"140\" height=\"300\" srcset=\"https:\/\/blog.espol.edu.ec\/jpburgos\/files\/2009\/06\/p1040743-140x300.jpg 140w, https:\/\/blog.espol.edu.ec\/jpburgos\/files\/2009\/06\/p1040743.jpg 187w\" sizes=\"auto, (max-width: 140px) 100vw, 140px\" \/><\/a><p id=\"caption-attachment-78\" class=\"wp-caption-text\">yo<\/p><\/div>\n<p>\u00a0<\/p>\n<p style=\"text-align: center\">Tengo 17 a\u00f1os nacido el 22 de noviembre me gusta mucho la naturaleza en especial nuestros amigos los animales... Mis pasatiempos son la lectura, escuchar m\u00fasica, leer libros y tocar piano...<br \/>\nMe gustan mucho los deportes en especial la nataci\u00f3n...<\/p>\n<p style=\"text-align: center\">Como muchos de ustedes un estudiante de la Espol a\u00fan con un futuro muy prometedor (O por lo menos eso es lo que dicen los dem\u00e1s jeje)... Me podran ver todos los d\u00edas en la espol con la excepci\u00f3n de los sabados y domingos momentaneamente... Hasta que los talleres aparezcan... jeje... mmm...<\/p>\n<p style=\"text-align: center\">Con respecto a la m\u00fasica podria decir que me gustan todos los generos actuales y unas cuantitas de nuestros padres... Pero en especial el que m\u00e1s me agrada es la m\u00fasica Cl\u00e1sica y la Opera... En la\u00a0ESPOL estoy siguiendo la\u00a0carrera de \u00a0Ing. en Auditoria y Contadur\u00eda P\u00fablica Autorizada, muy pronto nuestro Ecuador tendr\u00e1 un excelente Auditor jeje...<\/p>\n<p style=\"text-align: center\">Presente el proyecto esta por termina pero solo es la primera parte es agradable hacer un blog, lo pueden averiguar por si mismos...<\/p>\n<p style=\"text-align: center\">Como habran notado este blog\u00a0se dedica a\u00a0dar a conocer m\u00e1s acerca de las Utilidades que Google nos ha brindado para facilidad\u00a0 de nuestra navegaci\u00f3n en la red...<\/p>\n<p style=\"text-align: center\">Podr\u00e1n situarse en el planeta, saber en que\u00a0calle de su pa\u00eds se encuentran, he incluso navegar el Atl\u00e1ntico y luego\u00a0estar en Marte...<\/p>\n<p style=\"text-align: center\">O si gustan crear ciudades con Google Skechup, o simplemente una caja... jeje<\/p>\n<p style=\"text-align: center\">Leer libros, enviar mensajes, y sa\u00ed aumenta la infinidad de utilidades que Google esta por crear... Agradeciendo directamente al navegador de Google.<\/p>\n<p style=\"text-align: center\">Pronto les dejare tips sobre las diferentes herramientas que Google ha implementado por el momento me despido...<\/p>\n","protected":false},"excerpt":{"rendered":"<p>Bienvenidos otra vez... Gracias por visitar mi blog... En esta p\u00e1gina les dir\u00e9 un poco m\u00e1s de m\u00ed aunque ya habr\u00e1n notado que tengo mucho afecto hacia los perros... Bueno me presento de una manera algo informal: Me llamo Joffre Paul Burgos Yambay. \u00a0 Tengo 17 a\u00f1os nacido el 22 de noviembre me gusta mucho [&hellip;]<\/p>\n","protected":false},"author":1828,"featured_media":0,"parent":0,"menu_order":0,"comment_status":"open","ping_status":"open","template":"","meta":{"footnotes":""},"class_list":["post-24","page","type-page","status-publish","hentry"],"_links":{"self":[{"href":"https:\/\/blog.espol.edu.ec\/jpburgos\/wp-json\/wp\/v2\/pages\/24","targetHints":{"allow":["GET"]}}],"collection":[{"href":"https:\/\/blog.espol.edu.ec\/jpburgos\/wp-json\/wp\/v2\/pages"}],"about":[{"href":"https:\/\/blog.espol.edu.ec\/jpburgos\/wp-json\/wp\/v2\/types\/page"}],"author":[{"embeddable":true,"href":"https:\/\/blog.espol.edu.ec\/jpburgos\/wp-json\/wp\/v2\/users\/1828"}],"replies":[{"embeddable":true,"href":"https:\/\/blog.espol.edu.ec\/jpburgos\/wp-json\/wp\/v2\/comments?post=24"}],"version-history":[{"count":12,"href":"https:\/\/blog.espol.edu.ec\/jpburgos\/wp-json\/wp\/v2\/pages\/24\/revisions"}],"predecessor-version":[{"id":130,"href":"https:\/\/blog.espol.edu.ec\/jpburgos\/wp-json\/wp\/v2\/pages\/24\/revisions\/130"}],"wp:attachment":[{"href":"https:\/\/blog.espol.edu.ec\/jpburgos\/wp-json\/wp\/v2\/media?parent=24"}],"curies":[{"name":"wp","href":"https:\/\/api.w.org\/{rel}","templated":true}]}}