{"id":42,"date":"2011-06-08T19:39:18","date_gmt":"2011-06-09T00:39:18","guid":{"rendered":"http:\/\/blog.espol.edu.ec\/jpcadena\/?page_id=42"},"modified":"2011-06-08T19:47:16","modified_gmt":"2011-06-09T00:47:16","slug":"musica","status":"publish","type":"page","link":"https:\/\/blog.espol.edu.ec\/jpcadena\/musica\/","title":{"rendered":"M\u00fasica"},"content":{"rendered":"<p>Aqu\u00ed podr\u00e1s descargar canciones<\/p>\n<!--[if lt IE 9]><script>document.createElement('audio');<\/script><![endif]-->\n<audio class=\"wp-audio-shortcode\" id=\"audio-42-1\" preload=\"none\" style=\"width: 100%;\" controls=\"controls\"><source type=\"audio\/mpeg\" src=\"http:\/\/blog.espol.edu.ec\/jpcadena\/files\/2011\/06\/Simple-Plan-Jet-Lag-ft.-Natasha-Bedingfield.mp3?_=1\" \/><a href=\"http:\/\/blog.espol.edu.ec\/jpcadena\/files\/2011\/06\/Simple-Plan-Jet-Lag-ft.-Natasha-Bedingfield.mp3\">http:\/\/blog.espol.edu.ec\/jpcadena\/files\/2011\/06\/Simple-Plan-Jet-Lag-ft.-Natasha-Bedingfield.mp3<\/a><\/audio>\n<audio class=\"wp-audio-shortcode\" id=\"audio-42-2\" preload=\"none\" style=\"width: 100%;\" controls=\"controls\"><source type=\"audio\/mpeg\" src=\"http:\/\/blog.espol.edu.ec\/jpcadena\/files\/2011\/06\/Simple-Plan-\u2013-Cant-Keep-My-Hands-Off-You-ft.-Rivers-Cuomo.mp3?_=2\" \/><a href=\"http:\/\/blog.espol.edu.ec\/jpcadena\/files\/2011\/06\/Simple-Plan-\u2013-Cant-Keep-My-Hands-Off-You-ft.-Rivers-Cuomo.mp3\">http:\/\/blog.espol.edu.ec\/jpcadena\/files\/2011\/06\/Simple-Plan-\u2013-Cant-Keep-My-Hands-Off-You-ft.-Rivers-Cuomo.mp3<\/a><\/audio>\n","protected":false},"excerpt":{"rendered":"<p>Aqu\u00ed podr\u00e1s descargar canciones http:\/\/blog.espol.edu.ec\/jpcadena\/files\/2011\/06\/Simple-Plan-Jet-Lag-ft.-Natasha-Bedingfield.mp3 http:\/\/blog.espol.edu.ec\/jpcadena\/files\/2011\/06\/Simple-Plan-\u2013-Cant-Keep-My-Hands-Off-You-ft.-Rivers-Cuomo.mp3<\/p>\n","protected":false},"author":5689,"featured_media":0,"parent":0,"menu_order":0,"comment_status":"open","ping_status":"open","template":"","meta":{"footnotes":""},"class_list":["post-42","page","type-page","status-publish","hentry"],"_links":{"self":[{"href":"https:\/\/blog.espol.edu.ec\/jpcadena\/wp-json\/wp\/v2\/pages\/42","targetHints":{"allow":["GET"]}}],"collection":[{"href":"https:\/\/blog.espol.edu.ec\/jpcadena\/wp-json\/wp\/v2\/pages"}],"about":[{"href":"https:\/\/blog.espol.edu.ec\/jpcadena\/wp-json\/wp\/v2\/types\/page"}],"author":[{"embeddable":true,"href":"https:\/\/blog.espol.edu.ec\/jpcadena\/wp-json\/wp\/v2\/users\/5689"}],"replies":[{"embeddable":true,"href":"https:\/\/blog.espol.edu.ec\/jpcadena\/wp-json\/wp\/v2\/comments?post=42"}],"version-history":[{"count":5,"href":"https:\/\/blog.espol.edu.ec\/jpcadena\/wp-json\/wp\/v2\/pages\/42\/revisions"}],"predecessor-version":[{"id":48,"href":"https:\/\/blog.espol.edu.ec\/jpcadena\/wp-json\/wp\/v2\/pages\/42\/revisions\/48"}],"wp:attachment":[{"href":"https:\/\/blog.espol.edu.ec\/jpcadena\/wp-json\/wp\/v2\/media?parent=42"}],"curies":[{"name":"wp","href":"https:\/\/api.w.org\/{rel}","templated":true}]}}