{"id":36,"date":"2010-06-11T16:00:23","date_gmt":"2010-06-11T16:00:23","guid":{"rendered":"http:\/\/blog.espol.edu.ec\/jpnunez\/?page_id=36"},"modified":"2010-06-24T02:24:47","modified_gmt":"2010-06-24T02:24:47","slug":"tutoriales","status":"publish","type":"page","link":"https:\/\/blog.espol.edu.ec\/jpnunez\/tutoriales\/","title":{"rendered":"$\/*tutoriales*\/$"},"content":{"rendered":"<p>--------------MSM en tu blog<\/p>\n<p><a href=\"http:\/\/blog.espol.edu.ec\/jpnunez\/files\/2010\/06\/msn_7_02_png.png\"><img loading=\"lazy\" decoding=\"async\" class=\"aligncenter size-full wp-image-37\" title=\"msn_7_02_png\" src=\"http:\/\/blog.espol.edu.ec\/jpnunez\/files\/2010\/06\/msn_7_02_png.png\" alt=\"\" width=\"256\" height=\"256\" srcset=\"https:\/\/blog.espol.edu.ec\/jpnunez\/files\/2010\/06\/msn_7_02_png.png 256w, https:\/\/blog.espol.edu.ec\/jpnunez\/files\/2010\/06\/msn_7_02_png-150x150.png 150w\" sizes=\"auto, (max-width: 256px) 100vw, 256px\" \/><\/a><\/p>\n<p>es muy sencillo<\/p>\n<p>1- Ingresar a <a rel=\"nofollow\" href=\"http:\/\/settings.messenger.live.com\/Applications\/WebSettings.aspx\" target=\"_blank\">http:\/\/settings.messenger.live.com\/Applications\/WebSettings.aspx<\/a><\/p>\n<p>2- Marcar la casilla y luego hacer click en la columna de la izquierda donde dice \"Crear HTML\" (click en las im\u00e1genes para ampliarlas).<\/p>\n<p><a href=\"http:\/\/blog.espol.edu.ec\/jpnunez\/files\/2010\/06\/aaa.jpg\"><img loading=\"lazy\" decoding=\"async\" class=\"aligncenter size-medium wp-image-38\" title=\"aaa\" src=\"http:\/\/blog.espol.edu.ec\/jpnunez\/files\/2010\/06\/aaa-300x131.jpg\" alt=\"\" width=\"300\" height=\"131\" srcset=\"https:\/\/blog.espol.edu.ec\/jpnunez\/files\/2010\/06\/aaa-300x131.jpg 300w, https:\/\/blog.espol.edu.ec\/jpnunez\/files\/2010\/06\/aaa.jpg 943w\" sizes=\"auto, (max-width: 300px) 100vw, 300px\" \/><\/a><\/p>\n<p>3- Elige el tipo de widget que deseas usar en tu blog.<\/p>\n<p><a href=\"http:\/\/blog.espol.edu.ec\/jpnunez\/files\/2010\/06\/ssss.jpg\"><img loading=\"lazy\" decoding=\"async\" class=\"aligncenter size-medium wp-image-39\" title=\"ssss\" src=\"http:\/\/blog.espol.edu.ec\/jpnunez\/files\/2010\/06\/ssss-300x146.jpg\" alt=\"\" width=\"300\" height=\"146\" srcset=\"https:\/\/blog.espol.edu.ec\/jpnunez\/files\/2010\/06\/ssss-300x146.jpg 300w, https:\/\/blog.espol.edu.ec\/jpnunez\/files\/2010\/06\/ssss.jpg 952w\" sizes=\"auto, (max-width: 300px) 100vw, 300px\" \/><\/a><br \/>\n4- Configura el tama\u00f1o y color que m\u00e1s se adapte a tu blog.<\/p>\n<p><a href=\"http:\/\/blog.espol.edu.ec\/jpnunez\/files\/2010\/06\/www.jpg\"><img loading=\"lazy\" decoding=\"async\" class=\"aligncenter size-medium wp-image-40\" title=\"www\" src=\"http:\/\/blog.espol.edu.ec\/jpnunez\/files\/2010\/06\/www-300x178.jpg\" alt=\"\" width=\"300\" height=\"149\" \/><\/a><\/p>\n<p>5- Copia el c\u00f3digo otorgado y pegalo en un Elemento HTML de tu sidebar.<\/p>\n<p><a href=\"http:\/\/blog.espol.edu.ec\/jpnunez\/files\/2010\/06\/ddd.jpg\"><img loading=\"lazy\" decoding=\"async\" class=\"aligncenter size-medium wp-image-41\" title=\"ddd\" src=\"http:\/\/blog.espol.edu.ec\/jpnunez\/files\/2010\/06\/ddd-300x53.jpg\" alt=\"\" width=\"314\" height=\"60\" \/><\/a><\/p>\n<p>con eso ya tienes MSM en tu blog \u00a1\u00a1\u00a1\u00a0 si les gusto comenten.. x)<\/p>\n<p>\/\/\/\/\/\/\/\/\/\/\/\/\/\/\/\/\/\/\/\/\/\/\/\/\/\/\/\/\/\/\/\/\/\/\/\/\/\/\/\/\/\/\/\/\/\/\/\/\/\/\/\/\/\/\/\/\/\/\/\/\/\/\/\/\/\/\/\/<\/p>\n<p>----------------AQUI les va otro tutorial:<\/p>\n<p>como poner a homero en tu blog para que\u00a0 dija que comenten:<\/p>\n<p><a href=\"http:\/\/blog.espol.edu.ec\/jpnunez\/files\/2010\/06\/ggg.jpg\"><img loading=\"lazy\" decoding=\"async\" class=\"aligncenter size-full wp-image-44\" title=\"ggg\" src=\"http:\/\/blog.espol.edu.ec\/jpnunez\/files\/2010\/06\/ggg.jpg\" alt=\"\" width=\"226\" height=\"138\" \/><\/a><\/p>\n<p>es facil solo tienen que pegar este codigo HTML :<\/p>\n<p>&lt;a\u00a0\u00a0AQUI PONEN SU URL DEL BOLG\u00a0style=\"display:scroll;position:fixed;bottom:0px;right:0px;\" href=\"http:\/\/todoparablogers.blogspot.com\"\/&gt;&lt;img src=\"http:\/\/i252.photobucket.com\/albums\/hh18\/juanjujuy5\/homer-comentario.png\"\/&gt;&lt;\/a&gt;<\/p>\n<p>y listo les aparece homero \u00a1\u00a1\u00a1 disfrutenlo si les gusto comenten graxias ... x)<\/p>\n<p>\/\/\/\/\/\/\/\/\/\/\/\/\/\/\/\/\/\/\/\/\/\/\/\/\/\/\/\/\/\/\/\/\/\/\/\/\/\/\/\/\/\/\/\/\/\/\/\/\/\/\/\/\/\/\/\/\/\/\/\/\/\/\/\/\/\/\/\/\/\/<\/p>\n<p>A QUI LES VA OTRO<\/p>\n<p>Como poner un widget de la espol<\/p>\n<p><a href=\"http:\/\/blog.espol.edu.ec\/jpnunez\/files\/2010\/06\/Dibujofff.jpg\"><img loading=\"lazy\" decoding=\"async\" class=\"aligncenter size-full wp-image-65\" title=\"Dibujofff\" src=\"http:\/\/blog.espol.edu.ec\/jpnunez\/files\/2010\/06\/Dibujofff.jpg\" alt=\"\" width=\"145\" height=\"139\" \/><\/a><\/p>\n<p>lo que tienen que poner es el sig codigo \u00a1\u00a1<\/p>\n<p>&lt;object data=\"http:\/\/swf.widgadget.com\/WrapperExtImage.swf?wid=12338&amp;amp;statsid=12248&amp;amp;langid=es&amp;amp;env=production&amp;amp;cacheServer=widgets&amp;amp;apix=5.1\" type=\"application\/x-shockwave-flash\" width=\"155\" height=\"195\" id=\"widget\" style=\"outline:none;\"&gt;<br \/>\n&lt;param name=\"movie\" value=\"http:\/\/swf.widgadget.com\/WrapperExtImage.swf?wid=12338&amp;amp;statsid=12248&amp;amp;langid=es&amp;amp;env=production&amp;amp;cacheServer=widgets&amp;amp;apix=5.1\" \/&gt;<br \/>\n&lt;param name=\"quality\" value=\"high\" \/&gt;<br \/>\n&lt;param name=\"allowFullScreen\" value=\"false\" \/&gt;<br \/>\n&lt;param name=\"bgcolor\" value=\"#000000\" \/&gt;<\/p>\n<p>si les gusto mi widget comentes gracias X)<\/p>\n","protected":false},"excerpt":{"rendered":"<p>--------------MSM en tu blog es muy sencillo 1- Ingresar a http:\/\/settings.messenger.live.com\/Applications\/WebSettings.aspx 2- Marcar la casilla y luego hacer click en la columna de la izquierda donde dice \"Crear HTML\" (click en las im\u00e1genes para ampliarlas). 3- Elige el tipo de widget que deseas usar en tu blog. 4- Configura el tama\u00f1o y color que m\u00e1s [&hellip;]<\/p>\n","protected":false},"author":3794,"featured_media":0,"parent":0,"menu_order":0,"comment_status":"open","ping_status":"open","template":"","meta":{"footnotes":""},"class_list":["post-36","page","type-page","status-publish","hentry"],"_links":{"self":[{"href":"https:\/\/blog.espol.edu.ec\/jpnunez\/wp-json\/wp\/v2\/pages\/36","targetHints":{"allow":["GET"]}}],"collection":[{"href":"https:\/\/blog.espol.edu.ec\/jpnunez\/wp-json\/wp\/v2\/pages"}],"about":[{"href":"https:\/\/blog.espol.edu.ec\/jpnunez\/wp-json\/wp\/v2\/types\/page"}],"author":[{"embeddable":true,"href":"https:\/\/blog.espol.edu.ec\/jpnunez\/wp-json\/wp\/v2\/users\/3794"}],"replies":[{"embeddable":true,"href":"https:\/\/blog.espol.edu.ec\/jpnunez\/wp-json\/wp\/v2\/comments?post=36"}],"version-history":[{"count":7,"href":"https:\/\/blog.espol.edu.ec\/jpnunez\/wp-json\/wp\/v2\/pages\/36\/revisions"}],"predecessor-version":[{"id":43,"href":"https:\/\/blog.espol.edu.ec\/jpnunez\/wp-json\/wp\/v2\/pages\/36\/revisions\/43"}],"wp:attachment":[{"href":"https:\/\/blog.espol.edu.ec\/jpnunez\/wp-json\/wp\/v2\/media?parent=36"}],"curies":[{"name":"wp","href":"https:\/\/api.w.org\/{rel}","templated":true}]}}